{"id":13,"date":"2014-03-23T17:15:08","date_gmt":"2014-03-23T17:15:08","guid":{"rendered":"http:\/\/irmasdesaojose.com.br\/portal\/?page_id=13"},"modified":"2023-08-17T11:00:36","modified_gmt":"2023-08-17T14:00:36","slug":"acongregacao","status":"publish","type":"page","link":"http:\/\/irmasdesaojose.com.br\/portal\/acongregacao\/","title":{"rendered":"A Congrega\u00e7\u00e3o das Irm\u00e3s de S\u00e3o Jos\u00e9"},"content":{"rendered":"<p style=\"text-align: justify;\"><span style=\"color: #000000;\"><strong>Congrega\u00e7\u00e3o das Irm\u00e3s de S\u00e3o Jos\u00e9, <\/strong>de nome popular,&nbsp;<strong><em>Irm\u00e3s de S\u00e3o Jos\u00e9<\/em><\/strong> ou <strong><em>Irm\u00e3s Josefitas<\/em><\/strong> (nome original: Irm\u00e3s da Caridade de S\u00e3o Jos\u00e9), fundada pelo Padre S\u00e3o Sigismundo Gorazdowski, \u00e9 um instituto religioso de h\u00e1bito, apost\u00f3lico, de direito pontif\u00edcio.&nbsp;Quem exerce o supremo poder na Congrega\u00e7\u00e3o \u00e9 a Superiora Geral, que se preocupa com o desenvolvimento da Congrega\u00e7\u00e3o e com a realiza\u00e7\u00e3o dos ideais do Fundador, cuida do bom relacionamento entre as prov\u00edncias, delega\u00e7\u00f5es e as casas diretamente subordinadas a ela, bem como as miss\u00f5es.<\/span><\/p>\n<p style=\"text-align: justify;\"><span style=\"color: #000000;\"><strong>A Casa Geral<\/strong> \u00e9 a sede da<\/span> <strong><em>Administra\u00e7\u00e3o Geral da Congrega\u00e7\u00e3o<\/em><\/strong>&nbsp;<span style=\"color: #000000;\">e<\/span>&nbsp;<span style=\"color: #000000;\">est\u00e1 situada na cidade de&nbsp;<strong>Crac\u00f3via, na Pol\u00f4nia<\/strong>.<\/span><\/p>\n<p style=\"text-align: center;\">\n<div id=\"slideshow-1900-6a0483a2db613\" class=\"wk-slideshow wk-slideshow-default\" data-widgetkit=\"slideshow\" data-options='{\"style\":\"default\",\"autoplay\":1,\"interval\":5000,\"width\":500,\"height\":380,\"duration\":500,\"index\":0,\"order\":\"default\",\"navigation\":1,\"buttons\":0,\"slices\":20,\"animated\":\"fade\",\"caption_animation_duration\":500}'>\n\t<div>\n\t\t<ul class=\"slides\">\n\n\t\t\t\t\t\t\t\t\t<li>\n\t\t\t\t<article class=\"wk-content clearfix\"><img src=\"https:\/\/i0.wp.com\/irmasdesaojose.com.br\/portal\/wp-content\/uploads\/2014\/03\/Dom-Generalny-e1453477667294.jpg?resize=700%2C525\" alt=\"Dom Generalny\" width=\"700\" height=\"525\" class=\"size-full wp-image-1895 aligncenter\" data-recalc-dims=\"1\" \/><\/article>\n\t\t\t<\/li>\n\t\t\t\t\t\t\t\t\t\t\t\t<li>\n\t\t\t\t<article class=\"wk-content clearfix\"><img src=\"data:image\/gif;base64,R0lGODlhAQABAJEAAAAAAP\/\/\/\/\/\/\/wAAACH5BAEHAAIALAAAAAABAAEAAAICVAEAOw==\" data-src=\"http:\/\/irmasdesaojose.com.br\/portal\/wp-content\/uploads\/2014\/03\/Dom-Generalny.jpg-2-e1453477680115.jpg\" alt=\"Dom Generalny.jpg 2\" width=\"700\" height=\"525\" class=\"size-full wp-image-1896 aligncenter\" \/><\/article>\n\t\t\t<\/li>\n\t\t\t\t\t\t\t\t\t\t\t\t<li>\n\t\t\t\t<article class=\"wk-content clearfix\"><img src=\"data:image\/gif;base64,R0lGODlhAQABAJEAAAAAAP\/\/\/\/\/\/\/wAAACH5BAEHAAIALAAAAAABAAEAAAICVAEAOw==\" data-src=\"http:\/\/irmasdesaojose.com.br\/portal\/wp-content\/uploads\/2014\/03\/dom-generalny-12-e1453477918301.jpg\" alt=\"dom generalny (12)\" width=\"700\" height=\"525\" class=\"size-full wp-image-1898 aligncenter\" \/><\/article>\n\t\t\t<\/li>\n\t\t\t\t\t\t\t\t\t\t\t\t<li>\n\t\t\t\t<article class=\"wk-content clearfix\"><img src=\"data:image\/gif;base64,R0lGODlhAQABAJEAAAAAAP\/\/\/\/\/\/\/wAAACH5BAEHAAIALAAAAAABAAEAAAICVAEAOw==\" data-src=\"http:\/\/irmasdesaojose.com.br\/portal\/wp-content\/uploads\/2014\/03\/Dom-Generalny.jpg-3-e1453477727114.jpg\" alt=\"Dom Generalny.jpg 3\" width=\"700\" height=\"525\" class=\"size-full wp-image-1897 aligncenter\" \/><\/article>\n\t\t\t<\/li>\n\t\t\t\t\t\t\t\t<\/ul>\n\t\t\t\t<div class=\"caption\"><\/div><ul class=\"captions\"><li><\/li><li><\/li><li><\/li><li><\/li><\/ul>\n\t<\/div>\n\t<ul class=\"nav\"><li><span><\/span><\/li><li><span><\/span><\/li><li><span><\/span><\/li><li><span><\/span><\/li><\/ul><\/div><\/p>\n<h3>In\u00edcio e desenvolvimento<\/h3>\n<p style=\"text-align: justify;\"><span style=\"color: #000000;\">A&nbsp;<strong>Congrega\u00e7\u00e3o das Irm\u00e3s de S\u00e3o Jos\u00e9<\/strong>&nbsp;teve in\u00edcio no final do s\u00e9culo XIX, na cidade de Lviv (hoje pertencente a Ucr\u00e2nia).<\/span><\/p>\n<p style=\"text-align: justify;\"><span style=\"color: #000000;\"><img decoding=\"async\" loading=\"lazy\" class=\"size-medium wp-image-1901 alignleft\" src=\"https:\/\/i0.wp.com\/irmasdesaojose.com.br\/portal\/wp-content\/uploads\/2014\/03\/Zalozyciel.jpg?resize=225%2C300\" alt=\"Zalozyciel\" width=\"225\" height=\"300\"  data-recalc-dims=\"1\"><\/span><\/p>\n<p style=\"text-align: justify;\"><span style=\"color: #000000;\">Esse per\u00edodo foi marcado pela intensa atividade Pastoral e Caritativa do&nbsp;<strong>Pe. Sigismundo Gorazdowski&nbsp;<\/strong>(1845-1920). Ele foi um sacerdote muito dedicado, que sabia compreender os sinais dos tempos e responder com prontid\u00e3o, generosidade e criatividade \u00e0s novas necessidades.<\/span><\/p>\n<p style=\"text-align: justify;\"><span style=\"color: #000000;\">Foi o respons\u00e1vel pela cria\u00e7\u00e3o de in\u00fameras obras de miseric\u00f3rdia em favor das pessoas pobres e necessitadas de Lviv. Haurindo for\u00e7as do exemplo desse incans\u00e1vel sacerdote, algumas mulheres que o ajudavam, demonstraram o desejo de se consagrar a Deus e pediram-lhe ajuda.<\/span><\/p>\n<p style=\"text-align: justify;\"><span style=\"color: #000000;\"><strong>Em 17 de fevereiro de 1884,<\/strong>&nbsp;ap\u00f3s algum tempo de forma\u00e7\u00e3o passado na clausura das Irm\u00e3s Franciscanas do&nbsp;Sant\u00edssimo Sacramento, aconteceu a solenidade de vestidura das primeiras cinco Irm\u00e3s da&nbsp;<strong>Congrega\u00e7\u00e3o das Irm\u00e3s da Caridade de S\u00e3o Jos\u00e9<\/strong>. Esse fato marca o in\u00edcio da exist\u00eancia da Congrega\u00e7\u00e3o. A primeira superiora Geral foi a&nbsp;<strong>Ir. Salomea Danek<\/strong>, co-fundadora da Congrega\u00e7\u00e3o.<\/span><\/p>\n<p style=\"text-align: justify;\"><span style=\"color: #000000;\">As Irm\u00e3s realizavam sua consagra\u00e7\u00e3o dedicando-se \u00e0s obras iniciadas pelo&nbsp;<strong>Pe. Sigismundo Gorazdowski,<\/strong>&nbsp;fundador da Congrega\u00e7\u00e3o. \u00c9 digno de lembran\u00e7a todo o esfor\u00e7o empreendido por elas nas dif\u00edceis condi\u00e7\u00f5es em que viviam. Para ajudar a manter algumas obras, ficou conhecida a sa\u00edda das Irm\u00e3s com uma carro\u00e7a sendo puxada por um burrinho, onde elas recolhiam as doa\u00e7\u00f5es dos moradores.<\/span><\/p>\n<p style=\"text-align: justify;\"><span style=\"color: #000000;\">As irm\u00e3s estiveram \u00e0 frente da <strong>Casa do Trabalho<\/strong>, da <strong>Cozinha Popular<\/strong>, do <strong>Instituto S\u00e3o Jos\u00e9<\/strong> para incur\u00e1veis e convalescentes, do I<strong>nternato S\u00e3o Josaf\u00e1<\/strong> para estudantes, do <strong>Instituto Menino Jesus<\/strong> para m\u00e3es solteiras e com o passar do tempo foram assumindo outros locais de trabalho fora dos limites de Lviv, sendo sempre conduzidas pelo amor ao pr\u00f3ximo.<\/span><\/p>\n<p style=\"text-align: justify;\"><span style=\"color: #000000;\">A situa\u00e7\u00e3o ficou muito dif\u00edcil durante os anos da&nbsp;<\/span><strong style=\"color: #000000;\">Segunda Guerra&nbsp;<\/strong><span style=\"color: #000000;\"><b>Mundial<\/b>. Das 45 obras que a Congrega\u00e7\u00e3o possu\u00eda, restaram apenas 11, em condi\u00e7\u00f5es muito prec\u00e1rias.<\/span><\/p>\n<p style=\"text-align: justify;\"><span style=\"color: #000000;\">A vida heroica das nossas primeiras Irm\u00e3s foi marcada, n\u00e3o somente pelo desinteressado servi\u00e7o \u00e0s pessoas que estavam sob seus cuidados nas obras, mas tamb\u00e9m pela corajosa postura assumida durante os anos da Guerra.<\/span><\/p>\n<p style=\"text-align: justify;\"><span style=\"color: #000000;\">Sem fazer distin\u00e7\u00e3o entre pessoas, elas atendiam aos feridos, salvando vidas nos hospitais&nbsp;<strong>tanto de judeus como de russos<\/strong>. Organizaram tamb\u00e9m nos orfanatos, ajuda para as crian\u00e7as e para suas m\u00e3es, que sofriam com a fome e com as doen\u00e7as.<\/span><\/p>\n<p style=\"text-align: justify;\"><span style=\"color: #000000;\">Em 1946 com a nova delimita\u00e7\u00e3o dos territ\u00f3rios, a Congrega\u00e7\u00e3o teve que deixar sua Casa-M\u00e3e e todas as obras que possu\u00eda. As mudan\u00e7as pol\u00edtico-sociais na Pol\u00f4nia, p\u00f3s-guerra, restringiu em grande grau a realiza\u00e7\u00e3o das atividades pr\u00f3prias do seu carisma.<\/span><\/p>\n<p style=\"text-align: justify;\"><span style=\"color: #000000;\"><strong>Nos anos 60,<\/strong>&nbsp;muitas Irm\u00e3s foram retiradas do trabalho nos hospitais, creches, asilos e orfanatos. As Irm\u00e3s ent\u00e3o se dedicaram aos cuidados de crian\u00e7as, f\u00edsica e psiquicamente deficientes, em hospitais psiqui\u00e1tricos, e se dedicaram de forma intensa aos trabalhos paroquiais e catequ\u00e9ticos.<\/span><\/p>\n<p style=\"text-align: justify;\"><span style=\"color: #000000;\"><strong>Em 1973<\/strong>&nbsp;as Irm\u00e3s de S\u00e3o Jos\u00e9 abriram sua primeira comunidade fora do territ\u00f3rio polon\u00eas, na&nbsp;<strong>It\u00e1lia<\/strong>.&nbsp;<strong>Em 1975<\/strong>&nbsp;sua primeira comunidade mission\u00e1ria, no&nbsp;<strong>Congo<\/strong>&nbsp;e em&nbsp;<strong>1983<\/strong>, no&nbsp;<strong>Brasil<\/strong>.<\/span><\/p>\n<p style=\"text-align: justify;\"><span style=\"color: #000000;\">As mudan\u00e7as ocorridas no pa\u00eds depois de 1989 permitiram que as Irm\u00e3s voltassem \u00e0s atividades pr\u00f3prias do carisma e em 1991 as Irm\u00e3s voltaram ao trabalho na Ucr\u00e2nia.<\/span><\/p>\n<p style=\"text-align: justify;\"><span style=\"color: #000000;\">Atualmente a Congrega\u00e7\u00e3o conta com <\/span><strong><span style=\"color: #000000;\">461 Irm\u00e3s, que est\u00e3o trabalhando&nbsp;em 10&nbsp;pa\u00edses.&nbsp;<\/span><\/strong><\/p>\n<h2><\/h2>\n<p>&nbsp;<\/p>\n<p>&nbsp;<\/p>\n<p>&nbsp;<\/p>\n","protected":false},"excerpt":{"rendered":"<p>Congrega\u00e7\u00e3o das Irm\u00e3s de S\u00e3o Jos\u00e9, de nome popular,&nbsp;Irm\u00e3s de S\u00e3o Jos\u00e9 ou Irm\u00e3s Josefitas (nome original: Irm\u00e3s da Caridade de S\u00e3o Jos\u00e9), fundada pelo Padre S\u00e3o Sigismundo Gorazdowski, \u00e9 um instituto religioso de h\u00e1bito, apost\u00f3lico, de direito pontif\u00edcio.&nbsp;Quem exerce o supremo poder na Congrega\u00e7\u00e3o \u00e9 a Superiora Geral, que se preocupa com o desenvolvimento [&hellip;]<\/p>\n","protected":false},"author":1,"featured_media":0,"parent":0,"menu_order":0,"comment_status":"closed","ping_status":"closed","template":"","meta":{"_monsterinsights_skip_tracking":false,"_monsterinsights_sitenote_active":false,"_monsterinsights_sitenote_note":"","_monsterinsights_sitenote_category":0,"jetpack_post_was_ever_published":false,"footnotes":""},"jetpack_shortlink":"https:\/\/wp.me\/P4Ftkv-d","jetpack_sharing_enabled":true,"_links":{"self":[{"href":"http:\/\/irmasdesaojose.com.br\/portal\/wp-json\/wp\/v2\/pages\/13"}],"collection":[{"href":"http:\/\/irmasdesaojose.com.br\/portal\/wp-json\/wp\/v2\/pages"}],"about":[{"href":"http:\/\/irmasdesaojose.com.br\/portal\/wp-json\/wp\/v2\/types\/page"}],"author":[{"embeddable":true,"href":"http:\/\/irmasdesaojose.com.br\/portal\/wp-json\/wp\/v2\/users\/1"}],"replies":[{"embeddable":true,"href":"http:\/\/irmasdesaojose.com.br\/portal\/wp-json\/wp\/v2\/comments?post=13"}],"version-history":[{"count":50,"href":"http:\/\/irmasdesaojose.com.br\/portal\/wp-json\/wp\/v2\/pages\/13\/revisions"}],"predecessor-version":[{"id":7926,"href":"http:\/\/irmasdesaojose.com.br\/portal\/wp-json\/wp\/v2\/pages\/13\/revisions\/7926"}],"wp:attachment":[{"href":"http:\/\/irmasdesaojose.com.br\/portal\/wp-json\/wp\/v2\/media?parent=13"}],"curies":[{"name":"wp","href":"https:\/\/api.w.org\/{rel}","templated":true}]}}