{"id":1806,"date":"2016-01-13T13:34:42","date_gmt":"2016-01-13T15:34:42","guid":{"rendered":"http:\/\/irmasdesaojose.com.br\/portal\/?page_id=1806"},"modified":"2016-08-23T19:32:08","modified_gmt":"2016-08-23T22:32:08","slug":"postulado","status":"publish","type":"page","link":"http:\/\/irmasdesaojose.com.br\/portal\/formacao\/postulado\/","title":{"rendered":"Postulado"},"content":{"rendered":"<h2 style=\"text-align: justify;\"><strong><em>Postulado<\/em><\/strong><span style=\"color: #000000;\"><strong><em>\u00a0<\/em><\/strong><\/span><\/h2>\n<p style=\"text-align: justify;\"><span style=\"color: #000000;\">O Postulado dura 2 anos. Durante o primeiro ano, passado na Casa da Delega\u00e7\u00e3o Brasileira, em Curitiba, as postulantes aprendem <strong>a viver em comunidade, conhecendo o estilo de vida josefita,<\/strong> cuja caracter\u00edstica essencial \u00e9 a ora\u00e7\u00e3o: Eucaristia di\u00e1ria, ora\u00e7\u00e3o da\u00a0Liturgia das Horas\u00a0com as Irm\u00e3s, medita\u00e7\u00e3o da Palavra de Deus, Ros\u00e1rio, Via-Sacra nas\u00a0sextas-feiras de todo o ano, Ter\u00e7o da Divina Miseric\u00f3rdia e outras ora\u00e7\u00f5es espec\u00edficas da Congrega\u00e7\u00e3o, especialmente \u00e0\u00a0<strong>Maria Imaculada, S\u00e3o Jos\u00e9\u00a0e\u00a0S\u00e3o Sigismundo Gorazdowski, Fundador da Congrega\u00e7\u00e3o<\/strong>. No cuidado do desenvolvimento espiritual e aprofundamento do relacionamento pessoal com Deus, as postulantes fazem uso do sacramento da reconcilia\u00e7\u00e3o e participam dos dias de recolhimento mensais.<\/span><\/p>\n<p style=\"text-align: center;\">\n<div class=\"wk-gallery-slider\" id=\"gallery-slider-3905-6a04a4265095f\" data-widgetkit=\"gallery-slider\" data-options='{\"style\":\"slider\",\"width\":270,\"height\":180,\"order\":\"default\",\"total_width\":\"auto\",\"spacing\":0,\"center\":1,\"sticky\":0,\"duration\":500,\"lightbox\":0,\"lightbox_caption\":1,\"spotlight\":1,\"spotlight_effect\":\"\"}'>\n<ul class=\"slides\">\n\n\t\n\t\t\t\t\n\t\t\t\t\t<li style=\"background: url('\/portal\/wp-content\/plugins\/widgetkit\/cache\/gallery\/3905\/zdjecie 1-e0a4c6b5f4.jpg') 50% 0 no-repeat;\"><div style=\"width: 270px;\" data-spotlight=\"on\"><div style=\"height: 180px; width: 270px;\"><\/div><\/div><\/li>\n\t\t\n\t\n\t\t\t\t\n\t\t\t\t\t<li style=\"background: url('\/portal\/wp-content\/plugins\/widgetkit\/cache\/gallery\/3905\/zdjecie 2-0e944897f5.jpg') 50% 0 no-repeat;\"><div style=\"width: 270px;\" data-spotlight=\"on\"><div style=\"height: 180px; width: 270px;\"><\/div><\/div><\/li>\n\t\t\n\t\t\n<\/ul>\n<\/div>\n\n<\/p>\n<p style=\"text-align: justify;\"><span style=\"color: #000000;\">As postulantes <strong>aprofundam seu conhecimento religioso e humano<\/strong> atrav\u00e9s da participa\u00e7\u00e3o em aulas, conduzidas pela Irm\u00e3 Formadora do Postulado e outros convidados leigos e sacerdotes, bem como em encontros de forma\u00e7\u00e3o inicial, como o Postulinter, organizado pela Conferencia dos Religiosos do Brasil &#8211; Paran\u00e1.<\/span><\/p>\n<p style=\"text-align: center;\">\n<div class=\"wk-gallery-slider\" id=\"gallery-slider-3973-6a04a4265236d\" data-widgetkit=\"gallery-slider\" data-options='{\"style\":\"slider\",\"width\":350,\"height\":270,\"order\":\"default\",\"total_width\":\"auto\",\"spacing\":0,\"center\":1,\"sticky\":0,\"duration\":500,\"lightbox\":0,\"lightbox_caption\":1,\"spotlight\":1,\"spotlight_effect\":\"bottom\"}'>\n<ul class=\"slides\">\n\n\t\n\t\t\t\t\n\t\t\t\t\t<li style=\"background: url('\/portal\/wp-content\/plugins\/widgetkit\/cache\/gallery\/3973\/1a-413ee027f0.jpg') 50% 0 no-repeat;\"><div style=\"width: 350px;\" data-spotlight=\"effect:bottom\"><div style=\"height: 270px; width: 350px;\"><\/div><div class=\"overlay\">Postulante recebendo a medalha da Imaculada Concei\u00e7\u00e3o- padroeira desta etapa   <\/div><\/div><\/li>\n\t\t\n\t\n\t\t\t\t\n\t\t\t\t\t<li style=\"background: url('\/portal\/wp-content\/plugins\/widgetkit\/cache\/gallery\/3973\/1b-b73e5a4fea.jpg') 50% 0 no-repeat;\"><div style=\"width: 350px;\" data-spotlight=\"effect:bottom\"><div style=\"height: 270px; width: 350px;\"><\/div><div class=\"overlay\">In\u00edcio do postulado<\/div><\/div><\/li>\n\t\t\n\t\n\t\t\t\t\n\t\t\t\t\t<li style=\"background: url('\/portal\/wp-content\/plugins\/widgetkit\/cache\/gallery\/3973\/2a-ef22ee0adf.jpg') 50% 0 no-repeat;\"><div style=\"width: 350px;\" data-spotlight=\"effect:bottom\"><div style=\"height: 270px; width: 350px;\"><\/div><div class=\"overlay\">Aulas com a Irm\u00e3 Formadora <\/div><\/div><\/li>\n\t\t\n\t\n\t\t\t\t\n\t\t\t\t\t<li style=\"background: url('\/portal\/wp-content\/plugins\/widgetkit\/cache\/gallery\/3973\/2b-8e46650be2.jpg') 50% 0 no-repeat;\"><div style=\"width: 350px;\" data-spotlight=\"effect:bottom\"><div style=\"height: 270px; width: 350px;\"><\/div><div class=\"overlay\">Aula sobre a Hist\u00f3ria das Irm\u00e3s no Brasil<\/div><\/div><\/li>\n\t\t\n\t\n\t\t\t\t\n\t\t\t\t\t<li style=\"background: url('\/portal\/wp-content\/plugins\/widgetkit\/cache\/gallery\/3973\/3a-d843be1cf7.jpg') 50% 0 no-repeat;\"><div style=\"width: 350px;\" data-spotlight=\"effect:bottom\"><div style=\"height: 270px; width: 350px;\"><\/div><div class=\"overlay\">Aula de trabalhos manuais <\/div><\/div><\/li>\n\t\t\n\t\n\t\t\t\t\n\t\t\t\t\t<li style=\"background: url('\/portal\/wp-content\/plugins\/widgetkit\/cache\/gallery\/3973\/3b-635502787a.jpg') 50% 0 no-repeat;\"><div style=\"width: 350px;\" data-spotlight=\"effect:bottom\"><div style=\"height: 270px; width: 350px;\"><\/div><div class=\"overlay\">Encontro do Postulinter<\/div><\/div><\/li>\n\t\t\n\t\n\t\t\t\t\n\t\t\t\t\t<li style=\"background: url('\/portal\/wp-content\/plugins\/widgetkit\/cache\/gallery\/3973\/3c-0abbba953b.jpg') 50% 0 no-repeat;\"><div style=\"width: 350px;\" data-spotlight=\"effect:bottom\"><div style=\"height: 270px; width: 350px;\"><\/div><div class=\"overlay\">Postulinter<\/div><\/div><\/li>\n\t\t\n\t\t\n<\/ul>\n<\/div>\n\n<\/p>\n<p>&nbsp;<\/p>\n<p style=\"text-align: justify;\"><span style=\"color: #000000;\">Durante todo o tempo de forma\u00e7\u00e3o e especialmente no 2\u00b0 ano, as postulantes s\u00e3o introduzidas em nossas\u00a0Comunidades, ajudando as Irm\u00e3s nas tarefas de casa e nos trabalhos pastorais, aos necessitados, aos doentes e idosos.<\/span><\/p>\n<p style=\"text-align: center;\">\n<div class=\"wk-gallery-slider\" id=\"gallery-slider-3975-6a04a426542c0\" data-widgetkit=\"gallery-slider\" data-options='{\"style\":\"slider\",\"width\":350,\"height\":270,\"order\":\"default\",\"total_width\":\"auto\",\"spacing\":0,\"center\":1,\"sticky\":0,\"duration\":500,\"lightbox\":0,\"lightbox_caption\":1,\"spotlight\":1,\"spotlight_effect\":\"bottom\"}'>\n<ul class=\"slides\">\n\n\t\n\t\t\t\t\n\t\t\t\t\t<li style=\"background: url('\/portal\/wp-content\/plugins\/widgetkit\/cache\/gallery\/3975\/10-548ee75274.jpg') 50% 0 no-repeat;\"><div style=\"width: 350px;\" data-spotlight=\"effect:bottom\"><div style=\"height: 270px; width: 350px;\"><\/div><div class=\"overlay\">Trabalho no jardim <\/div><\/div><\/li>\n\t\t\n\t\n\t\t\t\t\n\t\t\t\t\t<li style=\"background: url('\/portal\/wp-content\/plugins\/widgetkit\/cache\/gallery\/3975\/11-32bd18a8f2.jpg') 50% 0 no-repeat;\"><div style=\"width: 350px;\" data-spotlight=\"effect:bottom\"><div style=\"height: 270px; width: 350px;\"><\/div><div class=\"overlay\">Catequese com crian\u00e7as no CEI<\/div><\/div><\/li>\n\t\t\n\t\n\t\t\t\t\n\t\t\t\t\t<li style=\"background: url('\/portal\/wp-content\/plugins\/widgetkit\/cache\/gallery\/3975\/12-12d061a02c.jpg') 50% 0 no-repeat;\"><div style=\"width: 350px;\" data-spotlight=\"effect:bottom\"><div style=\"height: 270px; width: 350px;\"><\/div><div class=\"overlay\">Catequese na Ferrovila<\/div><\/div><\/li>\n\t\t\n\t\n\t\t\t\t\n\t\t\t\t\t<li style=\"background: url('\/portal\/wp-content\/plugins\/widgetkit\/cache\/gallery\/3975\/7-e49a3ebf93.jpg') 50% 0 no-repeat;\"><div style=\"width: 350px;\" data-spotlight=\"effect:bottom\"><div style=\"height: 270px; width: 350px;\"><\/div><div class=\"overlay\">Trabalhos com adultos - Grupo de ora\u00e7\u00e3o<\/div><\/div><\/li>\n\t\t\n\t\n\t\t\t\t\n\t\t\t\t\t<li style=\"background: url('\/portal\/wp-content\/plugins\/widgetkit\/cache\/gallery\/3975\/8-8e49f0e1f3.jpg') 50% 0 no-repeat;\"><div style=\"width: 350px;\" data-spotlight=\"effect:bottom\"><div style=\"height: 270px; width: 350px;\"><\/div><div class=\"overlay\">Trabalhos dom\u00e9sticos<\/div><\/div><\/li>\n\t\t\n\t\n\t\t\t\t\n\t\t\t\t\t<li style=\"background: url('\/portal\/wp-content\/plugins\/widgetkit\/cache\/gallery\/3975\/9-9b08ce3686.jpg') 50% 0 no-repeat;\"><div style=\"width: 350px;\" data-spotlight=\"effect:bottom\"><div style=\"height: 270px; width: 350px;\"><\/div><div class=\"overlay\">Pastoral juvenil<\/div><\/div><\/li>\n\t\t\n\t\t\n<\/ul>\n<\/div>\n\n<\/p>\n<h4 style=\"text-align: center;\"><strong><span style=\"color: #800000;\">&#8220;O chamado de Cristo abra\u00e7a a pessoa inteira, a alma e o corpo, no seu \u00fanico e irrepet\u00edvel &#8220;eu&#8221;. Portanto, a forma\u00e7\u00e3o no Postulado est\u00e1\u00a0focada\u00a0na integra\u00e7\u00e3o humana e crist\u00e3 e na introdu\u00e7\u00e3o gradual das postulantes \u00e0\u00a0vida religiosa.&#8221;<\/span><\/strong><\/h4>\n","protected":false},"excerpt":{"rendered":"<p>Postulado\u00a0 O Postulado dura 2 anos. Durante o primeiro ano, passado na Casa da Delega\u00e7\u00e3o Brasileira, em Curitiba, as postulantes aprendem a viver em comunidade, conhecendo o estilo de vida josefita, cuja caracter\u00edstica essencial \u00e9 a ora\u00e7\u00e3o: Eucaristia di\u00e1ria, ora\u00e7\u00e3o da\u00a0Liturgia das Horas\u00a0com as Irm\u00e3s, medita\u00e7\u00e3o da Palavra de Deus, Ros\u00e1rio, Via-Sacra nas\u00a0sextas-feiras de todo [&hellip;]<\/p>\n","protected":false},"author":1,"featured_media":0,"parent":66,"menu_order":1,"comment_status":"closed","ping_status":"closed","template":"","meta":{"_monsterinsights_skip_tracking":false,"_monsterinsights_sitenote_active":false,"_monsterinsights_sitenote_note":"","_monsterinsights_sitenote_category":0,"jetpack_post_was_ever_published":false,"footnotes":""},"jetpack_shortlink":"https:\/\/wp.me\/P4Ftkv-t8","jetpack_sharing_enabled":true,"_links":{"self":[{"href":"http:\/\/irmasdesaojose.com.br\/portal\/wp-json\/wp\/v2\/pages\/1806"}],"collection":[{"href":"http:\/\/irmasdesaojose.com.br\/portal\/wp-json\/wp\/v2\/pages"}],"about":[{"href":"http:\/\/irmasdesaojose.com.br\/portal\/wp-json\/wp\/v2\/types\/page"}],"author":[{"embeddable":true,"href":"http:\/\/irmasdesaojose.com.br\/portal\/wp-json\/wp\/v2\/users\/1"}],"replies":[{"embeddable":true,"href":"http:\/\/irmasdesaojose.com.br\/portal\/wp-json\/wp\/v2\/comments?post=1806"}],"version-history":[{"count":30,"href":"http:\/\/irmasdesaojose.com.br\/portal\/wp-json\/wp\/v2\/pages\/1806\/revisions"}],"predecessor-version":[{"id":4465,"href":"http:\/\/irmasdesaojose.com.br\/portal\/wp-json\/wp\/v2\/pages\/1806\/revisions\/4465"}],"up":[{"embeddable":true,"href":"http:\/\/irmasdesaojose.com.br\/portal\/wp-json\/wp\/v2\/pages\/66"}],"wp:attachment":[{"href":"http:\/\/irmasdesaojose.com.br\/portal\/wp-json\/wp\/v2\/media?parent=1806"}],"curies":[{"name":"wp","href":"https:\/\/api.w.org\/{rel}","templated":true}]}}