{"id":1819,"date":"2016-01-13T13:49:59","date_gmt":"2016-01-13T15:49:59","guid":{"rendered":"http:\/\/irmasdesaojose.com.br\/portal\/?page_id=1819"},"modified":"2016-08-23T19:38:41","modified_gmt":"2016-08-23T22:38:41","slug":"noviciado","status":"publish","type":"page","link":"http:\/\/irmasdesaojose.com.br\/portal\/formacao\/noviciado\/","title":{"rendered":"Noviciado"},"content":{"rendered":"<h2><span style=\"color: #000000;\"><strong><em>Noviciado<\/em><\/strong><\/span><\/h2>\n<p style=\"text-align: justify;\"><span style=\"color: #000000;\">A forma\u00e7\u00e3o no <strong>Noviciado durante\u00a0dois anos,\u00a0<\/strong>tem por objetivo <strong>modelar<\/strong><strong>\u00a0nas novi\u00e7as as virtudes\u00a0humanas\u00a0e crist\u00e3s.\u00a0<\/strong>Pela ora\u00e7\u00e3o e pela ascese s\u00e3o\u00a0introduzidas no caminho de uma uni\u00e3o mais plena com Deus.<\/span><\/p>\n<p style=\"text-align: center;\">\n<div class=\"wk-gallery-slider\" id=\"gallery-slider-110-6a04a46082265\" data-widgetkit=\"gallery-slider\" data-options='{\"style\":\"slider\",\"width\":350,\"height\":270,\"order\":\"default\",\"total_width\":\"auto\",\"spacing\":0,\"center\":1,\"sticky\":0,\"duration\":500,\"lightbox\":0,\"lightbox_caption\":1,\"spotlight\":1,\"spotlight_effect\":\"bottom\"}'>\n<ul class=\"slides\">\n\n\t\n\t\t\t\t\n\t\t\t\t\t<li style=\"background: url('\/portal\/wp-content\/plugins\/widgetkit\/cache\/gallery\/110\/Apresenta\u00e7\u00e3o1-f64b5af1cd.jpg') 50% 0 no-repeat;\"><div style=\"width: 350px;\" data-spotlight=\"effect:bottom\"><div style=\"height: 270px; width: 350px;\"><\/div><div class=\"overlay\">1. Inicia\u00e7\u00e3o para o Noviciado <\/div><\/div><\/li>\n\t\t\n\t\n\t\t\t\t\n\t\t\t\t\t<li style=\"background: url('\/portal\/wp-content\/plugins\/widgetkit\/cache\/gallery\/110\/Slide4-c9687e4ffc.JPG') 50% 0 no-repeat;\"><div style=\"width: 350px;\" data-spotlight=\"effect:bottom\"><div style=\"height: 270px; width: 350px;\"><\/div><div class=\"overlay\">2. Entrada para a clausura do Noviciado<\/div><\/div><\/li>\n\t\t\n\t\n\t\t\t\t\n\t\t\t\t\t<li style=\"background: url('\/portal\/wp-content\/plugins\/widgetkit\/cache\/gallery\/110\/Slide5-c8c450c1bb.JPG') 50% 0 no-repeat;\"><div style=\"width: 350px;\" data-spotlight=\"effect:bottom\"><div style=\"height: 270px; width: 350px;\"><\/div><div class=\"overlay\">3. Ora\u00e7\u00e3o da Liturgia das Horas<\/div><\/div><\/li>\n\t\t\n\t\t\n<\/ul>\n<\/div>\n\n<\/p>\n<p style=\"text-align: justify;\"><span style=\"color: #000000;\">As Novi\u00e7as s\u00e3o encaminhadas para a <strong>leitura e a reflex\u00e3o da B\u00edblia Sagrada<\/strong>, como tamb\u00e9m \u00e0\u00a0contempla\u00e7\u00e3o do mist\u00e9rio da salva\u00e7\u00e3o. Durante este tempo conhecem a <strong>Regra, as Constitui\u00e7\u00f5es e o Diret\u00f3rio,<\/strong> juntamente com a hist\u00f3ria e a tradi\u00e7\u00e3o da nossa Fam\u00edlia Religiosa, para <strong>conhecer e amar o carisma pr\u00f3prio da Congrega\u00e7\u00e3o<\/strong>.<\/span><\/p>\n<p style=\"text-align: center;\">\n<div class=\"wk-gallery-slider\" id=\"gallery-slider-4100-6a04a46083308\" data-widgetkit=\"gallery-slider\" data-options='{\"style\":\"slider\",\"width\":350,\"height\":270,\"order\":\"default\",\"total_width\":\"auto\",\"spacing\":0,\"center\":1,\"sticky\":0,\"duration\":500,\"lightbox\":0,\"lightbox_caption\":1,\"spotlight\":1,\"spotlight_effect\":\"bottom\"}'>\n<ul class=\"slides\">\n\n\t\n\t\t\t\t\n\t\t\t\t\t<li style=\"background: url('\/portal\/wp-content\/plugins\/widgetkit\/cache\/gallery\/4100\/2-f51c76e055.jpg') 50% 0 no-repeat;\"><div style=\"width: 350px;\" data-spotlight=\"effect:bottom\"><div style=\"height: 270px; width: 350px;\"><\/div><div class=\"overlay\">3. Leitura da Sagrada Escritura<\/div><\/div><\/li>\n\t\t\n\t\n\t\t\t\t\n\t\t\t\t\t<li style=\"background: url('\/portal\/wp-content\/plugins\/widgetkit\/cache\/gallery\/4100\/Slide6-58f1fb7b98.JPG') 50% 0 no-repeat;\"><div style=\"width: 350px;\" data-spotlight=\"effect:bottom\"><div style=\"height: 270px; width: 350px;\"><\/div><div class=\"overlay\">1. Aulas de aprofundamento teol\u00f3gico<\/div><\/div><\/li>\n\t\t\n\t\n\t\t\t\t\n\t\t\t\t\t<li style=\"background: url('\/portal\/wp-content\/plugins\/widgetkit\/cache\/gallery\/4100\/Slide8-eece3c3a0d.JPG') 50% 0 no-repeat;\"><div style=\"width: 350px;\" data-spotlight=\"effect:bottom\"><div style=\"height: 270px; width: 350px;\"><\/div><div class=\"overlay\">2. Aulas de conhecimento da Legisla\u00e7\u00e3o e da Hist\u00f3ria da Congrega\u00e7\u00e3o<\/div><\/div><\/li>\n\t\t\n\t\t\n<\/ul>\n<\/div>\n\n<\/p>\n<p style=\"padding-left: 30px; text-align: center;\"><span style=\"color: #000000;\">Tendo em vista uma prepara\u00e7\u00e3o mais plena das novi\u00e7as para a vida na Congrega\u00e7\u00e3o, a possibilidade de um conhecimento mais profundo de si mesmas, o conhecimento das pessoas, da \u00e1rea do trabalho e do esp\u00edrito do nosso apostolado, durante o segundo ano do noviciado, as novi\u00e7as s\u00e3o enviadas \u00e0<strong>s\u00a0atividades pastorais de nossas comunidades,<\/strong>\u00a0por um determinado per\u00edodo.<\/span><\/p>\n<p style=\"text-align: center;\">\n<div class=\"wk-gallery-slider\" id=\"gallery-slider-4102-6a04a460843a1\" data-widgetkit=\"gallery-slider\" data-options='{\"style\":\"slider\",\"width\":350,\"height\":270,\"autoplay\":1,\"order\":\"default\",\"interval\":5000,\"duration\":500,\"index\":1,\"navigation\":1,\"buttons\":1,\"slices\":20,\"animated\":\"fade\",\"caption_animation_duration\":500,\"lightbox\":0,\"total_width\":\"auto\",\"spacing\":0,\"center\":1,\"sticky\":0,\"lightbox_caption\":1,\"spotlight\":1,\"spotlight_effect\":\"\"}'>\n<ul class=\"slides\">\n\n\t\n\t\t\t\t\n\t\t\t\t\t<li style=\"background: url('\/portal\/wp-content\/plugins\/widgetkit\/cache\/gallery\/4102\/Slide10-e0cf949376.JPG') 50% 0 no-repeat;\"><div style=\"width: 350px;\" data-spotlight=\"on\"><div style=\"height: 270px; width: 350px;\"><\/div><\/div><\/li>\n\t\t\n\t\n\t\t\t\t\n\t\t\t\t\t<li style=\"background: url('\/portal\/wp-content\/plugins\/widgetkit\/cache\/gallery\/4102\/Slide11-19805dbb96.JPG') 50% 0 no-repeat;\"><div style=\"width: 350px;\" data-spotlight=\"on\"><div style=\"height: 270px; width: 350px;\"><\/div><\/div><\/li>\n\t\t\n\t\n\t\t\t\t\n\t\t\t\t\t<li style=\"background: url('\/portal\/wp-content\/plugins\/widgetkit\/cache\/gallery\/4102\/Slide7-58792d6843.JPG') 50% 0 no-repeat;\"><div style=\"width: 350px;\" data-spotlight=\"on\"><div style=\"height: 270px; width: 350px;\"><\/div><\/div><\/li>\n\t\t\n\t\n\t\t\t\t\n\t\t\t\t\t<li style=\"background: url('\/portal\/wp-content\/plugins\/widgetkit\/cache\/gallery\/4102\/Slide9-c8f121590a.JPG') 50% 0 no-repeat;\"><div style=\"width: 350px;\" data-spotlight=\"on\"><div style=\"height: 270px; width: 350px;\"><\/div><\/div><\/li>\n\t\t\n\t\t\n<\/ul>\n<\/div>\n\n<\/p>\n<p><span style=\"color: #000000;\">Tr\u00eas meses antes de fazer a profiss\u00e3o, a novi\u00e7a retorna\u00a0para a vida estrita do Noviciado, com o objetivo de preparar-se para a profiss\u00e3o religiosa.\u00a0<\/span><\/p>\n<p style=\"text-align: center;\">\n<div class=\"wk-gallery-slider\" id=\"gallery-slider-4104-6a04a46085728\" data-widgetkit=\"gallery-slider\" data-options='{\"style\":\"slider\",\"width\":350,\"height\":270,\"order\":\"default\",\"total_width\":\"auto\",\"spacing\":3,\"center\":1,\"sticky\":0,\"duration\":500,\"lightbox\":0,\"lightbox_caption\":1,\"spotlight\":1,\"spotlight_effect\":\"bottom\"}'>\n<ul class=\"slides\">\n\n\t\n\t\t\t\t\n\t\t\t\t\t<li style=\"background: url('\/portal\/wp-content\/plugins\/widgetkit\/cache\/gallery\/4104\/Slide12-78da224023.JPG') 50% 0 no-repeat;\"><div style=\"width: 350px;\" data-spotlight=\"effect:bottom\"><div style=\"height: 270px; width: 350px;\"><\/div><div class=\"overlay\">1. Vestidura do H\u00e1bito religioso<\/div><\/div><\/li>\n\t\t\n\t\n\t\t\t\t\n\t\t\t\t\t<li style=\"background: url('\/portal\/wp-content\/plugins\/widgetkit\/cache\/gallery\/4104\/Slide13-5c7a5e6b5e.JPG') 50% 0 no-repeat;\"><div style=\"width: 350px;\" data-spotlight=\"effect:bottom\"><div style=\"height: 270px; width: 350px;\"><\/div><div class=\"overlay\">2. Novi\u00e7as pela primeira vez vestidas com o H\u00e1bito Josefita <\/div><\/div><\/li>\n\t\t\n\t\n\t\t\t\t\n\t\t\t\t\t<li style=\"background: url('\/portal\/wp-content\/plugins\/widgetkit\/cache\/gallery\/4104\/Slide2-1aea4f657d.JPG') 50% 0 no-repeat;\"><div style=\"width: 350px;\" data-spotlight=\"effect:bottom\"><div style=\"height: 270px; width: 350px;\"><\/div><div class=\"overlay\">3. Primeira Profiss\u00e3o Religiosa <\/div><\/div><\/li>\n\t\t\n\t\t\n<\/ul>\n<\/div>\n\n<\/p>\n<p style=\"text-align: center;\"><span style=\"color: #000000;\">Ap\u00f3s concluir o Noviciado a novi\u00e7a faz a <strong>Profiss\u00e3o Religiosa<\/strong>\u00a0dos votos de:<\/span><\/p>\n<p style=\"text-align: center;\"><strong>\u00a0 \u00a0 \u00a0 \u00a0 \u00a0 \u00a0 \u00a0 \u00a0<span style=\"color: #800000;\">CASTIDADE,\u00a0<\/span><\/strong><span style=\"color: #800000;\"><b>OBEDI\u00caNCIA<\/b><strong>, P<\/strong><\/span><strong><span style=\"color: #800000;\">OBREZA.<\/span>\u00a0<\/strong><strong>\u00a0 \u00a0<\/strong><\/p>\n<p style=\"text-align: justify;\"><strong> \u00a0 \u00a0 \u00a0 \u00a0 \u00a0 \u00a0 \u00a0 \u00a0 \u00a0 \u00a0 \u00a0 \u00a0 \u00a0 \u00a0 \u00a0 \u00a0 \u00a0 \u00a0 \u00a0 \u00a0 \u00a0 \u00a0 \u00a0 \u00a0 \u00a0 \u00a0 \u00a0 \u00a0 \u00a0 \u00a0 \u00a0 \u00a0 \u00a0 \u00a0 \u00a0 \u00a0 \u00a0 \u00a0 \u00a0 \u00a0 \u00a0 \u00a0 \u00a0 \u00a0 \u00a0 \u00a0 \u00a0 \u00a0 \u00a0 \u00a0 \u00a0 \u00a0 \u00a0 \u00a0<\/strong><\/p>\n<p style=\"text-align: justify;\"><strong> \u00a0<img decoding=\"async\" loading=\"lazy\" class=\"aligncenter wp-image-4108 size-medium\" src=\"https:\/\/i0.wp.com\/irmasdesaojose.com.br\/portal\/wp-content\/uploads\/2016\/01\/krzyz.jpg?resize=300%2C225\" alt=\"krzyz\" width=\"300\" height=\"225\" data-recalc-dims=\"1\" \/>\u00a0<img decoding=\"async\" loading=\"lazy\" class=\"aligncenter wp-image-4107 size-full\" src=\"https:\/\/i0.wp.com\/irmasdesaojose.com.br\/portal\/wp-content\/uploads\/2016\/01\/sluby-e1464100283914.jpg?resize=700%2C526\" alt=\"sluby\" width=\"700\" height=\"526\" data-recalc-dims=\"1\" \/><\/strong><\/p>\n","protected":false},"excerpt":{"rendered":"<p>Noviciado A forma\u00e7\u00e3o no Noviciado durante\u00a0dois anos,\u00a0tem por objetivo modelar\u00a0nas novi\u00e7as as virtudes\u00a0humanas\u00a0e crist\u00e3s.\u00a0Pela ora\u00e7\u00e3o e pela ascese s\u00e3o\u00a0introduzidas no caminho de uma uni\u00e3o mais plena com Deus. As Novi\u00e7as s\u00e3o encaminhadas para a leitura e a reflex\u00e3o da B\u00edblia Sagrada, como tamb\u00e9m \u00e0\u00a0contempla\u00e7\u00e3o do mist\u00e9rio da salva\u00e7\u00e3o. Durante este tempo conhecem a Regra, as [&hellip;]<\/p>\n","protected":false},"author":1,"featured_media":0,"parent":66,"menu_order":2,"comment_status":"closed","ping_status":"closed","template":"","meta":{"_monsterinsights_skip_tracking":false,"_monsterinsights_sitenote_active":false,"_monsterinsights_sitenote_note":"","_monsterinsights_sitenote_category":0,"jetpack_post_was_ever_published":false,"footnotes":""},"jetpack_shortlink":"https:\/\/wp.me\/P4Ftkv-tl","jetpack_sharing_enabled":true,"_links":{"self":[{"href":"http:\/\/irmasdesaojose.com.br\/portal\/wp-json\/wp\/v2\/pages\/1819"}],"collection":[{"href":"http:\/\/irmasdesaojose.com.br\/portal\/wp-json\/wp\/v2\/pages"}],"about":[{"href":"http:\/\/irmasdesaojose.com.br\/portal\/wp-json\/wp\/v2\/types\/page"}],"author":[{"embeddable":true,"href":"http:\/\/irmasdesaojose.com.br\/portal\/wp-json\/wp\/v2\/users\/1"}],"replies":[{"embeddable":true,"href":"http:\/\/irmasdesaojose.com.br\/portal\/wp-json\/wp\/v2\/comments?post=1819"}],"version-history":[{"count":32,"href":"http:\/\/irmasdesaojose.com.br\/portal\/wp-json\/wp\/v2\/pages\/1819\/revisions"}],"predecessor-version":[{"id":4466,"href":"http:\/\/irmasdesaojose.com.br\/portal\/wp-json\/wp\/v2\/pages\/1819\/revisions\/4466"}],"up":[{"embeddable":true,"href":"http:\/\/irmasdesaojose.com.br\/portal\/wp-json\/wp\/v2\/pages\/66"}],"wp:attachment":[{"href":"http:\/\/irmasdesaojose.com.br\/portal\/wp-json\/wp\/v2\/media?parent=1819"}],"curies":[{"name":"wp","href":"https:\/\/api.w.org\/{rel}","templated":true}]}}