{"id":1828,"date":"2016-01-13T14:03:48","date_gmt":"2016-01-13T16:03:48","guid":{"rendered":"http:\/\/irmasdesaojose.com.br\/portal\/?page_id=1828"},"modified":"2016-08-23T19:41:52","modified_gmt":"2016-08-23T22:41:52","slug":"juniorado","status":"publish","type":"page","link":"http:\/\/irmasdesaojose.com.br\/portal\/formacao\/juniorado\/","title":{"rendered":"Juniorado"},"content":{"rendered":"<h2><span style=\"color: #000000;\"><strong><em>Juniorado\u00a0<\/em><\/strong><\/span><\/h2>\n<p style=\"text-align: justify;\"><span style=\"color: #000000;\">O objetivo do Juniorado \u00e9 o <strong>aprofundamento da vida interior<\/strong>, o aperfei\u00e7oamento da ora\u00e7\u00e3o e a prepara\u00e7\u00e3o das Irm\u00e3s para uma <strong>vida mais plena no esp\u00edrito da Congrega\u00e7\u00e3o e para a realiza\u00e7\u00e3o da sua miss\u00e3o<\/strong>.<\/span><\/p>\n<p style=\"text-align: justify;\"><span style=\"color: #000000;\">Durante o Juniorado as irm\u00e3s <strong>completam a forma\u00e7\u00e3o religiosa e profissional<\/strong> e adquirem as qualifica\u00e7\u00f5es adequadas, necess\u00e1rias para desempenhar o trabalho apost\u00f3lico.<\/span><\/p>\n<p style=\"text-align: justify;\"><span style=\"color: #000000;\"><strong>Aprendem a servir<\/strong> os sofredores com amor, a dialogar com pessoas de diferentes estados e cren\u00e7as e o respeito e a prontid\u00e3o para assumir qualquer trabalho. Dessa forma modelam em si mesmas uma postura de servi\u00e7o josefino que as insere na obra redentora de Cristo.\u00a0<\/span><\/p>\n<p style=\"text-align: center;\">\n<div class=\"wk-gallery wk-gallery-wall clearfix polaroid margin \">\n\n\t\t\n\t\t\t\n\t\t\t\t\t<a class=\"\" href=\"\/portal\/wp-content\/uploads\/FotosInstitucionais\/trabalho.jpg\" data-lightbox=\"group:4111-6a04a516d5b4c\" title=\"10. Miss\u00e3o em meio as crian\u00e7as\" ><div><img src=\"\/portal\/wp-content\/plugins\/widgetkit\/cache\/gallery\/4111\/trabalho-9ad75f1c4c.jpg\" width=\"270\" height=\"180\" alt=\"trabalho\" \/><p class=\"title\">10. Miss\u00e3o em meio as crian\u00e7as<\/p><\/div><\/a>\n\t\t\t\t\n\t\t\n\t\t\t\n\t\t\t\t\t<a class=\"\" href=\"\/portal\/wp-content\/uploads\/FotosInstitucionais\/junoisists.png\" data-lightbox=\"group:4111-6a04a516d5b4c\" title=\"9. Apostolado em meio a juventude\" ><div><img src=\"\/portal\/wp-content\/plugins\/widgetkit\/cache\/gallery\/4111\/junoisists-4d9c779940.png\" width=\"270\" height=\"180\" alt=\"junoisists\" \/><p class=\"title\">9. Apostolado em meio a juventude<\/p><\/div><\/a>\n\t\t\t\t\n\t\t\n\t\t\t\n\t\t\t\t\t<a class=\"\" href=\"\/portal\/wp-content\/uploads\/FotosInstitucionais\/Slide12.JPG\" data-lightbox=\"group:4111-6a04a516d5b4c\" title=\"7. M\u00e3os ao trabalho\" ><div><img src=\"\/portal\/wp-content\/plugins\/widgetkit\/cache\/gallery\/4111\/Slide12-a3e8c95697.JPG\" width=\"270\" height=\"180\" alt=\"Slide12\" \/><p class=\"title\">7. M\u00e3os ao trabalho<\/p><\/div><\/a>\n\t\t\t\t\n\t\t\n\t\t\t\n\t\t\t\t\t<a class=\"\" href=\"\/portal\/wp-content\/uploads\/FotosInstitucionais\/Slide8.JPG\" data-lightbox=\"group:4111-6a04a516d5b4c\" title=\"6. Encontros di\u00e1rios com Deus\" ><div><img src=\"\/portal\/wp-content\/plugins\/widgetkit\/cache\/gallery\/4111\/Slide8-ae19d54dba.JPG\" width=\"270\" height=\"180\" alt=\"Slide8\" \/><p class=\"title\">6. Encontros di\u00e1rios com Deus<\/p><\/div><\/a>\n\t\t\t\t\n\t\t\n\t\t\t\n\t\t\t\t\t<a class=\"\" href=\"\/portal\/wp-content\/uploads\/FotosInstitucionais\/apostolado.jpg\" data-lightbox=\"group:4111-6a04a516d5b4c\" title=\"11. Evangeliza\u00e7\u00e3o na catequese\" ><div><img src=\"\/portal\/wp-content\/plugins\/widgetkit\/cache\/gallery\/4111\/apostolado-04c2ba8afd.jpg\" width=\"270\" height=\"180\" alt=\"apostolado\" \/><p class=\"title\">11. Evangeliza\u00e7\u00e3o na catequese<\/p><\/div><\/a>\n\t\t\t\t\n\t\t\n\t\t\t\n\t\t\t\t\t<a class=\"\" href=\"\/portal\/wp-content\/uploads\/FotosInstitucionais\/Slide4.JPG\" data-lightbox=\"group:4111-6a04a516d5b4c\" title=\"3. Encontros anuais de forma\u00e7\u00e3o\" ><div><img src=\"\/portal\/wp-content\/plugins\/widgetkit\/cache\/gallery\/4111\/Slide4-0323389f94.JPG\" width=\"270\" height=\"180\" alt=\"Slide4\" \/><p class=\"title\">3. Encontros anuais de forma\u00e7\u00e3o<\/p><\/div><\/a>\n\t\t\t\t\n\t\t\n\t\t\t\n\t\t\t\t\t<a class=\"\" href=\"\/portal\/wp-content\/uploads\/FotosInstitucionais\/Apresenta\u00e7\u00e3o1.jpg\" data-lightbox=\"group:4111-6a04a516d5b4c\" title=\"8. Trabalho apost\u00f3lico - com jovens \" ><div><img src=\"\/portal\/wp-content\/plugins\/widgetkit\/cache\/gallery\/4111\/Apresenta\u00e7\u00e3o1-5f2a510712.jpg\" width=\"270\" height=\"180\" alt=\"Apresenta\u00e7\u00e3o1\" \/><p class=\"title\">8. Trabalho apost\u00f3lico - com jovens <\/p><\/div><\/a>\n\t\t\t\t\n\t\t\n\t\t\t\n\t\t\t\t\t<a class=\"\" href=\"\/portal\/wp-content\/uploads\/FotosInstitucionais\/Slide6.JPG\" data-lightbox=\"group:4111-6a04a516d5b4c\" title=\"5. Juniorado - Cora\u00e7\u00e3o em Deus \" ><div><img src=\"\/portal\/wp-content\/plugins\/widgetkit\/cache\/gallery\/4111\/Slide6-5dc72ff440.JPG\" width=\"270\" height=\"180\" alt=\"Slide6\" \/><p class=\"title\">5. Juniorado - Cora\u00e7\u00e3o em Deus <\/p><\/div><\/a>\n\t\t\t\t\n\t\t\n\t\t\t\n\t\t\t\t\t<a class=\"\" href=\"\/portal\/wp-content\/uploads\/FotosInstitucionais\/Slide2.JPG\" data-lightbox=\"group:4111-6a04a516d5b4c\" title=\"1. Irm\u00e3s Junioristas\" ><div><img src=\"\/portal\/wp-content\/plugins\/widgetkit\/cache\/gallery\/4111\/Slide2-186526ae9a.JPG\" width=\"270\" height=\"180\" alt=\"Slide2\" \/><p class=\"title\">1. Irm\u00e3s Junioristas<\/p><\/div><\/a>\n\t\t\t\t\n\t\t\n\t\t\t\n\t\t\t\t\t<a class=\"\" href=\"\/portal\/wp-content\/uploads\/FotosInstitucionais\/Slide1.JPG\" data-lightbox=\"group:4111-6a04a516d5b4c\" title=\"2. Encontro de forma\u00e7\u00e3o \" ><div><img src=\"\/portal\/wp-content\/plugins\/widgetkit\/cache\/gallery\/4111\/Slide1-61cbdefe18.JPG\" width=\"270\" height=\"180\" alt=\"Slide1\" \/><p class=\"title\">2. Encontro de forma\u00e7\u00e3o <\/p><\/div><\/a>\n\t\t\t\t\n\t\t\n\t\t\t\n\t\t\t\t\t<a class=\"\" href=\"\/portal\/wp-content\/uploads\/FotosInstitucionais\/Slide5.JPG\" data-lightbox=\"group:4111-6a04a516d5b4c\" title=\"4. Partilha da Palavra de Deus\" ><div><img src=\"\/portal\/wp-content\/plugins\/widgetkit\/cache\/gallery\/4111\/Slide5-a96d83a4c2.JPG\" width=\"270\" height=\"180\" alt=\"Slide5\" \/><p class=\"title\">4. Partilha da Palavra de Deus<\/p><\/div><\/a>\n\t\t\t\t\n\t\t\n\t\t\t\n\t\t\t\t\t<a class=\"\" href=\"\/portal\/wp-content\/uploads\/FotosInstitucionais\/Slide3.JPG\" data-lightbox=\"group:4111-6a04a516d5b4c\" title=\"12. Viva a Vida Consagrada!\" ><div><img src=\"\/portal\/wp-content\/plugins\/widgetkit\/cache\/gallery\/4111\/Slide3-fd0563ef83.JPG\" width=\"270\" height=\"180\" alt=\"Slide3\" \/><p class=\"title\">12. Viva a Vida Consagrada!<\/p><\/div><\/a>\n\t\t\t\t\n\t\n<\/div>\n\n<\/p>\n","protected":false},"excerpt":{"rendered":"<p>Juniorado\u00a0 O objetivo do Juniorado \u00e9 o aprofundamento da vida interior, o aperfei\u00e7oamento da ora\u00e7\u00e3o e a prepara\u00e7\u00e3o das Irm\u00e3s para uma vida mais plena no esp\u00edrito da Congrega\u00e7\u00e3o e para a realiza\u00e7\u00e3o da sua miss\u00e3o. Durante o Juniorado as irm\u00e3s completam a forma\u00e7\u00e3o religiosa e profissional e adquirem as qualifica\u00e7\u00f5es adequadas, necess\u00e1rias para desempenhar [&hellip;]<\/p>\n","protected":false},"author":1,"featured_media":0,"parent":66,"menu_order":3,"comment_status":"closed","ping_status":"closed","template":"","meta":{"_monsterinsights_skip_tracking":false,"_monsterinsights_sitenote_active":false,"_monsterinsights_sitenote_note":"","_monsterinsights_sitenote_category":0,"jetpack_post_was_ever_published":false,"footnotes":""},"jetpack_shortlink":"https:\/\/wp.me\/P4Ftkv-tu","jetpack_sharing_enabled":true,"_links":{"self":[{"href":"http:\/\/irmasdesaojose.com.br\/portal\/wp-json\/wp\/v2\/pages\/1828"}],"collection":[{"href":"http:\/\/irmasdesaojose.com.br\/portal\/wp-json\/wp\/v2\/pages"}],"about":[{"href":"http:\/\/irmasdesaojose.com.br\/portal\/wp-json\/wp\/v2\/types\/page"}],"author":[{"embeddable":true,"href":"http:\/\/irmasdesaojose.com.br\/portal\/wp-json\/wp\/v2\/users\/1"}],"replies":[{"embeddable":true,"href":"http:\/\/irmasdesaojose.com.br\/portal\/wp-json\/wp\/v2\/comments?post=1828"}],"version-history":[{"count":6,"href":"http:\/\/irmasdesaojose.com.br\/portal\/wp-json\/wp\/v2\/pages\/1828\/revisions"}],"predecessor-version":[{"id":4468,"href":"http:\/\/irmasdesaojose.com.br\/portal\/wp-json\/wp\/v2\/pages\/1828\/revisions\/4468"}],"up":[{"embeddable":true,"href":"http:\/\/irmasdesaojose.com.br\/portal\/wp-json\/wp\/v2\/pages\/66"}],"wp:attachment":[{"href":"http:\/\/irmasdesaojose.com.br\/portal\/wp-json\/wp\/v2\/media?parent=1828"}],"curies":[{"name":"wp","href":"https:\/\/api.w.org\/{rel}","templated":true}]}}