{"id":1830,"date":"2016-01-13T14:07:32","date_gmt":"2016-01-13T16:07:32","guid":{"rendered":"http:\/\/irmasdesaojose.com.br\/portal\/?page_id=1830"},"modified":"2016-12-06T19:52:07","modified_gmt":"2016-12-06T21:52:07","slug":"votos-perpetuos","status":"publish","type":"page","link":"http:\/\/irmasdesaojose.com.br\/portal\/formacao\/votos-perpetuos\/","title":{"rendered":"Votos Perp\u00e9tuos"},"content":{"rendered":"<h2 style=\"text-align: justify;\"><span style=\"color: #000000;\"><strong><em>Votos Perp\u00e9tuos<\/em><\/strong><\/span><\/h2>\n<p style=\"text-align: justify;\"><span style=\"color: #000000;\">Atrav\u00e9s da profiss\u00e3o perp\u00e9tua as Irm\u00e3s entregam-se a Deus para a vida toda e recebem como sinal exterior uma alian\u00e7a, na qual est\u00e1 gravado o nome <strong>&#8220;Jesus&#8221;<\/strong>.<\/span><\/p>\n<p style=\"text-align: center;\">\n<div id=\"slideset-4113-6a04a6948d409\" class=\"wk-slideset wk-slideset-default\" data-widgetkit=\"slideset\" data-options='{\"style\":\"default\",\"width\":350,\"height\":500,\"effect\":\"zoom\",\"index\":0,\"autoplay\":1,\"interval\":5000,\"items_per_set\":1,\"navigation\":1,\"buttons\":0,\"title\":1,\"duration\":300}'>\n\t<div>\n\t\t<div class=\"sets\">\n\t\t\t\t\t\t\t<ul class=\"set\">\n\t\t\t\t\t\t\t\t\t\t\t\t\t\t\t<li>\n\t\t\t\t\t\t<article class=\"wk-content\"><img src=\"https:\/\/i0.wp.com\/irmasdesaojose.com.br\/portal\/wp-content\/uploads\/2015\/01\/DSCN2105-e1422659396577.jpg?resize=700%2C525\" alt=\"DSCN2105\" width=\"700\" height=\"525\" class=\"size-full wp-image-1037 aligncenter\" data-recalc-dims=\"1\" \/><\/article>\n\t\t\t\t\t\t\t\t\t\t\t\t<strong class=\"title\"><\/strong>\n\t\t\t\t\t\t\t\t\t\t\t<\/li>\n\t\t\t\t\t\t\t\t\t<\/ul>\n\t\t\t\t\t\t\t\t\t\t\t<ul class=\"set\">\n\t\t\t\t\t\t\t\t\t\t\t\t\t\t\t<li>\n\t\t\t\t\t\t<article class=\"wk-content\"><img src=\"data:image\/gif;base64,R0lGODlhAQABAJEAAAAAAP\/\/\/\/\/\/\/wAAACH5BAEHAAIALAAAAAABAAEAAAICVAEAOw==\" data-src=\"http:\/\/irmasdesaojose.com.br\/portal\/wp-content\/uploads\/2015\/01\/DSCN2111-e1422659409958.jpg\" alt=\"DSCN2111\" width=\"700\" height=\"525\" class=\"size-full wp-image-1038 aligncenter\" \/><\/article>\n\t\t\t\t\t\t\t\t\t\t\t\t<strong class=\"title\"><\/strong>\n\t\t\t\t\t\t\t\t\t\t\t<\/li>\n\t\t\t\t\t\t\t\t\t<\/ul>\n\t\t\t\t\t\t\t\t\t\t\t<ul class=\"set\">\n\t\t\t\t\t\t\t\t\t\t\t\t\t\t\t<li>\n\t\t\t\t\t\t<article class=\"wk-content\"><img src=\"data:image\/gif;base64,R0lGODlhAQABAJEAAAAAAP\/\/\/\/\/\/\/wAAACH5BAEHAAIALAAAAAABAAEAAAICVAEAOw==\" data-src=\"http:\/\/irmasdesaojose.com.br\/portal\/wp-content\/uploads\/2015\/01\/DSCN2117-e1422659441834.jpg\" alt=\"DSCN2117\" width=\"700\" height=\"525\" class=\"size-full wp-image-1041 aligncenter\" \/><\/article>\n\t\t\t\t\t\t\t\t\t\t\t\t<strong class=\"title\"><\/strong>\n\t\t\t\t\t\t\t\t\t\t\t<\/li>\n\t\t\t\t\t\t\t\t\t<\/ul>\n\t\t\t\t\t\t\t\t\t\t\t<ul class=\"set\">\n\t\t\t\t\t\t\t\t\t\t\t\t\t\t\t<li>\n\t\t\t\t\t\t<article class=\"wk-content\"><img src=\"data:image\/gif;base64,R0lGODlhAQABAJEAAAAAAP\/\/\/\/\/\/\/wAAACH5BAEHAAIALAAAAAABAAEAAAICVAEAOw==\" data-src=\"http:\/\/irmasdesaojose.com.br\/portal\/wp-content\/uploads\/2015\/01\/DSCN2154-e1422659482787.jpg\" alt=\"DSCN2154\" width=\"700\" height=\"525\" class=\"size-full wp-image-1046 aligncenter\" \/><\/article>\n\t\t\t\t\t\t\t\t\t\t\t\t<strong class=\"title\"><\/strong>\n\t\t\t\t\t\t\t\t\t\t\t<\/li>\n\t\t\t\t\t\t\t\t\t<\/ul>\n\t\t\t\t\t\t\t\t\t\t\t<ul class=\"set\">\n\t\t\t\t\t\t\t\t\t\t\t\t\t\t\t<li>\n\t\t\t\t\t\t<article class=\"wk-content\"><img src=\"data:image\/gif;base64,R0lGODlhAQABAJEAAAAAAP\/\/\/\/\/\/\/wAAACH5BAEHAAIALAAAAAABAAEAAAICVAEAOw==\" data-src=\"http:\/\/irmasdesaojose.com.br\/portal\/wp-content\/uploads\/2015\/01\/DSCN2092-e1422659352135.jpg\" alt=\"DSCN2092\" width=\"700\" height=\"525\" class=\"size-full wp-image-1034 aligncenter\" \/><\/article>\n\t\t\t\t\t\t\t\t\t\t\t\t<strong class=\"title\"><\/strong>\n\t\t\t\t\t\t\t\t\t\t\t<\/li>\n\t\t\t\t\t\t\t\t\t<\/ul>\n\t\t\t\t\t\t\t\t\t\t\t<ul class=\"set\">\n\t\t\t\t\t\t\t\t\t\t\t\t\t\t\t<li>\n\t\t\t\t\t\t<article class=\"wk-content\"><img src=\"data:image\/gif;base64,R0lGODlhAQABAJEAAAAAAP\/\/\/\/\/\/\/wAAACH5BAEHAAIALAAAAAABAAEAAAICVAEAOw==\" data-src=\"http:\/\/irmasdesaojose.com.br\/portal\/wp-content\/uploads\/2015\/01\/DSCN2326-e1422659370712.jpg\" alt=\"DSCN2326\" width=\"700\" height=\"525\" class=\"size-full wp-image-1035 aligncenter\" \/><\/article>\n\t\t\t\t\t\t\t\t\t\t\t\t<strong class=\"title\"><\/strong>\n\t\t\t\t\t\t\t\t\t\t\t<\/li>\n\t\t\t\t\t\t\t\t\t<\/ul>\n\t\t\t\t\t\t\t\t\t<\/div>\n\t\t\t<\/div>\n\t\t<ul class=\"nav icon\"><li><span><\/span><\/li><li><span><\/span><\/li><li><span><\/span><\/li><li><span><\/span><\/li><li><span><\/span><\/li><li><span><\/span><\/li><\/ul>\n\t<\/div><\/p>\n<p>&nbsp;<\/p>\n<p>&nbsp;<\/p>\n<p>&nbsp;<\/p>\n","protected":false},"excerpt":{"rendered":"<p>Votos Perp\u00e9tuos Atrav\u00e9s da profiss\u00e3o perp\u00e9tua as Irm\u00e3s entregam-se a Deus para a vida toda e recebem como sinal exterior uma alian\u00e7a, na qual est\u00e1 gravado o nome &#8220;Jesus&#8221;. &nbsp; &nbsp; &nbsp;<\/p>\n","protected":false},"author":1,"featured_media":0,"parent":66,"menu_order":4,"comment_status":"closed","ping_status":"closed","template":"","meta":{"_monsterinsights_skip_tracking":false,"_monsterinsights_sitenote_active":false,"_monsterinsights_sitenote_note":"","_monsterinsights_sitenote_category":0,"jetpack_post_was_ever_published":false,"footnotes":""},"jetpack_shortlink":"https:\/\/wp.me\/P4Ftkv-tw","jetpack_sharing_enabled":true,"_links":{"self":[{"href":"http:\/\/irmasdesaojose.com.br\/portal\/wp-json\/wp\/v2\/pages\/1830"}],"collection":[{"href":"http:\/\/irmasdesaojose.com.br\/portal\/wp-json\/wp\/v2\/pages"}],"about":[{"href":"http:\/\/irmasdesaojose.com.br\/portal\/wp-json\/wp\/v2\/types\/page"}],"author":[{"embeddable":true,"href":"http:\/\/irmasdesaojose.com.br\/portal\/wp-json\/wp\/v2\/users\/1"}],"replies":[{"embeddable":true,"href":"http:\/\/irmasdesaojose.com.br\/portal\/wp-json\/wp\/v2\/comments?post=1830"}],"version-history":[{"count":5,"href":"http:\/\/irmasdesaojose.com.br\/portal\/wp-json\/wp\/v2\/pages\/1830\/revisions"}],"predecessor-version":[{"id":4114,"href":"http:\/\/irmasdesaojose.com.br\/portal\/wp-json\/wp\/v2\/pages\/1830\/revisions\/4114"}],"up":[{"embeddable":true,"href":"http:\/\/irmasdesaojose.com.br\/portal\/wp-json\/wp\/v2\/pages\/66"}],"wp:attachment":[{"href":"http:\/\/irmasdesaojose.com.br\/portal\/wp-json\/wp\/v2\/media?parent=1830"}],"curies":[{"name":"wp","href":"https:\/\/api.w.org\/{rel}","templated":true}]}}