{"id":1879,"date":"2016-01-21T14:20:10","date_gmt":"2016-01-21T16:20:10","guid":{"rendered":"http:\/\/irmasdesaojose.com.br\/portal\/?page_id=1879"},"modified":"2023-08-17T11:44:11","modified_gmt":"2023-08-17T14:44:11","slug":"testemunhos","status":"publish","type":"page","link":"http:\/\/irmasdesaojose.com.br\/portal\/vocacional\/testemunhos\/","title":{"rendered":"Testemunhos"},"content":{"rendered":"<p><img decoding=\"async\" loading=\"lazy\" class=\" wp-image-1880 aligncenter\" src=\"https:\/\/i0.wp.com\/irmasdesaojose.com.br\/portal\/wp-content\/uploads\/2016\/01\/Swiadectwa-e1453391897969.jpg?resize=352%2C469\" alt=\"Swiadectwa\" width=\"352\" height=\"469\" data-recalc-dims=\"1\" \/><\/p>\n<p style=\"text-align: justify;\"><span style=\"color: #000000;\">Nos dias 20-24 de maio de 2015 Ir. Rosenilda e Ir. Faustina, juntamente com Ir. Dominika, visitaram a Pol\u00f4nia e a cidade de Lviv, na Ucr\u00e2nia, onde viveu o nosso Fundador Padre S\u00e3o Sigismundo Gorazdowski, como parte da peregrina\u00e7\u00e3o no 10\u00ba anivers\u00e1rio da sua canoniza\u00e7\u00e3o. \u00a0<\/span><\/p>\n<p><strong><span style=\"color: #000000;\">Pensando naqueles dias de gra\u00e7a Ir. Rosenilda recorda:<\/span><\/strong><\/p>\n<p style=\"text-align: justify;\"><span style=\"color: #000000;\"><em>&#8220;Conhecer a cidade de Lviv para mim foi como se a hist\u00f3ria do nosso Fundador se tornasse viva novamente. Em todo lugar em que eu pude colocar os p\u00e9s, cada lugar que pude tocar, senti viva a sua presen\u00e7a, como se tivesse passado por ali ao mesmo tempo. Eu senti uma forte presen\u00e7a espiritual do Fundador nos lugares onde ele viveu e nas comunidades onde vivem e trabalham as nossas Irm\u00e3s. Vendo as obras, casas por ele fundadas, que hoje j\u00e1 n\u00e3o pertencem \u00e0 Congrega\u00e7\u00e3o, eu podia sentir imediatamente a sua presen\u00e7a viva. Um momento muito especial para mim foi a visita ao t\u00famulo de S\u00e3o Sigismundo. \u00a0Ali aconteceu algo que \u00e9 dif\u00edcil de explicar&#8230; Eu sei que ele est\u00e1 presente em suas rel\u00edquias em todas as nossas Comunidades religiosas, por\u00e9m neste lugar eu podia toc\u00e1-lo e realmente sentir sua viva e inexplic\u00e1vel presen\u00e7a. Eu nunca vou esquecer estes momentos&#8221;.<\/em><\/span><\/p>\n<p><span style=\"color: #000000;\"><strong>Ir. Faustina tamb\u00e9m acrescenta:<\/strong><\/span><\/p>\n<p style=\"text-align: justify;\"><span style=\"color: #000000;\"><em>&#8220;A visita em Lviv, foi para mim uma lembran\u00e7a\u00a0de tudo o que aconteceu na nossa Congrega\u00e7\u00e3o desde o seu come\u00e7o. O esp\u00edrito de nosso Fundador est\u00e1 vivo em cada rua, especialmente na igreja de S\u00e3o Nicolau, onde trabalhou por 35 anos, bem como no cemit\u00e9rio Lyczakowski, onde est\u00e1 o seu t\u00famulo com suas rel\u00edquias. Sem d\u00favida, este foi o momento em que eu pude me aproximar \u00e0s nossas ra\u00edzes e haurir do esp\u00edrito de amor e dedica\u00e7\u00e3o a Deus e ao pr\u00f3ximo, que irradiava na vida de nosso Pai Fundador\u201d.<\/em><\/span><\/p>\n<hr \/>\n<p style=\"text-align: justify;\">\n<p style=\"text-align: justify;\"><span style=\"color: #000000;\"><strong>O que \u00e9 a voca\u00e7\u00e3o \u00e0 vida Religiosa Consagrada? <\/strong><\/span><\/p>\n<p style=\"text-align: justify;\"><span style=\"color: #000000;\">Uma vez algu\u00e9m me fez esta pergunta. Contudo, respond\u00ea-la n\u00e3o \u00e9 t\u00e3o f\u00e1cil quanto parece.\u00a0 Quando mais penso e busco viver a minha consagra\u00e7\u00e3o (h\u00e1 18 anos), tanto mais vejo que ela \u00e9 um grande mist\u00e9rio do amor de Deus pelo ser humano.<\/span><\/p>\n<p style=\"text-align: justify;\"><span style=\"color: #000000;\">Para resumir a explica\u00e7\u00e3o a esta pergunta, responderei em tr\u00eas pontos, os quais descobri em tr\u00eas etapas da minha pr\u00f3pria vida.<\/span><\/p>\n<ol style=\"text-align: justify;\">\n<li><span style=\"color: #000000;\"><strong>Consagra\u00e7\u00e3o Religiosa<\/strong> n\u00e3o \u00e9 um sacramento como a ordem sacerdotal, mas \u00e9 uma livre resposta dada a Deus, por qualquer pessoa batizada, de aceitar viver como seu filho amado e entregar a Ele e a comunidade dos fi\u00e9is a sua vida.<\/span><\/li>\n<li><span style=\"color: #000000;\">Descobrindo e assumindo esta voca\u00e7\u00e3o descobre-se que o chamado na verdade \u00e9 um grande dom que Deus dirigiu a n\u00f3s, homens e mulheres fracos e imperfeitos, simplesmente normais, que <em>Ele desde sempre contemplou e escolheu para ser totalmente Dele<\/em>. Assim descobrimos que somos como \u201cuma terra\u201d, onde Deus escondeu um grande tesouro \u2013 a capacidade de amar \u2013 e a comprou como Sua propriedade.<\/span><\/li>\n<li><span style=\"color: #000000;\">Com o passar do tempo, vivendo juntamente com Jesus, podemos cantar com o Salmista: \u201cQuando estou Contigo, n\u00e3o me alegra a Terra. Quem mais belo que Tu, Senhor meu, amo-Te\u201d (Sl 73, 25). Podemos dizer que esta \u00e9 a ess\u00eancia da voca\u00e7\u00e3o \u00e0 vida religiosa. Um homem descobre que n\u00e3o\u00a0se pode igualar a\u00a0alegria e a\u00a0paz interior que o Cristo Ressuscitado nos d\u00e1, \u00e0 alegria e \u00e0 paz que o mundo nos d\u00e1. Mas, vale a pena sacrificar por Ele estas alegrias, que t\u00eam seu valor, mas que s\u00e3o somente tempor\u00e1rias.<\/span><\/li>\n<\/ol>\n<p style=\"text-align: justify;\"><span style=\"color: #000000;\">Assim, posso concluir que voca\u00e7\u00e3o \u00e0 vida consagrada religiosa \u00e9 um convite a uma vida t\u00e3o bela e t\u00e3o plena que somente respondendo com o pr\u00f3prio: \u201caqui estou Senhor, pois me chamastes\u201d a gente quer todos os dias responder a este chamado fazendo do pr\u00f3prio cora\u00e7\u00e3o um lar, sem paredes, onde cada um pode alimentar-se e descansar. Deste modo nossa solid\u00e3o torna-se uma b\u00ean\u00e7\u00e3o para todos os nossos irm\u00e3os.<\/span><\/p>\n<p style=\"text-align: justify;\"><img decoding=\"async\" loading=\"lazy\" class=\"size-full wp-image-4120 alignright\" src=\"https:\/\/i0.wp.com\/irmasdesaojose.com.br\/portal\/wp-content\/uploads\/2016\/01\/pastor-4.jpg?resize=192%2C239\" alt=\"pastor-4\" width=\"192\" height=\"239\" data-recalc-dims=\"1\" \/><\/p>\n<p style=\"text-align: justify;\"><span style=\"color: #000000;\">E voc\u00ea? Quer viver plenamente feliz? Descubra a sua voca\u00e7\u00e3o!<\/span><\/p>\n<p style=\"text-align: right;\"><span style=\"color: #000000;\">Ir. Dominika Kulik, CSSJ<\/span><\/p>\n<hr \/>\n","protected":false},"excerpt":{"rendered":"<p>Nos dias 20-24 de maio de 2015 Ir. Rosenilda e Ir. Faustina, juntamente com Ir. Dominika, visitaram a Pol\u00f4nia e a cidade de Lviv, na Ucr\u00e2nia, onde viveu o nosso Fundador Padre S\u00e3o Sigismundo Gorazdowski, como parte da peregrina\u00e7\u00e3o no 10\u00ba anivers\u00e1rio da sua canoniza\u00e7\u00e3o. \u00a0 Pensando naqueles dias de gra\u00e7a Ir. Rosenilda recorda: &#8220;Conhecer [&hellip;]<\/p>\n","protected":false},"author":1,"featured_media":0,"parent":237,"menu_order":4,"comment_status":"closed","ping_status":"closed","template":"","meta":{"_monsterinsights_skip_tracking":false,"_monsterinsights_sitenote_active":false,"_monsterinsights_sitenote_note":"","_monsterinsights_sitenote_category":0,"jetpack_post_was_ever_published":false,"footnotes":""},"jetpack_shortlink":"https:\/\/wp.me\/P4Ftkv-uj","jetpack_sharing_enabled":true,"_links":{"self":[{"href":"http:\/\/irmasdesaojose.com.br\/portal\/wp-json\/wp\/v2\/pages\/1879"}],"collection":[{"href":"http:\/\/irmasdesaojose.com.br\/portal\/wp-json\/wp\/v2\/pages"}],"about":[{"href":"http:\/\/irmasdesaojose.com.br\/portal\/wp-json\/wp\/v2\/types\/page"}],"author":[{"embeddable":true,"href":"http:\/\/irmasdesaojose.com.br\/portal\/wp-json\/wp\/v2\/users\/1"}],"replies":[{"embeddable":true,"href":"http:\/\/irmasdesaojose.com.br\/portal\/wp-json\/wp\/v2\/comments?post=1879"}],"version-history":[{"count":10,"href":"http:\/\/irmasdesaojose.com.br\/portal\/wp-json\/wp\/v2\/pages\/1879\/revisions"}],"predecessor-version":[{"id":7945,"href":"http:\/\/irmasdesaojose.com.br\/portal\/wp-json\/wp\/v2\/pages\/1879\/revisions\/7945"}],"up":[{"embeddable":true,"href":"http:\/\/irmasdesaojose.com.br\/portal\/wp-json\/wp\/v2\/pages\/237"}],"wp:attachment":[{"href":"http:\/\/irmasdesaojose.com.br\/portal\/wp-json\/wp\/v2\/media?parent=1879"}],"curies":[{"name":"wp","href":"https:\/\/api.w.org\/{rel}","templated":true}]}}