{"id":1884,"date":"2016-01-21T16:06:12","date_gmt":"2016-01-21T18:06:12","guid":{"rendered":"http:\/\/irmasdesaojose.com.br\/portal\/?page_id=1884"},"modified":"2017-03-02T19:38:57","modified_gmt":"2017-03-02T22:38:57","slug":"obra-espiritual-da-ajuda-as-vocacoes","status":"publish","type":"page","link":"http:\/\/irmasdesaojose.com.br\/portal\/vocacional\/obra-espiritual-da-ajuda-as-vocacoes\/","title":{"rendered":"Obra Espiritual de Ajuda \u00e0s Voca\u00e7\u00f5es"},"content":{"rendered":"<p><img decoding=\"async\" loading=\"lazy\" class=\"size-full wp-image-1886 aligncenter\" src=\"https:\/\/i0.wp.com\/irmasdesaojose.com.br\/portal\/wp-content\/uploads\/2016\/01\/Obra-de-Ajuda--e1453395227687.jpg?resize=700%2C431\" alt=\"Obra de Ajuda\" width=\"700\" height=\"431\" data-recalc-dims=\"1\" \/><\/p>\n<p style=\"text-align: justify;\"><span style=\"color: #000000;\">Somos uma <strong>Comunidade de pessoas<\/strong> que ativamente cuida das voca\u00e7\u00f5es, atrav\u00e9s da ora\u00e7\u00e3o e do sofrimento. Assistimos espiritualmente as Irm\u00e3s e as novas voca\u00e7\u00f5es para a Congrega\u00e7\u00e3o das Irm\u00e3s de S\u00e3o Jos\u00e9.<\/span><\/p>\n<p><span style=\"color: #000000;\">Se no seu cora\u00e7\u00e3o:<\/span><\/p>\n<ul>\n<li><span style=\"color: #000000;\">est\u00e1 caro a obra dedicada as voca\u00e7\u00f5es<\/span><\/li>\n<li><span style=\"color: #000000;\">est\u00e1 o desejo que o amor de Cristo seja realizado no mundo de hoje<\/span><\/li>\n<li><span style=\"color: #000000;\">voc\u00ea quer se tornar um membro &#8220;Obra Espiritual de Ajuda \u00e0s Voca\u00e7\u00f5es&#8221;?<\/span><\/li>\n<\/ul>\n<p><span style=\"color: #000000;\">Escreva-nos:<\/span> <strong><span style=\"color: #0000ff;\"><a style=\"color: #0000ff;\" href=\"mailto:&quot;Irm%C3%A3 Faustina&quot; &lt;irma.faustina@yahoo.com.br&gt;\">irma.faustina@yahoo.com.br<\/a><\/span><\/strong><\/p>\n<p style=\"text-align: center;\"><span style=\"color: #000000;\"><strong>Ora\u00e7\u00e3o pelas voca\u00e7\u00f5es<\/strong><\/span><\/p>\n<p style=\"text-align: justify;\"><img decoding=\"async\" loading=\"lazy\" class=\"size-medium wp-image-1887 alignright\" src=\"https:\/\/i0.wp.com\/irmasdesaojose.com.br\/portal\/wp-content\/uploads\/2016\/01\/S\u00e3o-Jose.jpg?resize=225%2C300\" alt=\"S\u00e3o Jose\" width=\"225\" height=\"300\" data-recalc-dims=\"1\" \/><\/p>\n<p style=\"text-align: center;\"><span style=\"color: #000000;\">S\u00e3o Jos\u00e9, servo fiel e prudente do Senhor, <\/span><\/p>\n<p style=\"text-align: center;\"><span style=\"color: #000000;\">como oper\u00e1rio foste solid\u00e1rio com teus irm\u00e3os mais fracos, <\/span><\/p>\n<p style=\"text-align: center;\"><span style=\"color: #000000;\">como noivo guardastes a f\u00e9 da Tua juventude, <\/span><\/p>\n<p style=\"text-align: center;\"><span style=\"color: #000000;\">como pai adotivo de Jesus e esposo de Maria <\/span><\/p>\n<p style=\"text-align: center;\"><span style=\"color: #000000;\">continuaste fiel a todos os filhos de Deus.<\/span><\/p>\n<p style=\"text-align: center;\"><span style=\"color: #000000;\"> Conduze-nos para que vivamos a verdadeira vida, <\/span><\/p>\n<p style=\"text-align: center;\"><span style=\"color: #000000;\">respondendo \u00e0 nossa voca\u00e7\u00e3o de crist\u00e3os. <\/span><\/p>\n<p style=\"text-align: center;\"><span style=\"color: #000000;\">Protege de modo especial aqueles que se sentem \u00a0chamados para a vida religiosa e\u00a0ao sacerd\u00f3cio. <\/span><\/p>\n<p style=\"text-align: center;\"><span style=\"color: #000000;\">S\u00ea nosso bom pastor e guarda a Igreja de teu Filho em obedi\u00eancia ao Pai, hoje e na hora de nossa morte. <\/span><\/p>\n<p style=\"text-align: center;\"><span style=\"color: #000000;\">Am\u00e9m.<\/span><\/p>\n","protected":false},"excerpt":{"rendered":"<p>Somos uma Comunidade de pessoas que ativamente cuida das voca\u00e7\u00f5es, atrav\u00e9s da ora\u00e7\u00e3o e do sofrimento. Assistimos espiritualmente as Irm\u00e3s e as novas voca\u00e7\u00f5es para a Congrega\u00e7\u00e3o das Irm\u00e3s de S\u00e3o Jos\u00e9. Se no seu cora\u00e7\u00e3o: est\u00e1 caro a obra dedicada as voca\u00e7\u00f5es est\u00e1 o desejo que o amor de Cristo seja realizado no mundo [&hellip;]<\/p>\n","protected":false},"author":1,"featured_media":0,"parent":237,"menu_order":5,"comment_status":"closed","ping_status":"closed","template":"","meta":{"_monsterinsights_skip_tracking":false,"_monsterinsights_sitenote_active":false,"_monsterinsights_sitenote_note":"","_monsterinsights_sitenote_category":0,"jetpack_post_was_ever_published":false,"footnotes":""},"jetpack_shortlink":"https:\/\/wp.me\/P4Ftkv-uo","jetpack_sharing_enabled":true,"_links":{"self":[{"href":"http:\/\/irmasdesaojose.com.br\/portal\/wp-json\/wp\/v2\/pages\/1884"}],"collection":[{"href":"http:\/\/irmasdesaojose.com.br\/portal\/wp-json\/wp\/v2\/pages"}],"about":[{"href":"http:\/\/irmasdesaojose.com.br\/portal\/wp-json\/wp\/v2\/types\/page"}],"author":[{"embeddable":true,"href":"http:\/\/irmasdesaojose.com.br\/portal\/wp-json\/wp\/v2\/users\/1"}],"replies":[{"embeddable":true,"href":"http:\/\/irmasdesaojose.com.br\/portal\/wp-json\/wp\/v2\/comments?post=1884"}],"version-history":[{"count":9,"href":"http:\/\/irmasdesaojose.com.br\/portal\/wp-json\/wp\/v2\/pages\/1884\/revisions"}],"predecessor-version":[{"id":5153,"href":"http:\/\/irmasdesaojose.com.br\/portal\/wp-json\/wp\/v2\/pages\/1884\/revisions\/5153"}],"up":[{"embeddable":true,"href":"http:\/\/irmasdesaojose.com.br\/portal\/wp-json\/wp\/v2\/pages\/237"}],"wp:attachment":[{"href":"http:\/\/irmasdesaojose.com.br\/portal\/wp-json\/wp\/v2\/media?parent=1884"}],"curies":[{"name":"wp","href":"https:\/\/api.w.org\/{rel}","templated":true}]}}