{"id":1914,"date":"2016-01-22T16:14:38","date_gmt":"2016-01-22T18:14:38","guid":{"rendered":"http:\/\/irmasdesaojose.com.br\/portal\/?page_id=1914"},"modified":"2016-02-24T20:57:53","modified_gmt":"2016-02-24T23:57:53","slug":"franca","status":"publish","type":"page","link":"http:\/\/irmasdesaojose.com.br\/portal\/acongregacao\/casas-na-europa-ocidental\/franca\/","title":{"rendered":"Fran\u00e7a"},"content":{"rendered":"<h4 style=\"text-align: center;\"><span style=\"color: #000000;\"><strong>\u00a0<span style=\"color: #008000;\">Na Fran\u00e7a, trabalham 17 Irm\u00e3s Josefitas, em 4 comunidades\u00a0<\/span><\/strong><\/span><\/h4>\n<h2><span style=\"color: #000000;\"><strong>Paris\u00a0<\/strong><\/span><\/h2>\n<p style=\"text-align: justify;\"><span style=\"color: #000000;\">As Irm\u00e3s come\u00e7aram <strong>em 1983 <\/strong>o\u00a0cuidado para com os idosos, pessoas com\u00a0defici\u00eancias e os doentes na\u00a0<em>casa da Divina Provid\u00eancia<\/em> (Providence) <strong>em Paris<\/strong>. A cria\u00e7\u00e3o da primeira comunidade religiosa na Fran\u00e7a, foi uma resposta da Congrega\u00e7\u00e3o \u00e0s necessidades da sociedade local, para que no esp\u00edrito e carisma de seu Fundador \u2013 Padre S\u00e3o Sigismundo Gorazdowski pudessem fazer um ato de miseric\u00f3rdia para com os necessitados. Esta iniciativa foi tomada tamb\u00e9m com o objetivo de ajudar as miss\u00f5es na \u00c1frica, pois o contato com a Pol\u00f4nia, naquela \u00e9poca, era muito dif\u00edcil por conta\u00a0do regime comunista.<\/span><\/p>\n<p style=\"text-align: justify;\"><span style=\"color: #000000;\"><em>A casa religiosa em Paris \u00e9 tamb\u00e9m um &#8220;ref\u00fagio familiar&#8221; para as Irm\u00e3s que estudam a l\u00edngua francesa, bem como para os mission\u00e1rias que v\u00e3o para a \u00c1frica ou vindos de l\u00e1 para as\u00a0f\u00e9rias em\u00a0seu pa\u00eds natal.<\/em><\/span><\/p>\n<p style=\"text-align: center;\"><span style=\"color: #000000;\">\n<div id=\"slideshow-1924-69d4dee68b0b5\" class=\"wk-slideshow wk-slideshow-default\" data-widgetkit=\"slideshow\" data-options='{\"style\":\"default\",\"autoplay\":1,\"interval\":5000,\"width\":1000,\"height\":380,\"duration\":500,\"index\":0,\"order\":\"default\",\"navigation\":1,\"buttons\":0,\"slices\":20,\"animated\":\"fade\",\"caption_animation_duration\":500}'>\n\t<div>\n\t\t<ul class=\"slides\">\n\n\t\t\t\t\t\t\t\t\t<li>\n\t\t\t\t<article class=\"wk-content clearfix\"><img src=\"https:\/\/i0.wp.com\/irmasdesaojose.com.br\/portal\/wp-content\/uploads\/2016\/01\/800x600mAUTOcWHITE-2-1.jpg?resize=650%2C488\" alt=\"800x600mAUTOcWHITE (2)\" width=\"650\" height=\"488\" class=\"size-full wp-image-1917 aligncenter\" data-recalc-dims=\"1\" \/><\/article>\n\t\t\t<\/li>\n\t\t\t\t\t\t\t\t\t\t\t\t<li>\n\t\t\t\t<article class=\"wk-content clearfix\"><img src=\"data:image\/gif;base64,R0lGODlhAQABAJEAAAAAAP\/\/\/\/\/\/\/wAAACH5BAEHAAIALAAAAAABAAEAAAICVAEAOw==\" data-src=\"http:\/\/irmasdesaojose.com.br\/portal\/wp-content\/uploads\/2016\/01\/800x600mAUTOcWHITE-7.jpg\" alt=\"800x600mAUTOcWHITE (7)\" width=\"650\" height=\"488\" class=\"size-full wp-image-1922 aligncenter\" \/><\/article>\n\t\t\t<\/li>\n\t\t\t\t\t\t\t\t\t\t\t\t<li>\n\t\t\t\t<article class=\"wk-content clearfix\"><img src=\"data:image\/gif;base64,R0lGODlhAQABAJEAAAAAAP\/\/\/\/\/\/\/wAAACH5BAEHAAIALAAAAAABAAEAAAICVAEAOw==\" data-src=\"http:\/\/irmasdesaojose.com.br\/portal\/wp-content\/uploads\/2016\/01\/800x600mAUTOcWHITE-6-1.jpg\" alt=\"800x600mAUTOcWHITE (6)\" width=\"650\" height=\"488\" class=\"size-full wp-image-1921 aligncenter\" \/><\/article>\n\t\t\t<\/li>\n\t\t\t\t\t\t\t\t\t\t\t\t<li>\n\t\t\t\t<article class=\"wk-content clearfix\"><img src=\"data:image\/gif;base64,R0lGODlhAQABAJEAAAAAAP\/\/\/\/\/\/\/wAAACH5BAEHAAIALAAAAAABAAEAAAICVAEAOw==\" data-src=\"http:\/\/irmasdesaojose.com.br\/portal\/wp-content\/uploads\/2016\/01\/800x600mAUTOcWHITE-4-1.jpg\" alt=\"800x600mAUTOcWHITE (4)\" width=\"650\" height=\"488\" class=\"size-full wp-image-1919 aligncenter\" \/><\/article>\n\t\t\t<\/li>\n\t\t\t\t\t\t\t\t\t\t\t\t<li>\n\t\t\t\t<article class=\"wk-content clearfix\"><img src=\"data:image\/gif;base64,R0lGODlhAQABAJEAAAAAAP\/\/\/\/\/\/\/wAAACH5BAEHAAIALAAAAAABAAEAAAICVAEAOw==\" data-src=\"http:\/\/irmasdesaojose.com.br\/portal\/wp-content\/uploads\/2016\/01\/800x600mAUTOcWHITE-1-2.jpg\" alt=\"800x600mAUTOcWHITE (1)\" width=\"650\" height=\"488\" class=\"size-full wp-image-1916 aligncenter\" \/><\/article>\n\t\t\t<\/li>\n\t\t\t\t\t\t\t\t\t\t\t\t<li>\n\t\t\t\t<article class=\"wk-content clearfix\"><img src=\"data:image\/gif;base64,R0lGODlhAQABAJEAAAAAAP\/\/\/\/\/\/\/wAAACH5BAEHAAIALAAAAAABAAEAAAICVAEAOw==\" data-src=\"http:\/\/irmasdesaojose.com.br\/portal\/wp-content\/uploads\/2016\/01\/800x600mAUTOcWHITE-3-1.jpg\" alt=\"800x600mAUTOcWHITE (3)\" width=\"650\" height=\"488\" class=\"size-full wp-image-1918 aligncenter\" \/><\/article>\n\t\t\t<\/li>\n\t\t\t\t\t\t\t\t<\/ul>\n\t\t\t\t<div class=\"caption\"><\/div><ul class=\"captions\"><li><\/li><li><\/li><li><\/li><li><\/li><li><\/li><li><\/li><\/ul>\n\t<\/div>\n\t<ul class=\"nav\"><li><span><\/span><\/li><li><span><\/span><\/li><li><span><\/span><\/li><li><span><\/span><\/li><li><span><\/span><\/li><li><span><\/span><\/li><\/ul><\/div><\/span><\/p>\n<h2 style=\"text-align: left;\"><span style=\"color: #000000;\"><strong>Evry<\/strong><\/span><\/h2>\n<p style=\"text-align: justify;\"><span style=\"color: #000000;\">Em <strong>2007<\/strong> a pedido da dire\u00e7\u00e3o de uma cl\u00ednica privada em <strong>Evry<\/strong> (Fran\u00e7a), as Irm\u00e3s aceitaram o trabalho de enfermeiras no posto de reabilita\u00e7\u00e3o. Com este trabalho as Irm\u00e3s trazem alegria e esperan\u00e7a para aqueles a quem s\u00e3o enviadas. O ambiente em que vivem e trabalham \u00e9 muito diversificado pelas\u00a0etnias, culturas e religi\u00f5es. <\/span><\/p>\n<p style=\"text-align: justify;\"><span style=\"color: #000000;\"><em>Servindo ao pr\u00f3ximo que est\u00e1 em necessidade\u00a0tornam-se testemunhas de fraternidade e de comunh\u00e3o em um\u00a0mundo cheio de divis\u00f5es e contradi\u00e7\u00f5es<\/em>.<\/span><\/p>\n<p style=\"text-align: center;\"><span style=\"color: #000000;\">\n<div id=\"slideshow-1983-69d4dee68b7e8\" class=\"wk-slideshow wk-slideshow-default\" data-widgetkit=\"slideshow\" data-options='{\"style\":\"default\",\"autoplay\":1,\"interval\":5000,\"width\":1000,\"height\":380,\"duration\":500,\"index\":0,\"order\":\"default\",\"navigation\":1,\"buttons\":0,\"slices\":20,\"animated\":\"fade\",\"caption_animation_duration\":500}'>\n\t<div>\n\t\t<ul class=\"slides\">\n\n\t\t\t\t\t\t\t\t\t<li>\n\t\t\t\t<article class=\"wk-content clearfix\"><img src=\"https:\/\/i0.wp.com\/irmasdesaojose.com.br\/portal\/wp-content\/uploads\/2016\/01\/800x600mAUTOcWHITE-15-1.jpg?resize=650%2C488\" alt=\"800x600mAUTOcWHITE (15)\" width=\"650\" height=\"488\" class=\"size-full wp-image-1981 aligncenter\" data-recalc-dims=\"1\" \/><\/article>\n\t\t\t<\/li>\n\t\t\t\t\t\t\t\t\t\t\t\t<li>\n\t\t\t\t<article class=\"wk-content clearfix\"><img src=\"data:image\/gif;base64,R0lGODlhAQABAJEAAAAAAP\/\/\/\/\/\/\/wAAACH5BAEHAAIALAAAAAABAAEAAAICVAEAOw==\" data-src=\"http:\/\/irmasdesaojose.com.br\/portal\/wp-content\/uploads\/2016\/01\/800x600mAUTOcWHITE-16.jpg\" alt=\"800x600mAUTOcWHITE\" width=\"650\" height=\"488\" class=\"size-full wp-image-1982 aligncenter\" \/><\/article>\n\t\t\t<\/li>\n\t\t\t\t\t\t\t\t\t\t\t\t<li>\n\t\t\t\t<article class=\"wk-content clearfix\"><img src=\"data:image\/gif;base64,R0lGODlhAQABAJEAAAAAAP\/\/\/\/\/\/\/wAAACH5BAEHAAIALAAAAAABAAEAAAICVAEAOw==\" data-src=\"http:\/\/irmasdesaojose.com.br\/portal\/wp-content\/uploads\/2016\/01\/800x600mAUTOcWHITE-1-6.jpg\" alt=\"800x600mAUTOcWHITE (1)\" width=\"451\" height=\"600\" class=\"size-full wp-image-1980 aligncenter\" \/><\/article>\n\t\t\t<\/li>\n\t\t\t\t\t\t\t\t<\/ul>\n\t\t\t\t<div class=\"caption\"><\/div><ul class=\"captions\"><li><\/li><li><\/li><li><\/li><\/ul>\n\t<\/div>\n\t<ul class=\"nav\"><li><span><\/span><\/li><li><span><\/span><\/li><li><span><\/span><\/li><\/ul><\/div><\/span><\/p>\n<h2><span style=\"color: #000000;\"><strong>La Fert\u00e9- sous- Juarre<\/strong><\/span><\/h2>\n<p style=\"text-align: justify;\"><span style=\"color: #000000;\">Na Comunidade em <strong>La Ferte-sous-Juarre<\/strong> as Irm\u00e3s de S\u00e3o Jos\u00e9 residem\u00a0desde <strong>junho de 2011<\/strong>. Atualmente, quatro Irm\u00e3s administram os\u00a0edif\u00edcios pertencentes \u00e0 <strong>Miss\u00e3o Cat\u00f3lica Polonesa<\/strong>. La Ferte est\u00e1 situado h\u00e1 67 km de dist\u00e2ncia de Paris. Cercado por um bosque, \u00e9 um lugar ideal para peregrinos ou aqueles que querem viver dias de recolhimento, retiros ou semin\u00e1rios. Ali pode-se passar finais\u00a0de semana ou feriados explorando o Vale do Marne, perto do Champagne ou Euro Disney. As grandes salas e o\u00a0belo bosque\u00a0permitem, com a ajuda das Irm\u00e3s, organizar eventos familiares, como festas de batismos, casamentos e outros. A casa tem uma capela onde, gra\u00e7as \u00e0 presen\u00e7a constante de um Padre capel\u00e3o, s\u00e3o celebradas as santas Missas.<\/span><\/p>\n<p style=\"text-align: justify;\"><span style=\"color: #000000;\"><em>As Irm\u00e3s, apesar da recep\u00e7\u00e3o dos visitantes e convidados, e dos trabalhos relacionados com o funcionamento da casa, cuidam de idosos e doentes, que s\u00e3o moradores da casa, servindo-lhes\u00a0como enfermeiras. Cuidam tamb\u00e9m da pastoral aos doentes e acompanham eles em sua passagem para a Casa do Pai.<\/em><\/span><\/p>\n<p style=\"text-align: center;\"><span style=\"color: #000000;\">\n<div id=\"slideshow-1940-69d4dee68be7a\" class=\"wk-slideshow wk-slideshow-default\" data-widgetkit=\"slideshow\" data-options='{\"style\":\"default\",\"autoplay\":1,\"interval\":5000,\"width\":1000,\"height\":380,\"duration\":500,\"index\":0,\"order\":\"default\",\"navigation\":1,\"buttons\":0,\"slices\":20,\"animated\":\"fade\",\"caption_animation_duration\":500}'>\n\t<div>\n\t\t<ul class=\"slides\">\n\n\t\t\t\t\t\t\t\t\t<li>\n\t\t\t\t<article class=\"wk-content clearfix\"><img src=\"https:\/\/i0.wp.com\/irmasdesaojose.com.br\/portal\/wp-content\/uploads\/2016\/01\/800x600mAUTOcWHITE-8-1-e1453488358265.jpg?resize=700%2C464\" alt=\"800x600mAUTOcWHITE (8)\" width=\"700\" height=\"464\" class=\"size-full wp-image-1934 aligncenter\" data-recalc-dims=\"1\" \/><\/article>\n\t\t\t<\/li>\n\t\t\t\t\t\t\t\t\t\t\t\t<li>\n\t\t\t\t<article class=\"wk-content clearfix\"><img src=\"data:image\/gif;base64,R0lGODlhAQABAJEAAAAAAP\/\/\/\/\/\/\/wAAACH5BAEHAAIALAAAAAABAAEAAAICVAEAOw==\" data-src=\"http:\/\/irmasdesaojose.com.br\/portal\/wp-content\/uploads\/2016\/01\/800x600mAUTOcWHITE-13-e1453488414976.jpg\" alt=\"800x600mAUTOcWHITE\" width=\"700\" height=\"463\" class=\"size-full wp-image-1939 aligncenter\" \/><\/article>\n\t\t\t<\/li>\n\t\t\t\t\t\t\t\t\t\t\t\t<li>\n\t\t\t\t<article class=\"wk-content clearfix\"><img src=\"data:image\/gif;base64,R0lGODlhAQABAJEAAAAAAP\/\/\/\/\/\/\/wAAACH5BAEHAAIALAAAAAABAAEAAAICVAEAOw==\" data-src=\"http:\/\/irmasdesaojose.com.br\/portal\/wp-content\/uploads\/2016\/01\/800x600mAUTOcWHITE-1-3-e1453488265635.jpg\" alt=\"800x600mAUTOcWHITE (1)\" width=\"700\" height=\"465\" class=\"size-full wp-image-1927 aligncenter\" \/><\/article>\n\t\t\t<\/li>\n\t\t\t\t\t\t\t\t\t\t\t\t<li>\n\t\t\t\t<article class=\"wk-content clearfix\"><img src=\"data:image\/gif;base64,R0lGODlhAQABAJEAAAAAAP\/\/\/\/\/\/\/wAAACH5BAEHAAIALAAAAAABAAEAAAICVAEAOw==\" data-src=\"http:\/\/irmasdesaojose.com.br\/portal\/wp-content\/uploads\/2016\/01\/800x600mAUTOcWHITE-10-e1453488380772.jpg\" alt=\"800x600mAUTOcWHITE (10)\" width=\"700\" height=\"525\" class=\"size-full wp-image-1936 aligncenter\" \/><\/article>\n\t\t\t<\/li>\n\t\t\t\t\t\t\t\t\t\t\t\t<li>\n\t\t\t\t<article class=\"wk-content clearfix\"><img src=\"data:image\/gif;base64,R0lGODlhAQABAJEAAAAAAP\/\/\/\/\/\/\/wAAACH5BAEHAAIALAAAAAABAAEAAAICVAEAOw==\" data-src=\"http:\/\/irmasdesaojose.com.br\/portal\/wp-content\/uploads\/2016\/01\/800x600mAUTOcWHITE-6-2-e1453488335956.jpg\" alt=\"800x600mAUTOcWHITE (6)\" width=\"700\" height=\"524\" class=\"size-full wp-image-1932 aligncenter\" \/><\/article>\n\t\t\t<\/li>\n\t\t\t\t\t\t\t\t\t\t\t\t<li>\n\t\t\t\t<article class=\"wk-content clearfix\"><img src=\"data:image\/gif;base64,R0lGODlhAQABAJEAAAAAAP\/\/\/\/\/\/\/wAAACH5BAEHAAIALAAAAAABAAEAAAICVAEAOw==\" data-src=\"http:\/\/irmasdesaojose.com.br\/portal\/wp-content\/uploads\/2016\/01\/800x600mAUTOcWHITE-7-1-e1453488347941.jpg\" alt=\"800x600mAUTOcWHITE (7)\" width=\"700\" height=\"525\" class=\"size-full wp-image-1933 aligncenter\" \/><\/article>\n\t\t\t<\/li>\n\t\t\t\t\t\t\t\t\t\t\t\t<li>\n\t\t\t\t<article class=\"wk-content clearfix\"><img src=\"data:image\/gif;base64,R0lGODlhAQABAJEAAAAAAP\/\/\/\/\/\/\/wAAACH5BAEHAAIALAAAAAABAAEAAAICVAEAOw==\" data-src=\"http:\/\/irmasdesaojose.com.br\/portal\/wp-content\/uploads\/2016\/01\/800x600mAUTOcWHITE-2-2-e1453488280284.jpg\" alt=\"800x600mAUTOcWHITE (2)\" width=\"700\" height=\"466\" class=\"size-full wp-image-1928 aligncenter\" \/><\/article>\n\t\t\t<\/li>\n\t\t\t\t\t\t\t\t\t\t\t\t<li>\n\t\t\t\t<article class=\"wk-content clearfix\"><img src=\"data:image\/gif;base64,R0lGODlhAQABAJEAAAAAAP\/\/\/\/\/\/\/wAAACH5BAEHAAIALAAAAAABAAEAAAICVAEAOw==\" data-src=\"http:\/\/irmasdesaojose.com.br\/portal\/wp-content\/uploads\/2016\/01\/800x600mAUTOcWHITE-3-2-e1453488295334.jpg\" alt=\"800x600mAUTOcWHITE (3)\" width=\"700\" height=\"522\" class=\"size-full wp-image-1929 aligncenter\" \/><\/article>\n\t\t\t<\/li>\n\t\t\t\t\t\t\t\t\t\t\t\t<li>\n\t\t\t\t<article class=\"wk-content clearfix\"><img src=\"data:image\/gif;base64,R0lGODlhAQABAJEAAAAAAP\/\/\/\/\/\/\/wAAACH5BAEHAAIALAAAAAABAAEAAAICVAEAOw==\" data-src=\"http:\/\/irmasdesaojose.com.br\/portal\/wp-content\/uploads\/2016\/01\/800x600mAUTOcWHITE-9-e1453488370445.jpg\" alt=\"800x600mAUTOcWHITE (9)\" width=\"700\" height=\"525\" class=\"size-full wp-image-1935 aligncenter\" \/><\/article>\n\t\t\t<\/li>\n\t\t\t\t\t\t\t\t\t\t\t\t<li>\n\t\t\t\t<article class=\"wk-content clearfix\"><img src=\"data:image\/gif;base64,R0lGODlhAQABAJEAAAAAAP\/\/\/\/\/\/\/wAAACH5BAEHAAIALAAAAAABAAEAAAICVAEAOw==\" data-src=\"http:\/\/irmasdesaojose.com.br\/portal\/wp-content\/uploads\/2016\/01\/800x600mAUTOcWHITE-11-1-e1453488390937.jpg\" alt=\"800x600mAUTOcWHITE (11)\" width=\"700\" height=\"525\" class=\"size-full wp-image-1937 aligncenter\" \/><\/article>\n\t\t\t<\/li>\n\t\t\t\t\t\t\t\t\t\t\t\t<li>\n\t\t\t\t<article class=\"wk-content clearfix\"><img src=\"data:image\/gif;base64,R0lGODlhAQABAJEAAAAAAP\/\/\/\/\/\/\/wAAACH5BAEHAAIALAAAAAABAAEAAAICVAEAOw==\" data-src=\"http:\/\/irmasdesaojose.com.br\/portal\/wp-content\/uploads\/2016\/01\/800x600mAUTOcWHITE-5-2-e1453488322867.jpg\" alt=\"800x600mAUTOcWHITE (5)\" width=\"700\" height=\"525\" class=\"size-full wp-image-1931 aligncenter\" \/><\/article>\n\t\t\t<\/li>\n\t\t\t\t\t\t\t\t\t\t\t\t<li>\n\t\t\t\t<article class=\"wk-content clearfix\"><img src=\"data:image\/gif;base64,R0lGODlhAQABAJEAAAAAAP\/\/\/\/\/\/\/wAAACH5BAEHAAIALAAAAAABAAEAAAICVAEAOw==\" data-src=\"http:\/\/irmasdesaojose.com.br\/portal\/wp-content\/uploads\/2016\/01\/800x600mAUTOcWHITE-12-e1453488402530.jpg\" alt=\"800x600mAUTOcWHITE (12)\" width=\"700\" height=\"525\" class=\"size-full wp-image-1938 aligncenter\" \/><\/article>\n\t\t\t<\/li>\n\t\t\t\t\t\t\t\t<\/ul>\n\t\t\t\t<div class=\"caption\"><\/div><ul class=\"captions\"><li><\/li><li><\/li><li><\/li><li><\/li><li><\/li><li><\/li><li><\/li><li><\/li><li><\/li><li><\/li><li><\/li><li><\/li><\/ul>\n\t<\/div>\n\t<ul class=\"nav\"><li><span><\/span><\/li><li><span><\/span><\/li><li><span><\/span><\/li><li><span><\/span><\/li><li><span><\/span><\/li><li><span><\/span><\/li><li><span><\/span><\/li><li><span><\/span><\/li><li><span><\/span><\/li><li><span><\/span><\/li><li><span><\/span><\/li><li><span><\/span><\/li><\/ul><\/div><\/span><\/p>\n<h2 style=\"text-align: left;\"><span style=\"color: #000000;\"><strong>Saint Gaudens<\/strong><\/span><\/h2>\n<p style=\"text-align: justify;\"><span style=\"color: #000000;\">As Irm\u00e3s de S\u00e3o Jos\u00e9, chegaram a <strong>Saint Gaudens<\/strong> em <strong>07 de setembro de 2011<\/strong>, a convite do arcebispo de Toulouse, Dom Robert Le Gall e do p\u00e1roco Padre Emmanuel Cazanave, bem como tamb\u00e9m dos paroquianos locais, que desde o ano de 2010, rezavam nesta inten\u00e7\u00e3o. Dom Robert Le Gall no domingo, dia 25 de setembro de 2011, aben\u00e7oou as Irm\u00e3s para a sua nova miss\u00e3o na par\u00f3quia de Saint Gaudens. A par\u00f3quia engloba\u00a0uma cidade de 10 mil habitantes e aldeias vizinhas, somando um\u00a0total de 25 capelas e pequenas comunidades cat\u00f3licas. Todo o territ\u00f3rio de Saint Gaudens conta com cerca de 30.000 habitantes.<\/span><\/p>\n<p style=\"text-align: justify;\"><em><span style=\"color: #000000;\">A primeira Comunidade Josefita em Saint Gaudens foi criada por tr\u00eas Irm\u00e3s: uma Polonesa e duas Africanas. <\/span><\/em><\/p>\n<p style=\"text-align: justify;\"><span style=\"color: #993366;\"><em>Irm\u00e3 Maximilian Piasecka trabalha no asilo em Ensoleillade e visita os doentes em\u00a0casas particulares.\u00a0<\/em><em>Irm\u00e3 Marie-Lydie Guidiby coordena o trabalho da secretaria da par\u00f3quia e trabalha com os jovens. Irm\u00e3 Faustine Simo Wafo coordena o ensino da religi\u00e3o na escola prim\u00e1ria (Ecole Ste-Therese) e est\u00e1 catequisando na par\u00f3quia. As Irm\u00e3s, na medida do poss\u00edvel, tamb\u00e9m est\u00e3o envolvidas nas atividades de v\u00e1rios grupos da par\u00f3quia atrav\u00e9s do seu testemunho de presen\u00e7a, palestras, conselhos e anima\u00e7\u00e3o da ora\u00e7\u00e3o.<\/em><\/span><\/p>\n<p style=\"text-align: justify;\"><span style=\"color: #000000;\"><strong>Saint Gaudens est\u00e1 situada h\u00e1 80 km de dist\u00e2ncia do Santu\u00e1rio de Lourdes, dando \u00e0s Irm\u00e3s a oportunidade de participar de peregrina\u00e7\u00f5es a este santo lugar, para se fortalecer neste &#8220;cora\u00e7\u00e3o espiritual da Fran\u00e7a&#8221;.<\/strong><\/span><\/p>\n<p style=\"text-align: center;\">\n<div id=\"slideshow-1973-69d4dee68c41d\" class=\"wk-slideshow wk-slideshow-default\" data-widgetkit=\"slideshow\" data-options='{\"style\":\"default\",\"autoplay\":1,\"interval\":5000,\"width\":1000,\"height\":380,\"duration\":500,\"index\":0,\"order\":\"default\",\"navigation\":1,\"buttons\":0,\"slices\":20,\"animated\":\"fade\",\"caption_animation_duration\":500}'>\n\t<div>\n\t\t<ul class=\"slides\">\n\n\t\t\t\t\t\t\t\t\t<li>\n\t\t\t\t<article class=\"wk-content clearfix\"><img src=\"https:\/\/i0.wp.com\/irmasdesaojose.com.br\/portal\/wp-content\/uploads\/2016\/01\/800x600mAUTOcWHITE-14-1.jpg?resize=700%2C525\" alt=\"800x600mAUTOcWHITE (14)\" width=\"700\" height=\"525\" class=\"size-full wp-image-1971 aligncenter\" data-recalc-dims=\"1\" \/><\/article>\n\t\t\t<\/li>\n\t\t\t\t\t\t\t\t\t\t\t\t<li>\n\t\t\t\t<article class=\"wk-content clearfix\"><img src=\"data:image\/gif;base64,R0lGODlhAQABAJEAAAAAAP\/\/\/\/\/\/\/wAAACH5BAEHAAIALAAAAAABAAEAAAICVAEAOw==\" data-src=\"http:\/\/irmasdesaojose.com.br\/portal\/wp-content\/uploads\/2016\/01\/800x600mAUTOcWHITE-15.jpg\" alt=\"800x600mAUTOcWHITE\" width=\"700\" height=\"525\" class=\"size-full wp-image-1972 aligncenter\" \/><\/article>\n\t\t\t<\/li>\n\t\t\t\t\t\t\t\t\t\t\t\t<li>\n\t\t\t\t<article class=\"wk-content clearfix\"><img src=\"data:image\/gif;base64,R0lGODlhAQABAJEAAAAAAP\/\/\/\/\/\/\/wAAACH5BAEHAAIALAAAAAABAAEAAAICVAEAOw==\" data-src=\"http:\/\/irmasdesaojose.com.br\/portal\/wp-content\/uploads\/2016\/01\/800x600mAUTOcWHITE-1-5.jpg\" alt=\"800x600mAUTOcWHITE (1)\" width=\"700\" height=\"525\" class=\"size-full wp-image-1958 aligncenter\" \/><\/article>\n\t\t\t<\/li>\n\t\t\t\t\t\t\t\t\t\t\t\t<li>\n\t\t\t\t<article class=\"wk-content clearfix\"><img src=\"data:image\/gif;base64,R0lGODlhAQABAJEAAAAAAP\/\/\/\/\/\/\/wAAACH5BAEHAAIALAAAAAABAAEAAAICVAEAOw==\" data-src=\"http:\/\/irmasdesaojose.com.br\/portal\/wp-content\/uploads\/2016\/01\/800x600mAUTOcWHITE-6-4.jpg\" alt=\"800x600mAUTOcWHITE (6)\" width=\"700\" height=\"525\" class=\"size-full wp-image-1963 aligncenter\" \/><\/article>\n\t\t\t<\/li>\n\t\t\t\t\t\t\t\t\t\t\t\t<li>\n\t\t\t\t<article class=\"wk-content clearfix\"><img src=\"data:image\/gif;base64,R0lGODlhAQABAJEAAAAAAP\/\/\/\/\/\/\/wAAACH5BAEHAAIALAAAAAABAAEAAAICVAEAOw==\" data-src=\"http:\/\/irmasdesaojose.com.br\/portal\/wp-content\/uploads\/2016\/01\/800x600mAUTOcWHITE-8-3.jpg\" alt=\"800x600mAUTOcWHITE (8)\" width=\"700\" height=\"525\" class=\"size-full wp-image-1965 aligncenter\" \/><\/article>\n\t\t\t<\/li>\n\t\t\t\t\t\t\t\t\t\t\t\t<li>\n\t\t\t\t<article class=\"wk-content clearfix\"><img src=\"data:image\/gif;base64,R0lGODlhAQABAJEAAAAAAP\/\/\/\/\/\/\/wAAACH5BAEHAAIALAAAAAABAAEAAAICVAEAOw==\" data-src=\"http:\/\/irmasdesaojose.com.br\/portal\/wp-content\/uploads\/2016\/01\/800x600mAUTOcWHITE-7-3.jpg\" alt=\"800x600mAUTOcWHITE (7)\" width=\"700\" height=\"525\" class=\"size-full wp-image-1964 aligncenter\" \/><\/article>\n\t\t\t<\/li>\n\t\t\t\t\t\t\t\t\t\t\t\t<li>\n\t\t\t\t<article class=\"wk-content clearfix\"><img src=\"data:image\/gif;base64,R0lGODlhAQABAJEAAAAAAP\/\/\/\/\/\/\/wAAACH5BAEHAAIALAAAAAABAAEAAAICVAEAOw==\" data-src=\"http:\/\/irmasdesaojose.com.br\/portal\/wp-content\/uploads\/2016\/01\/800x600mAUTOcWHITE-9-2.jpg\" alt=\"800x600mAUTOcWHITE (9)\" width=\"700\" height=\"525\" class=\"size-full wp-image-1966 aligncenter\" \/><\/article>\n\t\t\t<\/li>\n\t\t\t\t\t\t\t\t\t\t\t\t<li>\n\t\t\t\t<article class=\"wk-content clearfix\"><img src=\"data:image\/gif;base64,R0lGODlhAQABAJEAAAAAAP\/\/\/\/\/\/\/wAAACH5BAEHAAIALAAAAAABAAEAAAICVAEAOw==\" data-src=\"http:\/\/irmasdesaojose.com.br\/portal\/wp-content\/uploads\/2016\/01\/800x600mAUTOcWHITE-11-2.jpg\" alt=\"800x600mAUTOcWHITE (11)\" width=\"700\" height=\"525\" class=\"size-full wp-image-1968 aligncenter\" \/><\/article>\n\t\t\t<\/li>\n\t\t\t\t\t\t\t\t\t\t\t\t<li>\n\t\t\t\t<article class=\"wk-content clearfix\"><img src=\"data:image\/gif;base64,R0lGODlhAQABAJEAAAAAAP\/\/\/\/\/\/\/wAAACH5BAEHAAIALAAAAAABAAEAAAICVAEAOw==\" data-src=\"http:\/\/irmasdesaojose.com.br\/portal\/wp-content\/uploads\/2016\/01\/800x600mAUTOcWHITE-13-2.jpg\" alt=\"800x600mAUTOcWHITE (13)\" width=\"700\" height=\"525\" class=\"size-full wp-image-1970 aligncenter\" \/><\/article>\n\t\t\t<\/li>\n\t\t\t\t\t\t\t\t\t\t\t\t<li>\n\t\t\t\t<article class=\"wk-content clearfix\"><img src=\"data:image\/gif;base64,R0lGODlhAQABAJEAAAAAAP\/\/\/\/\/\/\/wAAACH5BAEHAAIALAAAAAABAAEAAAICVAEAOw==\" data-src=\"http:\/\/irmasdesaojose.com.br\/portal\/wp-content\/uploads\/2016\/01\/800x600mAUTOcWHITE-12-1.jpg\" alt=\"800x600mAUTOcWHITE (12)\" width=\"700\" height=\"525\" class=\"size-full wp-image-1969 aligncenter\" \/><\/article>\n\t\t\t<\/li>\n\t\t\t\t\t\t\t\t\t\t\t\t<li>\n\t\t\t\t<article class=\"wk-content clearfix\"><img src=\"data:image\/gif;base64,R0lGODlhAQABAJEAAAAAAP\/\/\/\/\/\/\/wAAACH5BAEHAAIALAAAAAABAAEAAAICVAEAOw==\" data-src=\"http:\/\/irmasdesaojose.com.br\/portal\/wp-content\/uploads\/2016\/01\/800x600mAUTOcWHITE-10-1.jpg\" alt=\"800x600mAUTOcWHITE (10)\" width=\"700\" height=\"525\" class=\"size-full wp-image-1967 aligncenter\" \/><\/article>\n\t\t\t<\/li>\n\t\t\t\t\t\t\t\t\t\t\t\t<li>\n\t\t\t\t<article class=\"wk-content clearfix\"><img src=\"data:image\/gif;base64,R0lGODlhAQABAJEAAAAAAP\/\/\/\/\/\/\/wAAACH5BAEHAAIALAAAAAABAAEAAAICVAEAOw==\" data-src=\"http:\/\/irmasdesaojose.com.br\/portal\/wp-content\/uploads\/2016\/01\/800x600mAUTOcWHITE-3-4.jpg\" alt=\"800x600mAUTOcWHITE (3)\" width=\"700\" height=\"525\" class=\"size-full wp-image-1960 aligncenter\" \/><\/article>\n\t\t\t<\/li>\n\t\t\t\t\t\t\t\t\t\t\t\t<li>\n\t\t\t\t<article class=\"wk-content clearfix\"><img src=\"data:image\/gif;base64,R0lGODlhAQABAJEAAAAAAP\/\/\/\/\/\/\/wAAACH5BAEHAAIALAAAAAABAAEAAAICVAEAOw==\" data-src=\"http:\/\/irmasdesaojose.com.br\/portal\/wp-content\/uploads\/2016\/01\/800x600mAUTOcWHITE-4-4.jpg\" alt=\"800x600mAUTOcWHITE (4)\" width=\"700\" height=\"525\" class=\"size-full wp-image-1961 aligncenter\" \/><\/article>\n\t\t\t<\/li>\n\t\t\t\t\t\t\t\t<\/ul>\n\t\t\t\t<div class=\"caption\"><\/div><ul class=\"captions\"><li><\/li><li><\/li><li><\/li><li><\/li><li><\/li><li><\/li><li><\/li><li><\/li><li><\/li><li><\/li><li><\/li><li><\/li><li><\/li><\/ul>\n\t<\/div>\n\t<ul class=\"nav\"><li><span><\/span><\/li><li><span><\/span><\/li><li><span><\/span><\/li><li><span><\/span><\/li><li><span><\/span><\/li><li><span><\/span><\/li><li><span><\/span><\/li><li><span><\/span><\/li><li><span><\/span><\/li><li><span><\/span><\/li><li><span><\/span><\/li><li><span><\/span><\/li><li><span><\/span><\/li><\/ul><\/div><\/p>\n<p style=\"text-align: center;\"><span style=\"color: #000000;\">Ver mais:<\/span>\u00a0<span style=\"color: #0000ff;\"><a style=\"color: #0000ff;\" href=\"http:\/\/www.jozefitki.pl\/domy-w-europie-zachodniej2.html\">http:\/\/www.jozefitki.pl\/domy-w-europie-zachodniej2.html<\/a><\/span><\/p>\n<p>&nbsp;<\/p>\n","protected":false},"excerpt":{"rendered":"<p>\u00a0Na Fran\u00e7a, trabalham 17 Irm\u00e3s Josefitas, em 4 comunidades\u00a0 Paris\u00a0 As Irm\u00e3s come\u00e7aram em 1983 o\u00a0cuidado para com os idosos, pessoas com\u00a0defici\u00eancias e os doentes na\u00a0casa da Divina Provid\u00eancia (Providence) em Paris. A cria\u00e7\u00e3o da primeira comunidade religiosa na Fran\u00e7a, foi uma resposta da Congrega\u00e7\u00e3o \u00e0s necessidades da sociedade local, para que no esp\u00edrito e [&hellip;]<\/p>\n","protected":false},"author":1,"featured_media":0,"parent":1911,"menu_order":1,"comment_status":"closed","ping_status":"closed","template":"","meta":{"_monsterinsights_skip_tracking":false,"_monsterinsights_sitenote_active":false,"_monsterinsights_sitenote_note":"","_monsterinsights_sitenote_category":0,"jetpack_post_was_ever_published":false,"footnotes":""},"jetpack_shortlink":"https:\/\/wp.me\/P4Ftkv-uS","jetpack_sharing_enabled":true,"_links":{"self":[{"href":"http:\/\/irmasdesaojose.com.br\/portal\/wp-json\/wp\/v2\/pages\/1914"}],"collection":[{"href":"http:\/\/irmasdesaojose.com.br\/portal\/wp-json\/wp\/v2\/pages"}],"about":[{"href":"http:\/\/irmasdesaojose.com.br\/portal\/wp-json\/wp\/v2\/types\/page"}],"author":[{"embeddable":true,"href":"http:\/\/irmasdesaojose.com.br\/portal\/wp-json\/wp\/v2\/users\/1"}],"replies":[{"embeddable":true,"href":"http:\/\/irmasdesaojose.com.br\/portal\/wp-json\/wp\/v2\/comments?post=1914"}],"version-history":[{"count":17,"href":"http:\/\/irmasdesaojose.com.br\/portal\/wp-json\/wp\/v2\/pages\/1914\/revisions"}],"predecessor-version":[{"id":3724,"href":"http:\/\/irmasdesaojose.com.br\/portal\/wp-json\/wp\/v2\/pages\/1914\/revisions\/3724"}],"up":[{"embeddable":true,"href":"http:\/\/irmasdesaojose.com.br\/portal\/wp-json\/wp\/v2\/pages\/1911"}],"wp:attachment":[{"href":"http:\/\/irmasdesaojose.com.br\/portal\/wp-json\/wp\/v2\/media?parent=1914"}],"curies":[{"name":"wp","href":"https:\/\/api.w.org\/{rel}","templated":true}]}}