{"id":1976,"date":"2016-01-22T19:49:27","date_gmt":"2016-01-22T21:49:27","guid":{"rendered":"http:\/\/irmasdesaojose.com.br\/portal\/?page_id=1976"},"modified":"2016-02-25T19:51:42","modified_gmt":"2016-02-25T22:51:42","slug":"alemanha","status":"publish","type":"page","link":"http:\/\/irmasdesaojose.com.br\/portal\/acongregacao\/casas-na-europa-ocidental\/alemanha\/","title":{"rendered":"Alemanha"},"content":{"rendered":"<h4 style=\"text-align: center;\"><strong><span style=\"color: #008000;\">Na Alemanha trabalham 9 Irm\u00e3s de S\u00e3o Jos\u00e9, em 2 comunidades<\/span><\/strong><\/h4>\n<h2><strong><span style=\"color: #000000;\">Wiesbaden<\/span><\/strong><\/h2>\n<p style=\"text-align: justify;\"><span style=\"color: #000000;\">As Irm\u00e3s chegaram a\u00a0<strong>Wiesbaden <\/strong>no final do ano de <strong>1988<\/strong>. Primeiramente fizeram um est\u00e1gio no hospital e passaram no exame de revalida\u00e7\u00e3o de seus diplomas em enfermagem. Em seguida, em maio de 1989, oficialmente iniciaram o trabalho na\u00a0casa de repouso Santo Ant\u00f4nio (Antoniusheim) para idosos e doentes.<\/span> <em>As<\/em> <em>Irm\u00e3s ajudavam fisicamente e espiritualmente aos residentes desta\u00a0casa, de acordo com os ensinamentos de seu Fundador \u2013 S\u00e3o Sigismundo Gorazdowski, que dizia que: <strong>&#8220;A compaix\u00e3o para com os sofredores \u00e9 o fundamento do amor ao pr\u00f3ximo&#8221;.<\/strong><\/em><\/p>\n<p style=\"text-align: center;\"><span style=\"color: #000000;\"><strong>No ano de 2012 esta\u00a0casa foi fechada e as Irm\u00e3s foram transferidas para outras comunidades.<\/strong><\/span><\/p>\n<p style=\"text-align: center;\">\n<div id=\"slideshow-1992-69d778110d2eb\" class=\"wk-slideshow wk-slideshow-default\" data-widgetkit=\"slideshow\" data-options='{\"style\":\"default\",\"autoplay\":1,\"interval\":5000,\"width\":1000,\"height\":\"auto\",\"duration\":380,\"index\":0,\"order\":\"default\",\"navigation\":1,\"buttons\":0,\"slices\":20,\"animated\":\"fade\",\"caption_animation_duration\":500}'>\n\t<div>\n\t\t<ul class=\"slides\">\n\n\t\t\t\t\t\t\t\t\t<li>\n\t\t\t\t<article class=\"wk-content clearfix\"><img src=\"https:\/\/i0.wp.com\/irmasdesaojose.com.br\/portal\/wp-content\/uploads\/2016\/01\/800x600mAUTOcWHITE-2-5.jpg?resize=650%2C488\" alt=\"800x600mAUTOcWHITE (2)\" width=\"650\" height=\"488\" class=\"size-full wp-image-1988 aligncenter\" data-recalc-dims=\"1\" \/><\/article>\n\t\t\t<\/li>\n\t\t\t\t\t\t\t\t\t\t\t\t<li>\n\t\t\t\t<article class=\"wk-content clearfix\"><img src=\"data:image\/gif;base64,R0lGODlhAQABAJEAAAAAAP\/\/\/\/\/\/\/wAAACH5BAEHAAIALAAAAAABAAEAAAICVAEAOw==\" data-src=\"http:\/\/irmasdesaojose.com.br\/portal\/wp-content\/uploads\/2016\/01\/800x600mAUTOcWHITE-1-7.jpg\" alt=\"800x600mAUTOcWHITE (1)\" width=\"640\" height=\"480\" class=\"size-full wp-image-1987 aligncenter\" \/><\/article>\n\t\t\t<\/li>\n\t\t\t\t\t\t\t\t\t\t\t\t<li>\n\t\t\t\t<article class=\"wk-content clearfix\"><img src=\"data:image\/gif;base64,R0lGODlhAQABAJEAAAAAAP\/\/\/\/\/\/\/wAAACH5BAEHAAIALAAAAAABAAEAAAICVAEAOw==\" data-src=\"http:\/\/irmasdesaojose.com.br\/portal\/wp-content\/uploads\/2016\/01\/800x600mAUTOcWHITE-3-5.jpg\" alt=\"800x600mAUTOcWHITE (3)\" width=\"650\" height=\"488\" class=\"size-full wp-image-1989 aligncenter\" \/><\/article>\n\t\t\t<\/li>\n\t\t\t\t\t\t\t\t\t\t\t\t<li>\n\t\t\t\t<article class=\"wk-content clearfix\"><img src=\"data:image\/gif;base64,R0lGODlhAQABAJEAAAAAAP\/\/\/\/\/\/\/wAAACH5BAEHAAIALAAAAAABAAEAAAICVAEAOw==\" data-src=\"http:\/\/irmasdesaojose.com.br\/portal\/wp-content\/uploads\/2016\/01\/800x600mAUTOcWHITE-17.jpg\" alt=\"800x600mAUTOcWHITE\" width=\"640\" height=\"480\" class=\"size-full wp-image-1991 aligncenter\" \/><\/article>\n\t\t\t<\/li>\n\t\t\t\t\t\t\t\t\t\t\t\t<li>\n\t\t\t\t<article class=\"wk-content clearfix\"><img src=\"data:image\/gif;base64,R0lGODlhAQABAJEAAAAAAP\/\/\/\/\/\/\/wAAACH5BAEHAAIALAAAAAABAAEAAAICVAEAOw==\" data-src=\"http:\/\/irmasdesaojose.com.br\/portal\/wp-content\/uploads\/2016\/01\/800x600mAUTOcWHITE-4-5.jpg\" alt=\"800x600mAUTOcWHITE (4)\" width=\"650\" height=\"488\" class=\"size-full wp-image-1990 aligncenter\" \/><\/article>\n\t\t\t<\/li>\n\t\t\t\t\t\t\t\t<\/ul>\n\t\t\t\t<div class=\"caption\"><\/div><ul class=\"captions\"><li><\/li><li><\/li><li><\/li><li><\/li><li><\/li><\/ul>\n\t<\/div>\n\t<ul class=\"nav\"><li><span><\/span><\/li><li><span><\/span><\/li><li><span><\/span><\/li><li><span><\/span><\/li><li><span><\/span><\/li><\/ul><\/div><\/p>\n<h2 style=\"text-align: left;\"><strong><span style=\"color: #000000;\">Ratisbona<\/span><\/strong><\/h2>\n<p style=\"text-align: justify;\"><span style=\"color: #000000;\">As Irm\u00e3s chegaram a\u00a0<strong>Ratisbona<\/strong> em <strong>agosto de 2006 <\/strong>e come\u00e7aram o trabalho em um\u00a0<strong>lar de idosos <\/strong>chamado<strong> Albertinum<\/strong>.<\/span> <em>Al\u00e9m dos cuidados de enfermagem, as Irm\u00e3s prestam\u00a0assist\u00eancia espiritual adaptando-se \u00e0s necessidades individuais dos residentes, bem como acompanhando\u00a0os agonizantes na transi\u00e7\u00e3o para a Casa do Pai, e participando com frequ\u00eancia em seus funerais. As Irm\u00e3s tamb\u00e9m s\u00e3o respons\u00e1veis \u200b\u200bpela Capela do asilo, organizando diversos servi\u00e7os pastorais e lit\u00fargicos, incentivando especialmente os doentes e idosos para a participa\u00e7\u00e3o e trazendo os pacientes para este lugar de ora\u00e7\u00e3o. Quando\u00a0necess\u00e1rio, lhes acompanham durante as visitas \u00e0s igrejas da cidade. A e<\/em><span style=\"color: #000000;\">xperi\u00eancia de vida confirma assim a verdade das palavras de S\u00e3o Sigismundo Gorazdowski &#8211; Fundador da Congrega\u00e7\u00e3o, que disse: <strong>&#8220;O sofrimento de um homem estranho desperta em n\u00f3s a compaix\u00e3o para com ele, pois sem o sofrimento ele teria ficado completamente indiferente para n\u00f3s. Se n\u00f3s temos amor ao pr\u00f3ximo, ele se demonstrar\u00e1 atrav\u00e9s da compaix\u00e3o e da ajuda&#8221;<\/strong>. Imitando S\u00e3o Jos\u00e9, o chefe da Sagrada Fam\u00edlia, as Irm\u00e3s tentam criar uma atmosfera de familiaridade com os moradores da casa Albertinum e com os leigos, que ali trabalham.<\/span><\/p>\n<p style=\"text-align: justify;\"><em><span style=\"color: #000000;\">As Irm\u00e3s tamb\u00e9m cooperam com a <strong>Miss\u00e3o Cat\u00f3lica Polonesa<\/strong> em Ratisbona, dando catequese para as crian\u00e7as de imigrantes poloneses.<\/span><\/em><\/p>\n<p style=\"text-align: center;\">\n<div id=\"slideshow-2004-69d778110d957\" class=\"wk-slideshow wk-slideshow-default\" data-widgetkit=\"slideshow\" data-options='{\"style\":\"default\",\"autoplay\":1,\"interval\":5000,\"width\":1000,\"height\":380,\"duration\":500,\"index\":0,\"order\":\"default\",\"navigation\":1,\"buttons\":0,\"slices\":20,\"animated\":\"fade\",\"caption_animation_duration\":500}'>\n\t<div>\n\t\t<ul class=\"slides\">\n\n\t\t\t\t\t\t\t\t\t<li>\n\t\t\t\t<article class=\"wk-content clearfix\"><img src=\"https:\/\/i0.wp.com\/irmasdesaojose.com.br\/portal\/wp-content\/uploads\/2016\/01\/800x600mAUTOcWHITE-6-5.jpg?resize=650%2C488\" alt=\"800x600mAUTOcWHITE (6)\" width=\"650\" height=\"488\" class=\"size-full wp-image-1999 aligncenter\" data-recalc-dims=\"1\" \/><\/article>\n\t\t\t<\/li>\n\t\t\t\t\t\t\t\t\t\t\t\t<li>\n\t\t\t\t<article class=\"wk-content clearfix\"><img src=\"data:image\/gif;base64,R0lGODlhAQABAJEAAAAAAP\/\/\/\/\/\/\/wAAACH5BAEHAAIALAAAAAABAAEAAAICVAEAOw==\" data-src=\"http:\/\/irmasdesaojose.com.br\/portal\/wp-content\/uploads\/2016\/01\/800x600mAUTOcWHITE-1-8.jpg\" alt=\"800x600mAUTOcWHITE (1)\" width=\"650\" height=\"488\" class=\"size-full wp-image-1994 aligncenter\" \/><\/article>\n\t\t\t<\/li>\n\t\t\t\t\t\t\t\t\t\t\t\t<li>\n\t\t\t\t<article class=\"wk-content clearfix\"><img src=\"data:image\/gif;base64,R0lGODlhAQABAJEAAAAAAP\/\/\/\/\/\/\/wAAACH5BAEHAAIALAAAAAABAAEAAAICVAEAOw==\" data-src=\"http:\/\/irmasdesaojose.com.br\/portal\/wp-content\/uploads\/2016\/01\/800x600mAUTOcWHITE-3-6.jpg\" alt=\"800x600mAUTOcWHITE (3)\" width=\"650\" height=\"488\" class=\"size-full wp-image-1996 aligncenter\" \/><\/article>\n\t\t\t<\/li>\n\t\t\t\t\t\t\t\t\t\t\t\t<li>\n\t\t\t\t<article class=\"wk-content clearfix\"><img src=\"data:image\/gif;base64,R0lGODlhAQABAJEAAAAAAP\/\/\/\/\/\/\/wAAACH5BAEHAAIALAAAAAABAAEAAAICVAEAOw==\" data-src=\"http:\/\/irmasdesaojose.com.br\/portal\/wp-content\/uploads\/2016\/01\/800x600mAUTOcWHITE-4-6.jpg\" alt=\"800x600mAUTOcWHITE (4)\" width=\"650\" height=\"488\" class=\"size-full wp-image-1997 aligncenter\" \/><\/article>\n\t\t\t<\/li>\n\t\t\t\t\t\t\t\t\t\t\t\t<li>\n\t\t\t\t<article class=\"wk-content clearfix\"><img src=\"data:image\/gif;base64,R0lGODlhAQABAJEAAAAAAP\/\/\/\/\/\/\/wAAACH5BAEHAAIALAAAAAABAAEAAAICVAEAOw==\" data-src=\"http:\/\/irmasdesaojose.com.br\/portal\/wp-content\/uploads\/2016\/01\/800x600mAUTOcWHITE-9-3.jpg\" alt=\"800x600mAUTOcWHITE (9)\" width=\"650\" height=\"488\" class=\"size-full wp-image-2002 aligncenter\" \/><\/article>\n\t\t\t<\/li>\n\t\t\t\t\t\t\t\t\t\t\t\t<li>\n\t\t\t\t<article class=\"wk-content clearfix\"><img src=\"data:image\/gif;base64,R0lGODlhAQABAJEAAAAAAP\/\/\/\/\/\/\/wAAACH5BAEHAAIALAAAAAABAAEAAAICVAEAOw==\" data-src=\"http:\/\/irmasdesaojose.com.br\/portal\/wp-content\/uploads\/2016\/01\/800x600mAUTOcWHITE-5-5.jpg\" alt=\"800x600mAUTOcWHITE (5)\" width=\"650\" height=\"435\" class=\"size-full wp-image-1998 aligncenter\" \/><\/article>\n\t\t\t<\/li>\n\t\t\t\t\t\t\t\t\t\t\t\t<li>\n\t\t\t\t<article class=\"wk-content clearfix\"><img src=\"data:image\/gif;base64,R0lGODlhAQABAJEAAAAAAP\/\/\/\/\/\/\/wAAACH5BAEHAAIALAAAAAABAAEAAAICVAEAOw==\" data-src=\"http:\/\/irmasdesaojose.com.br\/portal\/wp-content\/uploads\/2016\/01\/800x600mAUTOcWHITE-2-6.jpg\" alt=\"800x600mAUTOcWHITE (2)\" width=\"650\" height=\"488\" class=\"size-full wp-image-1995 aligncenter\" \/><\/article>\n\t\t\t<\/li>\n\t\t\t\t\t\t\t\t\t\t\t\t<li>\n\t\t\t\t<article class=\"wk-content clearfix\"><img src=\"data:image\/gif;base64,R0lGODlhAQABAJEAAAAAAP\/\/\/\/\/\/\/wAAACH5BAEHAAIALAAAAAABAAEAAAICVAEAOw==\" data-src=\"http:\/\/irmasdesaojose.com.br\/portal\/wp-content\/uploads\/2016\/01\/800x600mAUTOcWHITE-7-4.jpg\" alt=\"800x600mAUTOcWHITE (7)\" width=\"650\" height=\"488\" class=\"size-full wp-image-2000 aligncenter\" \/><\/article>\n\t\t\t<\/li>\n\t\t\t\t\t\t\t\t\t\t\t\t<li>\n\t\t\t\t<article class=\"wk-content clearfix\"><img src=\"data:image\/gif;base64,R0lGODlhAQABAJEAAAAAAP\/\/\/\/\/\/\/wAAACH5BAEHAAIALAAAAAABAAEAAAICVAEAOw==\" data-src=\"http:\/\/irmasdesaojose.com.br\/portal\/wp-content\/uploads\/2016\/01\/800x600mAUTOcWHITE-18.jpg\" alt=\"800x600mAUTOcWHITE\" width=\"650\" height=\"488\" class=\"size-full wp-image-2003 aligncenter\" \/><\/article>\n\t\t\t<\/li>\n\t\t\t\t\t\t\t\t\t\t\t\t<li>\n\t\t\t\t<article class=\"wk-content clearfix\"><img src=\"data:image\/gif;base64,R0lGODlhAQABAJEAAAAAAP\/\/\/\/\/\/\/wAAACH5BAEHAAIALAAAAAABAAEAAAICVAEAOw==\" data-src=\"http:\/\/irmasdesaojose.com.br\/portal\/wp-content\/uploads\/2016\/01\/800x600mAUTOcWHITE-8-4.jpg\" alt=\"800x600mAUTOcWHITE (8)\" width=\"650\" height=\"488\" class=\"size-full wp-image-2001 aligncenter\" \/><\/article>\n\t\t\t<\/li>\n\t\t\t\t\t\t\t\t<\/ul>\n\t\t\t\t<div class=\"caption\"><\/div><ul class=\"captions\"><li><\/li><li><\/li><li><\/li><li><\/li><li><\/li><li><\/li><li><\/li><li><\/li><li><\/li><li><\/li><\/ul>\n\t<\/div>\n\t<ul class=\"nav\"><li><span><\/span><\/li><li><span><\/span><\/li><li><span><\/span><\/li><li><span><\/span><\/li><li><span><\/span><\/li><li><span><\/span><\/li><li><span><\/span><\/li><li><span><\/span><\/li><li><span><\/span><\/li><li><span><\/span><\/li><\/ul><\/div><\/p>\n<h2 style=\"text-align: left;\"><strong><span style=\"color: #000000;\">Herdorf<\/span><\/strong><\/h2>\n<p style=\"text-align: justify;\"><span style=\"color: #000000;\">Desde <strong>junho de 2012<\/strong>\u00a0as Irm\u00e3s de S\u00e3o Jos\u00e9 come\u00e7aram a trabalhar na <strong>Miss\u00e3o Cat\u00f3lica Polonesa &#8220;Concordia&#8221; na Herdorf \u2013<\/strong> <strong>Detmold.<\/strong> Esta miss\u00e3o est\u00e1 situada nas belas florestas da <strong>Vestf\u00e1lia<\/strong>.<\/span><\/p>\n<p style=\"text-align: justify;\"><em>As Irm\u00e3s cuidam da parte administrativa, preparam a casa para receber v\u00e1rios grupos de peregrinos e os que ali far\u00e3o retiros e est\u00e3o envolvidas em acampamentos de ver\u00e3o para crian\u00e7as e jovens poloneses, que s\u00e3o realizados v\u00e1rias vezes ao ano.<\/em><\/p>\n<p style=\"text-align: justify;\"><span style=\"color: #000000;\">Em &#8220;Concordia&#8221; tamb\u00e9m s\u00e3o organizadas celebra\u00e7\u00f5es ocasionais, como encontros de ora\u00e7\u00e3o, festas para v\u00e1rias ocasi\u00f5es e mesmo os funerais. Por esta\u00a0casa passam muitas pessoas, pois a cada domingo chegam para a Eucaristia as fam\u00edlias dos descendentes poloneses, que moram por perto, bem como os Poloneses que est\u00e3o trabalhando temporariamente nas empresas alem\u00e3s.<\/span><\/p>\n<p style=\"text-align: center;\">\n<div id=\"slideshow-2015-69d778110df01\" class=\"wk-slideshow wk-slideshow-default\" data-widgetkit=\"slideshow\" data-options='{\"style\":\"default\",\"autoplay\":1,\"interval\":5000,\"width\":1000,\"height\":380,\"duration\":500,\"index\":0,\"order\":\"default\",\"navigation\":1,\"buttons\":0,\"slices\":20,\"animated\":\"fade\",\"caption_animation_duration\":500}'>\n\t<div>\n\t\t<ul class=\"slides\">\n\n\t\t\t\t\t\t\t\t\t<li>\n\t\t\t\t<article class=\"wk-content clearfix\"><img src=\"https:\/\/i0.wp.com\/irmasdesaojose.com.br\/portal\/wp-content\/uploads\/2016\/01\/800x600mAUTOcWHITE-10-2.jpg?resize=700%2C525\" alt=\"800x600mAUTOcWHITE (10)\" width=\"700\" height=\"525\" class=\"size-full wp-image-2013 aligncenter\" data-recalc-dims=\"1\" \/><\/article>\n\t\t\t<\/li>\n\t\t\t\t\t\t\t\t\t\t\t\t<li>\n\t\t\t\t<article class=\"wk-content clearfix\"><img src=\"data:image\/gif;base64,R0lGODlhAQABAJEAAAAAAP\/\/\/\/\/\/\/wAAACH5BAEHAAIALAAAAAABAAEAAAICVAEAOw==\" data-src=\"http:\/\/irmasdesaojose.com.br\/portal\/wp-content\/uploads\/2016\/01\/800x600mAUTOcWHITE-6-6.jpg\" alt=\"800x600mAUTOcWHITE (6)\" width=\"700\" height=\"525\" class=\"size-full wp-image-2011 aligncenter\" \/><\/article>\n\t\t\t<\/li>\n\t\t\t\t\t\t\t\t\t\t\t\t<li>\n\t\t\t\t<article class=\"wk-content clearfix\"><img src=\"data:image\/gif;base64,R0lGODlhAQABAJEAAAAAAP\/\/\/\/\/\/\/wAAACH5BAEHAAIALAAAAAABAAEAAAICVAEAOw==\" data-src=\"http:\/\/irmasdesaojose.com.br\/portal\/wp-content\/uploads\/2016\/01\/800x600mAUTOcWHITE-1-9.jpg\" alt=\"800x600mAUTOcWHITE (1)\" width=\"700\" height=\"525\" class=\"size-full wp-image-2006 aligncenter\" \/><\/article>\n\t\t\t<\/li>\n\t\t\t\t\t\t\t\t\t\t\t\t<li>\n\t\t\t\t<article class=\"wk-content clearfix\"><img src=\"data:image\/gif;base64,R0lGODlhAQABAJEAAAAAAP\/\/\/\/\/\/\/wAAACH5BAEHAAIALAAAAAABAAEAAAICVAEAOw==\" data-src=\"http:\/\/irmasdesaojose.com.br\/portal\/wp-content\/uploads\/2016\/01\/800x600mAUTOcWHITE-2-7.jpg\" alt=\"800x600mAUTOcWHITE (2)\" width=\"700\" height=\"525\" class=\"size-full wp-image-2007 aligncenter\" \/><\/article>\n\t\t\t<\/li>\n\t\t\t\t\t\t\t\t\t\t\t\t<li>\n\t\t\t\t<article class=\"wk-content clearfix\"><img src=\"data:image\/gif;base64,R0lGODlhAQABAJEAAAAAAP\/\/\/\/\/\/\/wAAACH5BAEHAAIALAAAAAABAAEAAAICVAEAOw==\" data-src=\"http:\/\/irmasdesaojose.com.br\/portal\/wp-content\/uploads\/2016\/01\/800x600mAUTOcWHITE-19.jpg\" alt=\"800x600mAUTOcWHITE\" width=\"700\" height=\"525\" class=\"size-full wp-image-2014 aligncenter\" \/><\/article>\n\t\t\t<\/li>\n\t\t\t\t\t\t\t\t\t\t\t\t<li>\n\t\t\t\t<article class=\"wk-content clearfix\"><img src=\"data:image\/gif;base64,R0lGODlhAQABAJEAAAAAAP\/\/\/\/\/\/\/wAAACH5BAEHAAIALAAAAAABAAEAAAICVAEAOw==\" data-src=\"http:\/\/irmasdesaojose.com.br\/portal\/wp-content\/uploads\/2016\/01\/800x600mAUTOcWHITE-4-7.jpg\" alt=\"800x600mAUTOcWHITE (4)\" width=\"750\" height=\"563\" class=\"size-full wp-image-2009 aligncenter\" \/><\/article>\n\t\t\t<\/li>\n\t\t\t\t\t\t\t\t\t\t\t\t<li>\n\t\t\t\t<article class=\"wk-content clearfix\"><img src=\"data:image\/gif;base64,R0lGODlhAQABAJEAAAAAAP\/\/\/\/\/\/\/wAAACH5BAEHAAIALAAAAAABAAEAAAICVAEAOw==\" data-src=\"http:\/\/irmasdesaojose.com.br\/portal\/wp-content\/uploads\/2016\/01\/800x600mAUTOcWHITE-3-7.jpg\" alt=\"800x600mAUTOcWHITE (3)\" width=\"750\" height=\"563\" class=\"size-full wp-image-2008 aligncenter\" \/><\/article>\n\t\t\t<\/li>\n\t\t\t\t\t\t\t\t\t\t\t\t<li>\n\t\t\t\t<article class=\"wk-content clearfix\"><img src=\"data:image\/gif;base64,R0lGODlhAQABAJEAAAAAAP\/\/\/\/\/\/\/wAAACH5BAEHAAIALAAAAAABAAEAAAICVAEAOw==\" data-src=\"http:\/\/irmasdesaojose.com.br\/portal\/wp-content\/uploads\/2016\/01\/800x600mAUTOcWHITE-5-6.jpg\" alt=\"800x600mAUTOcWHITE (5)\" width=\"750\" height=\"563\" class=\"size-full wp-image-2010 aligncenter\" \/><\/article>\n\t\t\t<\/li>\n\t\t\t\t\t\t\t\t\t\t\t\t<li>\n\t\t\t\t<article class=\"wk-content clearfix\"><img src=\"data:image\/gif;base64,R0lGODlhAQABAJEAAAAAAP\/\/\/\/\/\/\/wAAACH5BAEHAAIALAAAAAABAAEAAAICVAEAOw==\" data-src=\"http:\/\/irmasdesaojose.com.br\/portal\/wp-content\/uploads\/2016\/01\/800x600mAUTOcWHITE-7-5.jpg\" alt=\"800x600mAUTOcWHITE (7)\" width=\"450\" height=\"600\" class=\"size-full wp-image-2012 aligncenter\" \/><\/article>\n\t\t\t<\/li>\n\t\t\t\t\t\t\t\t<\/ul>\n\t\t\t\t<div class=\"caption\"><\/div><ul class=\"captions\"><li><\/li><li><\/li><li><\/li><li><\/li><li><\/li><li><\/li><li><\/li><li><\/li><li><\/li><\/ul>\n\t<\/div>\n\t<ul class=\"nav\"><li><span><\/span><\/li><li><span><\/span><\/li><li><span><\/span><\/li><li><span><\/span><\/li><li><span><\/span><\/li><li><span><\/span><\/li><li><span><\/span><\/li><li><span><\/span><\/li><li><span><\/span><\/li><\/ul><\/div><\/p>\n<p style=\"text-align: center;\"><span style=\"color: #000000;\">Ver mais:<\/span>\u00a0<span style=\"color: #0000ff;\"><a style=\"color: #0000ff;\" href=\"http:\/\/www.jozefitki.pl\/domy-w-europie-zachodniej4.html\">http:\/\/www.jozefitki.pl\/domy-w-europie-zachodniej4.html<\/a><\/span><\/p>\n<p style=\"text-align: center;\"><span style=\"color: #000000;\">P\u00e1gina em alem\u00e3o:<\/span>\u00a0<span style=\"color: #0000ff;\"><a style=\"color: #0000ff;\" href=\"http:\/\/josefschwestern.com\/\">http:\/\/josefschwestern.com\/<\/a><\/span><\/p>\n<p>&nbsp;<\/p>\n","protected":false},"excerpt":{"rendered":"<p>Na Alemanha trabalham 9 Irm\u00e3s de S\u00e3o Jos\u00e9, em 2 comunidades Wiesbaden As Irm\u00e3s chegaram a\u00a0Wiesbaden no final do ano de 1988. Primeiramente fizeram um est\u00e1gio no hospital e passaram no exame de revalida\u00e7\u00e3o de seus diplomas em enfermagem. Em seguida, em maio de 1989, oficialmente iniciaram o trabalho na\u00a0casa de repouso Santo Ant\u00f4nio (Antoniusheim) [&hellip;]<\/p>\n","protected":false},"author":1,"featured_media":0,"parent":1911,"menu_order":2,"comment_status":"closed","ping_status":"closed","template":"","meta":{"_monsterinsights_skip_tracking":false,"_monsterinsights_sitenote_active":false,"_monsterinsights_sitenote_note":"","_monsterinsights_sitenote_category":0,"jetpack_post_was_ever_published":false,"footnotes":""},"jetpack_shortlink":"https:\/\/wp.me\/P4Ftkv-vS","jetpack_sharing_enabled":true,"_links":{"self":[{"href":"http:\/\/irmasdesaojose.com.br\/portal\/wp-json\/wp\/v2\/pages\/1976"}],"collection":[{"href":"http:\/\/irmasdesaojose.com.br\/portal\/wp-json\/wp\/v2\/pages"}],"about":[{"href":"http:\/\/irmasdesaojose.com.br\/portal\/wp-json\/wp\/v2\/types\/page"}],"author":[{"embeddable":true,"href":"http:\/\/irmasdesaojose.com.br\/portal\/wp-json\/wp\/v2\/users\/1"}],"replies":[{"embeddable":true,"href":"http:\/\/irmasdesaojose.com.br\/portal\/wp-json\/wp\/v2\/comments?post=1976"}],"version-history":[{"count":16,"href":"http:\/\/irmasdesaojose.com.br\/portal\/wp-json\/wp\/v2\/pages\/1976\/revisions"}],"predecessor-version":[{"id":3729,"href":"http:\/\/irmasdesaojose.com.br\/portal\/wp-json\/wp\/v2\/pages\/1976\/revisions\/3729"}],"up":[{"embeddable":true,"href":"http:\/\/irmasdesaojose.com.br\/portal\/wp-json\/wp\/v2\/pages\/1911"}],"wp:attachment":[{"href":"http:\/\/irmasdesaojose.com.br\/portal\/wp-json\/wp\/v2\/media?parent=1976"}],"curies":[{"name":"wp","href":"https:\/\/api.w.org\/{rel}","templated":true}]}}