{"id":2071,"date":"2016-01-25T13:18:36","date_gmt":"2016-01-25T15:18:36","guid":{"rendered":"http:\/\/irmasdesaojose.com.br\/portal\/?page_id=2071"},"modified":"2023-12-19T11:01:12","modified_gmt":"2023-12-19T14:01:12","slug":"maranhao-barra-do-corda","status":"publish","type":"page","link":"http:\/\/irmasdesaojose.com.br\/portal\/acongregacao\/adelegacaobrasileira\/maranhao-barra-do-corda\/","title":{"rendered":"Barra do Corda &#8211; Maranh\u00e3o"},"content":{"rendered":"<h3 style=\"text-align: justify;\">\u00a0<img decoding=\"async\" loading=\"lazy\" class=\"size-full wp-image-3036 aligncenter\" src=\"https:\/\/i0.wp.com\/irmasdesaojose.com.br\/portal\/wp-content\/uploads\/2016\/01\/Capa-2.jpg?resize=699%2C491\" alt=\"Capa\" width=\"699\" height=\"491\" srcset=\"https:\/\/i0.wp.com\/irmasdesaojose.com.br\/portal\/wp-content\/uploads\/2016\/01\/Capa-2.jpg?w=699 699w, https:\/\/i0.wp.com\/irmasdesaojose.com.br\/portal\/wp-content\/uploads\/2016\/01\/Capa-2.jpg?resize=300%2C211 300w\" sizes=\"(max-width: 699px) 100vw, 699px\" data-recalc-dims=\"1\" \/><\/h3>\n<h3 style=\"text-align: justify;\"><strong><span style=\"color: #000000;\">Miss\u00e3o em Barra do Corda<\/span><\/strong><\/h3>\n<p style=\"text-align: justify;\"><span style=\"color: #000000;\"><strong>Barra do Corda<\/strong> \u00e9 uma cidade que\u00a0est\u00e1 localizada no centro geogr\u00e1fico do Maranh\u00e3o, na conflu\u00eancia dos Rios<strong> Corda e Mearim<\/strong>. Sua popula\u00e7\u00e3o em 2011 estava estimada em cerca de 83.000 habitantes.\u00a0<\/span><\/p>\n<div id=\"attachment_3118\" style=\"width: 310px\" class=\"wp-caption alignleft\"><img aria-describedby=\"caption-attachment-3118\" decoding=\"async\" loading=\"lazy\" class=\"size-medium wp-image-3118\" src=\"https:\/\/i0.wp.com\/irmasdesaojose.com.br\/portal\/wp-content\/uploads\/2016\/01\/Slide9-8.jpg?resize=300%2C216\" alt=\"Paisagem da Barra do Corda\" width=\"300\" height=\"216\" srcset=\"https:\/\/i0.wp.com\/irmasdesaojose.com.br\/portal\/wp-content\/uploads\/2016\/01\/Slide9-8.jpg?resize=300%2C216 300w, https:\/\/i0.wp.com\/irmasdesaojose.com.br\/portal\/wp-content\/uploads\/2016\/01\/Slide9-8.jpg?w=682 682w\" sizes=\"(max-width: 300px) 100vw, 300px\" data-recalc-dims=\"1\" \/><p id=\"caption-attachment-3118\" class=\"wp-caption-text\"><span style=\"color: #000000;\">\u00a0 \u00a0 \u00a0 \u00a0 \u00a0 \u00a0 \u00a0 \u00a0Paisagem da Barra do Corda<\/span><\/p><\/div>\n<div id=\"attachment_3117\" style=\"width: 310px\" class=\"wp-caption alignright\"><img aria-describedby=\"caption-attachment-3117\" decoding=\"async\" loading=\"lazy\" class=\"size-medium wp-image-3117\" src=\"https:\/\/i0.wp.com\/irmasdesaojose.com.br\/portal\/wp-content\/uploads\/2016\/01\/Slide3-12.jpg?resize=300%2C216\" alt=\"Bairro e a Igreja paroquial\" width=\"300\" height=\"216\" srcset=\"https:\/\/i0.wp.com\/irmasdesaojose.com.br\/portal\/wp-content\/uploads\/2016\/01\/Slide3-12.jpg?resize=300%2C216 300w, https:\/\/i0.wp.com\/irmasdesaojose.com.br\/portal\/wp-content\/uploads\/2016\/01\/Slide3-12.jpg?w=682 682w\" sizes=\"(max-width: 300px) 100vw, 300px\" data-recalc-dims=\"1\" \/><p id=\"caption-attachment-3117\" class=\"wp-caption-text\"><span style=\"color: #000000;\">\u00a0 \u00a0 \u00a0 \u00a0 \u00a0 \u00a0 \u00a0 \u00a0 \u00a0 \u00a0 \u00a0\u00a0Vista panor\u00e2mica da cidade<\/span><\/p><\/div>\n<div id=\"attachment_3124\" style=\"width: 226px\" class=\"wp-caption aligncenter\"><img aria-describedby=\"caption-attachment-3124\" decoding=\"async\" loading=\"lazy\" class=\"size-medium wp-image-3124\" src=\"https:\/\/i0.wp.com\/irmasdesaojose.com.br\/portal\/wp-content\/uploads\/2016\/01\/Slide4-13.jpg?resize=216%2C300\" alt=\"Paroquia de Santa Cruz\" width=\"216\" height=\"300\" srcset=\"https:\/\/i0.wp.com\/irmasdesaojose.com.br\/portal\/wp-content\/uploads\/2016\/01\/Slide4-13.jpg?resize=216%2C300 216w, https:\/\/i0.wp.com\/irmasdesaojose.com.br\/portal\/wp-content\/uploads\/2016\/01\/Slide4-13.jpg?w=491 491w\" sizes=\"(max-width: 216px) 100vw, 216px\" data-recalc-dims=\"1\" \/><p id=\"caption-attachment-3124\" class=\"wp-caption-text\"><span style=\"color: #000000;\">\u00a0 \u00a0 \u00a0 \u00a0 \u00a0 \u00a0 Par\u00f3quia da Santa Cruz<\/span><\/p><\/div>\n<p style=\"text-align: justify;\"><span style=\"color: #000000;\"><strong>A\u00a0<\/strong><\/span><span style=\"color: #000000;\"><strong>Comunidade das Irm\u00e3s de S\u00e3o Jos\u00e9 em Barra do Corda<\/strong>\u00a0\u00e9 a mais nova na Delega\u00e7\u00e3o Brasileira. Foi fundada em <strong>31 de janeiro de 2015,\u00a0<\/strong>em<strong>\u00a0<\/strong>a\u00e7\u00e3o de gra\u00e7as pelo <strong>10\u00b0 anivers\u00e1rio da<\/strong> <strong>Canoniza\u00e7\u00e3o<\/strong> de nosso Fundador, <strong>Pe. Sigismundo Gorazdowski<\/strong>, que, sem reservas, serviu a Deus e aos necessitados.\u00a0A Congrega\u00e7\u00e3o foi convidada para esta miss\u00e3o\u00a0<strong>pelos Frades Capuchinhos<\/strong>\u00a0da <strong>Par\u00f3quia da Santa Cruz.\u00a0<\/strong><\/span><\/p>\n<hr \/>\n<p style=\"text-align: justify;\">\u00a0<img decoding=\"async\" loading=\"lazy\" class=\"size-medium wp-image-3119 alignleft\" src=\"https:\/\/i0.wp.com\/irmasdesaojose.com.br\/portal\/wp-content\/uploads\/2016\/01\/Slide1-13.jpg?resize=300%2C216\" alt=\"Slide1\" width=\"300\" height=\"216\" srcset=\"https:\/\/i0.wp.com\/irmasdesaojose.com.br\/portal\/wp-content\/uploads\/2016\/01\/Slide1-13.jpg?resize=300%2C216 300w, https:\/\/i0.wp.com\/irmasdesaojose.com.br\/portal\/wp-content\/uploads\/2016\/01\/Slide1-13.jpg?w=682 682w\" sizes=\"(max-width: 300px) 100vw, 300px\" data-recalc-dims=\"1\" \/>\u00a0<img decoding=\"async\" loading=\"lazy\" class=\"size-medium wp-image-3122 alignright\" src=\"https:\/\/i0.wp.com\/irmasdesaojose.com.br\/portal\/wp-content\/uploads\/2016\/01\/Slide4-12.jpg?resize=300%2C216\" alt=\"Slide4\" width=\"300\" height=\"216\" srcset=\"https:\/\/i0.wp.com\/irmasdesaojose.com.br\/portal\/wp-content\/uploads\/2016\/01\/Slide4-12.jpg?resize=300%2C216 300w, https:\/\/i0.wp.com\/irmasdesaojose.com.br\/portal\/wp-content\/uploads\/2016\/01\/Slide4-12.jpg?w=682 682w\" sizes=\"(max-width: 300px) 100vw, 300px\" data-recalc-dims=\"1\" \/><\/p>\n<p style=\"text-align: justify;\"><img decoding=\"async\" loading=\"lazy\" class=\"alignnone size-medium wp-image-3123 aligncenter\" src=\"https:\/\/i0.wp.com\/irmasdesaojose.com.br\/portal\/wp-content\/uploads\/2016\/01\/Slide3-14.jpg?resize=216%2C300\" alt=\"Slide3\" width=\"216\" height=\"300\" srcset=\"https:\/\/i0.wp.com\/irmasdesaojose.com.br\/portal\/wp-content\/uploads\/2016\/01\/Slide3-14.jpg?resize=216%2C300 216w, https:\/\/i0.wp.com\/irmasdesaojose.com.br\/portal\/wp-content\/uploads\/2016\/01\/Slide3-14.jpg?w=491 491w\" sizes=\"(max-width: 216px) 100vw, 216px\" data-recalc-dims=\"1\" \/><\/p>\n<hr \/>\n<p style=\"text-align: justify;\"><span style=\"color: #000000;\">Duas Irm\u00e3s trabalham no <strong>Col\u00e9gio Nossa Senhora de\u00a0<\/strong><\/span><span style=\"color: #000000;\"><b>F\u00e1tima: Ir. Joana, como diretora, e Ir. Paula como respons\u00e1vel\u00a0pela parte\u00a0espiritual.\u00a0<\/b><\/span><\/p>\n<p style=\"text-align: justify;\"><img decoding=\"async\" loading=\"lazy\" class=\"size-full wp-image-3131 aligncenter\" src=\"https:\/\/i0.wp.com\/irmasdesaojose.com.br\/portal\/wp-content\/uploads\/2016\/01\/Apresenta\u00e7\u00e3o1-10.jpg?resize=699%2C491\" alt=\"Apresenta\u00e7\u00e3o1\" width=\"699\" height=\"491\" srcset=\"https:\/\/i0.wp.com\/irmasdesaojose.com.br\/portal\/wp-content\/uploads\/2016\/01\/Apresenta\u00e7\u00e3o1-10.jpg?w=699 699w, https:\/\/i0.wp.com\/irmasdesaojose.com.br\/portal\/wp-content\/uploads\/2016\/01\/Apresenta\u00e7\u00e3o1-10.jpg?resize=300%2C211 300w\" sizes=\"(max-width: 699px) 100vw, 699px\" data-recalc-dims=\"1\" \/><\/p>\n<p style=\"text-align: center;\"><strong><span style=\"color: #000000;\">Visite o site\u00a0do Col\u00e9gio:\u00a0<a href=\"http:\/\/www.colegionsfatima.com\/index2.html\">http:\/\/www.colegionsfatima.com\/index2.html<\/a><\/span><\/strong><\/p>\n<p style=\"text-align: justify;\"><strong><span style=\"color: #000000;\">Ir. Inviolata<\/span><\/strong><strong style=\"line-height: 1.5;\"><span style=\"color: #000000;\">\u00a0administra\u00a0o Abrigo\u00a0para Idosos &#8220;Ema\u00fas&#8221;.<\/span><\/strong><\/p>\n<p style=\"text-align: justify;\"><img decoding=\"async\" loading=\"lazy\" class=\"size-full wp-image-3132 aligncenter\" src=\"https:\/\/i0.wp.com\/irmasdesaojose.com.br\/portal\/wp-content\/uploads\/2016\/01\/Abrigo-2.jpg?resize=699%2C491\" alt=\"Abrigo 2\" width=\"699\" height=\"491\" srcset=\"https:\/\/i0.wp.com\/irmasdesaojose.com.br\/portal\/wp-content\/uploads\/2016\/01\/Abrigo-2.jpg?w=699 699w, https:\/\/i0.wp.com\/irmasdesaojose.com.br\/portal\/wp-content\/uploads\/2016\/01\/Abrigo-2.jpg?resize=300%2C211 300w\" sizes=\"(max-width: 699px) 100vw, 699px\" data-recalc-dims=\"1\" \/><\/p>\n<p style=\"text-align: justify;\"><em><span style=\"color: #000000;\">Seguindo o esp\u00edrito do <strong>Padre Fundador, S\u00e3o Sigismundo Gorazdowski<\/strong>, as Irm\u00e3s procuram servir aos idosos, crian\u00e7as e jovens, doando suas vidas, para que o amor de Jesus seja cada vez mais conhecido\u00a0por todos neste\u00a0mundo t\u00e3o cheio de viol\u00eancia, injusti\u00e7as e desamor.<\/span><\/em><\/p>\n<p style=\"text-align: center;\">\n<div id=\"slideshow-3142-69d7640882458\" class=\"wk-slideshow wk-slideshow-default\" data-widgetkit=\"slideshow\" data-options='{\"style\":\"default\",\"autoplay\":1,\"interval\":5000,\"width\":1000,\"height\":380,\"duration\":500,\"index\":0,\"order\":\"default\",\"navigation\":1,\"buttons\":1,\"slices\":20,\"animated\":\"fade\",\"caption_animation_duration\":500}'>\n\t<div>\n\t\t<ul class=\"slides\">\n\n\t\t\t\t\t\t\t\t\t<li>\n\t\t\t\t<article class=\"wk-content clearfix\"><img src=\"https:\/\/i0.wp.com\/irmasdesaojose.com.br\/portal\/wp-content\/uploads\/2016\/02\/Slide11-1.jpg?resize=682%2C491\" alt=\"Slide11\" width=\"682\" height=\"491\" class=\"size-full wp-image-3137 aligncenter\" data-recalc-dims=\"1\" \/><\/article>\n\t\t\t<\/li>\n\t\t\t\t\t\t\t\t\t\t\t\t<li>\n\t\t\t\t<article class=\"wk-content clearfix\"><img src=\"data:image\/gif;base64,R0lGODlhAQABAJEAAAAAAP\/\/\/\/\/\/\/wAAACH5BAEHAAIALAAAAAABAAEAAAICVAEAOw==\" data-src=\"http:\/\/irmasdesaojose.com.br\/portal\/wp-content\/uploads\/2016\/01\/Slide5-12.jpg\" alt=\"Slide5\" width=\"682\" height=\"491\" class=\"size-full wp-image-3128 aligncenter\" \/><\/article>\n\t\t\t<\/li>\n\t\t\t\t\t\t\t\t\t\t\t\t<li>\n\t\t\t\t<article class=\"wk-content clearfix\"><img src=\"data:image\/gif;base64,R0lGODlhAQABAJEAAAAAAP\/\/\/\/\/\/\/wAAACH5BAEHAAIALAAAAAABAAEAAAICVAEAOw==\" data-src=\"http:\/\/irmasdesaojose.com.br\/portal\/wp-content\/uploads\/2016\/02\/Slide7-1.jpg\" alt=\"Slide7\" width=\"682\" height=\"491\" class=\"size-full wp-image-3135 aligncenter\" \/><\/article>\n\t\t\t<\/li>\n\t\t\t\t\t\t\t\t\t\t\t\t<li>\n\t\t\t\t<article class=\"wk-content clearfix\"><img src=\"data:image\/gif;base64,R0lGODlhAQABAJEAAAAAAP\/\/\/\/\/\/\/wAAACH5BAEHAAIALAAAAAABAAEAAAICVAEAOw==\" data-src=\"http:\/\/irmasdesaojose.com.br\/portal\/wp-content\/uploads\/2016\/02\/Slide12-1.jpg\" alt=\"Slide12\" width=\"682\" height=\"491\" class=\"size-full wp-image-3138 aligncenter\" \/><\/article>\n\t\t\t<\/li>\n\t\t\t\t\t\t\t\t\t\t\t\t<li>\n\t\t\t\t<article class=\"wk-content clearfix\"><img src=\"data:image\/gif;base64,R0lGODlhAQABAJEAAAAAAP\/\/\/\/\/\/\/wAAACH5BAEHAAIALAAAAAABAAEAAAICVAEAOw==\" data-src=\"http:\/\/irmasdesaojose.com.br\/portal\/wp-content\/uploads\/2016\/02\/Slide16.jpg\" alt=\"Slide16\" width=\"682\" height=\"491\" class=\"size-full wp-image-3139 aligncenter\" \/><\/article>\n\t\t\t<\/li>\n\t\t\t\t\t\t\t\t\t\t\t\t<li>\n\t\t\t\t<article class=\"wk-content clearfix\"><img src=\"data:image\/gif;base64,R0lGODlhAQABAJEAAAAAAP\/\/\/\/\/\/\/wAAACH5BAEHAAIALAAAAAABAAEAAAICVAEAOw==\" data-src=\"http:\/\/irmasdesaojose.com.br\/portal\/wp-content\/uploads\/2016\/02\/Slide17.jpg\" alt=\"Slide17\" width=\"682\" height=\"491\" class=\"size-full wp-image-3140 aligncenter\" \/><\/article>\n\t\t\t<\/li>\n\t\t\t\t\t\t\t\t\t\t\t\t<li>\n\t\t\t\t<article class=\"wk-content clearfix\"><img src=\"data:image\/gif;base64,R0lGODlhAQABAJEAAAAAAP\/\/\/\/\/\/\/wAAACH5BAEHAAIALAAAAAABAAEAAAICVAEAOw==\" data-src=\"http:\/\/irmasdesaojose.com.br\/portal\/wp-content\/uploads\/2016\/02\/Slide18.jpg\" alt=\"Slide18\" width=\"682\" height=\"491\" class=\"size-full wp-image-3141 aligncenter\" \/><\/article>\n\t\t\t<\/li>\n\t\t\t\t\t\t\t\t\t\t\t\t<li>\n\t\t\t\t<article class=\"wk-content clearfix\"><img src=\"data:image\/gif;base64,R0lGODlhAQABAJEAAAAAAP\/\/\/\/\/\/\/wAAACH5BAEHAAIALAAAAAABAAEAAAICVAEAOw==\" data-src=\"http:\/\/irmasdesaojose.com.br\/portal\/wp-content\/uploads\/2016\/02\/Slide8-2.jpg\" alt=\"Slide8\" width=\"682\" height=\"491\" class=\"size-full wp-image-3150 aligncenter\" \/><\/article>\n\t\t\t<\/li>\n\t\t\t\t\t\t\t\t\t\t\t\t<li>\n\t\t\t\t<article class=\"wk-content clearfix\"><img src=\"data:image\/gif;base64,R0lGODlhAQABAJEAAAAAAP\/\/\/\/\/\/\/wAAACH5BAEHAAIALAAAAAABAAEAAAICVAEAOw==\" data-src=\"http:\/\/irmasdesaojose.com.br\/portal\/wp-content\/uploads\/2016\/02\/Slide8-1.jpg\" alt=\"Slide8\" width=\"491\" height=\"378\" class=\"size-full wp-image-3148 aligncenter\" \/><\/article>\n\t\t\t<\/li>\n\t\t\t\t\t\t\t\t\t\t\t\t<li>\n\t\t\t\t<article class=\"wk-content clearfix\"><img src=\"data:image\/gif;base64,R0lGODlhAQABAJEAAAAAAP\/\/\/\/\/\/\/wAAACH5BAEHAAIALAAAAAABAAEAAAICVAEAOw==\" data-src=\"http:\/\/irmasdesaojose.com.br\/portal\/wp-content\/uploads\/2016\/02\/Colegio-4.jpg\" alt=\"Colegio 4\" width=\"490\" height=\"340\" class=\"size-full wp-image-3144 aligncenter\" \/><\/article>\n\t\t\t<\/li>\n\t\t\t\t\t\t\t\t\t\t\t\t<li>\n\t\t\t\t<article class=\"wk-content clearfix\"><img src=\"data:image\/gif;base64,R0lGODlhAQABAJEAAAAAAP\/\/\/\/\/\/\/wAAACH5BAEHAAIALAAAAAABAAEAAAICVAEAOw==\" data-src=\"http:\/\/irmasdesaojose.com.br\/portal\/wp-content\/uploads\/2016\/02\/Slide1.jpg\" alt=\"Slide1\" width=\"682\" height=\"491\" class=\"size-full wp-image-3146 aligncenter\" \/><\/article>\n\t\t\t<\/li>\n\t\t\t\t\t\t\t\t\t\t\t\t<li>\n\t\t\t\t<article class=\"wk-content clearfix\"><img src=\"data:image\/gif;base64,R0lGODlhAQABAJEAAAAAAP\/\/\/\/\/\/\/wAAACH5BAEHAAIALAAAAAABAAEAAAICVAEAOw==\" data-src=\"http:\/\/irmasdesaojose.com.br\/portal\/wp-content\/uploads\/2016\/02\/Slide9-1.jpg\" alt=\"Slide9\" width=\"491\" height=\"378\" class=\"size-full wp-image-3149 aligncenter\" \/><\/article>\n\t\t\t<\/li>\n\t\t\t\t\t\t\t\t\t\t\t\t<li>\n\t\t\t\t<article class=\"wk-content clearfix\"><img src=\"data:image\/gif;base64,R0lGODlhAQABAJEAAAAAAP\/\/\/\/\/\/\/wAAACH5BAEHAAIALAAAAAABAAEAAAICVAEAOw==\" data-src=\"http:\/\/irmasdesaojose.com.br\/portal\/wp-content\/uploads\/2016\/02\/Colegio-3.jpg\" alt=\"Colegio 3\" width=\"480\" height=\"327\" class=\"size-full wp-image-3143 aligncenter\" \/><\/article>\n\t\t\t<\/li>\n\t\t\t\t\t\t\t\t\t\t\t\t<li>\n\t\t\t\t<article class=\"wk-content clearfix\"><img src=\"data:image\/gif;base64,R0lGODlhAQABAJEAAAAAAP\/\/\/\/\/\/\/wAAACH5BAEHAAIALAAAAAABAAEAAAICVAEAOw==\" data-src=\"http:\/\/irmasdesaojose.com.br\/portal\/wp-content\/uploads\/2016\/02\/Colegio.jpg\" alt=\"Colegio\" width=\"489\" height=\"314\" class=\"size-full wp-image-3145 aligncenter\" \/><\/article>\n\t\t\t<\/li>\n\t\t\t\t\t\t\t\t\t\t\t\t<li>\n\t\t\t\t<article class=\"wk-content clearfix\"><img src=\"data:image\/gif;base64,R0lGODlhAQABAJEAAAAAAP\/\/\/\/\/\/\/wAAACH5BAEHAAIALAAAAAABAAEAAAICVAEAOw==\" data-src=\"http:\/\/irmasdesaojose.com.br\/portal\/wp-content\/uploads\/2016\/02\/Colegio-2.jpg\" alt=\"Colegio 2\" width=\"490\" height=\"333\" class=\"size-full wp-image-3151 aligncenter\" \/><\/article>\n\t\t\t<\/li>\n\t\t\t\t\t\t\t\t<\/ul>\n\t\t<div class=\"next\"><\/div><div class=\"prev\"><\/div>\t\t<div class=\"caption\"><\/div><ul class=\"captions\"><li><\/li><li><\/li><li><\/li><li><\/li><li><\/li><li><\/li><li><\/li><li><\/li><li><\/li><li><\/li><li><\/li><li><\/li><li><\/li><li><\/li><li><\/li><\/ul>\n\t<\/div>\n\t<ul class=\"nav\"><li><span><\/span><\/li><li><span><\/span><\/li><li><span><\/span><\/li><li><span><\/span><\/li><li><span><\/span><\/li><li><span><\/span><\/li><li><span><\/span><\/li><li><span><\/span><\/li><li><span><\/span><\/li><li><span><\/span><\/li><li><span><\/span><\/li><li><span><\/span><\/li><li><span><\/span><\/li><li><span><\/span><\/li><li><span><\/span><\/li><\/ul><\/div><\/p>\n<p style=\"text-align: justify;\">\n<p style=\"text-align: justify;\">\n","protected":false},"excerpt":{"rendered":"<p>\u00a0 Miss\u00e3o em Barra do Corda Barra do Corda \u00e9 uma cidade que\u00a0est\u00e1 localizada no centro geogr\u00e1fico do Maranh\u00e3o, na conflu\u00eancia dos Rios Corda e Mearim. Sua popula\u00e7\u00e3o em 2011 estava estimada em cerca de 83.000 habitantes.\u00a0 A\u00a0Comunidade das Irm\u00e3s de S\u00e3o Jos\u00e9 em Barra do Corda\u00a0\u00e9 a mais nova na Delega\u00e7\u00e3o Brasileira. Foi fundada [&hellip;]<\/p>\n","protected":false},"author":1,"featured_media":0,"parent":25,"menu_order":7,"comment_status":"closed","ping_status":"closed","template":"","meta":{"_monsterinsights_skip_tracking":false,"_monsterinsights_sitenote_active":false,"_monsterinsights_sitenote_note":"","_monsterinsights_sitenote_category":0,"jetpack_post_was_ever_published":false,"footnotes":""},"jetpack_shortlink":"https:\/\/wp.me\/P4Ftkv-xp","jetpack_sharing_enabled":true,"_links":{"self":[{"href":"http:\/\/irmasdesaojose.com.br\/portal\/wp-json\/wp\/v2\/pages\/2071"}],"collection":[{"href":"http:\/\/irmasdesaojose.com.br\/portal\/wp-json\/wp\/v2\/pages"}],"about":[{"href":"http:\/\/irmasdesaojose.com.br\/portal\/wp-json\/wp\/v2\/types\/page"}],"author":[{"embeddable":true,"href":"http:\/\/irmasdesaojose.com.br\/portal\/wp-json\/wp\/v2\/users\/1"}],"replies":[{"embeddable":true,"href":"http:\/\/irmasdesaojose.com.br\/portal\/wp-json\/wp\/v2\/comments?post=2071"}],"version-history":[{"count":14,"href":"http:\/\/irmasdesaojose.com.br\/portal\/wp-json\/wp\/v2\/pages\/2071\/revisions"}],"predecessor-version":[{"id":7977,"href":"http:\/\/irmasdesaojose.com.br\/portal\/wp-json\/wp\/v2\/pages\/2071\/revisions\/7977"}],"up":[{"embeddable":true,"href":"http:\/\/irmasdesaojose.com.br\/portal\/wp-json\/wp\/v2\/pages\/25"}],"wp:attachment":[{"href":"http:\/\/irmasdesaojose.com.br\/portal\/wp-json\/wp\/v2\/media?parent=2071"}],"curies":[{"name":"wp","href":"https:\/\/api.w.org\/{rel}","templated":true}]}}