{"id":2085,"date":"2016-01-25T13:29:16","date_gmt":"2016-01-25T15:29:16","guid":{"rendered":"http:\/\/irmasdesaojose.com.br\/portal\/?page_id=2085"},"modified":"2016-07-02T11:14:12","modified_gmt":"2016-07-02T14:14:12","slug":"brzuchowice","status":"publish","type":"page","link":"http:\/\/irmasdesaojose.com.br\/portal\/acongregacao\/delegatura-ucraniana\/brzuchowice\/","title":{"rendered":"Brzuchowice"},"content":{"rendered":"<p style=\"text-align: justify;\"><span style=\"color: #000000;\">Em<strong> Brzuchowice<\/strong>, aldeia h\u00e1 poucos quil\u00f4metros de Lviv, h\u00e1 uma outra Comunidade Josefita. As Irm\u00e3s foram convidadas a trabalhar como\u00a0<strong>respons\u00e1veis pela cozinha do Semin\u00e1rio da Arquidiocese de Lviv<\/strong>. Este trabalho foi assumido no ano de <strong>1997<\/strong>.<\/span><\/p>\n<p><img decoding=\"async\" loading=\"lazy\" class=\"alignnone size-medium wp-image-2635\" src=\"https:\/\/i0.wp.com\/irmasdesaojose.com.br\/portal\/wp-content\/uploads\/2016\/01\/50.jpg?resize=300%2C225\" alt=\"50\" width=\"300\" height=\"225\" srcset=\"https:\/\/i0.wp.com\/irmasdesaojose.com.br\/portal\/wp-content\/uploads\/2016\/01\/50.jpg?resize=300%2C225 300w, https:\/\/i0.wp.com\/irmasdesaojose.com.br\/portal\/wp-content\/uploads\/2016\/01\/50.jpg?w=700 700w\" sizes=\"(max-width: 300px) 100vw, 300px\" data-recalc-dims=\"1\" \/>\u00a0<img decoding=\"async\" loading=\"lazy\" class=\"alignnone size-medium wp-image-2636\" src=\"https:\/\/i0.wp.com\/irmasdesaojose.com.br\/portal\/wp-content\/uploads\/2016\/01\/51-1.jpg?resize=300%2C225\" alt=\"51\" width=\"300\" height=\"225\" srcset=\"https:\/\/i0.wp.com\/irmasdesaojose.com.br\/portal\/wp-content\/uploads\/2016\/01\/51-1.jpg?resize=300%2C225 300w, https:\/\/i0.wp.com\/irmasdesaojose.com.br\/portal\/wp-content\/uploads\/2016\/01\/51-1.jpg?w=700 700w\" sizes=\"(max-width: 300px) 100vw, 300px\" data-recalc-dims=\"1\" \/>\u00a0<img decoding=\"async\" loading=\"lazy\" class=\"alignnone size-medium wp-image-2637\" src=\"https:\/\/i0.wp.com\/irmasdesaojose.com.br\/portal\/wp-content\/uploads\/2016\/01\/52.jpg?resize=300%2C225\" alt=\"52\" width=\"300\" height=\"225\" srcset=\"https:\/\/i0.wp.com\/irmasdesaojose.com.br\/portal\/wp-content\/uploads\/2016\/01\/52.jpg?resize=300%2C225 300w, https:\/\/i0.wp.com\/irmasdesaojose.com.br\/portal\/wp-content\/uploads\/2016\/01\/52.jpg?w=700 700w\" sizes=\"(max-width: 300px) 100vw, 300px\" data-recalc-dims=\"1\" \/><\/p>\n","protected":false},"excerpt":{"rendered":"<p>Em Brzuchowice, aldeia h\u00e1 poucos quil\u00f4metros de Lviv, h\u00e1 uma outra Comunidade Josefita. As Irm\u00e3s foram convidadas a trabalhar como\u00a0respons\u00e1veis pela cozinha do Semin\u00e1rio da Arquidiocese de Lviv. Este trabalho foi assumido no ano de 1997. \u00a0\u00a0<\/p>\n","protected":false},"author":1,"featured_media":0,"parent":2057,"menu_order":2,"comment_status":"closed","ping_status":"closed","template":"","meta":{"_monsterinsights_skip_tracking":false,"_monsterinsights_sitenote_active":false,"_monsterinsights_sitenote_note":"","_monsterinsights_sitenote_category":0,"jetpack_post_was_ever_published":false,"footnotes":""},"jetpack_shortlink":"https:\/\/wp.me\/P4Ftkv-xD","jetpack_sharing_enabled":true,"_links":{"self":[{"href":"http:\/\/irmasdesaojose.com.br\/portal\/wp-json\/wp\/v2\/pages\/2085"}],"collection":[{"href":"http:\/\/irmasdesaojose.com.br\/portal\/wp-json\/wp\/v2\/pages"}],"about":[{"href":"http:\/\/irmasdesaojose.com.br\/portal\/wp-json\/wp\/v2\/types\/page"}],"author":[{"embeddable":true,"href":"http:\/\/irmasdesaojose.com.br\/portal\/wp-json\/wp\/v2\/users\/1"}],"replies":[{"embeddable":true,"href":"http:\/\/irmasdesaojose.com.br\/portal\/wp-json\/wp\/v2\/comments?post=2085"}],"version-history":[{"count":5,"href":"http:\/\/irmasdesaojose.com.br\/portal\/wp-json\/wp\/v2\/pages\/2085\/revisions"}],"predecessor-version":[{"id":4259,"href":"http:\/\/irmasdesaojose.com.br\/portal\/wp-json\/wp\/v2\/pages\/2085\/revisions\/4259"}],"up":[{"embeddable":true,"href":"http:\/\/irmasdesaojose.com.br\/portal\/wp-json\/wp\/v2\/pages\/2057"}],"wp:attachment":[{"href":"http:\/\/irmasdesaojose.com.br\/portal\/wp-json\/wp\/v2\/media?parent=2085"}],"curies":[{"name":"wp","href":"https:\/\/api.w.org\/{rel}","templated":true}]}}