{"id":2097,"date":"2016-01-25T13:32:27","date_gmt":"2016-01-25T15:32:27","guid":{"rendered":"http:\/\/irmasdesaojose.com.br\/portal\/?page_id=2097"},"modified":"2016-07-02T16:09:21","modified_gmt":"2016-07-02T19:09:21","slug":"kiev","status":"publish","type":"page","link":"http:\/\/irmasdesaojose.com.br\/portal\/acongregacao\/delegatura-ucraniana\/kiev\/","title":{"rendered":"Kiev"},"content":{"rendered":"<h3><span style=\"color: #000000;\"><strong>Kiev &#8211; Rua Tymoshenko <\/strong><\/span><\/h3>\n<p style=\"text-align: justify;\"><span style=\"color: #000000;\">As primeiras Irm\u00e3s da Congrega\u00e7\u00e3o de S\u00e3o Jos\u00e9 chegaram a\u00a0<strong>Kiev em 18 de agosto de 2003<\/strong>, a convite do Padre Francisco Botwin, OFM.<\/span><\/p>\n<p style=\"text-align: justify;\"><span style=\"color: #000000;\">Iniciaram o trabalho na par\u00f3quia de S\u00e3o Francisco, em Obo\u0142oniu, no <strong>dia 1 de setembro de 2003. <\/strong>Desde ent\u00e3o, trabalham na par\u00f3quia com a catequese, fazendo decora\u00e7\u00f5es ocasionais e\u00a0cuidando da\u00a0Capela e dos paramentos lit\u00fargicos.<\/span><\/p>\n<p style=\"text-align: justify;\"><img decoding=\"async\" loading=\"lazy\" class=\"alignnone size-medium wp-image-2691\" src=\"https:\/\/i0.wp.com\/irmasdesaojose.com.br\/portal\/wp-content\/uploads\/2016\/01\/107.jpg?resize=300%2C200\" alt=\"107\" width=\"300\" height=\"200\" srcset=\"https:\/\/i0.wp.com\/irmasdesaojose.com.br\/portal\/wp-content\/uploads\/2016\/01\/107.jpg?resize=300%2C200 300w, https:\/\/i0.wp.com\/irmasdesaojose.com.br\/portal\/wp-content\/uploads\/2016\/01\/107.jpg?w=700 700w\" sizes=\"(max-width: 300px) 100vw, 300px\" data-recalc-dims=\"1\" \/> <img decoding=\"async\" loading=\"lazy\" class=\"alignnone size-medium wp-image-2692\" src=\"https:\/\/i0.wp.com\/irmasdesaojose.com.br\/portal\/wp-content\/uploads\/2016\/01\/108.jpg?resize=300%2C208\" alt=\"108\" width=\"300\" height=\"208\" srcset=\"https:\/\/i0.wp.com\/irmasdesaojose.com.br\/portal\/wp-content\/uploads\/2016\/01\/108.jpg?resize=300%2C208 300w, https:\/\/i0.wp.com\/irmasdesaojose.com.br\/portal\/wp-content\/uploads\/2016\/01\/108.jpg?w=750 750w\" sizes=\"(max-width: 300px) 100vw, 300px\" data-recalc-dims=\"1\" \/><\/p>\n<p style=\"text-align: justify;\"><em><span style=\"color: #000000;\">As Irm\u00e3s tamb\u00e9m dirigem uma cozinha para os funcion\u00e1rios da &#8220;Caritas&#8221;. Al\u00e9m disso, uma das Irm\u00e3s trabalha na enfermaria infantil do hospital para pessoas com o v\u00edrus HIV.<\/span><\/em><\/p>\n<p style=\"text-align: justify;\"><img decoding=\"async\" loading=\"lazy\" class=\"alignnone size-medium wp-image-2694\" src=\"https:\/\/i0.wp.com\/irmasdesaojose.com.br\/portal\/wp-content\/uploads\/2016\/01\/112.jpg?resize=225%2C300\" alt=\"112\" width=\"225\" height=\"300\" srcset=\"https:\/\/i0.wp.com\/irmasdesaojose.com.br\/portal\/wp-content\/uploads\/2016\/01\/112.jpg?resize=225%2C300 225w, https:\/\/i0.wp.com\/irmasdesaojose.com.br\/portal\/wp-content\/uploads\/2016\/01\/112.jpg?w=525 525w\" sizes=\"(max-width: 225px) 100vw, 225px\" data-recalc-dims=\"1\" \/> <img decoding=\"async\" loading=\"lazy\" class=\"alignnone size-medium wp-image-2693\" src=\"https:\/\/i0.wp.com\/irmasdesaojose.com.br\/portal\/wp-content\/uploads\/2016\/01\/111.jpg?resize=225%2C300\" alt=\"111\" width=\"225\" height=\"300\" srcset=\"https:\/\/i0.wp.com\/irmasdesaojose.com.br\/portal\/wp-content\/uploads\/2016\/01\/111.jpg?resize=225%2C300 225w, https:\/\/i0.wp.com\/irmasdesaojose.com.br\/portal\/wp-content\/uploads\/2016\/01\/111.jpg?w=525 525w\" sizes=\"(max-width: 225px) 100vw, 225px\" data-recalc-dims=\"1\" \/><\/p>\n<hr \/>\n<h3 style=\"text-align: justify;\"><strong><span style=\"color: #000000;\">Kiev &#8211; BURSA<\/span><\/strong><\/h3>\n<p style=\"text-align: justify;\"><img decoding=\"async\" loading=\"lazy\" class=\"size-medium wp-image-2696 alignleft\" src=\"https:\/\/i0.wp.com\/irmasdesaojose.com.br\/portal\/wp-content\/uploads\/2016\/01\/27-1.jpg?resize=300%2C220\" alt=\"27\" width=\"300\" height=\"220\" data-recalc-dims=\"1\" \/><\/p>\n<p style=\"text-align: justify;\"><span style=\"color: #000000;\">Desde <strong>setembro de 2004<\/strong>, foi aberta mais uma Comunidade em Kiev. As Irm\u00e3s est\u00e3o mantendo <strong>uma casa para estudantes<\/strong>, fundada pela &#8220;Caritas&#8221;. Desse modo, nossa Congrega\u00e7\u00e3o responde \u00e0s necessidades da Igreja particular e da sociedade ucraniana.<\/span><\/p>\n<p style=\"text-align: justify;\"><span style=\"color: #000000;\">Atualmente as Irm\u00e3s moram num edif\u00edcio. No piso t\u00e9rreo est\u00e3o localizados os quartos para os estudantes pobres, de fam\u00edlias cat\u00f3licas, que n\u00e3o t\u00eam possibilidade financeira para se manter. Os estudantes chegam\u00a0de diferentes partes da Ucr\u00e2nia e estudam em v\u00e1rias universidades.<\/span><\/p>\n<p style=\"text-align: justify;\"><em><span style=\"color: #000000;\">Nesta casa o trabalho das Irm\u00e3s \u00e9 administrativo-econ\u00f4mico e a forma\u00e7\u00e3o religiosa desses jovens. Na medida do poss\u00edvel as Irm\u00e3s tentam tamb\u00e9m responder \u00e0s necessidades materiais e espirituais deles. Todas as noites as Irm\u00e3s fazem uma ora\u00e7\u00e3o com os jovens e um dia no m\u00eas realizam para eles um dia de recolhimento. Toda sexta-feira encontram\u2013se nos c\u00edrculos b\u00edblicos e uma vez por semana organizam a Santa Missa. <\/span><\/em><span style=\"color: #000000;\"><em>Tamb\u00e9m organizam encontros ocasionais da comunidade, por exemplo: dia de onom\u00e1stico, vig\u00edlia de Natal, como tamb\u00e9m encontros individuais.<\/em> <\/span><\/p>\n<p style=\"text-align: justify;\"><span style=\"color: #000000;\">O maior tesouro da\u00a0casa \u00e9 uma <strong>Capela<\/strong> com a presen\u00e7a de Jesus na Eucaristia.<\/span><\/p>\n<hr \/>\n<h3 style=\"text-align: justify;\"><span style=\"color: #000000;\"><strong>Kiev &#8211; Werhowynna<\/strong><\/span><\/h3>\n<p style=\"text-align: justify;\"><span style=\"color: #000000;\">No ano <strong>2007<\/strong> a Congrega\u00e7\u00e3o criou uma terceira Comunidade em \u00a0Kiev, na par\u00f3quia da Exalta\u00e7\u00e3o da Santa Cruz. Nesta par\u00f3quia trabalham os Padres Carmelitas. As Irm\u00e3s trabalham juntamente no trabalho catequ\u00e9tico. Uma delas atua como enfermeira no Hospital para os doentes com o v\u00edrus do HIV de Kiev.<\/span><\/p>\n","protected":false},"excerpt":{"rendered":"<p>Kiev &#8211; Rua Tymoshenko As primeiras Irm\u00e3s da Congrega\u00e7\u00e3o de S\u00e3o Jos\u00e9 chegaram a\u00a0Kiev em 18 de agosto de 2003, a convite do Padre Francisco Botwin, OFM. Iniciaram o trabalho na par\u00f3quia de S\u00e3o Francisco, em Obo\u0142oniu, no dia 1 de setembro de 2003. Desde ent\u00e3o, trabalham na par\u00f3quia com a catequese, fazendo decora\u00e7\u00f5es ocasionais [&hellip;]<\/p>\n","protected":false},"author":1,"featured_media":0,"parent":2057,"menu_order":8,"comment_status":"closed","ping_status":"closed","template":"","meta":{"_monsterinsights_skip_tracking":false,"_monsterinsights_sitenote_active":false,"_monsterinsights_sitenote_note":"","_monsterinsights_sitenote_category":0,"jetpack_post_was_ever_published":false,"footnotes":""},"jetpack_shortlink":"https:\/\/wp.me\/P4Ftkv-xP","jetpack_sharing_enabled":true,"_links":{"self":[{"href":"http:\/\/irmasdesaojose.com.br\/portal\/wp-json\/wp\/v2\/pages\/2097"}],"collection":[{"href":"http:\/\/irmasdesaojose.com.br\/portal\/wp-json\/wp\/v2\/pages"}],"about":[{"href":"http:\/\/irmasdesaojose.com.br\/portal\/wp-json\/wp\/v2\/types\/page"}],"author":[{"embeddable":true,"href":"http:\/\/irmasdesaojose.com.br\/portal\/wp-json\/wp\/v2\/users\/1"}],"replies":[{"embeddable":true,"href":"http:\/\/irmasdesaojose.com.br\/portal\/wp-json\/wp\/v2\/comments?post=2097"}],"version-history":[{"count":14,"href":"http:\/\/irmasdesaojose.com.br\/portal\/wp-json\/wp\/v2\/pages\/2097\/revisions"}],"predecessor-version":[{"id":4274,"href":"http:\/\/irmasdesaojose.com.br\/portal\/wp-json\/wp\/v2\/pages\/2097\/revisions\/4274"}],"up":[{"embeddable":true,"href":"http:\/\/irmasdesaojose.com.br\/portal\/wp-json\/wp\/v2\/pages\/2057"}],"wp:attachment":[{"href":"http:\/\/irmasdesaojose.com.br\/portal\/wp-json\/wp\/v2\/media?parent=2097"}],"curies":[{"name":"wp","href":"https:\/\/api.w.org\/{rel}","templated":true}]}}