{"id":217,"date":"2014-05-25T18:56:47","date_gmt":"2014-05-25T18:56:47","guid":{"rendered":"http:\/\/irmasdesaojose.com.br\/portal\/?page_id=217"},"modified":"2017-02-21T19:54:52","modified_gmt":"2017-02-21T22:54:52","slug":"ondeestamos","status":"publish","type":"page","link":"http:\/\/irmasdesaojose.com.br\/portal\/ondeestamos\/","title":{"rendered":"Onde Estamos"},"content":{"rendered":"<h4><\/h4>\n<h4><span style=\"color: #000000;\"><strong>Comunidade S\u00e3o Sigismundo Gorazdowski<\/strong><\/span><\/h4>\n<p><span style=\"color: #000000;\">Rua: Professor Orlando Alves Chaves, 193<\/span><\/p>\n<p><span style=\"color: #000000;\"> 81320-250 Curitiba \u2013 PR<\/span><\/p>\n<p><span style=\"color: #000000;\"> Telefone: (41) 3329-4198<\/span><\/p>\n<p><span style=\"color: #000000;\"> E-mail:cssj@irmasdesaojose.com.br<\/span><\/p>\n<p><span style=\"color: #000000;\"> <div id=\"map-225-69d0ef6c9566a\" class=\"wk-map wk-map-default\" style=\"height: 300px; width:100%;\" data-widgetkit=\"googlemaps\" data-options='{\"title\":\"Curitiba\",\"lat\":\"-25.476390342374287\",\"lng\":\"-49.30997475886079\",\"icon\":\"blue-pushpin\",\"popup\":1,\"text\":\"\",\"mainIcon\":\"blue-pushpin\",\"style\":\"default\",\"width\":\"auto\",\"height\":300,\"mapTypeId\":\"hybrid\",\"zoom\":17,\"mapCtrl\":1,\"typeCtrl\":0,\"directions\":0,\"unitSystem\":0,\"clusterMarker\":0,\"styler_invert_lightness\":0,\"styler_hue\":\"\",\"styler_saturation\":0,\"styler_lightness\":0,\"styler_gamma\":0,\"adresses\":[]}'><\/div><\/span><\/p>\n<h4><span style=\"color: #000000;\"><strong>Comunidade S\u00e3o Jos\u00e9<\/strong><\/span><\/h4>\n<p><span style=\"color: #000000;\">Rua Apap\u00f3ris, 488<\/span><\/p>\n<p><span style=\"color: #000000;\"> 21921-560 Rio de Janeiro \u2013 RJ<\/span><\/p>\n<p><span style=\"color: #000000;\"> Telefone: (21) 3396-0244<\/span><\/p>\n<p><span style=\"color: #000000;\"> E-mail: cssjrio@yahoo.com.br<\/span><\/p>\n<p><span style=\"color: #000000;\"> <div id=\"map-228-69d0ef6c95d87\" class=\"wk-map wk-map-default\" style=\"height: 300px; width:100%;\" data-widgetkit=\"googlemaps\" data-options='{\"title\":\"Rio de Janeiro\",\"lat\":\"-22.8075092\",\"lng\":\"-43.1809255\",\"icon\":\"blue-pushpin\",\"popup\":1,\"text\":\"\",\"mainIcon\":\"blue-pushpin\",\"style\":\"default\",\"width\":\"auto\",\"height\":300,\"mapTypeId\":\"hybrid\",\"zoom\":18,\"mapCtrl\":1,\"typeCtrl\":0,\"directions\":0,\"unitSystem\":0,\"clusterMarker\":0,\"styler_invert_lightness\":0,\"styler_hue\":\"\",\"styler_saturation\":0,\"styler_lightness\":0,\"styler_gamma\":0,\"adresses\":[]}'><\/div><\/span><\/p>\n<h4><span style=\"color: #000000;\"><strong>Comunidade S\u00e3o Sigismundo Gorazdowski<\/strong><\/span><\/h4>\n<p><span style=\"color: #000000;\">Pra\u00e7a Nelson Carvalho, 277 Centro<\/span><\/p>\n<p><span style=\"color: #000000;\"> 65360-000 Mon\u00e7\u00e3o \u2013 MA<\/span><\/p>\n<p><span style=\"color: #000000;\"> Telefone: (98) 3664-4376<\/span><\/p>\n<p><span style=\"color: #000000;\"> Telefone: cssjmoncao@yahoo.com.br<\/span><\/p>\n<p><span style=\"color: #000000;\"> <div id=\"map-231-69d0ef6c963c0\" class=\"wk-map wk-map-default\" style=\"height: 300px; width:100%;\" data-widgetkit=\"googlemaps\" data-options='{\"title\":\"Mon\\u00e7\\u00e3o\",\"lat\":\"-3.4816286\",\"lng\":\"-45.2499997\",\"icon\":\"red-dot\",\"popup\":1,\"text\":\"\",\"mainIcon\":\"red-dot\",\"style\":\"default\",\"width\":\"auto\",\"height\":300,\"mapTypeId\":\"hybrid\",\"zoom\":15,\"mapCtrl\":1,\"typeCtrl\":0,\"directions\":0,\"unitSystem\":0,\"clusterMarker\":0,\"styler_invert_lightness\":0,\"styler_hue\":\"\",\"styler_saturation\":0,\"styler_lightness\":0,\"styler_gamma\":0,\"adresses\":[]}'><\/div><\/span><\/p>\n<h4><span style=\"color: #000000;\"><strong>Comunidade S\u00e3o Jos\u00e9<\/strong><\/span><\/h4>\n<p><span style=\"color: #000000;\">Rua da Vit\u00f3ria 5, bloco A quadra 130, Cidade Ol\u00edmpica<\/span><\/p>\n<p><span style=\"color: #000000;\"> 65058-320 S\u00e3o Luis \u2013 MA<\/span><\/p>\n<p><span style=\"color: #000000;\"> Telefone: (98) 3234-3102<\/span><\/p>\n<p><span style=\"color: #000000;\"> E-mail: cssjolimpica@yahoo.com.br<\/span><\/p>\n<p><span style=\"color: #000000;\"> <div id=\"map-233-69d0ef6c96aed\" class=\"wk-map wk-map-default\" style=\"height: 300px; width:100%;\" data-widgetkit=\"googlemaps\" data-options='{\"title\":\"Cidade Olimpica\",\"lat\":\"-2.5960197627838926\",\"lng\":\"-44.1838219432251\",\"icon\":\"blue-pushpin\",\"popup\":1,\"text\":\"\",\"mainIcon\":\"blue-pushpin\",\"style\":\"default\",\"width\":\"auto\",\"height\":300,\"mapTypeId\":\"hybrid\",\"zoom\":16,\"mapCtrl\":1,\"typeCtrl\":0,\"directions\":0,\"unitSystem\":0,\"clusterMarker\":0,\"styler_invert_lightness\":0,\"styler_hue\":\"\",\"styler_saturation\":0,\"styler_lightness\":0,\"styler_gamma\":0,\"adresses\":[]}'><\/div><\/span><\/p>\n<h4><span style=\"color: #000000;\"><strong>Comunidade Imaculada Concei\u00e7\u00e3o<\/strong><\/span><\/h4>\n<p><span style=\"color: #000000;\">Rua Frei Hermenegildo, 47 A, Aurora<\/span><\/p>\n<p><span style=\"color: #000000;\"> 65060-190 S\u00e3o Luis \u2013 MA<\/span><\/p>\n<p><span style=\"color: #000000;\"> Telefone: (98) 3244-0230<\/span><\/p>\n<p><span style=\"color: #000000;\"> E-mail: auroracssj@yahoo.com.br<\/span><\/p>\n<p><span style=\"color: #000000;\"> <div id=\"map-235-69d0ef6c97254\" class=\"wk-map wk-map-default\" style=\"height: 300px; width:100%;\" data-widgetkit=\"googlemaps\" data-options='{\"title\":\"Aurora\",\"lat\":\"-2.5482962\",\"lng\":\"-44.2326474\",\"icon\":\"red-dot\",\"popup\":1,\"text\":\"\",\"mainIcon\":\"red-dot\",\"style\":\"default\",\"width\":\"auto\",\"height\":300,\"mapTypeId\":\"hybrid\",\"zoom\":17,\"mapCtrl\":1,\"typeCtrl\":0,\"directions\":0,\"unitSystem\":0,\"clusterMarker\":0,\"styler_invert_lightness\":0,\"styler_hue\":\"\",\"styler_saturation\":0,\"styler_lightness\":0,\"styler_gamma\":0,\"adresses\":[]}'><\/div><\/span><\/p>\n","protected":false},"excerpt":{"rendered":"<p>Comunidade S\u00e3o Sigismundo Gorazdowski Rua: Professor Orlando Alves Chaves, 193 81320-250 Curitiba \u2013 PR Telefone: (41) 3329-4198 E-mail:cssj@irmasdesaojose.com.br Comunidade S\u00e3o Jos\u00e9 Rua Apap\u00f3ris, 488 21921-560 Rio de Janeiro \u2013 RJ Telefone: (21) 3396-0244 E-mail: cssjrio@yahoo.com.br Comunidade S\u00e3o Sigismundo Gorazdowski Pra\u00e7a Nelson Carvalho, 277 Centro 65360-000 Mon\u00e7\u00e3o \u2013 MA Telefone: (98) 3664-4376 Telefone: cssjmoncao@yahoo.com.br Comunidade S\u00e3o [&hellip;]<\/p>\n","protected":false},"author":1,"featured_media":0,"parent":0,"menu_order":0,"comment_status":"closed","ping_status":"closed","template":"","meta":{"_monsterinsights_skip_tracking":false,"_monsterinsights_sitenote_active":false,"_monsterinsights_sitenote_note":"","_monsterinsights_sitenote_category":0,"jetpack_post_was_ever_published":false,"footnotes":""},"jetpack_shortlink":"https:\/\/wp.me\/P4Ftkv-3v","jetpack_sharing_enabled":true,"_links":{"self":[{"href":"http:\/\/irmasdesaojose.com.br\/portal\/wp-json\/wp\/v2\/pages\/217"}],"collection":[{"href":"http:\/\/irmasdesaojose.com.br\/portal\/wp-json\/wp\/v2\/pages"}],"about":[{"href":"http:\/\/irmasdesaojose.com.br\/portal\/wp-json\/wp\/v2\/types\/page"}],"author":[{"embeddable":true,"href":"http:\/\/irmasdesaojose.com.br\/portal\/wp-json\/wp\/v2\/users\/1"}],"replies":[{"embeddable":true,"href":"http:\/\/irmasdesaojose.com.br\/portal\/wp-json\/wp\/v2\/comments?post=217"}],"version-history":[{"count":16,"href":"http:\/\/irmasdesaojose.com.br\/portal\/wp-json\/wp\/v2\/pages\/217\/revisions"}],"predecessor-version":[{"id":229,"href":"http:\/\/irmasdesaojose.com.br\/portal\/wp-json\/wp\/v2\/pages\/217\/revisions\/229"}],"wp:attachment":[{"href":"http:\/\/irmasdesaojose.com.br\/portal\/wp-json\/wp\/v2\/media?parent=217"}],"curies":[{"name":"wp","href":"https:\/\/api.w.org\/{rel}","templated":true}]}}