{"id":249,"date":"2014-05-25T19:44:35","date_gmt":"2014-05-25T19:44:35","guid":{"rendered":"http:\/\/irmasdesaojose.com.br\/portal\/?page_id=249"},"modified":"2017-02-15T19:16:13","modified_gmt":"2017-02-15T21:16:13","slug":"grupo-de-oracao-sao-jose","status":"publish","type":"page","link":"http:\/\/irmasdesaojose.com.br\/portal\/grupo-de-oracao-sao-jose\/","title":{"rendered":"Grupo de Ora\u00e7\u00e3o de S\u00e3o Jos\u00e9"},"content":{"rendered":"<p style=\"text-align: justify;\"><span style=\"color: #000000;\"><img decoding=\"async\" loading=\"lazy\" class=\" wp-image-3181 alignleft\" src=\"https:\/\/i0.wp.com\/irmasdesaojose.com.br\/portal\/wp-content\/uploads\/2014\/05\/S\u00e3o-Jose.png?resize=248%2C324\" alt=\"S\u00e3o Jose\" width=\"248\" height=\"324\" srcset=\"https:\/\/i0.wp.com\/irmasdesaojose.com.br\/portal\/wp-content\/uploads\/2014\/05\/S\u00e3o-Jose.png?resize=230%2C300 230w, https:\/\/i0.wp.com\/irmasdesaojose.com.br\/portal\/wp-content\/uploads\/2014\/05\/S\u00e3o-Jose.png?w=433 433w\" sizes=\"(max-width: 248px) 100vw, 248px\" data-recalc-dims=\"1\" \/><\/span><\/p>\n<h4 style=\"text-align: center;\"><\/h4>\n<h4 style=\"text-align: center;\"><span style=\"color: #000000;\"><strong><em>S\u00e3o Jos\u00e9, a v\u00f3s nosso amor <\/em><\/strong><\/span><br \/>\n<span style=\"color: #000000;\"><strong><em> Sede nosso bom protetor!<\/em><\/strong><\/span><\/h4>\n<p style=\"text-align: justify;\"><span style=\"color: #000000;\">\u00a0 \u00a0 \u00a0 No<strong> Grupo de Ora\u00e7\u00e3o de S\u00e3o Jos\u00e9<\/strong> podem participar os cat\u00f3licos que desejem realizar sua voca\u00e7\u00e3o atrav\u00e9s de\u00a0um caminho voltado \u00e0 especial confian\u00e7a a S\u00e3o Jos\u00e9.<\/span><\/p>\n<p style=\"text-align: justify;\"><span style=\"color: #000000;\"><strong>\u00a0 \u00a0 \u00a0 O Fundador da Congrega\u00e7\u00e3o das Irm\u00e3s de S\u00e3o Jos\u00e9 \u2013 Padre S\u00e3o Sigismundo Gorazdowski<\/strong> (1945-1920), amava ardentemente a S\u00e3o Jos\u00e9 e experimentava seus cuidados especiais.<\/span><\/p>\n<p style=\"text-align: justify;\"><span style=\"color: #000000;\">\u00a0 \u00a0 \u00a0 \u00a0Com plena confian\u00e7a entregou sob o seu patroc\u00ednio suas numerosas obras de caridade, que criava sob a inspira\u00e7\u00e3o do Esp\u00edrito de Deus. Ele foi capaz de amar a Cristo, de uma maneira especial, percebendo-O no homem necessitado, que sofria. A ora\u00e7\u00e3o, a f\u00e9 viva e o amor por cada ser humano era para S\u00e3o Sigismundo uma fonte de for\u00e7a e a fonte para toda a a\u00e7\u00e3o.<\/span><\/p>\n<p style=\"text-align: justify;\"><span style=\"color: #000000;\">\u00a0 \u00a0 \u00a0 \u00a0Padre S\u00e3o Sigismundo, cativado pelo papel de S\u00e3o Jos\u00e9, que Deus lhe tinha designado na Terra e no c\u00e9u<\/span>, <span style=\"color: #000000;\">escolheu-o como Padroeiro da Congrega\u00e7\u00e3o, para que as Irm\u00e3s, aprofundando sua espiritualidade, sejam como ele, dedicadas \u00e0s coisas de Deus, e sejam capazes de debru\u00e7ar-se sobre toda a pobreza, que tantas vezes \u00e9 a marca da vida humana. Sua devo\u00e7\u00e3o a S\u00e3o Jos\u00e9 levou muitas pessoas a entrarem neste caminho.<\/span><\/p>\n<p style=\"text-align: justify;\"><span style=\"color: #000000;\"><strong>\u00a0 \u00a0 \u00a0A Congrega\u00e7\u00e3o das Irm\u00e3s de S\u00e3o Jos\u00e9<\/strong>, durante os 134 anos de sua exist\u00eancia, experimenta constantemente um cuidado especial de\u00a0seu Patrono, que chama de Pai. Realizando o seu apostolado de acordo com o lema: <em>Cora\u00e7\u00e3o em Deus, m\u00e3os ao trabalho,<\/em> quer com o exemplo do seu Fundador, compartilhar como o p\u00e3o:<\/span><\/p>\n<ul>\n<li style=\"text-align: justify;\"><span style=\"color: #000000;\">a sua confian\u00e7a e amor por S\u00e3o Jos\u00e9, e a convic\u00e7\u00e3o na efic\u00e1cia das ora\u00e7\u00f5es por sua intercess\u00e3o;<\/span><\/li>\n<li style=\"text-align: justify;\"><span style=\"color: #000000;\">o carisma de caridade, que amplia o cora\u00e7\u00e3o humano e traz a paz e o bem ao mundo;<\/span><\/li>\n<\/ul>\n<p style=\"text-align: justify;\"><span style=\"color: #000000;\">Para esse fim, em\u00a0meio aos devotos de S\u00e3o Jos\u00e9, cria os <strong>GRUPOS DE ORA\u00c7\u00c3O DE S\u00c3O JOS\u00c9<\/strong> (cf. Diret\u00f3rio n\u00ba 108). A ess\u00eancia do Grupo de Ora\u00e7\u00e3o de S\u00e3o Jos\u00e9, determinam os seus Estatutos. Os membros n\u00e3o fazem nenhum voto ou promessa.<\/span><\/p>\n<p style=\"text-align: justify;\"><em><span style=\"color: #000000;\"><strong>\u00a0 \u00a0 \u00a0 O objetivo do Grupo de Ora\u00e7\u00e3o de S\u00e3o Jos\u00e9<\/strong> \u00e9 uma participa\u00e7\u00e3o mais plena na difus\u00e3o do Reino de Deus com o exemplo e a intercess\u00e3o de S\u00e3o Jos\u00e9. Os membros do Grupo de Ora\u00e7\u00e3o de S\u00e3o Jos\u00e9, tentam imitar em sua vida S\u00e3o Jos\u00e9 em Sua confian\u00e7a em Deus nas dificuldades da vida quotidiana, no amor e pelo cumprimento fiel da vontade de Deus, em Sua vida laboriosa, mergulhada em ora\u00e7\u00e3o e amor a Jesus e a Maria. Pela palavra e pelo exemplo, desenvolvem em seu ambiente o culto de S\u00e3o Jos\u00e9, atrav\u00e9s da celebra\u00e7\u00e3o solene das festas de S\u00e3o Jos\u00e9, atrav\u00e9s da especial devo\u00e7\u00e3o a S\u00e3o Jos\u00e9 em toda quarta-feira, e no m\u00eas de mar\u00e7o, bem como pela ora\u00e7\u00e3o di\u00e1ria a S\u00e3o Jos\u00e9.<\/span><\/em><\/p>\n<p style=\"text-align: justify;\"><span style=\"color: #000000;\">Unidos com o v\u00ednculo espiritual \u00e0\u00a0Congrega\u00e7\u00e3o, os membros dos Grupos est\u00e3o tentando conhecer mais e introduzir-se no carisma e na espiritualidade da Congrega\u00e7\u00e3o.\u00a0Aceitam a corresponsabilidade por seu trabalho mission\u00e1rio e pela pastoral vocacional, atrav\u00e9s da ora\u00e7\u00e3o, sacrif\u00edcio e participa\u00e7\u00e3o ativa, bem como participam nos frutos da ora\u00e7\u00e3o e bens espirituais da Congrega\u00e7\u00e3o.<\/span><\/p>\n<p style=\"text-align: justify;\"><span style=\"color: #000000;\">Os membros do Grupo de Ora\u00e7\u00e3o de S\u00e3o Jos\u00e9 na Pol\u00f4nia e no mundo atualmente formam uma Comunidade que conta com aproximadamente <strong>1 mil membros<\/strong>, sendo que\u00a0este n\u00famero est\u00e1 crescendo constantemente.<\/span><\/p>\n<p style=\"text-align: justify;\"><span style=\"color: #000000;\">Na <strong>Delega\u00e7\u00e3o Brasileira o GRUPO DE ORA\u00c7\u00c3O DE S\u00c3O JOS\u00c9<\/strong> existe nas seguintes comunidades: <em>Curitiba, Rio de Janeiro e S\u00e3o Lu\u00eds \u2013 Aurora<\/em>.<\/span><\/p>\n<p style=\"text-align: justify;\"><span style=\"color: #000000;\">Pe\u00e7amos a S\u00e3o Jos\u00e9 para que se espalhe cada vez mais o c\u00edrculo dos cora\u00e7\u00f5es preocupados com a gl\u00f3ria de Deus e a honra de S\u00e3o Jos\u00e9 e para que estes desejem, por intercess\u00e3o deste Protetor, aproximar o Reino de Deus ao mundo de hoje, que est\u00e1 sedento do amor e da miseric\u00f3rdia de Deus.<\/span><\/p>\n<p style=\"text-align: justify;\"><strong>\u00a0 \u00a0 \u00a0<\/strong><\/p>\n<h2 style=\"text-align: left;\"><span style=\"color: #000000;\">\u00a0 \u00a0 \u00a0 \u00a0 \u00a0 \u00a0 \u00a0<\/span><span style=\"color: #000000;\">\u00a0<\/span>\u00a0 \u00a0 \u00a0 \u00a0 \u00a0 \u00a0 \u00a0 \u00a0<strong><span style=\"color: #000000;\">Ora\u00e7\u00e3o de entrega \u00e0 S\u00e3o Jos\u00e9<\/span><\/strong><\/h2>\n<p style=\"text-align: justify;\"><span style=\"color: #000000;\"><img decoding=\"async\" loading=\"lazy\" class=\" wp-image-3225 alignright\" src=\"https:\/\/i0.wp.com\/irmasdesaojose.com.br\/portal\/wp-content\/uploads\/2014\/05\/GOSJ-2.png?resize=265%2C352\" alt=\"GOSJ 2\" width=\"265\" height=\"352\" srcset=\"https:\/\/i0.wp.com\/irmasdesaojose.com.br\/portal\/wp-content\/uploads\/2014\/05\/GOSJ-2.png?w=329 329w, https:\/\/i0.wp.com\/irmasdesaojose.com.br\/portal\/wp-content\/uploads\/2014\/05\/GOSJ-2.png?resize=226%2C300 226w\" sizes=\"(max-width: 265px) 100vw, 265px\" data-recalc-dims=\"1\" \/><br \/>\n<span style=\"color: #000080;\"><strong>Glorioso S\u00e3o Jos\u00e9, eu vos amo e bendigo, em uni\u00e3o com Jesus e Maria. Pai adotivo do Filho de Deus, V\u00f3s sois digno de ser louvado, venerado e invocado com especial amor e confian\u00e7a, pelo primor das vossas virtudes, pela emin\u00eancia da vossa dignidade, pela grandeza da vossa gl\u00f3ria e pelo poder da vossa intercess\u00e3o. Na presen\u00e7a da Sant\u00edssima Trindade, perante Jesus vosso Filho adotivo e Maria, vossa esposa imaculada e minha m\u00e3e amoros\u00edssima, eu me entrego a v\u00f3s, tomando-vos por meu pai, protetor e advogado junto a Jesus e Maria. Proponho firmemente, meu glorioso pai, nunca me esquecer de v\u00f3s, honrar-vos todos os dias que Deus me conceder e fazer o que estiver em meu alcance para inspirar tamb\u00e9m a outros uma terna e sincera devo\u00e7\u00e3o para convosco. Dignai-vos, eu vos pe\u00e7o, glorioso S\u00e3o Jos\u00e9, conceder-me a vossa prote\u00e7\u00e3o especial e admitir-me entre os vossos mais fervorosos servos. Vigiai sobre mim em todos os perigos e conservai-me o tesouro da pureza do cora\u00e7\u00e3o. Em todas as minhas a\u00e7\u00f5es, trabalhos e sofrimentos assisti-me, favorecei-me junto a Jesus e Maria, e n\u00e3o me desampareis na hora da minha morte.<\/strong><\/span><\/span><\/p>\n<p style=\"text-align: justify;\"><span style=\"color: #000080;\"><strong>Lembrai-vos, S\u00e3o Jos\u00e9, que com tanta confian\u00e7a me entreguei a v\u00f3s e rogai por mim agora e sempre. <em>Am\u00e9m.<\/em><\/strong><\/span><\/p>\n","protected":false},"excerpt":{"rendered":"<p>S\u00e3o Jos\u00e9, a v\u00f3s nosso amor Sede nosso bom protetor! \u00a0 \u00a0 \u00a0 No Grupo de Ora\u00e7\u00e3o de S\u00e3o Jos\u00e9 podem participar os cat\u00f3licos que desejem realizar sua voca\u00e7\u00e3o atrav\u00e9s de\u00a0um caminho voltado \u00e0 especial confian\u00e7a a S\u00e3o Jos\u00e9. \u00a0 \u00a0 \u00a0 O Fundador da Congrega\u00e7\u00e3o das Irm\u00e3s de S\u00e3o Jos\u00e9 \u2013 Padre S\u00e3o Sigismundo [&hellip;]<\/p>\n","protected":false},"author":1,"featured_media":0,"parent":0,"menu_order":0,"comment_status":"closed","ping_status":"closed","template":"","meta":{"_monsterinsights_skip_tracking":false,"_monsterinsights_sitenote_active":false,"_monsterinsights_sitenote_note":"","_monsterinsights_sitenote_category":0,"jetpack_post_was_ever_published":false,"footnotes":""},"jetpack_shortlink":"https:\/\/wp.me\/P4Ftkv-41","jetpack_sharing_enabled":true,"_links":{"self":[{"href":"http:\/\/irmasdesaojose.com.br\/portal\/wp-json\/wp\/v2\/pages\/249"}],"collection":[{"href":"http:\/\/irmasdesaojose.com.br\/portal\/wp-json\/wp\/v2\/pages"}],"about":[{"href":"http:\/\/irmasdesaojose.com.br\/portal\/wp-json\/wp\/v2\/types\/page"}],"author":[{"embeddable":true,"href":"http:\/\/irmasdesaojose.com.br\/portal\/wp-json\/wp\/v2\/users\/1"}],"replies":[{"embeddable":true,"href":"http:\/\/irmasdesaojose.com.br\/portal\/wp-json\/wp\/v2\/comments?post=249"}],"version-history":[{"count":28,"href":"http:\/\/irmasdesaojose.com.br\/portal\/wp-json\/wp\/v2\/pages\/249\/revisions"}],"predecessor-version":[{"id":5084,"href":"http:\/\/irmasdesaojose.com.br\/portal\/wp-json\/wp\/v2\/pages\/249\/revisions\/5084"}],"wp:attachment":[{"href":"http:\/\/irmasdesaojose.com.br\/portal\/wp-json\/wp\/v2\/media?parent=249"}],"curies":[{"name":"wp","href":"https:\/\/api.w.org\/{rel}","templated":true}]}}