{"id":268,"date":"2014-05-25T20:28:16","date_gmt":"2014-05-25T20:28:16","guid":{"rendered":"http:\/\/irmasdesaojose.com.br\/portal\/?page_id=268"},"modified":"2017-03-05T21:09:14","modified_gmt":"2017-03-06T00:09:14","slug":"sao-sigismundo-gorazdowski","status":"publish","type":"page","link":"http:\/\/irmasdesaojose.com.br\/portal\/sao-sigismundo-gorazdowski\/","title":{"rendered":"S\u00e3o Sigismundo Gorazdowski"},"content":{"rendered":"<p><span style=\"color: #000000;\"><strong>Inf\u00e2ncia<\/strong><\/span><\/p>\n<p style=\"text-align: justify;\"><span style=\"color: #000000;\">\u00a0<img decoding=\"async\" loading=\"lazy\" class=\"size-medium wp-image-3833 alignleft\" src=\"https:\/\/i0.wp.com\/irmasdesaojose.com.br\/portal\/wp-content\/uploads\/2014\/05\/Vida-1.jpg?resize=216%2C300\" alt=\"Vida 1\" width=\"216\" height=\"300\" srcset=\"https:\/\/i0.wp.com\/irmasdesaojose.com.br\/portal\/wp-content\/uploads\/2014\/05\/Vida-1.jpg?resize=216%2C300 216w, https:\/\/i0.wp.com\/irmasdesaojose.com.br\/portal\/wp-content\/uploads\/2014\/05\/Vida-1.jpg?w=491 491w\" sizes=\"(max-width: 216px) 100vw, 216px\" data-recalc-dims=\"1\" \/><strong>Sigismundo Carol Gorazdowski<\/strong> nasceu dia 01 de novembro de 1845, em uma fam\u00edlia nobre, na cidade de Sanok no Sudeste da Pol\u00f4nia (na \u00e9poca este territ\u00f3rio era chamado Gal\u00edcia), e ali na igreja dos Franciscanos no dia 09 de novembro foi batizado. Foi criado em uma boa fam\u00edlia cat\u00f3lica, onde se cultivava um\u00a0patriotismo profundo. Toda sua vida coincidia com uma \u00e9poca muito dif\u00edcil para a Pol\u00f4nia, que durante mais do que 200 anos desapareceu do mapa da Europa. O pa\u00eds foi ocupado e dividido entre os tr\u00eas imp\u00e9rios: R\u00fassia, Pr\u00fassia (Germ\u00e2nia) e \u00c1ustria.<\/span><\/p>\n<p style=\"text-align: justify;\"><span style=\"color: #000000;\">Quando ainda crian\u00e7a rec\u00e9m nascido Sigismundo, durante o\u00a0\u201cmassacre galega\u201d (uma revolta camponesa contra os nobres, nas \u00e1reas da Gal\u00edcia ocidental, de\u00a0fevereiro a\u00a0mar\u00e7o de 1846) foi escondido por sua bab\u00e1 sob uma pedra\u00a0de moinho, ele provavelmente nessa situa\u00e7\u00e3o contraiu uma doen\u00e7a pulmonar que o acompanharia durante toda a sua vida.<\/span><\/p>\n<p style=\"text-align: center;\"><span style=\"color: #000000;\">\n<div class=\"wk-gallery wk-gallery-wall clearfix round margin \">\n\n\t\t\n\t\t\t\n\t\t\t\t\t<a class=\"\" href=\"\/portal\/wp-content\/uploads\/FotosInstitucionais\/fundador\/familia\/Vida 2.jpg\" data-lightbox=\"group:3834-6a04887cb41c6\" title=\"Pia batismal onde Sigismundo foi batizado\" data-spotlight=\"effect:top\"><img src=\"\/portal\/wp-content\/plugins\/widgetkit\/cache\/gallery\/3834\/Vida 2-262f92f618.jpg\" width=\"300\" height=\"200\" alt=\"Vida 2\" \/><div class=\"overlay\">Pia batismal onde Sigismundo foi batizado<\/div><\/a>\n\t\t\t\t\n\t\t\n\t\t\t\n\t\t\t\t\t<a class=\"\" href=\"\/portal\/wp-content\/uploads\/FotosInstitucionais\/fundador\/familia\/vida 3.jpg\" data-lightbox=\"group:3834-6a04887cb41c6\" title=\"Placa em homenagem a S\u00e3o Sigismundo na Igreja dos Franciscanos em Sanok\" data-spotlight=\"effect:top\"><img src=\"\/portal\/wp-content\/plugins\/widgetkit\/cache\/gallery\/3834\/vida 3-3d27feee06.jpg\" width=\"300\" height=\"200\" alt=\"vida 3\" \/><div class=\"overlay\">Placa em homenagem a S\u00e3o Sigismundo na Igreja dos Franciscanos em Sanok<\/div><\/a>\n\t\t\t\t\n\t\n<\/div>\n\n<\/span><\/p>\n<p style=\"text-align: justify;\"><span style=\"color: #000000;\">Durante o estudo na escola em Sanok e Przemysl, ele mostrou-se um bom aluno; geralmente estava entre os melhores alunos da turma; cantava um soprano agrad\u00e1vel, depois um tenor agrad\u00e1vel; tinha uma paix\u00e3o por hist\u00f3ria, geografia e l\u00edngua polonesa. Na sala de aula geralmente demonstrava criatividade.<\/span><\/p>\n<hr \/>\n<p><span style=\"color: #000000;\"><strong>Juventude<\/strong><\/span><\/p>\n<p style=\"text-align: justify;\"><span style=\"color: #000000;\">Ainda como um estudante do ensino m\u00e9dio, com 18 anos de idade, Sigismundo participou no Levantamento de Janeiro, o que ocasionou o\u00a0agravamento de sua tuberculose. \u00c0\u00a0derrota e \u00e0\u00a0queda do levantamento, sobreviveu como uma prova\u00e7\u00e3o muito dolorosa. Depois de terminar o estudo em Przemysl, ele come\u00e7ou a estudar Direito na Universidade de Lviv. No entanto, no segundo ano de seus estudos, seguindo a voz do chamado, pediu para ser admitido no semin\u00e1rio em Lviv. Entre os estudantes, ele se destacava pela piedade, zelo e, apesar de seu car\u00e1ter impetuoso, grande submiss\u00e3o aos superiores.<\/span><\/p>\n<hr \/>\n<p style=\"text-align: justify;\"><span style=\"color: #000000;\"><strong>Os Pais<\/strong><\/span><\/p>\n<p style=\"text-align: justify;\"><span style=\"color: #000000;\">As testemunhas preservadas dizem que, uma educa\u00e7\u00e3o muito boa Sigismundo devia \u00e0\u00a0&#8220;<em>educa\u00e7\u00e3o de casa, da m\u00e3e e do pai, que, como modelos das virtudes polonesas e de cidad\u00e3os, com o seu exemplo, sua honestidade, consci\u00eancia, religiosidade, verdadeiro bem e a velha tradi\u00e7\u00e3o polonesa de educa\u00e7\u00e3o, com delicadeza e generosidade, foram capazes de despertar grandes virtudes do menino&#8221;<\/em>.\u00a0 Sobre os pais de Sigismundo se dizia que eram &#8220;muito inteligentes, honrados e grandes patriotas&#8221;. Padre Sigismundo Gorazdowski, com certeza lembrando-se de sua pr\u00f3pria inf\u00e2ncia, \u00a0em seus &#8220;Princ\u00edpios e regras de boas maneiras&#8221;, escreveu sobre o amor materno: <em>&#8220;O Senhor Deus tem derramado no cora\u00e7\u00e3o de m\u00e3e, um amor para o filho, n\u00e3o s\u00f3 porque ela com maior\u00a0dilig\u00eancia cuida o seu filho, mas, que sob a influ\u00eancia deste amor maternal, como se fosse sob a influ\u00eancia do calor solar, despertaria na crian\u00e7a o sentimento do amor, que um dia vai se direcionar primeiramente em dire\u00e7\u00e3o a Deus e, por fim, a tudo o que \u00e9 belo e nobre&#8221;.<\/em><\/span><\/p>\n<p style=\"text-align: center;\">\n<div class=\"wk-gallery wk-gallery-wall clearfix round margin \">\n\n\t\t\n\t\t\t\n\t\t\t\t\t<a class=\"\" href=\"\/portal\/wp-content\/uploads\/FotosInstitucionais\/fundador\/Vida 4.jpg\" data-lightbox=\"group:3837-6a04887cb503e\" title=\"Sigismundo aos oito anos com seus pais e sua irm\u00e3 Helena\" data-spotlight=\"effect:bottom\"><img src=\"\/portal\/wp-content\/plugins\/widgetkit\/cache\/gallery\/3837\/Vida 4-e01ee0e74d.jpg\" width=\"220\" height=\"350\" alt=\"Vida 4\" \/><div class=\"overlay\">Sigismundo aos oito anos com seus pais e sua irm\u00e3 Helena<\/div><\/a>\n\t\t\t\t\n\t\t\n\t\t\t\n\t\t\t\t\t<a class=\"\" href=\"\/portal\/wp-content\/uploads\/FotosInstitucionais\/fundador\/Vida 5.jpg\" data-lightbox=\"group:3837-6a04887cb503e\" title=\"S. Gorazdowski como estudante com seus pais e sua irm\u00e3 Helena\" data-spotlight=\"effect:bottom\"><img src=\"\/portal\/wp-content\/plugins\/widgetkit\/cache\/gallery\/3837\/Vida 5-9238bac541.jpg\" width=\"220\" height=\"350\" alt=\"Vida 5\" \/><div class=\"overlay\">S. Gorazdowski como estudante com seus pais e sua irm\u00e3 Helena<\/div><\/a>\n\t\t\t\t\n\t\n<\/div>\n\n<\/p>\n<p style=\"text-align: justify;\"><span style=\"color: #000000;\">Na fam\u00edlia Gorazdowski dominava uma atmosfera de m\u00fatuo amor, respeito e bondade, o clima de ora\u00e7\u00e3o e de trabalho, de confian\u00e7a em Deus nos momentos dif\u00edceis, na experi\u00eancia do sofrimento e de pobreza. Se cuidava nela de uma educa\u00e7\u00e3o crist\u00e3 abrangente para a colabora\u00e7\u00e3o com os outros em esp\u00edrito de respeito e amor e de constru\u00e7\u00e3o junto com eles, do bem comum em Cristo.<\/span><\/p>\n<hr \/>\n<p style=\"text-align: justify;\"><span style=\"color: #000000;\"><strong>Semin\u00e1rio<\/strong><\/span><\/p>\n<p style=\"text-align: justify;\"><span style=\"color: #000000;\">No semin\u00e1rio Sigismundo passou por\u00a0uma grande prova de f\u00e9. Devido \u00e0 gravidade da doen\u00e7a nos\u00a0pulm\u00f5es e as hemorragias que colocavam sua vida em grande risco, sua ordena\u00e7\u00e3o sacerdotal foi adiada por\u00a0tempo indefinido. Seus colegas, vendo\u00a0de perto o drama de sua vida, diziam que: a nega\u00e7\u00e3o da ordena\u00e7\u00e3o ao sacerd\u00f3cio foi para Sigismundo um golpe muito doloroso.\u00a0Ele sofreu moralmente e fisicamente, mas n\u00e3o perdeu a confian\u00e7a em Deus. Durante este tempo ele fez um voto a Deus: <strong>&#8220;Todo-Poderoso tenha compaix\u00e3o de seu humilde servo, da-me for\u00e7as para que eu possa\u00a0cumprir minha miss\u00e3o e a vida toda dedicarei para o bem dos outros&#8221;.<\/strong><\/span><\/p>\n<p style=\"text-align: justify;\"><span style=\"color: #000000;\"> Dois anos depois, sua sa\u00fade melhorou o suficiente para que ele pudesse ser ordenado sacerdote na Catedral de Lviv,\u00a0 no dia<strong> 25 de julho de 1871.<\/strong>\u00a0<\/span><\/p>\n<hr \/>\n<p style=\"text-align: justify;\"><span style=\"color: #000000;\"><strong>Os primeiros anos de sacerd\u00f3cio<\/strong><\/span><\/p>\n<p style=\"text-align: justify;\"><span style=\"color: #000000;\">Durante os primeiros seis anos de minist\u00e9rio sacerdotal em v\u00e1rias cidades da Arquidiocese de Lviv, ele foi conhecido como um sacerdote de um carisma especial, capaz de unir o trabalho \u00e0 caridade pastoral. Na \u00e9poca, em\u00a0muitas escolas, ele exercia o trabalho catequ\u00e9tico. As par\u00f3quias da Arquidiocese de Lviv naquela \u00e9poca, foram as mais extensas territorialmente em toda a ocupa\u00e7\u00e3o austr\u00edaca (Gal\u00edcia).<\/span><\/p>\n<p style=\"text-align: justify;\"><span style=\"color: #000000;\">Muitas vezes as par\u00f3quias constitu\u00edram uma d\u00fazia de munic\u00edpios. Pe. Gorazdowski, por exemplo na par\u00f3quia em Wojni\u0142ow, al\u00e9m de ter os alunos da escola local de quatro classes, teve de\u00a0dar catequese \u00e0s crian\u00e7as de\u00a0outras onze escolas de tempo integral e sete escolas paroquiais. Condi\u00e7\u00f5es semelhantes teve tamb\u00e9m em\u00a0outros lugares. Ele n\u00e3o se desencorajava com as dificuldades e empreendia uma s\u00e9rie de iniciativas para que a Boa Nova pudesse\u00a0chegar a todos.<\/span><\/p>\n<p style=\"text-align: center;\">\n<div class=\"wk-gallery wk-gallery-wall clearfix round margin \">\n\n\t\t\n\t\t\t\n\t\t\t\t\t<a class=\"\" href=\"\/portal\/wp-content\/uploads\/2016\/Vida 6.jpg\" data-lightbox=\"group:3839-6a04887cb7307\" title=\"Pe. S. Gorazdowski com o Metropolita de Lviv, Dom Jorge Bilczweski \" data-spotlight=\"effect:bottom\"><img src=\"\/portal\/wp-content\/plugins\/widgetkit\/cache\/gallery\/3839\/Vida 6-ca716f35e9.jpg\" width=\"300\" height=\"200\" alt=\"Vida 6\" \/><div class=\"overlay\">Pe. S. Gorazdowski com o Metropolita de Lviv, Dom Jorge Bilczweski <\/div><\/a>\n\t\t\t\t\n\t\t\n\t\t\t\n\t\t\t\t\t<a class=\"\" href=\"\/portal\/wp-content\/uploads\/2016\/Vida 7.jpg\" data-lightbox=\"group:3839-6a04887cb7307\" title=\"Pe. S. Gorazdowski com o Metropolita de Lviv Dom Jorge Bilczweski e as crian\u00e7as da Primeira Comunh\u00e3o da escola polono-alem\u00e3 de Lviv \" data-spotlight=\"effect:bottom\"><img src=\"\/portal\/wp-content\/plugins\/widgetkit\/cache\/gallery\/3839\/Vida 7-d72d76bb6c.jpg\" width=\"300\" height=\"200\" alt=\"Vida 7\" \/><div class=\"overlay\">Pe. S. Gorazdowski com o Metropolita de Lviv Dom Jorge Bilczweski e as crian\u00e7as da Primeira Comunh\u00e3o da escola polono-alem\u00e3 de Lviv <\/div><\/a>\n\t\t\t\t\n\t\n<\/div>\n\n<\/p>\n<p style=\"text-align: justify;\"><span style=\"color: #000000;\">Ele ajudava os necessitados de muitas maneiras. Por exemplo: durante a epidemia de c\u00f3lera em Wojni\u0142ow, ele ajudava\u00a0os doentes e, at\u00e9 mesmo com as pr\u00f3prias m\u00e3os, enterrava os mortos. quando o\u00a0chamavam a aten\u00e7\u00e3o ele respondia: &#8220;Deus cuida de mim&#8221;! Na Cr\u00f4nica da par\u00f3quia est\u00e1 escrito que mesmo os judeus beijavam as suas roupas, chamando-o de um <strong>homem santo<\/strong>.<\/span><\/p>\n<hr \/>\n<p style=\"text-align: justify;\"><span style=\"color: #000000;\"><strong>Trabalho em Lviv<\/strong><\/span><\/p>\n<p style=\"text-align: justify;\"><span style=\"color: #000000;\">A partir de 1877 iniciou as suas atividades sacerdotais e beneficentes em Lviv. Em cada par\u00f3quia onde trabalhava ele descobria a grande pobreza espiritual de seus fi\u00e9is e v\u00e1rias dificuldades no an\u00fancio da mensagem evang\u00e9lica, por isso\u00a0<strong>elaborou e editou v\u00e1rias obras escritas: o &#8220;Catecismo&#8221;, \u00a0&#8220;<\/strong><strong>Conselhos e Admoesta\u00e7\u00f5es&#8221;,<\/strong>\u00a0<strong>&#8220;Princ\u00edpios e Normas de Boa Educa\u00e7\u00e3o&#8221;<\/strong> para os pais e educadores.\u00a0Valorizando muito os dons dos santos Sacramentos, especialmente o da Eucaristia,\u00a0<strong>iniciou na arquidiocese de Lviv a pr\u00e1tica da Primeira Comunh\u00e3o comunit\u00e1ria para as crian\u00e7as. Foi tamb\u00e9m o grande propagador de lembran\u00e7as da Primeira Comunh\u00e3o e do sacramento do Crisma. <\/strong>Publicou tamb\u00e9m muitos artigos, principalmente pastorais, sociais e pedag\u00f3gicos. Criou a<strong> <em>\u00abSociedade Bom Pastor\u00bb<\/em> <\/strong>para auxiliar os sacerdotes e uma revista com o mesmo t\u00edtulo.<\/span><\/p>\n<p style=\"text-align: justify;\"><span style=\"color: #000000;\">O Padre Sigismundo, a exemplo de Cristo, esfor\u00e7ou-se para <strong>nunca excluir ningu\u00e9m<\/strong> de sua a\u00e7\u00e3o caritativa, especialmente os <strong>marginalizados<\/strong> pela sociedade.\u00a0<\/span><\/p>\n<p style=\"text-align: justify;\"><span style=\"color: #000000;\">\n<div class=\"wk-gallery wk-gallery-wall clearfix round margin \">\n\n\t\t\n\t\t\t\n\t\t\t\t\t<a class=\"\" href=\"\/portal\/wp-content\/uploads\/FotosInstitucionais\/fundador\/igrejas\/VIdaV.jpg\" data-lightbox=\"group:304-6a04887cb91a6\" title=\"Atual Igreja de S\u00e3o Nicolau\" data-spotlight=\"effect:bottom\"><img src=\"\/portal\/wp-content\/plugins\/widgetkit\/cache\/gallery\/304\/VIdaV-eaa7645e47.jpg\" width=\"270\" height=\"350\" alt=\"VIdaV\" \/><div class=\"overlay\">Atual Igreja de S\u00e3o Nicolau<\/div><\/a>\n\t\t\t\t\n\t\t\n\t\t\t\n\t\t\t\t\t<a class=\"\" href=\"\/portal\/wp-content\/uploads\/FotosInstitucionais\/fundador\/igrejas\/Vida I.jpg\" data-lightbox=\"group:304-6a04887cb91a6\" title=\"Igreja de S\u00e3o Nicolau antigamente \" data-spotlight=\"effect:bottom\"><img src=\"\/portal\/wp-content\/plugins\/widgetkit\/cache\/gallery\/304\/Vida I-ca3d14b126.jpg\" width=\"270\" height=\"350\" alt=\"Vida I\" \/><div class=\"overlay\">Igreja de S\u00e3o Nicolau antigamente <\/div><\/a>\n\t\t\t\t\n\t\t\n\t\t\t\n\t\t\t\t\t<a class=\"\" href=\"\/portal\/wp-content\/uploads\/FotosInstitucionais\/fundador\/igrejas\/Vida IIIA.jpg\" data-lightbox=\"group:304-6a04887cb91a6\" title=\"Amb\u00e3o no qual pregava o Padre Sigismundo\" data-spotlight=\"effect:bottom\"><img src=\"\/portal\/wp-content\/plugins\/widgetkit\/cache\/gallery\/304\/Vida IIIA-7c8bf96ff8.jpg\" width=\"270\" height=\"350\" alt=\"Vida IIIA\" \/><div class=\"overlay\">Amb\u00e3o no qual pregava o Padre Sigismundo<\/div><\/a>\n\t\t\t\t\n\t\t\n\t\t\t\n\t\t\t\t\t<a class=\"\" href=\"\/portal\/wp-content\/uploads\/FotosInstitucionais\/fundador\/igrejas\/Vida IV.jpg\" data-lightbox=\"group:304-6a04887cb91a6\" title=\"Interior da igreja  (atualmente)\" data-spotlight=\"effect:bottom\"><img src=\"\/portal\/wp-content\/plugins\/widgetkit\/cache\/gallery\/304\/Vida IV-2c15004c34.jpg\" width=\"270\" height=\"350\" alt=\"Vida IV\" \/><div class=\"overlay\">Interior da igreja  (atualmente)<\/div><\/a>\n\t\t\t\t\n\t\t\n\t\t\t\n\t\t\t\t\t<a class=\"\" href=\"\/portal\/wp-content\/uploads\/FotosInstitucionais\/fundador\/igrejas\/Vida IVA.jpg\" data-lightbox=\"group:304-6a04887cb91a6\" title=\"Altar orginal, da \u00e9poca de S\u00e3o Sigismundo\" data-spotlight=\"effect:bottom\"><img src=\"\/portal\/wp-content\/plugins\/widgetkit\/cache\/gallery\/304\/Vida IVA-8e7b88b85d.jpg\" width=\"270\" height=\"350\" alt=\"Vida IVA\" \/><div class=\"overlay\">Altar orginal, da \u00e9poca de S\u00e3o Sigismundo<\/div><\/a>\n\t\t\t\t\n\t\t\n\t\t\t\n\t\t\t\t\t<a class=\"\" href=\"\/portal\/wp-content\/uploads\/FotosInstitucionais\/fundador\/igrejas\/vidaII.jpg\" data-lightbox=\"group:304-6a04887cb91a6\" title=\"Interior da Igreja \" data-spotlight=\"effect:bottom\"><img src=\"\/portal\/wp-content\/plugins\/widgetkit\/cache\/gallery\/304\/vidaII-2062791e92.jpg\" width=\"270\" height=\"350\" alt=\"vidaII\" \/><div class=\"overlay\">Interior da Igreja <\/div><\/a>\n\t\t\t\t\n\t\n<\/div>\n\n<\/span><\/p>\n<p style=\"text-align: justify;\"><span style=\"color: #000000;\">Padre Sigismundo durante o seu trabalho em Lviv <strong>fundou v\u00e1rias obras de caridade: a\u00a0<em>Casa do Trabalho\u00a0<\/em><\/strong><em>para os mendigos sem lar; <strong>A<\/strong>\u00a0<strong>Cozinha Popular<\/strong>, servindo refei\u00e7\u00f5es a baixo custo aos trabalhadores, estudantes, crian\u00e7as e aos pobres da cidade; <strong>O abrigo para Incur\u00e1veis e Convalescentes<\/strong>\u00a0foi uma obra de miseric\u00f3rdia crist\u00e3 em resposta \u00e0s necessidades de pessoas sofredoras e doentes; <strong>O\u00a0Internato S\u00e3o Josaf\u00e1\u00a0<\/strong>para os pobres estudantes da escola pedag\u00f3gica; <strong>O<\/strong>\u00a0<strong>Instituto Menino Jesus<\/strong> para as m\u00e3es solteiras e as crian\u00e7as abandonadas;\u00a0fundou <strong>a Escola Cat\u00f3lica polono-alem\u00e3\u00a0<\/strong>para proteger as crian\u00e7as cat\u00f3licas da indiferen\u00e7a e do ate\u00edsmo.\u00a0 <\/em>Por muitos foi chamado e reconhecido como o<strong>\u00a0\u00abPadre dos Mendigos\u00bb <\/strong>e o<strong> \u00abPai dos Pobres\u00bb.\u00a0<\/strong><\/span><\/p>\n<p style=\"text-align: justify;\"><span style=\"color: #000000;\">Para dirigir a maioria de suas obras beneficentes, o Padre Sigismundo engajou as terci\u00e1rias franciscanas, de Tarnopol. Com passar do tempo elas juntamente com o Padre, preocupadas com uma forma\u00e7\u00e3o religiosa mais adequada, deram in\u00edcio a uma nova Congrega\u00e7\u00e3o Religiosa, que permanece at\u00e9 hoje e continua o carisma do seu Fundador: \u00a0<strong>a\u00a0Congrega\u00e7\u00e3o das Irm\u00e3s de S\u00e3o Jos\u00e9 (Irm\u00e3s Josefitas)<\/strong>.<\/span><\/p>\n<p style=\"text-align: center;\">\n<div class=\"wk-gallery wk-gallery-wall clearfix round margin \">\n\n\t\t\n\t\t\t\n\t\t\t\t\t<a class=\"\" href=\"\/portal\/wp-content\/uploads\/FotosInstitucionais\/fundador\/diversas\/cong2.jpg\" data-lightbox=\"group:308-6a04887cbb3fa\" title=\"Irm\u00e3s de S\u00e3o Jos\u00e9 no jardim\" data-spotlight=\"effect:bottom\"><img src=\"\/portal\/wp-content\/plugins\/widgetkit\/cache\/gallery\/308\/cong2-be80df1fbd.jpg\" width=\"300\" height=\"200\" alt=\"cong2\" \/><div class=\"overlay\">Irm\u00e3s de S\u00e3o Jos\u00e9 no jardim<\/div><\/a>\n\t\t\t\t\n\t\t\n\t\t\t\n\t\t\t\t\t<a class=\"\" href=\"\/portal\/wp-content\/uploads\/FotosInstitucionais\/fundador\/diversas\/congreg 1.jpg\" data-lightbox=\"group:308-6a04887cbb3fa\" title=\"Irm\u00e3s de S\u00e3o Jos\u00e9 com seu Fundador\" data-spotlight=\"effect:bottom\"><img src=\"\/portal\/wp-content\/plugins\/widgetkit\/cache\/gallery\/308\/congreg 1-226b7046fe.jpg\" width=\"300\" height=\"200\" alt=\"congreg 1\" \/><div class=\"overlay\">Irm\u00e3s de S\u00e3o Jos\u00e9 com seu Fundador<\/div><\/a>\n\t\t\t\t\n\t\n<\/div>\n\n<\/p>\n<p style=\"text-align: justify;\"><span style=\"color: #000000;\">Sigismundo Gorazdowski morreu no dia 1\u00b0 de janeiro de 1920,\u00a0em Lviv. Na \u00e9poca, se dizia que ele era\u00a0o olho do cego, a perna do coxo e o pai dos pobres.<\/span><\/p>\n<p style=\"text-align: center;\">\n<div class=\"wk-gallery wk-gallery-wall clearfix round margin \">\n\n\t\t\n\t\t\t\n\t\t\t\t\t<a class=\"\" href=\"\/portal\/wp-content\/uploads\/FotosInstitucionais\/acongregacao\/brasil\/goraz 3.jpg\" data-lightbox=\"group:92-6a04887cbc328\" title=\"T\u00famulo de S\u00e3o Sigismundo Gorazdowski, no cemit\u00e9rio Lyczakowski em Lviv \" data-spotlight=\"effect:bottom\"><img src=\"\/portal\/wp-content\/plugins\/widgetkit\/cache\/gallery\/92\/goraz 3-90181447fb.jpg\" width=\"270\" height=\"350\" alt=\"goraz 3\" \/><div class=\"overlay\">T\u00famulo de S\u00e3o Sigismundo Gorazdowski, no cemit\u00e9rio Lyczakowski em Lviv <\/div><\/a>\n\t\t\t\t\n\t\t\n\t\t\t\n\t\t\t\t\t<a class=\"\" href=\"\/portal\/wp-content\/uploads\/FotosInstitucionais\/acongregacao\/brasil\/goraz1.jpg\" data-lightbox=\"group:92-6a04887cbc328\" title=\"Pe. Sigismundo no decl\u00ednio de sua vida \" data-spotlight=\"effect:bottom\"><img src=\"\/portal\/wp-content\/plugins\/widgetkit\/cache\/gallery\/92\/goraz1-ed564cebd8.jpg\" width=\"270\" height=\"350\" alt=\"goraz1\" \/><div class=\"overlay\">Pe. Sigismundo no decl\u00ednio de sua vida <\/div><\/a>\n\t\t\t\t\n\t\n<\/div>\n\n<\/p>\n<p style=\"text-align: justify;\"><span style=\"color: #000000;\">Seu processo de beatifica\u00e7\u00e3o foi iniciado em 1989. No dia 26 de junho de 2001 o Santo Padre Jo\u00e3o Paulo II beatificou esse Ap\u00f3stolo da Miseric\u00f3rdia Divina,\u00a0<strong>cuja mem\u00f3ria \u00e9 celebrada no dia 26 de junho<\/strong>.\u00a0Foi canonizado em Roma, no dia 23 de outubro de 2005, pelo Papa Bento XVI.<\/span><\/p>\n<p style=\"text-align: center;\">\n<div class=\"wk-gallery wk-gallery-wall clearfix round margin \">\n\n\t\t\n\t\t\t\n\t\t\t\t\t<a class=\"\" href=\"\/portal\/wp-content\/uploads\/FotosInstitucionais\/fundador\/Canonizacao\/can1.jpg\" data-lightbox=\"group:310-6a04887cbd39c\" title=\"3. Roma - Missa de Canoniza\u00e7\u00e3o do Padre Sigismundo Gorazdowski\" data-spotlight=\"effect:bottom\"><img src=\"\/portal\/wp-content\/plugins\/widgetkit\/cache\/gallery\/310\/can1-08251de9ce.jpg\" width=\"300\" height=\"200\" alt=\"can1\" \/><div class=\"overlay\">3. Roma - Missa de Canoniza\u00e7\u00e3o do Padre Sigismundo Gorazdowski<\/div><\/a>\n\t\t\t\t\n\t\t\n\t\t\t\n\t\t\t\t\t<a class=\"\" href=\"\/portal\/wp-content\/uploads\/FotosInstitucionais\/fundador\/Canonizacao\/can2.jpg\" data-lightbox=\"group:310-6a04887cbd39c\" title=\"3. A alegria ap\u00f3s a beatifica\u00e7\u00e3o do Fundador\" data-spotlight=\"effect:bottom\"><img src=\"\/portal\/wp-content\/plugins\/widgetkit\/cache\/gallery\/310\/can2-7c0a57bdd2.jpg\" width=\"300\" height=\"200\" alt=\"can2\" \/><div class=\"overlay\">3. A alegria ap\u00f3s a beatifica\u00e7\u00e3o do Fundador<\/div><\/a>\n\t\t\t\t\n\t\t\n\t\t\t\n\t\t\t\t\t<a class=\"\" href=\"\/portal\/wp-content\/uploads\/FotosInstitucionais\/fundador\/Canonizacao\/Beat1.jpg\" data-lightbox=\"group:310-6a04887cbd39c\" title=\"1. Ir. Dolores - postuladora do processo de Beatifica\u00e7\u00e3o, agradecendo ao Papa Jo\u00e3o Paulo II pela beatifica\u00e7\u00e3o do Padre Sigismundo  \" data-spotlight=\"effect:bottom\"><img src=\"\/portal\/wp-content\/plugins\/widgetkit\/cache\/gallery\/310\/Beat1-bc3af0347a.jpg\" width=\"300\" height=\"200\" alt=\"Beat1\" \/><div class=\"overlay\">1. Ir. Dolores - postuladora do processo de Beatifica\u00e7\u00e3o, agradecendo ao Papa Jo\u00e3o Paulo II pela beatifica\u00e7\u00e3o do Padre Sigismundo  <\/div><\/a>\n\t\t\t\t\n\t\t\n\t\t\t\n\t\t\t\t\t<a class=\"\" href=\"\/portal\/wp-content\/uploads\/FotosInstitucionais\/fundador\/Canonizacao\/beat2.jpg\" data-lightbox=\"group:310-6a04887cbd39c\" title=\"2. Lviv - Missa de Beatifica\u00e7\u00e3o do Padre Sigismundo Gorazdowski\" data-spotlight=\"effect:bottom\"><img src=\"\/portal\/wp-content\/plugins\/widgetkit\/cache\/gallery\/310\/beat2-2883fbadcb.jpg\" width=\"300\" height=\"200\" alt=\"beat2\" \/><div class=\"overlay\">2. Lviv - Missa de Beatifica\u00e7\u00e3o do Padre Sigismundo Gorazdowski<\/div><\/a>\n\t\t\t\t\n\t\n<\/div>\n\n<\/p>\n","protected":false},"excerpt":{"rendered":"<p>Inf\u00e2ncia \u00a0Sigismundo Carol Gorazdowski nasceu dia 01 de novembro de 1845, em uma fam\u00edlia nobre, na cidade de Sanok no Sudeste da Pol\u00f4nia (na \u00e9poca este territ\u00f3rio era chamado Gal\u00edcia), e ali na igreja dos Franciscanos no dia 09 de novembro foi batizado. Foi criado em uma boa fam\u00edlia cat\u00f3lica, onde se cultivava um\u00a0patriotismo profundo. [&hellip;]<\/p>\n","protected":false},"author":1,"featured_media":0,"parent":0,"menu_order":0,"comment_status":"closed","ping_status":"closed","template":"","meta":{"_monsterinsights_skip_tracking":false,"_monsterinsights_sitenote_active":false,"_monsterinsights_sitenote_note":"","_monsterinsights_sitenote_category":0,"jetpack_post_was_ever_published":false,"footnotes":""},"jetpack_shortlink":"https:\/\/wp.me\/P4Ftkv-4k","jetpack_sharing_enabled":true,"_links":{"self":[{"href":"http:\/\/irmasdesaojose.com.br\/portal\/wp-json\/wp\/v2\/pages\/268"}],"collection":[{"href":"http:\/\/irmasdesaojose.com.br\/portal\/wp-json\/wp\/v2\/pages"}],"about":[{"href":"http:\/\/irmasdesaojose.com.br\/portal\/wp-json\/wp\/v2\/types\/page"}],"author":[{"embeddable":true,"href":"http:\/\/irmasdesaojose.com.br\/portal\/wp-json\/wp\/v2\/users\/1"}],"replies":[{"embeddable":true,"href":"http:\/\/irmasdesaojose.com.br\/portal\/wp-json\/wp\/v2\/comments?post=268"}],"version-history":[{"count":53,"href":"http:\/\/irmasdesaojose.com.br\/portal\/wp-json\/wp\/v2\/pages\/268\/revisions"}],"predecessor-version":[{"id":5208,"href":"http:\/\/irmasdesaojose.com.br\/portal\/wp-json\/wp\/v2\/pages\/268\/revisions\/5208"}],"wp:attachment":[{"href":"http:\/\/irmasdesaojose.com.br\/portal\/wp-json\/wp\/v2\/media?parent=268"}],"curies":[{"name":"wp","href":"https:\/\/api.w.org\/{rel}","templated":true}]}}