{"id":280,"date":"2014-05-25T20:36:14","date_gmt":"2014-05-25T20:36:14","guid":{"rendered":"http:\/\/irmasdesaojose.com.br\/portal\/?page_id=280"},"modified":"2017-02-21T19:53:00","modified_gmt":"2017-02-21T22:53:00","slug":"obras-de-sao-sigismundo-gorazdowski","status":"publish","type":"page","link":"http:\/\/irmasdesaojose.com.br\/portal\/obras-de-sao-sigismundo-gorazdowski\/","title":{"rendered":"Obras escritas e fundadas por S\u00e3o Sigismundo Gorazdowski"},"content":{"rendered":"<h2 style=\"text-align: justify;\"><span style=\"color: #000000;\"><strong>Publica\u00e7\u00f5es:<\/strong><\/span><\/h2>\n<p style=\"text-align: justify;\"><span style=\"color: #000000;\"><em><strong>Catecismo da Santa Igreja Cat\u00f3lica para o povo:<\/strong><\/em> No ano de 1875, iniciando seu trabalho pastoral como\u00a0administrador em Bukaczowice, publicou esse importante subs\u00eddio para ajudar as crian\u00e7as do local nos encontros de catequese. Nesse Catecismo, al\u00e9m da doutrina da Igreja Cat\u00f3lica, haviam fatos b\u00edblicos do Antigo e Novo Testamento, as principais ora\u00e7\u00f5es do crist\u00e3o, as ora\u00e7\u00f5es da Santa Missa e alguns cantos. Por isso, v\u00e1rias outras localidades come\u00e7aram a adot\u00e1-lo, sendo, inclusive, indicado como o melhor Catecismo pelo Consist\u00f3rio Episcopal de Przemysl, em 1884.<\/span><\/p>\n<p style=\"text-align: justify;\"><span style=\"color: #000000;\"><strong><em>Mios\u00f3tis. Conselhos e admoesta\u00e7\u00f5es para a juventude feminina:<\/em><\/strong>\u00a0Publicado em 1876, trazia ensinamentos para as meninas, destinados \u00e0 vida toda.<\/span><\/p>\n<p style=\"text-align: justify;\"><span style=\"color: #000000;\"><strong><em>Conselhos e admoesta\u00e7\u00f5es para a vida toda. Lembran\u00e7a para a juventude masculina no final dos estudos:<\/em> <\/strong>Tamb\u00e9m publicado em 1876, trazia orienta\u00e7\u00f5es para os meninos. Essas duas publica\u00e7\u00f5es exerceram uma importante influ\u00eancia sobre a juventude crist\u00e3.<\/span><\/p>\n<p style=\"text-align: justify;\"><span style=\"color: #000000;\"><em><strong>Bonus Pastor:<\/strong><\/em> Em 1877 por iniciativa do Pe. Sigismundo inicia-se a publica\u00e7\u00e3o da Revista Bonus Pastor, dedicada aos sacerdotes.<\/span><\/p>\n<h2 style=\"text-align: justify;\"><span style=\"color: #000000;\"><strong>Obras:<\/strong><\/span><\/h2>\n<p style=\"text-align: justify;\"><span style=\"color: #000000;\"><strong><em>Casa do Trabalho:<\/em> <\/strong>Fundada em 1882 pelo Pe. Sigismundo, era destinada a acolher os mendigos que desejavam recuperar a dignidade atrav\u00e9s do trabalho. Nesta casa os homens aprendiam marcenaria, trabalhavam na horta e cuidavam dos animais. As mulheres costuravam e faziam os demais servi\u00e7os da casa. O Pe. Sigismundo n\u00e3o esqueceu da assist\u00eancia espiritual para as pessoas que a\u00ed moravam, por isso, atrav\u00e9s da catequese e da ass\u00eddua participa\u00e7\u00e3o nos sacramentos, os auxiliava. O que era produzido na Casa do Trabalho era vendido e cada pessoa recebia um pequeno sal\u00e1rio para as suas despesas.<\/span><\/p>\n<p style=\"text-align: justify;\"><span style=\"color: #000000;\"><a href=\"http:\/\/irmasdesaojose.com.br\/portal\/wp-content\/uploads\/2014\/05\/ct.jpg\"><span style=\"color: #000000;\"><img decoding=\"async\" loading=\"lazy\" class=\"size-full wp-image-316 aligncenter\" src=\"https:\/\/i0.wp.com\/irmasdesaojose.com.br\/portal\/wp-content\/uploads\/2014\/05\/ct.jpg?resize=454%2C313\" alt=\"ct\" width=\"454\" height=\"313\" srcset=\"https:\/\/i0.wp.com\/irmasdesaojose.com.br\/portal\/wp-content\/uploads\/2014\/05\/ct.jpg?w=454 454w, https:\/\/i0.wp.com\/irmasdesaojose.com.br\/portal\/wp-content\/uploads\/2014\/05\/ct.jpg?resize=300%2C206 300w\" sizes=\"(max-width: 454px) 100vw, 454px\" data-recalc-dims=\"1\" \/><\/span><\/a><\/span><\/p>\n<p style=\"text-align: justify;\"><span style=\"color: #000000;\"><strong><em>Cozinha Popular:<\/em><\/strong> Tamb\u00e9m em 1882 teve in\u00edcio a Cozinha Popular, outra obra surgida do cora\u00e7\u00e3o de pastor do Pe. Sigismundo. Nesse lugar os almo\u00e7os eram vendidos por um\u00a0valor\u00a0simb\u00f3lico ou simplesmente fornecidos de gra\u00e7a.<\/span><\/p>\n<p style=\"text-align: justify;\"><span style=\"color: #000000;\"><strong><em>Congrega\u00e7\u00e3o das Irm\u00e3s de S\u00e3o Jos\u00e9:<\/em> <\/strong>Surgiu em 17 de fevereiro de 1884, em Lv\u00f3v, atrav\u00e9s dos esfor\u00e7os do Pe. Sigismundo. A Congrega\u00e7\u00e3o surgiu para ajudar o Pe. Sigismundo com as obras por ele fundadas. Foram cinco as primeiras Irm\u00e3s que receberam o h\u00e1bito religioso, dando in\u00edcio \u00e0 <strong>Congrega\u00e7\u00e3o das Irm\u00e3s da Caridade de S\u00e3o Jos\u00e9.<\/strong><\/span><\/p>\n<p style=\"text-align: justify;\"><span style=\"color: #000000;\"><a href=\"http:\/\/irmasdesaojose.com.br\/portal\/wp-content\/uploads\/2014\/05\/congregacao.jpg\"><span style=\"color: #000000;\"><img decoding=\"async\" loading=\"lazy\" class=\"size-full wp-image-317 aligncenter\" src=\"https:\/\/i0.wp.com\/irmasdesaojose.com.br\/portal\/wp-content\/uploads\/2014\/05\/congregacao.jpg?resize=454%2C313\" alt=\"congregacao\" width=\"454\" height=\"313\" srcset=\"https:\/\/i0.wp.com\/irmasdesaojose.com.br\/portal\/wp-content\/uploads\/2014\/05\/congregacao.jpg?w=454 454w, https:\/\/i0.wp.com\/irmasdesaojose.com.br\/portal\/wp-content\/uploads\/2014\/05\/congregacao.jpg?resize=300%2C206 300w\" sizes=\"(max-width: 454px) 100vw, 454px\" data-recalc-dims=\"1\" \/><\/span><\/a><\/span><\/p>\n<p style=\"text-align: justify;\"><span style=\"color: #000000;\"><strong><em>Instituto S\u00e3o Jos\u00e9 para incur\u00e1veis e convalescentes:<\/em> <\/strong>No mesmo ano, dando abertura ao seu zelo pastoral surgiu, por iniciativa do Pe. Sigismundo o Instituto S\u00e3o Jos\u00e9 para Incur\u00e1veis e Convalescentes, pois os hospitais n\u00e3o aceitavam os doentes por mais de seis semanas, independentemente da cura ou n\u00e3o do paciente. Para atender a essas pessoas o Pe. Sigismundo contava com a preciosa dedica\u00e7\u00e3o das Irm\u00e3s de S\u00e3o Jos\u00e9. Essa foi uma das obras mais caras ao Pe. Sigismundo, pois o pr\u00f3prio Senhor diz:<strong> \u201cestive doente&#8230;\u201d<\/strong><\/span><\/p>\n<p style=\"text-align: justify;\"><span style=\"color: #000000;\"><a href=\"http:\/\/irmasdesaojose.com.br\/portal\/wp-content\/uploads\/2014\/05\/nv.jpg\"><span style=\"color: #000000;\"><img decoding=\"async\" loading=\"lazy\" class=\"size-full wp-image-318 aligncenter\" src=\"https:\/\/i0.wp.com\/irmasdesaojose.com.br\/portal\/wp-content\/uploads\/2014\/05\/nv.jpg?resize=454%2C313\" alt=\"nv\" width=\"454\" height=\"313\" srcset=\"https:\/\/i0.wp.com\/irmasdesaojose.com.br\/portal\/wp-content\/uploads\/2014\/05\/nv.jpg?w=454 454w, https:\/\/i0.wp.com\/irmasdesaojose.com.br\/portal\/wp-content\/uploads\/2014\/05\/nv.jpg?resize=300%2C206 300w\" sizes=\"(max-width: 454px) 100vw, 454px\" data-recalc-dims=\"1\" \/><\/span><\/a><\/span><\/p>\n<p style=\"text-align: justify;\"><span style=\"color: #000000;\"><strong><em>Internato S\u00e3o Josaf\u00e1:<\/em><\/strong> Para os estudantes pobres da Escola de Pedagogia o Pe. Sigismundo fundou em 1886 o Internato S\u00e3o Josaf\u00e1, onde os estudantes al\u00e9m das condi\u00e7\u00f5es para o estudo, tamb\u00e9m podiam contar com o aux\u00edlio espiritual.<\/span><\/p>\n<p style=\"text-align: justify;\"><span style=\"color: #000000;\"><a href=\"http:\/\/irmasdesaojose.com.br\/portal\/wp-content\/uploads\/2014\/05\/sje.jpg\"><span style=\"color: #000000;\"><img decoding=\"async\" loading=\"lazy\" class=\"size-full wp-image-321 aligncenter\" src=\"https:\/\/i0.wp.com\/irmasdesaojose.com.br\/portal\/wp-content\/uploads\/2014\/05\/sje.jpg?resize=454%2C313\" alt=\"sje\" width=\"454\" height=\"313\" srcset=\"https:\/\/i0.wp.com\/irmasdesaojose.com.br\/portal\/wp-content\/uploads\/2014\/05\/sje.jpg?w=454 454w, https:\/\/i0.wp.com\/irmasdesaojose.com.br\/portal\/wp-content\/uploads\/2014\/05\/sje.jpg?resize=300%2C206 300w\" sizes=\"(max-width: 454px) 100vw, 454px\" data-recalc-dims=\"1\" \/><\/span><\/a><\/span><\/p>\n<p style=\"text-align: justify;\"><span style=\"color: #000000;\"><strong><em>Instituto Menino Jesus:<\/em><\/strong> Em 17 de fevereiro de 1892 a cidade de Lv\u00f3v foi presenteada com o Instituto Menino Jesus que acolhia as crian\u00e7as abandonadas e tamb\u00e9m as m\u00e3es solteiras que quisessem criar os seus filhos. At\u00e9 1920 o Instituto j\u00e1 havia prestado assist\u00eancia h\u00e1 tr\u00eas mil crian\u00e7as.<\/span><\/p>\n<p style=\"text-align: justify;\"><span style=\"color: #000000;\"><a href=\"http:\/\/irmasdesaojose.com.br\/portal\/wp-content\/uploads\/2014\/05\/mj.jpg\"><span style=\"color: #000000;\"><img decoding=\"async\" loading=\"lazy\" class=\"size-full wp-image-322 aligncenter\" src=\"https:\/\/i0.wp.com\/irmasdesaojose.com.br\/portal\/wp-content\/uploads\/2014\/05\/mj.jpg?resize=454%2C313\" alt=\"mj\" width=\"454\" height=\"313\" srcset=\"https:\/\/i0.wp.com\/irmasdesaojose.com.br\/portal\/wp-content\/uploads\/2014\/05\/mj.jpg?w=454 454w, https:\/\/i0.wp.com\/irmasdesaojose.com.br\/portal\/wp-content\/uploads\/2014\/05\/mj.jpg?resize=300%2C206 300w\" sizes=\"(max-width: 454px) 100vw, 454px\" data-recalc-dims=\"1\" \/><\/span><\/a><\/span><\/p>\n<p style=\"text-align: justify;\"><span style=\"color: #000000;\"><strong><em>Escola Cat\u00f3lica Polono-Alem\u00e3:<\/em> <\/strong>Surgiu em 1903, da dedica\u00e7\u00e3o do Pe. Sigismundo em dar \u00e0s crian\u00e7as a oportunidade de aprenderem a l\u00edngua alem\u00e3, mas sem descuidar da l\u00edngua materna. A l\u00edngua alem\u00e3 era necess\u00e1ria para quem desejasse seguir a carreira p\u00fablica ou militar.<\/span><\/p>\n<p style=\"text-align: justify;\"><span style=\"color: #000000;\"><strong><em>Sociedade das mulheres oper\u00e1rias:<\/em> <\/strong>Fundada em 1903 para ajudar as costureiras pobres de Lv\u00f3v.<\/span><\/p>\n","protected":false},"excerpt":{"rendered":"<p>Publica\u00e7\u00f5es: Catecismo da Santa Igreja Cat\u00f3lica para o povo: No ano de 1875, iniciando seu trabalho pastoral como\u00a0administrador em Bukaczowice, publicou esse importante subs\u00eddio para ajudar as crian\u00e7as do local nos encontros de catequese. Nesse Catecismo, al\u00e9m da doutrina da Igreja Cat\u00f3lica, haviam fatos b\u00edblicos do Antigo e Novo Testamento, as principais ora\u00e7\u00f5es do crist\u00e3o, [&hellip;]<\/p>\n","protected":false},"author":1,"featured_media":0,"parent":0,"menu_order":0,"comment_status":"closed","ping_status":"closed","template":"","meta":{"_monsterinsights_skip_tracking":false,"_monsterinsights_sitenote_active":false,"_monsterinsights_sitenote_note":"","_monsterinsights_sitenote_category":0,"jetpack_post_was_ever_published":false,"footnotes":""},"jetpack_shortlink":"https:\/\/wp.me\/P4Ftkv-4w","jetpack_sharing_enabled":true,"_links":{"self":[{"href":"http:\/\/irmasdesaojose.com.br\/portal\/wp-json\/wp\/v2\/pages\/280"}],"collection":[{"href":"http:\/\/irmasdesaojose.com.br\/portal\/wp-json\/wp\/v2\/pages"}],"about":[{"href":"http:\/\/irmasdesaojose.com.br\/portal\/wp-json\/wp\/v2\/types\/page"}],"author":[{"embeddable":true,"href":"http:\/\/irmasdesaojose.com.br\/portal\/wp-json\/wp\/v2\/users\/1"}],"replies":[{"embeddable":true,"href":"http:\/\/irmasdesaojose.com.br\/portal\/wp-json\/wp\/v2\/comments?post=280"}],"version-history":[{"count":10,"href":"http:\/\/irmasdesaojose.com.br\/portal\/wp-json\/wp\/v2\/pages\/280\/revisions"}],"predecessor-version":[{"id":3848,"href":"http:\/\/irmasdesaojose.com.br\/portal\/wp-json\/wp\/v2\/pages\/280\/revisions\/3848"}],"wp:attachment":[{"href":"http:\/\/irmasdesaojose.com.br\/portal\/wp-json\/wp\/v2\/media?parent=280"}],"curies":[{"name":"wp","href":"https:\/\/api.w.org\/{rel}","templated":true}]}}