{"id":3173,"date":"2016-02-09T10:47:36","date_gmt":"2016-02-09T12:47:36","guid":{"rendered":"http:\/\/irmasdesaojose.com.br\/portal\/?page_id=3173"},"modified":"2017-02-14T19:46:56","modified_gmt":"2017-02-14T21:46:56","slug":"gosj-curitiba","status":"publish","type":"page","link":"http:\/\/irmasdesaojose.com.br\/portal\/gosj-curitiba\/","title":{"rendered":"GOSJ &#8211; Curitiba"},"content":{"rendered":"<p style=\"text-align: justify;\"><span style=\"color: #800000;\"><strong>O Grupo de Ora\u00e7\u00e3o de S\u00e3o Jos\u00e9 em Curitiba<\/strong><\/span> <span style=\"color: #000000;\">foi o primeiro grupo implantado no Brasil pela <strong>Ir. Severina Wiejaczka.\u00a0<\/strong>Teve<\/span><span style=\"color: #000000;\">\u00a0in\u00edcio dia <strong>01 de maio de 1993. <\/strong>Por\u00a0muitos anos Ir. Severina foi animadora do Grupo.\u00a0<\/span><\/p>\n<p style=\"text-align: justify;\"><img decoding=\"async\" loading=\"lazy\" class=\" wp-image-3238 aligncenter\" src=\"https:\/\/i0.wp.com\/irmasdesaojose.com.br\/portal\/wp-content\/uploads\/2016\/02\/Slide1-3.jpg?resize=520%2C375\" alt=\"Slide1\" width=\"520\" height=\"375\" srcset=\"https:\/\/i0.wp.com\/irmasdesaojose.com.br\/portal\/wp-content\/uploads\/2016\/02\/Slide1-3.jpg?w=682 682w, https:\/\/i0.wp.com\/irmasdesaojose.com.br\/portal\/wp-content\/uploads\/2016\/02\/Slide1-3.jpg?resize=300%2C216 300w\" sizes=\"(max-width: 520px) 100vw, 520px\" data-recalc-dims=\"1\" \/><\/p>\n<p style=\"text-align: justify;\"><span style=\"color: #000000;\">Durante os 23 anos da exist\u00eancia do GOSJ em Curitiba muitas Irm\u00e3s foram respons\u00e1veis pela forma\u00e7\u00e3o dos membros. Muitos retiros e a\u00e7\u00f5es j\u00e1 foram realizados.<\/span><\/p>\n<p style=\"text-align: center;\">\n<div id=\"slideshow-3268-6a049444d85fe\" class=\"wk-slideshow wk-slideshow-default\" data-widgetkit=\"slideshow\" data-options='{\"style\":\"default\",\"autoplay\":0,\"interval\":5000,\"width\":1000,\"height\":380,\"duration\":500,\"index\":0,\"order\":\"default\",\"navigation\":1,\"buttons\":1,\"slices\":20,\"animated\":\"slide\",\"caption_animation_duration\":500}'>\n\t<div>\n\t\t<ul class=\"slides\">\n\n\t\t\t\t\t\t\t\t\t<li>\n\t\t\t\t<article class=\"wk-content clearfix\"><img src=\"https:\/\/i0.wp.com\/irmasdesaojose.com.br\/portal\/wp-content\/uploads\/2016\/02\/Slide3-2.jpg?resize=682%2C491\" alt=\"Slide3\" width=\"682\" height=\"491\" class=\"size-full wp-image-3240 aligncenter\" data-recalc-dims=\"1\" \/><\/article>\n\t\t\t<\/li>\n\t\t\t\t\t\t\t\t\t\t\t\t<li>\n\t\t\t\t<article class=\"wk-content clearfix\"><img src=\"data:image\/gif;base64,R0lGODlhAQABAJEAAAAAAP\/\/\/\/\/\/\/wAAACH5BAEHAAIALAAAAAABAAEAAAICVAEAOw==\" data-src=\"http:\/\/irmasdesaojose.com.br\/portal\/wp-content\/uploads\/2016\/02\/Slide4-1.jpg\" alt=\"Slide4\" width=\"682\" height=\"491\" class=\"size-full wp-image-3241 aligncenter\" \/><\/article>\n\t\t\t<\/li>\n\t\t\t\t\t\t\t\t\t\t\t\t<li>\n\t\t\t\t<article class=\"wk-content clearfix\"><img src=\"data:image\/gif;base64,R0lGODlhAQABAJEAAAAAAP\/\/\/\/\/\/\/wAAACH5BAEHAAIALAAAAAABAAEAAAICVAEAOw==\" data-src=\"http:\/\/irmasdesaojose.com.br\/portal\/wp-content\/uploads\/2016\/02\/Slide6-2.jpg\" alt=\"Slide6\" width=\"682\" height=\"491\" class=\"size-full wp-image-3243 aligncenter\" \/><\/article>\n\t\t\t<\/li>\n\t\t\t\t\t\t\t\t\t\t\t\t<li>\n\t\t\t\t<article class=\"wk-content clearfix\"><img src=\"data:image\/gif;base64,R0lGODlhAQABAJEAAAAAAP\/\/\/\/\/\/\/wAAACH5BAEHAAIALAAAAAABAAEAAAICVAEAOw==\" data-src=\"http:\/\/irmasdesaojose.com.br\/portal\/wp-content\/uploads\/2016\/02\/Slide5-4.jpg\" alt=\"Slide5\" width=\"682\" height=\"491\" class=\"size-full wp-image-3242 aligncenter\" \/><\/article>\n\t\t\t<\/li>\n\t\t\t\t\t\t\t\t\t\t\t\t<li>\n\t\t\t\t<article class=\"wk-content clearfix\"><img src=\"data:image\/gif;base64,R0lGODlhAQABAJEAAAAAAP\/\/\/\/\/\/\/wAAACH5BAEHAAIALAAAAAABAAEAAAICVAEAOw==\" data-src=\"http:\/\/irmasdesaojose.com.br\/portal\/wp-content\/uploads\/2016\/02\/Slide12-3.jpg\" alt=\"Slide12\" width=\"682\" height=\"491\" class=\"size-full wp-image-3249 aligncenter\" \/><\/article>\n\t\t\t<\/li>\n\t\t\t\t\t\t\t\t\t\t\t\t<li>\n\t\t\t\t<article class=\"wk-content clearfix\"><img src=\"data:image\/gif;base64,R0lGODlhAQABAJEAAAAAAP\/\/\/\/\/\/\/wAAACH5BAEHAAIALAAAAAABAAEAAAICVAEAOw==\" data-src=\"http:\/\/irmasdesaojose.com.br\/portal\/wp-content\/uploads\/2016\/02\/Slide16-2.jpg\" alt=\"Slide16\" width=\"682\" height=\"491\" class=\"size-full wp-image-3253 aligncenter\" \/><\/article>\n\t\t\t<\/li>\n\t\t\t\t\t\t\t\t\t\t\t\t<li>\n\t\t\t\t<article class=\"wk-content clearfix\"><img src=\"data:image\/gif;base64,R0lGODlhAQABAJEAAAAAAP\/\/\/\/\/\/\/wAAACH5BAEHAAIALAAAAAABAAEAAAICVAEAOw==\" data-src=\"http:\/\/irmasdesaojose.com.br\/portal\/wp-content\/uploads\/2016\/02\/Slide11-3.jpg\" alt=\"Slide11\" width=\"682\" height=\"491\" class=\"size-full wp-image-3248 aligncenter\" \/><\/article>\n\t\t\t<\/li>\n\t\t\t\t\t\t\t\t<\/ul>\n\t\t<div class=\"next\"><\/div><div class=\"prev\"><\/div>\t\t<div class=\"caption\"><\/div><ul class=\"captions\"><li><\/li><li><\/li><li><\/li><li><\/li><li><\/li><li><\/li><li><\/li><\/ul>\n\t<\/div>\n\t<ul class=\"nav\"><li><span><\/span><\/li><li><span><\/span><\/li><li><span><\/span><\/li><li><span><\/span><\/li><li><span><\/span><\/li><li><span><\/span><\/li><li><span><\/span><\/li><\/ul><\/div><\/p>\n<p style=\"text-align: justify;\"><span style=\"color: #000000;\">Atualmente os membros encontram-se semanalmente na <strong>Santa Missa na casa<\/strong> <strong>das Irm\u00e3s<\/strong>, e uma vez por m\u00eas, geralmente na <strong>primeira 4\u00aa feira<\/strong> do m\u00eas h\u00e1<strong>\u00a0uma forma\u00e7\u00e3o<\/strong>.\u00a0<\/span><em><span style=\"color: #000000;\">Reunimo-nos para aprender a amar Jesus e Maria, como S\u00e3o Jos\u00e9, atrav\u00e9s da ora\u00e7\u00e3o, do sacrif\u00edcio e da a\u00e7\u00e3o, \u00a0para &#8220;a gl\u00f3ria de Deus e o bem da Igreja&#8221; no melhor de nossa capacidade. <\/span><\/em><span style=\"color: #000000;\">Os t<\/span><span style=\"color: #000000;\">emas dos encontros de cada ano s\u00e3o diferentes, mas sempre ligados com a vida de S\u00e3o Jos\u00e9 e S\u00e3o Sigismundo.\u00a0<\/span><\/p>\n<p style=\"text-align: justify;\"><img decoding=\"async\" loading=\"lazy\" class=\"alignnone size-medium wp-image-3577\" src=\"https:\/\/i0.wp.com\/irmasdesaojose.com.br\/portal\/wp-content\/uploads\/2016\/02\/Slide1-10.jpg?resize=300%2C216\" alt=\"Slide1\" width=\"300\" height=\"216\" srcset=\"https:\/\/i0.wp.com\/irmasdesaojose.com.br\/portal\/wp-content\/uploads\/2016\/02\/Slide1-10.jpg?resize=300%2C216 300w, https:\/\/i0.wp.com\/irmasdesaojose.com.br\/portal\/wp-content\/uploads\/2016\/02\/Slide1-10.jpg?w=682 682w\" sizes=\"(max-width: 300px) 100vw, 300px\" data-recalc-dims=\"1\" \/>\u00a0<img decoding=\"async\" loading=\"lazy\" class=\"alignnone size-medium wp-image-3578\" src=\"https:\/\/i0.wp.com\/irmasdesaojose.com.br\/portal\/wp-content\/uploads\/2016\/02\/Slide2-9.jpg?resize=300%2C216\" alt=\"Slide2\" width=\"300\" height=\"216\" srcset=\"https:\/\/i0.wp.com\/irmasdesaojose.com.br\/portal\/wp-content\/uploads\/2016\/02\/Slide2-9.jpg?resize=300%2C216 300w, https:\/\/i0.wp.com\/irmasdesaojose.com.br\/portal\/wp-content\/uploads\/2016\/02\/Slide2-9.jpg?w=682 682w\" sizes=\"(max-width: 300px) 100vw, 300px\" data-recalc-dims=\"1\" \/>\u00a0<img decoding=\"async\" loading=\"lazy\" class=\"alignnone size-medium wp-image-3579\" src=\"https:\/\/i0.wp.com\/irmasdesaojose.com.br\/portal\/wp-content\/uploads\/2016\/02\/Slide3-10.jpg?resize=300%2C216\" alt=\"Slide3\" width=\"300\" height=\"216\" srcset=\"https:\/\/i0.wp.com\/irmasdesaojose.com.br\/portal\/wp-content\/uploads\/2016\/02\/Slide3-10.jpg?resize=300%2C216 300w, https:\/\/i0.wp.com\/irmasdesaojose.com.br\/portal\/wp-content\/uploads\/2016\/02\/Slide3-10.jpg?w=682 682w\" sizes=\"(max-width: 300px) 100vw, 300px\" data-recalc-dims=\"1\" \/>\u00a0<img decoding=\"async\" loading=\"lazy\" class=\"alignnone size-medium wp-image-3581\" src=\"https:\/\/i0.wp.com\/irmasdesaojose.com.br\/portal\/wp-content\/uploads\/2016\/02\/Slide5-10.jpg?resize=300%2C216\" alt=\"Slide5\" width=\"300\" height=\"216\" srcset=\"https:\/\/i0.wp.com\/irmasdesaojose.com.br\/portal\/wp-content\/uploads\/2016\/02\/Slide5-10.jpg?resize=300%2C216 300w, https:\/\/i0.wp.com\/irmasdesaojose.com.br\/portal\/wp-content\/uploads\/2016\/02\/Slide5-10.jpg?w=682 682w\" sizes=\"(max-width: 300px) 100vw, 300px\" data-recalc-dims=\"1\" \/>\u00a0<img decoding=\"async\" loading=\"lazy\" class=\"alignnone size-medium wp-image-3246\" src=\"https:\/\/i0.wp.com\/irmasdesaojose.com.br\/portal\/wp-content\/uploads\/2016\/02\/Slide9-3.jpg?resize=300%2C216\" alt=\"Slide9\" width=\"300\" height=\"216\" srcset=\"https:\/\/i0.wp.com\/irmasdesaojose.com.br\/portal\/wp-content\/uploads\/2016\/02\/Slide9-3.jpg?resize=300%2C216 300w, https:\/\/i0.wp.com\/irmasdesaojose.com.br\/portal\/wp-content\/uploads\/2016\/02\/Slide9-3.jpg?w=682 682w\" sizes=\"(max-width: 300px) 100vw, 300px\" data-recalc-dims=\"1\" \/>\u00a0\u00a0<img decoding=\"async\" loading=\"lazy\" class=\"alignnone size-medium wp-image-3245\" src=\"https:\/\/i0.wp.com\/irmasdesaojose.com.br\/portal\/wp-content\/uploads\/2016\/02\/Slide8-4.jpg?resize=300%2C216\" alt=\"Slide8\" width=\"300\" height=\"216\" srcset=\"https:\/\/i0.wp.com\/irmasdesaojose.com.br\/portal\/wp-content\/uploads\/2016\/02\/Slide8-4.jpg?resize=300%2C216 300w, https:\/\/i0.wp.com\/irmasdesaojose.com.br\/portal\/wp-content\/uploads\/2016\/02\/Slide8-4.jpg?w=682 682w\" sizes=\"(max-width: 300px) 100vw, 300px\" data-recalc-dims=\"1\" \/>\u00a0<img decoding=\"async\" loading=\"lazy\" class=\"alignnone size-medium wp-image-3580\" src=\"https:\/\/i0.wp.com\/irmasdesaojose.com.br\/portal\/wp-content\/uploads\/2016\/02\/Slide4-7.jpg?resize=300%2C216\" alt=\"Slide4\" width=\"300\" height=\"216\" srcset=\"https:\/\/i0.wp.com\/irmasdesaojose.com.br\/portal\/wp-content\/uploads\/2016\/02\/Slide4-7.jpg?resize=300%2C216 300w, https:\/\/i0.wp.com\/irmasdesaojose.com.br\/portal\/wp-content\/uploads\/2016\/02\/Slide4-7.jpg?w=682 682w\" sizes=\"(max-width: 300px) 100vw, 300px\" data-recalc-dims=\"1\" \/><\/p>\n<p style=\"text-align: justify;\"><span style=\"color: #000000;\">\u00c9 realizada tamb\u00e9m a peregrina\u00e7\u00e3o da <strong>Capelinha<\/strong>\u00a0<strong>de S\u00e3o Jos\u00e9 nas fam\u00edlias<\/strong>\u00a0<strong>dos membros\u00a0do Grupo.<\/strong>\u00a0Estes dias de especial devo\u00e7\u00e3o \u00e0 S\u00e3o Jos\u00e9 s\u00e3o especialmente celebrados.<\/span><\/p>\n<p style=\"text-align: justify;\"><span style=\"color: #000000;\">Uma vez por ano as Irm\u00e3s organizam para os membros do Grupo uma <strong>Tarde Josefina<\/strong>\u00a0ou um\u00a0<strong>dia de Retiro.\u00a0<\/strong>No ano de 2015 arrecadamos doa\u00e7\u00f5es e visitamos a ch\u00e1cara de recupera\u00e7\u00e3o para dependentes qu\u00edmicos\u00a0<strong>&#8220;Recanto da serenidade&#8221;,<\/strong> em Mandirituba, PR.\u00a0<\/span><\/p>\n<p style=\"text-align: justify;\"><img decoding=\"async\" loading=\"lazy\" class=\"size-medium wp-image-3254 alignleft\" src=\"https:\/\/i0.wp.com\/irmasdesaojose.com.br\/portal\/wp-content\/uploads\/2016\/02\/Slide17-1.jpg?resize=300%2C216\" alt=\"Slide17\" width=\"300\" height=\"216\" srcset=\"https:\/\/i0.wp.com\/irmasdesaojose.com.br\/portal\/wp-content\/uploads\/2016\/02\/Slide17-1.jpg?resize=300%2C216 300w, https:\/\/i0.wp.com\/irmasdesaojose.com.br\/portal\/wp-content\/uploads\/2016\/02\/Slide17-1.jpg?w=682 682w\" sizes=\"(max-width: 300px) 100vw, 300px\" data-recalc-dims=\"1\" \/><\/p>\n<p style=\"text-align: justify;\"><img decoding=\"async\" loading=\"lazy\" class=\"size-medium wp-image-3273 alignright\" src=\"https:\/\/i0.wp.com\/irmasdesaojose.com.br\/portal\/wp-content\/uploads\/2016\/02\/Zdjecia-na-strone-2.jpg?resize=300%2C216\" alt=\"Zdjecia na strone 2\" width=\"300\" height=\"216\" srcset=\"https:\/\/i0.wp.com\/irmasdesaojose.com.br\/portal\/wp-content\/uploads\/2016\/02\/Zdjecia-na-strone-2.jpg?resize=300%2C216 300w, https:\/\/i0.wp.com\/irmasdesaojose.com.br\/portal\/wp-content\/uploads\/2016\/02\/Zdjecia-na-strone-2.jpg?w=682 682w\" sizes=\"(max-width: 300px) 100vw, 300px\" data-recalc-dims=\"1\" \/><\/p>\n<p style=\"text-align: justify;\"><img decoding=\"async\" loading=\"lazy\" class=\"alignnone size-medium wp-image-3582\" src=\"https:\/\/i0.wp.com\/irmasdesaojose.com.br\/portal\/wp-content\/uploads\/2016\/02\/Slide6-8.jpg?resize=300%2C216\" alt=\"Slide6\" width=\"300\" height=\"216\" srcset=\"https:\/\/i0.wp.com\/irmasdesaojose.com.br\/portal\/wp-content\/uploads\/2016\/02\/Slide6-8.jpg?resize=300%2C216 300w, https:\/\/i0.wp.com\/irmasdesaojose.com.br\/portal\/wp-content\/uploads\/2016\/02\/Slide6-8.jpg?w=682 682w\" sizes=\"(max-width: 300px) 100vw, 300px\" data-recalc-dims=\"1\" \/>\u00a0\u00a0<img decoding=\"async\" loading=\"lazy\" class=\"alignnone size-medium wp-image-3583\" src=\"https:\/\/i0.wp.com\/irmasdesaojose.com.br\/portal\/wp-content\/uploads\/2016\/02\/Slide7-8.jpg?resize=300%2C216\" alt=\"Slide7\" width=\"300\" height=\"216\" srcset=\"https:\/\/i0.wp.com\/irmasdesaojose.com.br\/portal\/wp-content\/uploads\/2016\/02\/Slide7-8.jpg?resize=300%2C216 300w, https:\/\/i0.wp.com\/irmasdesaojose.com.br\/portal\/wp-content\/uploads\/2016\/02\/Slide7-8.jpg?w=682 682w\" sizes=\"(max-width: 300px) 100vw, 300px\" data-recalc-dims=\"1\" \/>\u00a0<img decoding=\"async\" loading=\"lazy\" class=\"alignnone size-medium wp-image-3586\" src=\"https:\/\/i0.wp.com\/irmasdesaojose.com.br\/portal\/wp-content\/uploads\/2016\/02\/Slide10-6.jpg?resize=300%2C216\" alt=\"Slide10\" width=\"300\" height=\"216\" srcset=\"https:\/\/i0.wp.com\/irmasdesaojose.com.br\/portal\/wp-content\/uploads\/2016\/02\/Slide10-6.jpg?resize=300%2C216 300w, https:\/\/i0.wp.com\/irmasdesaojose.com.br\/portal\/wp-content\/uploads\/2016\/02\/Slide10-6.jpg?w=682 682w\" sizes=\"(max-width: 300px) 100vw, 300px\" data-recalc-dims=\"1\" \/>\u00a0 \u00a0 \u00a0 \u00a0 \u00a0 \u00a0 \u00a0 \u00a0 \u00a0 \u00a0 \u00a0 \u00a0 \u00a0\u00a0<img decoding=\"async\" loading=\"lazy\" class=\"alignnone size-medium wp-image-3585\" src=\"https:\/\/i0.wp.com\/irmasdesaojose.com.br\/portal\/wp-content\/uploads\/2016\/02\/Slide9-7.jpg?resize=300%2C216\" alt=\"Slide9\" width=\"300\" height=\"216\" srcset=\"https:\/\/i0.wp.com\/irmasdesaojose.com.br\/portal\/wp-content\/uploads\/2016\/02\/Slide9-7.jpg?resize=300%2C216 300w, https:\/\/i0.wp.com\/irmasdesaojose.com.br\/portal\/wp-content\/uploads\/2016\/02\/Slide9-7.jpg?w=682 682w\" sizes=\"(max-width: 300px) 100vw, 300px\" data-recalc-dims=\"1\" \/><\/p>\n<p style=\"text-align: justify;\"><img decoding=\"async\" loading=\"lazy\" class=\"alignnone size-medium wp-image-3588\" src=\"https:\/\/i0.wp.com\/irmasdesaojose.com.br\/portal\/wp-content\/uploads\/2016\/02\/Slide11-6.jpg?resize=300%2C216\" alt=\"Slide11\" width=\"300\" height=\"216\" srcset=\"https:\/\/i0.wp.com\/irmasdesaojose.com.br\/portal\/wp-content\/uploads\/2016\/02\/Slide11-6.jpg?resize=300%2C216 300w, https:\/\/i0.wp.com\/irmasdesaojose.com.br\/portal\/wp-content\/uploads\/2016\/02\/Slide11-6.jpg?w=682 682w\" sizes=\"(max-width: 300px) 100vw, 300px\" data-recalc-dims=\"1\" \/>\u00a0 \u00a0 \u00a0 \u00a0 \u00a0 \u00a0 \u00a0 \u00a0 \u00a0 \u00a0 \u00a0 \u00a0 \u00a0<img decoding=\"async\" loading=\"lazy\" class=\"alignnone size-medium wp-image-3584\" src=\"https:\/\/i0.wp.com\/irmasdesaojose.com.br\/portal\/wp-content\/uploads\/2016\/02\/Slide8-9.jpg?resize=300%2C216\" alt=\"Slide8\" width=\"300\" height=\"216\" srcset=\"https:\/\/i0.wp.com\/irmasdesaojose.com.br\/portal\/wp-content\/uploads\/2016\/02\/Slide8-9.jpg?resize=300%2C216 300w, https:\/\/i0.wp.com\/irmasdesaojose.com.br\/portal\/wp-content\/uploads\/2016\/02\/Slide8-9.jpg?w=682 682w\" sizes=\"(max-width: 300px) 100vw, 300px\" data-recalc-dims=\"1\" \/><\/p>\n<p style=\"text-align: justify;\"><strong><span style=\"color: #000000;\">A Comunidade das Irm\u00e3s em Curitiba sempre pode contar com a ajuda dos membros nas festas organizadas durante o ano todo no Centro de Educa\u00e7\u00e3o Infantil Padre Sigismundo Gorazdowski.<\/span><\/strong><\/p>\n<h2 style=\"text-align: center;\"><span style=\"color: #800000;\"><strong>Convidamos tamb\u00e9m Voc\u00ea a fazer parte deste Grupo!<\/strong><\/span><\/h2>\n","protected":false},"excerpt":{"rendered":"<p>O Grupo de Ora\u00e7\u00e3o de S\u00e3o Jos\u00e9 em Curitiba foi o primeiro grupo implantado no Brasil pela Ir. Severina Wiejaczka.\u00a0Teve\u00a0in\u00edcio dia 01 de maio de 1993. Por\u00a0muitos anos Ir. Severina foi animadora do Grupo.\u00a0 Durante os 23 anos da exist\u00eancia do GOSJ em Curitiba muitas Irm\u00e3s foram respons\u00e1veis pela forma\u00e7\u00e3o dos membros. Muitos retiros e [&hellip;]<\/p>\n","protected":false},"author":1,"featured_media":0,"parent":0,"menu_order":0,"comment_status":"closed","ping_status":"closed","template":"","meta":{"_monsterinsights_skip_tracking":false,"_monsterinsights_sitenote_active":false,"_monsterinsights_sitenote_note":"","_monsterinsights_sitenote_category":0,"jetpack_post_was_ever_published":false,"footnotes":""},"jetpack_shortlink":"https:\/\/wp.me\/P4Ftkv-Pb","jetpack_sharing_enabled":true,"_links":{"self":[{"href":"http:\/\/irmasdesaojose.com.br\/portal\/wp-json\/wp\/v2\/pages\/3173"}],"collection":[{"href":"http:\/\/irmasdesaojose.com.br\/portal\/wp-json\/wp\/v2\/pages"}],"about":[{"href":"http:\/\/irmasdesaojose.com.br\/portal\/wp-json\/wp\/v2\/types\/page"}],"author":[{"embeddable":true,"href":"http:\/\/irmasdesaojose.com.br\/portal\/wp-json\/wp\/v2\/users\/1"}],"replies":[{"embeddable":true,"href":"http:\/\/irmasdesaojose.com.br\/portal\/wp-json\/wp\/v2\/comments?post=3173"}],"version-history":[{"count":27,"href":"http:\/\/irmasdesaojose.com.br\/portal\/wp-json\/wp\/v2\/pages\/3173\/revisions"}],"predecessor-version":[{"id":3587,"href":"http:\/\/irmasdesaojose.com.br\/portal\/wp-json\/wp\/v2\/pages\/3173\/revisions\/3587"}],"wp:attachment":[{"href":"http:\/\/irmasdesaojose.com.br\/portal\/wp-json\/wp\/v2\/media?parent=3173"}],"curies":[{"name":"wp","href":"https:\/\/api.w.org\/{rel}","templated":true}]}}