{"id":32,"date":"2014-03-23T19:49:49","date_gmt":"2014-03-23T19:49:49","guid":{"rendered":"http:\/\/irmasdesaojose.com.br\/portal\/?page_id=32"},"modified":"2017-02-20T22:01:54","modified_gmt":"2017-02-21T01:01:54","slug":"carisma","status":"publish","type":"page","link":"http:\/\/irmasdesaojose.com.br\/portal\/carisma\/","title":{"rendered":"O Carisma"},"content":{"rendered":"<p style=\"text-align: justify;\"><a href=\"https:\/\/i0.wp.com\/irmasdesaojose.com.br\/portal\/wp-content\/uploads\/2014\/03\/lavapes.png\"><img decoding=\"async\" loading=\"lazy\" class=\"size-medium wp-image-160 alignright\" src=\"https:\/\/i0.wp.com\/irmasdesaojose.com.br\/portal\/wp-content\/uploads\/2014\/03\/lavapes.png?resize=300%2C300\" alt=\"lavapes\" width=\"300\" height=\"300\" srcset=\"https:\/\/i0.wp.com\/irmasdesaojose.com.br\/portal\/wp-content\/uploads\/2014\/03\/lavapes.png?resize=300%2C300 300w, https:\/\/i0.wp.com\/irmasdesaojose.com.br\/portal\/wp-content\/uploads\/2014\/03\/lavapes.png?resize=150%2C150 150w, https:\/\/i0.wp.com\/irmasdesaojose.com.br\/portal\/wp-content\/uploads\/2014\/03\/lavapes.png?w=600 600w\" sizes=\"(max-width: 300px) 100vw, 300px\" data-recalc-dims=\"1\" \/><\/a><span style=\"color: #000000;\">O nosso <strong>Carisma<\/strong> \u00e9 um dom do Esp\u00edrito Santo que torna-nos capazes de viver as palavras de Jesus Cristo (Jo 13, 34b-35):<\/span><\/p>\n<p style=\"padding-left: 30px; text-align: justify;\"><span style=\"color: #000000;\"><strong>&#8220;Amai-vos uns aos outros como Eu vos tenho amado.<\/strong><\/span><br \/>\n<span style=\"color: #000000;\"> <strong> Nisto todos conhecer\u00e3o que sois meus disc\u00edpulos,<\/strong><\/span><br \/>\n<span style=\"color: #000000;\"> <strong> se vos amardes uns aos outros&#8221;.<\/strong><\/span><\/p>\n<p style=\"text-align: justify;\"><span style=\"color: #000000;\">Este Carisma se manifesta em atos concretos de miseric\u00f3rdia, em favor dos pobres de Cristo, por amor a Deus.<\/span><\/p>\n<p style=\"text-align: justify;\"><span style=\"color: #000000;\">Evangelho de Jesus Cristo, segundo S\u00e3o Lucas (Lc 10, 25-37)<\/span><\/p>\n<p style=\"padding-left: 30px; text-align: justify;\"><span style=\"color: #000000;\"><strong>Naquele tempo, um mestre da Lei se levantou e, querendo p\u00f4r Jesus em dificuldade, perguntou: &#8220;Mestre, que devo fazer para receber em heran\u00e7a a vida eterna?&#8221; Jesus lhe disse: &#8220;O que est\u00e1 escrito na Lei? Como l\u00eas?&#8221; Ele ent\u00e3o respondeu: &#8220;Amar\u00e1s o Senhor, teu Deus, de todo o teu cora\u00e7\u00e3o e com toda a tua alma, com toda a tua for\u00e7a e com toda a tua intelig\u00eancia; e ao teu pr\u00f3ximo como a ti mesmo!&#8221; Jesus lhe disse: &#8220;Tu respondeste corretamente. Faze isso e viver\u00e1s&#8221;. Ele, por\u00e9m, querendo justificar-se, disse a Jesus: &#8220;E quem \u00e9 o meu pr\u00f3ximo?&#8221; Jesus respondeu: &#8220;Certo homem descia de Jerusal\u00e9m para Jeric\u00f3 e caiu na m\u00e3o de assaltantes. Estes arrancaram-lhe tudo, espancaram-no, e foram-se embora, deixando-o quase morto. Por acaso, um sacerdote estava descendo por aquele caminho. Quando viu o homem, seguiu adiante, pelo outro lado. O mesmo aconteceu com um levita: chegou ao lugar, viu o homem e seguiu adiante, pelo outro lado. Mas um samaritano, que estava viajando, chegou perto dele, viu e sentiu compaix\u00e3o. Aproximou-se dele e fez curativos, derramando \u00f3leo e vinho nas feridas. Depois colocou o homem em seu pr\u00f3prio animal e levou-o a uma pens\u00e3o, onde cuidou dele. No dia seguinte, pegou duas moedas de prata e entregou-as ao dono da pens\u00e3o, recomendando: &#8216;Toma conta dele! Quando eu voltar, vou pagar o que tiveres gasto a mais'&#8221;. E Jesus perguntou: &#8220;Na tua opini\u00e3o, qual dos tr\u00eas foi o pr\u00f3ximo do homem que caiu nas m\u00e3os dos assaltantes?&#8221; Ele respondeu: &#8220;Aquele que usou de miseric\u00f3rdia para com ele&#8221;. Ent\u00e3o Jesus lhe disse: &#8220;Vai e faze a mesma coisa&#8221;.<\/strong><\/span><\/p>\n<h3 style=\"text-align: justify;\"><span style=\"color: #000000;\">Outros textos que ajudam na realiza\u00e7\u00e3o do Carisma:<\/span><\/h3>\n<p style=\"text-align: justify;\"><span style=\"color: #000000;\"><strong>Mt 25, 31 &#8211; 46<\/strong> \u2014 Ju\u00edzo<\/span><\/p>\n<p style=\"text-align: justify;\"><span style=\"color: #000000;\"><strong>At 4, 32 &#8211; 37<\/strong> \u2014 A partilha dos bens<\/span><\/p>\n<p style=\"text-align: justify;\"><span style=\"color: #000000;\"><strong>At 6, 1 &#8211; 7<\/strong>\u00a0\u2014 Elei\u00e7\u00e3o dos di\u00e1conos<\/span><\/p>\n<p style=\"text-align: justify;\"><span style=\"color: #000000;\"><strong>1Cor 9, 6 &#8211; 15<\/strong>\u00a0\u2014 Inten\u00e7\u00f5es generosas<\/span><\/p>\n","protected":false},"excerpt":{"rendered":"<p>O nosso Carisma \u00e9 um dom do Esp\u00edrito Santo que torna-nos capazes de viver as palavras de Jesus Cristo (Jo 13, 34b-35): &#8220;Amai-vos uns aos outros como Eu vos tenho amado. Nisto todos conhecer\u00e3o que sois meus disc\u00edpulos, se vos amardes uns aos outros&#8221;. Este Carisma se manifesta em atos concretos de miseric\u00f3rdia, em favor [&hellip;]<\/p>\n","protected":false},"author":1,"featured_media":0,"parent":0,"menu_order":0,"comment_status":"closed","ping_status":"closed","template":"","meta":{"_monsterinsights_skip_tracking":false,"_monsterinsights_sitenote_active":false,"_monsterinsights_sitenote_note":"","_monsterinsights_sitenote_category":0,"jetpack_post_was_ever_published":false,"footnotes":""},"jetpack_shortlink":"https:\/\/wp.me\/P4Ftkv-w","jetpack_sharing_enabled":true,"_links":{"self":[{"href":"http:\/\/irmasdesaojose.com.br\/portal\/wp-json\/wp\/v2\/pages\/32"}],"collection":[{"href":"http:\/\/irmasdesaojose.com.br\/portal\/wp-json\/wp\/v2\/pages"}],"about":[{"href":"http:\/\/irmasdesaojose.com.br\/portal\/wp-json\/wp\/v2\/types\/page"}],"author":[{"embeddable":true,"href":"http:\/\/irmasdesaojose.com.br\/portal\/wp-json\/wp\/v2\/users\/1"}],"replies":[{"embeddable":true,"href":"http:\/\/irmasdesaojose.com.br\/portal\/wp-json\/wp\/v2\/comments?post=32"}],"version-history":[{"count":33,"href":"http:\/\/irmasdesaojose.com.br\/portal\/wp-json\/wp\/v2\/pages\/32\/revisions"}],"predecessor-version":[{"id":5114,"href":"http:\/\/irmasdesaojose.com.br\/portal\/wp-json\/wp\/v2\/pages\/32\/revisions\/5114"}],"wp:attachment":[{"href":"http:\/\/irmasdesaojose.com.br\/portal\/wp-json\/wp\/v2\/media?parent=32"}],"curies":[{"name":"wp","href":"https:\/\/api.w.org\/{rel}","templated":true}]}}