{"id":3230,"date":"2016-02-10T15:34:40","date_gmt":"2016-02-10T17:34:40","guid":{"rendered":"http:\/\/irmasdesaojose.com.br\/portal\/?page_id=3230"},"modified":"2017-02-14T21:19:14","modified_gmt":"2017-02-14T23:19:14","slug":"gosj-barra-do-corda","status":"publish","type":"page","link":"http:\/\/irmasdesaojose.com.br\/portal\/gosj-barra-do-corda\/","title":{"rendered":"GOSJ &#8211; S\u00e3o Lu\u00eds &#8211; Aurora"},"content":{"rendered":"<p style=\"text-align: justify;\"><strong><span style=\"color: #800000;\">O Grupo de Ora\u00e7\u00e3o de S\u00e3o Jos\u00e9<\/span>\u00a0<span style=\"color: #800000;\">em S\u00e3o Lu\u00eds, MA &#8211; Comunidade da Aurora <\/span><\/strong><span style=\"color: #000000;\">foi fundado\u00a0<strong>em mar\u00e7o do ano de 2015<\/strong><strong>.\u00a0<\/strong>\u00a0A animadora do Grupo \u00e9 a <strong>Ir. Beise Potoczek.\u00a0<\/strong><\/span><\/p>\n<p style=\"text-align: justify;\"><span style=\"color: #000000;\">Durante a Santa Missa solene de <strong>S\u00e3o Jos\u00e9<\/strong>, esposo da Virgem Maria, celebrada na par\u00f3quia <strong>Nossa Senhora da Concei\u00e7\u00e3o do Anil<\/strong>, em S\u00e3o Lu\u00eds, MA, <strong>dezoito<\/strong> pessoas, incluindo <strong>duas<\/strong> crian\u00e7as, entraram oficialmente para o <strong>Grupo de Ora\u00e7\u00e3o de S\u00e3o Jos\u00e9<\/strong> e receberam a <strong>medalha<\/strong> deste grande Santo, como <strong>sinal de perten\u00e7a<\/strong> ao grupo fundado pelas <strong>Irm\u00e3s de S\u00e3o Jos\u00e9<\/strong>. O Grupo come\u00e7ou sua caminhada em mar\u00e7o de 2014.\u00a0<\/span><\/p>\n<p style=\"text-align: center;\"><span style=\"color: #000000;\">\u00a0\n<div id=\"slideshow-3300-6a04942a36411\" class=\"wk-slideshow wk-slideshow-default\" data-widgetkit=\"slideshow\" data-options='{\"style\":\"default\",\"autoplay\":0,\"interval\":5000,\"width\":1000,\"height\":380,\"duration\":500,\"index\":0,\"order\":\"default\",\"navigation\":1,\"buttons\":1,\"slices\":20,\"animated\":\"fade\",\"caption_animation_duration\":500}'>\n\t<div>\n\t\t<ul class=\"slides\">\n\n\t\t\t\t\t\t\t\t\t<li>\n\t\t\t\t<article class=\"wk-content clearfix\"><img src=\"https:\/\/i0.wp.com\/irmasdesaojose.com.br\/portal\/wp-content\/uploads\/2016\/02\/Slide1-4.jpg?resize=682%2C491\" alt=\"Slide1\" width=\"682\" height=\"491\" class=\"size-full wp-image-3291 aligncenter\" data-recalc-dims=\"1\" \/><\/article>\n\t\t\t<\/li>\n\t\t\t\t\t\t\t\t\t\t\t\t<li>\n\t\t\t\t<article class=\"wk-content clearfix\"><img src=\"data:image\/gif;base64,R0lGODlhAQABAJEAAAAAAP\/\/\/\/\/\/\/wAAACH5BAEHAAIALAAAAAABAAEAAAICVAEAOw==\" data-src=\"http:\/\/irmasdesaojose.com.br\/portal\/wp-content\/uploads\/2016\/02\/Slide3-4.jpg\" alt=\"Slide3\" width=\"682\" height=\"491\" class=\"size-full wp-image-3293 aligncenter\" \/><\/article>\n\t\t\t<\/li>\n\t\t\t\t\t\t\t\t\t\t\t\t<li>\n\t\t\t\t<article class=\"wk-content clearfix\"><img src=\"data:image\/gif;base64,R0lGODlhAQABAJEAAAAAAP\/\/\/\/\/\/\/wAAACH5BAEHAAIALAAAAAABAAEAAAICVAEAOw==\" data-src=\"http:\/\/irmasdesaojose.com.br\/portal\/wp-content\/uploads\/2016\/02\/Slide2-3.jpg\" alt=\"Slide2\" width=\"682\" height=\"491\" class=\"size-full wp-image-3292 aligncenter\" \/><\/article>\n\t\t\t<\/li>\n\t\t\t\t\t\t\t\t\t\t\t\t<li>\n\t\t\t\t<article class=\"wk-content clearfix\"><img src=\"data:image\/gif;base64,R0lGODlhAQABAJEAAAAAAP\/\/\/\/\/\/\/wAAACH5BAEHAAIALAAAAAABAAEAAAICVAEAOw==\" data-src=\"http:\/\/irmasdesaojose.com.br\/portal\/wp-content\/uploads\/2016\/02\/Slide6-4.jpg\" alt=\"Slide6\" width=\"682\" height=\"491\" class=\"size-full wp-image-3296 aligncenter\" \/><\/article>\n\t\t\t<\/li>\n\t\t\t\t\t\t\t\t\t\t\t\t<li>\n\t\t\t\t<article class=\"wk-content clearfix\"><img src=\"data:image\/gif;base64,R0lGODlhAQABAJEAAAAAAP\/\/\/\/\/\/\/wAAACH5BAEHAAIALAAAAAABAAEAAAICVAEAOw==\" data-src=\"http:\/\/irmasdesaojose.com.br\/portal\/wp-content\/uploads\/2016\/02\/Slide7-4.jpg\" alt=\"Slide7\" width=\"682\" height=\"491\" class=\"size-full wp-image-3299 aligncenter\" \/><\/article>\n\t\t\t<\/li>\n\t\t\t\t\t\t\t\t\t\t\t\t<li>\n\t\t\t\t<article class=\"wk-content clearfix\"><img src=\"data:image\/gif;base64,R0lGODlhAQABAJEAAAAAAP\/\/\/\/\/\/\/wAAACH5BAEHAAIALAAAAAABAAEAAAICVAEAOw==\" data-src=\"http:\/\/irmasdesaojose.com.br\/portal\/wp-content\/uploads\/2016\/02\/Slide5-6.jpg\" alt=\"Slide5\" width=\"682\" height=\"491\" class=\"size-full wp-image-3295 aligncenter\" \/><\/article>\n\t\t\t<\/li>\n\t\t\t\t\t\t\t\t<\/ul>\n\t\t<div class=\"next\"><\/div><div class=\"prev\"><\/div>\t\t<div class=\"caption\"><\/div><ul class=\"captions\"><li><\/li><li><\/li><li><\/li><li><\/li><li><\/li><li><\/li><\/ul>\n\t<\/div>\n\t<ul class=\"nav\"><li><span><\/span><\/li><li><span><\/span><\/li><li><span><\/span><\/li><li><span><\/span><\/li><li><span><\/span><\/li><li><span><\/span><\/li><\/ul><\/div> \u00a0 \u00a0<\/span><\/p>\n<p style=\"text-align: justify;\"><span style=\"color: #000000;\">\u00a0 \u00a0\u00a0<\/span><\/p>\n<h2 style=\"text-align: center;\"><span style=\"color: #000000;\">\u00a0 \u00a0 \u00a0 \u00a0 \u00a0<span style=\"color: #008000;\"><strong>Que S\u00e3o Jos\u00e9 proteja a Todos n\u00f3s!<\/strong><\/span><\/span><\/h2>\n<p style=\"text-align: justify;\">\n","protected":false},"excerpt":{"rendered":"<p>O Grupo de Ora\u00e7\u00e3o de S\u00e3o Jos\u00e9\u00a0em S\u00e3o Lu\u00eds, MA &#8211; Comunidade da Aurora foi fundado\u00a0em mar\u00e7o do ano de 2015.\u00a0\u00a0A animadora do Grupo \u00e9 a Ir. Beise Potoczek.\u00a0 Durante a Santa Missa solene de S\u00e3o Jos\u00e9, esposo da Virgem Maria, celebrada na par\u00f3quia Nossa Senhora da Concei\u00e7\u00e3o do Anil, em S\u00e3o Lu\u00eds, MA, dezoito [&hellip;]<\/p>\n","protected":false},"author":1,"featured_media":0,"parent":0,"menu_order":0,"comment_status":"closed","ping_status":"closed","template":"","meta":{"_monsterinsights_skip_tracking":false,"_monsterinsights_sitenote_active":false,"_monsterinsights_sitenote_note":"","_monsterinsights_sitenote_category":0,"jetpack_post_was_ever_published":false,"footnotes":""},"jetpack_shortlink":"https:\/\/wp.me\/P4Ftkv-Q6","jetpack_sharing_enabled":true,"_links":{"self":[{"href":"http:\/\/irmasdesaojose.com.br\/portal\/wp-json\/wp\/v2\/pages\/3230"}],"collection":[{"href":"http:\/\/irmasdesaojose.com.br\/portal\/wp-json\/wp\/v2\/pages"}],"about":[{"href":"http:\/\/irmasdesaojose.com.br\/portal\/wp-json\/wp\/v2\/types\/page"}],"author":[{"embeddable":true,"href":"http:\/\/irmasdesaojose.com.br\/portal\/wp-json\/wp\/v2\/users\/1"}],"replies":[{"embeddable":true,"href":"http:\/\/irmasdesaojose.com.br\/portal\/wp-json\/wp\/v2\/comments?post=3230"}],"version-history":[{"count":7,"href":"http:\/\/irmasdesaojose.com.br\/portal\/wp-json\/wp\/v2\/pages\/3230\/revisions"}],"predecessor-version":[{"id":5080,"href":"http:\/\/irmasdesaojose.com.br\/portal\/wp-json\/wp\/v2\/pages\/3230\/revisions\/5080"}],"wp:attachment":[{"href":"http:\/\/irmasdesaojose.com.br\/portal\/wp-json\/wp\/v2\/media?parent=3230"}],"curies":[{"name":"wp","href":"https:\/\/api.w.org\/{rel}","templated":true}]}}