{"id":3303,"date":"2016-02-11T14:34:13","date_gmt":"2016-02-11T16:34:13","guid":{"rendered":"http:\/\/irmasdesaojose.com.br\/portal\/?page_id=3303"},"modified":"2017-01-05T18:44:14","modified_gmt":"2017-01-05T20:44:14","slug":"batificacao","status":"publish","type":"page","link":"http:\/\/irmasdesaojose.com.br\/portal\/batificacao\/","title":{"rendered":"Beatifica\u00e7\u00e3o"},"content":{"rendered":"<p>&nbsp;<\/p>\n<h3 style=\"text-align: center;\"><span style=\"color: #000000;\"><strong>A\u00a0CAMINHO DOS ALTARES<\/strong><\/span><\/h3>\n<p>&nbsp;<\/p>\n<p style=\"text-align: justify;\"><span style=\"color: #000080;\"><span style=\"color: #000000;\">A crescente fama de santidade do Beato Padre Sigismundo Gorazdowski, deu in\u00edcio ao seu processo de beatifica\u00e7\u00e3o na <strong>Arquidiocese de Lviv em 29 de junho de 1989<\/strong>. Em <strong>abril de 1993<\/strong>, a documenta\u00e7\u00e3o do processo foi entregue \u00e0 Congrega\u00e7\u00e3o para as Causas dos Santos, em Roma. Em <strong>20 de dezembro de 1999<\/strong>, o Santo Padre, o Papa Jo\u00e3o Paulo II, promulgou o <em>Decreto sobre o hero\u00edsmo da vida e das virtudes do Servo de Deus Pe. S. Gorazdowski<b>.\u00a0<\/b><\/em>O Decreto diz entre outras coisas: <\/span><em>&#8220;A vida do Servo de Deus era um servi\u00e7o cont\u00ednuo de amor, realizado com grande bondade e gentileza em um esp\u00edrito de sacrif\u00edcio e const\u00e2ncia de vontade, superando com coragem a fraqueza da sa\u00fade. Ele realizava as obras de miseric\u00f3rdia para a alma e o corpo, e multiplicava as iniciativas para aliviar os sofrimentos dos outros e trazer o aux\u00edlio para salvar as almas. O amor de Cristo fez, com o fundamento das suas obras de caridade e a\u00e7\u00e3o social, que o pr\u00f3prio Cristo fosse a fonte de suas emo\u00e7\u00f5es e zelo. Com todo o cora\u00e7\u00e3o e com toda a for\u00e7a amava a Deus e serviu-lhe de bom grado e com alegria.\u00a0Ele era obediente a sua vontade, cumpriu sua lei, dia e noite trabalhou para o Seu Reino; evitava o pecado, lutava pela santidade. Sua esperan\u00e7a colocava no Senhor, em Sua Miseric\u00f3rdia e em Sua Provid\u00eancia. N\u00e3o se importava com as coisas terrenas\u00a0e compartilhava com os necessitados tudo o que tinha, assim, que no final de sua vida, ele p\u00f4de escrever que &#8220;n\u00e3o possu\u00ed nenhum bem material&#8221;&#8230; Como um verdadeiro homem de Deus, trabalhou incansavelmente e sofreu sem reclamar para a gl\u00f3ria de Deus; ele estava cheio de zelo e coragem na obra apost\u00f3lica, perseverante no trabalho, firme nas dificuldades, alegre na adversidade, paciente na doen\u00e7a, confiante na efic\u00e1cia da ora\u00e7\u00e3o. Com prud\u00eancia sobrenatural escolhia os caminhos certos para sua santifica\u00e7\u00e3o, trabalho apost\u00f3lico e na dire\u00e7\u00e3o das suas obras. Desta forma, agiu at\u00e9 o fim de seus dias, tendo a esperan\u00e7a de alcan\u00e7ar a recompensa da felicidade eterna que Deus, justo Juiz d\u00e1 a seus amigos&#8221;.<\/em><\/span><\/p>\n<p style=\"text-align: justify;\"><span style=\"color: #000000;\">No dia <strong>24 de abril de 2001<\/strong>, o Santo Padre o Papa Jo\u00e3o Paulo II solenemente promulgou o <em>Decreto<\/em> que atesta a cura milagrosa do Sr. Zdzislaw Raduchowski realizada pela intercess\u00e3o do Pe. S. Gorazdowski e enfim, no<strong>\u00a0dia 26 de junho de 2001, em Lviv, o Santo Padre Jo\u00e3o Paulo II realizou a beatifica\u00e7\u00e3o do Pe. Sigismundo Gorazdowski <\/strong><strong>&#8211; o Ap\u00f3stolo da Divina Miseric\u00f3rdia, &#8220;Pai dos Mendigos&#8221;, &#8220;Pai dos Pobres&#8221;.<\/strong><\/span><\/p>\n<p style=\"text-align: center;\">\n<div id=\"slideset-3369-69d11c7ba7f69\" class=\"wk-slideset wk-slideset-default\" data-widgetkit=\"slideset\" data-options='{\"style\":\"default\",\"width\":\"auto\",\"height\":600,\"effect\":\"slide\",\"index\":0,\"autoplay\":0,\"interval\":1000,\"items_per_set\":1,\"navigation\":1,\"buttons\":1,\"title\":0,\"duration\":300}'>\n\t<div>\n\t\t<div class=\"sets\">\n\t\t\t\t\t\t\t<ul class=\"set\">\n\t\t\t\t\t\t\t\t\t\t\t\t\t\t\t<li>\n\t\t\t\t\t\t<article class=\"wk-content\"><div id=\"attachment_3367\" style=\"width: 692px\" class=\"wp-caption aligncenter\"><img aria-describedby=\"caption-attachment-3367\" src=\"https:\/\/i0.wp.com\/irmasdesaojose.com.br\/portal\/wp-content\/uploads\/2016\/02\/Slide2-4.jpg?resize=682%2C491\" alt=\"Promulga\u00e7\u00e3o do decreto sobre \u201ea vida e as virtudes heroicas do Padre Sigismundo Gorazdowski, pelo Santo Padre o Papa Jo\u00e3o Paulo II  (Roma, 20 de dezembro de 1999)\" width=\"682\" height=\"491\" class=\"size-full wp-image-3367\" data-recalc-dims=\"1\" \/><p id=\"caption-attachment-3367\" class=\"wp-caption-text\"><span style=\"color: #000000;\">Promulga\u00e7\u00e3o do decreto sobre \u201ea vida e as virtudes heroicas do Padre Sigismundo Gorazdowski, pelo Santo Padre o Papa Jo\u00e3o Paulo II (Roma, 20 de dezembro de 1999)<\/span><\/p><\/div><\/article>\n\t\t\t\t\t\t\t\t\t\t\t<\/li>\n\t\t\t\t\t\t\t\t\t<\/ul>\n\t\t\t\t\t\t\t\t\t\t\t<ul class=\"set\">\n\t\t\t\t\t\t\t\t\t\t\t\t\t\t\t<li>\n\t\t\t\t\t\t<article class=\"wk-content\"><div id=\"attachment_3368\" style=\"width: 692px\" class=\"wp-caption aligncenter\"><img aria-describedby=\"caption-attachment-3368\" src=\"data:image\/gif;base64,R0lGODlhAQABAJEAAAAAAP\/\/\/\/\/\/\/wAAACH5BAEHAAIALAAAAAABAAEAAAICVAEAOw==\" data-src=\"http:\/\/irmasdesaojose.com.br\/portal\/wp-content\/uploads\/2016\/02\/Slide3-5.jpg\" alt=\"Entrega do livro sobre a vida e as virtudes heroicas do Padre Sigismundo Gorazdowski ao Santo Padre o Papa Jo\u00e3o Paulo II \u2013 pela ent\u00e3o Superiora Geral Madre Eugenia \u015awi\u0105tkowska, juntamente com a postuladora do processo Ir. Dolores Siuta, CSSJ (Roma, 25 de mar\u00e7o de 1999)\" width=\"682\" height=\"491\" class=\"size-full wp-image-3368\" \/><p id=\"caption-attachment-3368\" class=\"wp-caption-text\"><span style=\"color: #000000;\">Entrega do livro sobre a vida e as virtudes heroicas do Padre Sigismundo Gorazdowski ao Santo Padre o Papa Jo\u00e3o Paulo II \u2013 pela ent\u00e3o Superiora Geral Madre Eugenia \u015awi\u0105tkowska, juntamente com a postuladora do processo Ir. Dolores Siuta, CSSJ (Roma, 25 de mar\u00e7o de 1999)<\/span><\/p><\/div><\/article>\n\t\t\t\t\t\t\t\t\t\t\t<\/li>\n\t\t\t\t\t\t\t\t\t<\/ul>\n\t\t\t\t\t\t\t\t\t\t\t<ul class=\"set\">\n\t\t\t\t\t\t\t\t\t\t\t\t\t\t\t<li>\n\t\t\t\t\t\t<article class=\"wk-content\"><div id=\"attachment_3366\" style=\"width: 692px\" class=\"wp-caption aligncenter\"><img aria-describedby=\"caption-attachment-3366\" src=\"data:image\/gif;base64,R0lGODlhAQABAJEAAAAAAP\/\/\/\/\/\/\/wAAACH5BAEHAAIALAAAAAABAAEAAAICVAEAOw==\" data-src=\"http:\/\/irmasdesaojose.com.br\/portal\/wp-content\/uploads\/2016\/02\/Slide1-5.jpg\" alt=\"Zdzis\u0142aw Raduchowski, curado por intercess\u00e3o do Padre Sigismundo Gorazdowski, com sua esposa e filha (fim do processo a n\u00edvel diocesano- Crac\u00f3via, 15 de setembro de 1999)\" width=\"682\" height=\"491\" class=\"size-full wp-image-3366\" \/><p id=\"caption-attachment-3366\" class=\"wp-caption-text\"><span style=\"color: #000000;\">Zdzis\u0142aw Raduchowski, curado por intercess\u00e3o do Padre Sigismundo Gorazdowski, com sua esposa e filha (fim do processo a n\u00edvel diocesano- Crac\u00f3via, 15 de setembro de 1999)<\/span><\/p><\/div><\/article>\n\t\t\t\t\t\t\t\t\t\t\t<\/li>\n\t\t\t\t\t\t\t\t\t<\/ul>\n\t\t\t\t\t\t\t\t\t<\/div>\n\t\t<div class=\"next\"><\/div><div class=\"prev\"><\/div>\t<\/div>\n\t\t<ul class=\"nav icon\"><li><span><\/span><\/li><li><span><\/span><\/li><li><span><\/span><\/li><\/ul>\n\t<\/div><\/p>\n<p style=\"text-align: center;\">\u00a0<span style=\"color: #000000;\"><strong>O milagre da cura para a beatifica\u00e7\u00e3o do Pe. S. Gorazdowski<\/strong><\/span><\/p>\n<p style=\"text-align: justify;\"><span style=\"color: #000000;\">\u00a0\u00a0\u00a0\u00a0\u00a0\u00a0\u00a0\u00a0\u00a0 O milagre da cura de Zdzislaw Raduchowski ocorreu em Wroclaw em 1997. No dia 19 de fevereiro de 1997 o Sr. Zdzislaw Raduchowski sofreu um acidente automobil\u00edstico em consequ\u00eancia do qual sofreu uma s\u00e9rie de s\u00e9rias les\u00f5es de muitos \u00f3rg\u00e3os e em estado cr\u00edtico foi levado a um hospital. Durante um m\u00eas e meio o doente permaneceu inconsciente, e a sua vida estava seriamente amea\u00e7ada. Os m\u00e9dicos n\u00e3o auguravam esperan\u00e7as para a sua vida, muito menos para a plena recupera\u00e7\u00e3o da sa\u00fade.<\/span><\/p>\n<p style=\"text-align: justify;\"><span style=\"color: #000000;\">\u00a0\u00a0\u00a0\u00a0\u00a0\u00a0\u00a0\u00a0\u00a0 Naquele tempo a filha do Sr. Raduchowski frequentava uma pr\u00e9-escola dirigida pelas Irm\u00e3s de S\u00e3o Jos\u00e9. Tendo tomado conhecimento do tr\u00e1gico acidente sofrido pelo Senhor Zdzislaw, essas irm\u00e3s iniciaram de imediato uma Novena, pedindo a d\u00e1diva da sa\u00fade para ele pela intercess\u00e3o do Pe. Sigismundo Gorazdowski. Ao mesmo tempo, pedindo a intercess\u00e3o desse Sacerdote, rezava incessantemente a fam\u00edlia do doente, bem como as crian\u00e7as com a irm\u00e3 professora e os pais da pr\u00e9-escola frequentada pela filha de Z. Raduchowski.<\/span><\/p>\n<p style=\"text-align: justify;\"><span style=\"color: #000000;\">Contrariando os progn\u00f3sticos apresentados pelos m\u00e9dicos e para a surpresa dos familiares, bem como dos pr\u00f3prios m\u00e9dicos, o estado de sa\u00fade de Z. Raduchowski de repente melhorou, a tal ponto que em junho de 1997 ele deixou o hospital e quase que de imediato voltou ao trabalho e \u00e0 vida normal. A sua total, repentina e medicinalmente inexplic\u00e1vel volta \u00e0 plena sa\u00fade foi confirmada por detalhados exames m\u00e9dicos.<\/span><\/p>\n<hr \/>\n<p>&nbsp;<\/p>\n<p><span style=\"color: #000000;\"><strong>TRECHOS DA HOMILIA DO SANTO PADRE JO\u00c3O PAULO II<\/strong> <strong>durante a Santa Missa da Beatifica\u00e7\u00e3o, Lviv, 26 de Junho de 2001<\/strong><\/span><\/p>\n<p>&nbsp;<\/p>\n<p><span style=\"color: #000000;\"><em>&#8220;Fazei o que Ele vos disser&#8221; (Jo 2,5).\u00a0<\/em><\/span><span style=\"color: #000000;\">\u00a0<img decoding=\"async\" loading=\"lazy\" class=\" wp-image-3380 alignleft\" src=\"https:\/\/i0.wp.com\/irmasdesaojose.com.br\/portal\/wp-content\/uploads\/2016\/02\/Zdjecia-na-strone-3.jpg?resize=370%2C513\" alt=\"Zdjecia na strone\" width=\"370\" height=\"513\" srcset=\"https:\/\/i0.wp.com\/irmasdesaojose.com.br\/portal\/wp-content\/uploads\/2016\/02\/Zdjecia-na-strone-3.jpg?w=491 491w, https:\/\/i0.wp.com\/irmasdesaojose.com.br\/portal\/wp-content\/uploads\/2016\/02\/Zdjecia-na-strone-3.jpg?resize=216%2C300 216w\" sizes=\"(max-width: 370px) 100vw, 370px\" data-recalc-dims=\"1\" \/> <\/span><\/p>\n<p style=\"text-align: justify;\"><span style=\"color: #000000;\">O trecho do Evangelho, h\u00e1 pouco proclamado, apresenta a primeira interven\u00e7\u00e3o de Maria na vida p\u00fablica de Jesus e p\u00f5e em realce a sua coopera\u00e7\u00e3o na miss\u00e3o do Filho. Em Can\u00e1, no decurso das bodas nupciais em que tomam parte Maria, Jesus e os seus disc\u00edpulos, vem a faltar o vinho. Manifestando a sua f\u00e9 no Filho e indo em aux\u00edlio dos dois jovens esposos em dificuldade, Maria pede ao Salvador que providencie, realizando o primeiro milagre.<\/span><\/p>\n<p style=\"text-align: justify;\"><span style=\"color: #000000;\"><em>&#8220;Que temos n\u00f3s com isso, mulher? A minha hora ainda n\u00e3o chegou&#8221;<\/em> (Jo 2, 4) responde-lhe Jesus. Perante estas palavras, Maria n\u00e3o esmorece e, dirigindo-se aos serventes, diz: <em>&#8220;Fazei o que Ele vos disser&#8221;<\/em> (Jo 2, 5). Ela renova a sua confian\u00e7a no Filho e v\u00ea premiada a sua intercess\u00e3o com o milagre.<\/span><\/p>\n<p style=\"text-align: justify;\"><span style=\"color: #000000;\">O epis\u00f3dio evang\u00e9lico convida-nos hoje a contemplar Maria como &#8220;Aux\u00edlio dos crist\u00e3os&#8221;, em todas as necessidades. Seria instrutivo percorrer as vicissitudes do povo fiel para reconhecer os sinais da prote\u00e7\u00e3o maternal de Maria, sempre sol\u00edcita pelo bem dos seus filhos. Poder\u00edamos recolher muitos testemunhos das interven\u00e7\u00f5es de Maria na salvaguarda de cada um e da comunidade. Mas podemos recolher os testemunhos mais belos na vida dos vossos santos.<\/span><\/p>\n<p style=\"text-align: justify;\"><span style=\"color: #000000;\">Fixemos hoje o nosso olhar em dois filhos desta Terra, que tiraram da devo\u00e7\u00e3o \u00e0 Virgem Sant\u00edssima o est\u00edmulo para um caminho de perfei\u00e7\u00e3o, hoje solenemente reconhecido. S\u00e3o o Arcebispo Jos\u00e9 Bilczewski e o sacerdote Sigismundo Gorazdowski. Ambos nutriram um profundo amor pela M\u00e3e do Senhor. A sua vida e o seu servi\u00e7o pastoral foram uma cont\u00ednua resposta ao seu convite: <em>&#8220;Fazei o que Ele vos disser&#8221;<\/em>. Heroicamente obedientes aos ensinamentos do Senhor, percorreram o caminho estreito da santidade. Ambos viveram aqui em Lviv, quase no mesmo per\u00edodo e hoje hoje s\u00e3o inscritos juntos no \u00c1lbum dos Beatos (&#8230;)<\/span><\/p>\n<p style=\"text-align: justify;\"><span style=\"color: #000000;\"><strong><img decoding=\"async\" loading=\"lazy\" class=\" wp-image-3381 alignright\" src=\"https:\/\/i0.wp.com\/irmasdesaojose.com.br\/portal\/wp-content\/uploads\/2016\/02\/Zdjecia-na-strone.jpg2_.jpg?resize=392%2C545\" alt=\"Zdjecia na strone.jpg2\" width=\"392\" height=\"545\" srcset=\"https:\/\/i0.wp.com\/irmasdesaojose.com.br\/portal\/wp-content\/uploads\/2016\/02\/Zdjecia-na-strone.jpg2_.jpg?w=491 491w, https:\/\/i0.wp.com\/irmasdesaojose.com.br\/portal\/wp-content\/uploads\/2016\/02\/Zdjecia-na-strone.jpg2_.jpg?resize=216%2C300 216w\" sizes=\"(max-width: 392px) 100vw, 392px\" data-recalc-dims=\"1\" \/><\/strong><\/span><span style=\"color: #000000;\">Durante os anos do episcopado de Dom Jos\u00e9 Bilczewski, viveu em Lviv a \u00faltima parte da sua exist\u00eancia terrena tamb\u00e9m o <strong>Padre Sigismundo Gorazdowski, aut\u00eantica p\u00e9rola do clero latino desta Arquidiocese<\/strong>. A sua extraordin\u00e1ria caridade levou-o a dedicar-se sem descanso aos pobres, apesar das suas prec\u00e1rias condi\u00e7\u00f5es de sa\u00fade. A figura do jovem sacerdote que, esquecendo-se do grave perigo de cont\u00e1gio, andava sempre entre os doentes de Wojnilow e recompunha pessoalmente os corpos dos mortos de c\u00f3lera, permaneceu na mem\u00f3ria dos contempor\u00e2neos como testemunho vivo do amor misericordioso do Salvador.<\/span><\/p>\n<p style=\"text-align: justify;\"><span style=\"color: #000000;\">Teve uma paix\u00e3o ardente pelo Evangelho que o levou a tornar-se presente nas escolas, no trabalho editorial e em v\u00e1rias iniciativas catequ\u00e9ticas, sobretudo nos encontros com os jovens. A sua a\u00e7\u00e3o apost\u00f3lica era, pois, fortalecida por um empenho caritativo que n\u00e3o conhecia descanso. Ele permanece na recorda\u00e7\u00e3o dos fi\u00e9is de Lviv como o <strong>&#8220;Pai dos pobres&#8221; e o &#8220;sacerdote dos desabrigados&#8221;<\/strong>. A sua criatividade e a sua dedica\u00e7\u00e3o neste campo quase n\u00e3o teve limites. Como Secret\u00e1rio do &#8220;Instituto dos pobres crist\u00e3os&#8221;, esteve presente em toda a parte como se levasse o grito angustiado das pessoas, a quem procurou responder, aqui mesmo em Lviv, com numerosas institui\u00e7\u00f5es caritativas.\u00a0<\/span><span style=\"color: #000000;\">Reconhecido, na hora da sua morte, como <strong>&#8220;um verdadeiro religioso, ainda que privado de votos especiais&#8221;, pela sua plena fidelidade a Cristo pobre, casto e obediente, ele permanece para todos uma testemunha privilegiada da miseric\u00f3rdia divina.<\/strong> Ele \u00e9 testemunha, em particular, para v\u00f3s, queridas Irm\u00e3s de S\u00e3o Jos\u00e9, que procurais segui-lo fielmente na difus\u00e3o do amor a Cristo e aos irm\u00e3os mediante obras caritativas e assistenciais. Do Beato Sigismundo Gorazdowski aprendestes a alimentar a atividade apost\u00f3lica com uma intensa vida de ora\u00e7\u00e3o. Os meus votos s\u00e3o os de que possais, como ele, conciliar a a\u00e7\u00e3o com a contempla\u00e7\u00e3o, alimentando a vossa piedade com uma ardente devo\u00e7\u00e3o \u00e0 Paix\u00e3o de Cristo, um termo amor pela Virgem Imaculada e uma venera\u00e7\u00e3o muito especial por S\u00e3o Jos\u00e9, cuja f\u00e9, humildade, prud\u00eancia e coragem o Padre Sigismundo procurava imitar.<\/span><\/p>\n<p style=\"text-align: justify;\"><img decoding=\"async\" loading=\"lazy\" class=\"wp-image-3379 alignleft\" src=\"https:\/\/i0.wp.com\/irmasdesaojose.com.br\/portal\/wp-content\/uploads\/2016\/02\/3.jpg?resize=375%2C520\" alt=\"3\" width=\"375\" height=\"520\" srcset=\"https:\/\/i0.wp.com\/irmasdesaojose.com.br\/portal\/wp-content\/uploads\/2016\/02\/3.jpg?w=491 491w, https:\/\/i0.wp.com\/irmasdesaojose.com.br\/portal\/wp-content\/uploads\/2016\/02\/3.jpg?resize=216%2C300 216w\" sizes=\"(max-width: 375px) 100vw, 375px\" data-recalc-dims=\"1\" \/><\/p>\n<p style=\"text-align: justify;\"><span style=\"color: #000000;\">O exemplo dos Beatos Jos\u00e9 Bilczewski e Sigismundo Gorazdowski sirva de est\u00edmulo para v\u00f3s, caros sacerdotes, religiosos e religiosas, seminaristas, catequistas e estudantes de teologia. Penso em v\u00f3s, de maneira muito especial neste momento e convido-vos a acolher a li\u00e7\u00e3o espiritual e apost\u00f3lica destes dois Beatos pastores da Igreja. Imitai-os! V\u00f3s, que de v\u00e1rios modos prestais um servi\u00e7o especial ao Evangelho, deveis, como eles, fazer o poss\u00edvel para que, atrav\u00e9s do vosso testemunho, cada homem, qualquer que seja a sua idade, origem, forma\u00e7\u00e3o, estado social, se sinta amado por Deus no mais fundo do seu cora\u00e7\u00e3o. Esta \u00e9 a vossa miss\u00e3o .<\/span><\/p>\n<p style=\"text-align: justify;\"><span style=\"color: #000000;\">O vosso empenho priorit\u00e1rio seja amar a todos e estar dispon\u00edveis para cada um, nunca abandonando a vossa fidelidade a Cristo e \u00e0 Igreja. Este \u00e9 um caminho certamente cheio de dificuldades e de incompreens\u00f5es, que talvez possa comportar persegui\u00e7\u00f5es (&#8230;)<\/span><\/p>\n<p style=\"text-align: justify;\"><span style=\"color: #000000;\">Que a Igreja latina de Lviv, intercedam por ti e todos os santos e santas que enriqueceram a sua hist\u00f3ria. Oxal\u00e1 te envolvam com a sua especial prote\u00e7\u00e3o os bem-aventurados arcebispo Tiago Strzemie e Jos\u00e9 Bilczewski, juntamente com o padre Sigismundo Gorazdowski. Segue adiante com confian\u00e7a, em nome de Cristo, Redentor do homem! Am\u00e9m.<\/span><\/p>\n<hr \/>\n<p style=\"text-align: center;\">\n<div id=\"slideset-3392-69d11c7ba8772\" class=\"wk-slideset wk-slideset-default\" data-widgetkit=\"slideset\" data-options='{\"style\":\"default\",\"width\":\"auto\",\"height\":500,\"effect\":\"slide\",\"index\":0,\"autoplay\":0,\"interval\":2000,\"items_per_set\":1,\"navigation\":1,\"buttons\":0,\"title\":1,\"duration\":300}'>\n\t<div>\n\t\t<div class=\"sets\">\n\t\t\t\t\t\t\t<ul class=\"set\">\n\t\t\t\t\t\t\t\t\t\t\t\t\t\t\t<li>\n\t\t\t\t\t\t<article class=\"wk-content\"><img src=\"https:\/\/i0.wp.com\/irmasdesaojose.com.br\/portal\/wp-content\/uploads\/2016\/02\/Slide1-6.jpg?resize=682%2C491\" alt=\"Slide1\" width=\"682\" height=\"491\" class=\"size-full wp-image-3383 aligncenter\" data-recalc-dims=\"1\" \/><\/article>\n\t\t\t\t\t\t\t\t\t\t\t\t<strong class=\"title\"><\/strong>\n\t\t\t\t\t\t\t\t\t\t\t<\/li>\n\t\t\t\t\t\t\t\t\t<\/ul>\n\t\t\t\t\t\t\t\t\t\t\t<ul class=\"set\">\n\t\t\t\t\t\t\t\t\t\t\t\t\t\t\t<li>\n\t\t\t\t\t\t<article class=\"wk-content\"><img src=\"data:image\/gif;base64,R0lGODlhAQABAJEAAAAAAP\/\/\/\/\/\/\/wAAACH5BAEHAAIALAAAAAABAAEAAAICVAEAOw==\" data-src=\"http:\/\/irmasdesaojose.com.br\/portal\/wp-content\/uploads\/2016\/02\/Slide3-6.jpg\" alt=\"Slide3\" width=\"682\" height=\"491\" class=\"size-full wp-image-3385 aligncenter\" \/><\/article>\n\t\t\t\t\t\t\t\t\t\t\t\t<strong class=\"title\"><\/strong>\n\t\t\t\t\t\t\t\t\t\t\t<\/li>\n\t\t\t\t\t\t\t\t\t<\/ul>\n\t\t\t\t\t\t\t\t\t\t\t<ul class=\"set\">\n\t\t\t\t\t\t\t\t\t\t\t\t\t\t\t<li>\n\t\t\t\t\t\t<article class=\"wk-content\"><img src=\"data:image\/gif;base64,R0lGODlhAQABAJEAAAAAAP\/\/\/\/\/\/\/wAAACH5BAEHAAIALAAAAAABAAEAAAICVAEAOw==\" data-src=\"http:\/\/irmasdesaojose.com.br\/portal\/wp-content\/uploads\/2016\/02\/Slide8-6.jpg\" alt=\"Slide8\" width=\"682\" height=\"491\" class=\"size-full wp-image-3390 aligncenter\" \/><\/article>\n\t\t\t\t\t\t\t\t\t\t\t\t<strong class=\"title\"><\/strong>\n\t\t\t\t\t\t\t\t\t\t\t<\/li>\n\t\t\t\t\t\t\t\t\t<\/ul>\n\t\t\t\t\t\t\t\t\t\t\t<ul class=\"set\">\n\t\t\t\t\t\t\t\t\t\t\t\t\t\t\t<li>\n\t\t\t\t\t\t<article class=\"wk-content\"><img src=\"data:image\/gif;base64,R0lGODlhAQABAJEAAAAAAP\/\/\/\/\/\/\/wAAACH5BAEHAAIALAAAAAABAAEAAAICVAEAOw==\" data-src=\"http:\/\/irmasdesaojose.com.br\/portal\/wp-content\/uploads\/2016\/02\/Slide9-4.jpg\" alt=\"Slide9\" width=\"682\" height=\"491\" class=\"size-full wp-image-3391 aligncenter\" \/><\/article>\n\t\t\t\t\t\t\t\t\t\t\t\t<strong class=\"title\"><\/strong>\n\t\t\t\t\t\t\t\t\t\t\t<\/li>\n\t\t\t\t\t\t\t\t\t<\/ul>\n\t\t\t\t\t\t\t\t\t\t\t<ul class=\"set\">\n\t\t\t\t\t\t\t\t\t\t\t\t\t\t\t<li>\n\t\t\t\t\t\t<article class=\"wk-content\"><img src=\"data:image\/gif;base64,R0lGODlhAQABAJEAAAAAAP\/\/\/\/\/\/\/wAAACH5BAEHAAIALAAAAAABAAEAAAICVAEAOw==\" data-src=\"http:\/\/irmasdesaojose.com.br\/portal\/wp-content\/uploads\/2016\/02\/Slide4-4.jpg\" alt=\"Slide4\" width=\"682\" height=\"491\" class=\"size-full wp-image-3386 aligncenter\" \/><\/article>\n\t\t\t\t\t\t\t\t\t\t\t\t<strong class=\"title\"><\/strong>\n\t\t\t\t\t\t\t\t\t\t\t<\/li>\n\t\t\t\t\t\t\t\t\t<\/ul>\n\t\t\t\t\t\t\t\t\t\t\t<ul class=\"set\">\n\t\t\t\t\t\t\t\t\t\t\t\t\t\t\t<li>\n\t\t\t\t\t\t<article class=\"wk-content\"><img src=\"data:image\/gif;base64,R0lGODlhAQABAJEAAAAAAP\/\/\/\/\/\/\/wAAACH5BAEHAAIALAAAAAABAAEAAAICVAEAOw==\" data-src=\"http:\/\/irmasdesaojose.com.br\/portal\/wp-content\/uploads\/2016\/02\/Slide6-5.jpg\" alt=\"Slide6\" width=\"682\" height=\"491\" class=\"size-full wp-image-3388 aligncenter\" \/><\/article>\n\t\t\t\t\t\t\t\t\t\t\t\t<strong class=\"title\"><\/strong>\n\t\t\t\t\t\t\t\t\t\t\t<\/li>\n\t\t\t\t\t\t\t\t\t<\/ul>\n\t\t\t\t\t\t\t\t\t\t\t<ul class=\"set\">\n\t\t\t\t\t\t\t\t\t\t\t\t\t\t\t<li>\n\t\t\t\t\t\t<article class=\"wk-content\"><img src=\"data:image\/gif;base64,R0lGODlhAQABAJEAAAAAAP\/\/\/\/\/\/\/wAAACH5BAEHAAIALAAAAAABAAEAAAICVAEAOw==\" data-src=\"http:\/\/irmasdesaojose.com.br\/portal\/wp-content\/uploads\/2016\/02\/Slide2-5.jpg\" alt=\"Slide2\" width=\"682\" height=\"491\" class=\"size-full wp-image-3384 aligncenter\" \/><\/article>\n\t\t\t\t\t\t\t\t\t\t\t\t<strong class=\"title\"><\/strong>\n\t\t\t\t\t\t\t\t\t\t\t<\/li>\n\t\t\t\t\t\t\t\t\t<\/ul>\n\t\t\t\t\t\t\t\t\t\t\t<ul class=\"set\">\n\t\t\t\t\t\t\t\t\t\t\t\t\t\t\t<li>\n\t\t\t\t\t\t<article class=\"wk-content\"><img src=\"data:image\/gif;base64,R0lGODlhAQABAJEAAAAAAP\/\/\/\/\/\/\/wAAACH5BAEHAAIALAAAAAABAAEAAAICVAEAOw==\" data-src=\"http:\/\/irmasdesaojose.com.br\/portal\/wp-content\/uploads\/2016\/02\/Slide5-7.jpg\" alt=\"Slide5\" width=\"682\" height=\"491\" class=\"size-full wp-image-3387 aligncenter\" \/><\/article>\n\t\t\t\t\t\t\t\t\t\t\t\t<strong class=\"title\"><\/strong>\n\t\t\t\t\t\t\t\t\t\t\t<\/li>\n\t\t\t\t\t\t\t\t\t<\/ul>\n\t\t\t\t\t\t\t\t\t\t\t<ul class=\"set\">\n\t\t\t\t\t\t\t\t\t\t\t\t\t\t\t<li>\n\t\t\t\t\t\t<article class=\"wk-content\"><img src=\"data:image\/gif;base64,R0lGODlhAQABAJEAAAAAAP\/\/\/\/\/\/\/wAAACH5BAEHAAIALAAAAAABAAEAAAICVAEAOw==\" data-src=\"http:\/\/irmasdesaojose.com.br\/portal\/wp-content\/uploads\/2016\/02\/Slide7-5.jpg\" alt=\"Slide7\" width=\"682\" height=\"491\" class=\"size-full wp-image-3389 aligncenter\" \/><\/article>\n\t\t\t\t\t\t\t\t\t\t\t\t<strong class=\"title\"><\/strong>\n\t\t\t\t\t\t\t\t\t\t\t<\/li>\n\t\t\t\t\t\t\t\t\t<\/ul>\n\t\t\t\t\t\t\t\t\t<\/div>\n\t\t\t<\/div>\n\t\t<ul class=\"nav icon\"><li><span><\/span><\/li><li><span><\/span><\/li><li><span><\/span><\/li><li><span><\/span><\/li><li><span><\/span><\/li><li><span><\/span><\/li><li><span><\/span><\/li><li><span><\/span><\/li><li><span><\/span><\/li><\/ul>\n\t<\/div><\/p>\n<p style=\"text-align: justify;\"><span style=\"color: #000000;\">\u00a0<\/span><\/p>\n<hr \/>\n","protected":false},"excerpt":{"rendered":"<p>&nbsp; A\u00a0CAMINHO DOS ALTARES &nbsp; A crescente fama de santidade do Beato Padre Sigismundo Gorazdowski, deu in\u00edcio ao seu processo de beatifica\u00e7\u00e3o na Arquidiocese de Lviv em 29 de junho de 1989. Em abril de 1993, a documenta\u00e7\u00e3o do processo foi entregue \u00e0 Congrega\u00e7\u00e3o para as Causas dos Santos, em Roma. Em 20 de dezembro [&hellip;]<\/p>\n","protected":false},"author":1,"featured_media":0,"parent":0,"menu_order":0,"comment_status":"closed","ping_status":"closed","template":"","meta":{"_monsterinsights_skip_tracking":false,"_monsterinsights_sitenote_active":false,"_monsterinsights_sitenote_note":"","_monsterinsights_sitenote_category":0,"jetpack_post_was_ever_published":false,"footnotes":""},"jetpack_shortlink":"https:\/\/wp.me\/P4Ftkv-Rh","jetpack_sharing_enabled":true,"_links":{"self":[{"href":"http:\/\/irmasdesaojose.com.br\/portal\/wp-json\/wp\/v2\/pages\/3303"}],"collection":[{"href":"http:\/\/irmasdesaojose.com.br\/portal\/wp-json\/wp\/v2\/pages"}],"about":[{"href":"http:\/\/irmasdesaojose.com.br\/portal\/wp-json\/wp\/v2\/types\/page"}],"author":[{"embeddable":true,"href":"http:\/\/irmasdesaojose.com.br\/portal\/wp-json\/wp\/v2\/users\/1"}],"replies":[{"embeddable":true,"href":"http:\/\/irmasdesaojose.com.br\/portal\/wp-json\/wp\/v2\/comments?post=3303"}],"version-history":[{"count":28,"href":"http:\/\/irmasdesaojose.com.br\/portal\/wp-json\/wp\/v2\/pages\/3303\/revisions"}],"predecessor-version":[{"id":4844,"href":"http:\/\/irmasdesaojose.com.br\/portal\/wp-json\/wp\/v2\/pages\/3303\/revisions\/4844"}],"wp:attachment":[{"href":"http:\/\/irmasdesaojose.com.br\/portal\/wp-json\/wp\/v2\/media?parent=3303"}],"curies":[{"name":"wp","href":"https:\/\/api.w.org\/{rel}","templated":true}]}}