{"id":3315,"date":"2016-02-11T14:38:56","date_gmt":"2016-02-11T16:38:56","guid":{"rendered":"http:\/\/irmasdesaojose.com.br\/portal\/?page_id=3315"},"modified":"2017-02-20T21:52:49","modified_gmt":"2017-02-21T00:52:49","slug":"milagres-e-gracas-recebidas","status":"publish","type":"page","link":"http:\/\/irmasdesaojose.com.br\/portal\/milagres-e-gracas-recebidas\/","title":{"rendered":"Milagres e gra\u00e7as recebidas"},"content":{"rendered":"<h4 style=\"text-align: center;\"><\/h4>\n<h4 style=\"text-align: center;\"><span style=\"color: #800000;\"><strong>Gra\u00e7as alcan\u00e7adas\u00a0<\/strong><strong>pela intercess\u00e3o de S\u00e3o Sigismundo Gorazdowski<\/strong><\/span><\/h4>\n<p style=\"text-align: justify;\"><span style=\"color: #000000;\">\u00a0\u00a0\u00a0\u00a0\u00a0\u00a0\u00a0\u00a0\u00a0 Levei meu filho Jos\u00e9 J. a uma cl\u00ednica em Crac\u00f3via, onde, ap\u00f3s os exames, o m\u00e9dico diagnosticou que j\u00e1 era tarde demais, visto que um\u00a0tumor j\u00e1 havia se espalhado muito. Ele apenas levantou os bra\u00e7os e me deu a entender que s\u00f3 podia haver esperan\u00e7a em Deus.<\/span><\/p>\n<p style=\"text-align: justify;\"><span style=\"color: #000000;\">\u00a0\u00a0\u00a0\u00a0\u00a0\u00a0\u00a0\u00a0\u00a0 Pela intercess\u00e3o do Pe. Sigismundo Gorazdowski, Deus atendeu ao meu pedido. Meu filho passou por uma cirurgia e estava muito mal, mas eu n\u00e3o perdia a esperan\u00e7a. Eu rezava ardentemente essa Novena\u00a0e meu filho recuperou a sa\u00fade e hoje sente-se bem. Acreditamos firmemente que esse piedoso sacerdote vela pela nossa fam\u00edlia, alcan\u00e7ando para cada momento a b\u00ean\u00e7\u00e3o divina. N\u00e3o cessamos com as nossas ora\u00e7\u00f5es de agradecimento por esse dom enorme.<\/span><\/p>\n<p style=\"text-align: center;\"><span style=\"color: #000000;\">* * *<\/span><\/p>\n<p style=\"text-align: justify;\"><span style=\"color: #000000;\">\u00a0\u00a0\u00a0\u00a0\u00a0\u00a0\u00a0\u00a0\u00a0 Sou estudante do ensino m\u00e9dio. Ganhei a ora\u00e7\u00e3o ao Pe. Sigismundo de uma Irm\u00e3, que esteve em\u00a0nossa sala em uma\u00a0aula de religi\u00e3o. Eu tinha essa ora\u00e7\u00e3o na minha pasta. Certo dia cheguei \u00e0 escola despreparada para a aula de hist\u00f3ria, mas n\u00e3o por culpa minha. Eu sabia que seria interrogada, e n\u00e3o haveria jeito de me justificar. Quando o professor abriu o di\u00e1rio, olhei para a mochila e percebi essa ora\u00e7\u00e3o. Eu a li depressa e a seguir declarei a minha inten\u00e7\u00e3o. Naquele dia eu n\u00e3o fui interrogada, e acontecia a mesma coisa sempre que eu recitava essa ora\u00e7\u00e3o. E, quando era interrogada, eu recebia uma nota realmente boa, e isso em todas as disciplinas. Em hist\u00f3ria no final tirei uma nota muito boa.\u00a0 O Padre Gorazdowski \u00e9 o padroeiro dos meus estudos e eu rezo a ele todos os dias.<\/span><\/p>\n<p style=\"text-align: center;\"><span style=\"color: #000000;\">* * *<\/span><\/p>\n<p style=\"text-align: justify;\"><span style=\"color: #000000;\">\u00a0\u00a0\u00a0\u00a0\u00a0\u00a0\u00a0\u00a0\u00a0 Minha m\u00e3e sofreu uma s\u00e9ria alergia provocada por detergente. A alergia era t\u00e3o s\u00e9ria que ela estava amea\u00e7ada de sufocamento. Em estado grave, minha m\u00e3e foi ao hospital. Eu fiquei em casa e, ajoelhada diante de uma imagem de Jesus Cristo, rezava a Ele pela intercess\u00e3o do Pe. Gorazdowski, pedindo que minha m\u00e3e voltasse para casa com sa\u00fade. Naquele mesmo dia \u00e0 noite ela j\u00e1 estava em casa e o estado da sua sa\u00fade teve uma melhora total. Sei que devo isso \u00e0 intercess\u00e3o do Pe. Gorazdowski e lhe sou muito grata por isso. O Pe. Gorazdowski nunca me decepcionou e por isso me entreguei inteiramente \u00e0 sua prote\u00e7\u00e3o. Acredito que ele \u00e9 um santo excepcional.<\/span><\/p>\n<p style=\"text-align: center;\"><span style=\"color: #000000;\">* * *<\/span><\/p>\n<p style=\"text-align: justify;\"><span style=\"color: #000000;\">\u00a0\u00a0\u00a0\u00a0\u00a0\u00a0\u00a0\u00a0\u00a0 Minha filhinha \u00c1gata nasceu prematura, no final do oitavo e in\u00edcio do nono m\u00eas, com les\u00e3o do nervo espinhal, o que amea\u00e7ava a paralisia do sistema nervoso central. O diagn\u00f3stico concreto s\u00f3 foi apresentado ap\u00f3s seis meses. Ap\u00f3s um m\u00eas de tratamento, a interven\u00e7\u00e3o mostrou-se ineficaz e os m\u00e9dicos n\u00e3o davam nenhuma esperan\u00e7a de melhora. \u00c1gata continuava com os p\u00e9s paralisados e n\u00e3o se sentava (ela tinha ent\u00e3o sete meses).<\/span><\/p>\n<p style=\"text-align: justify;\"><span style=\"color: #000000;\">\u00a0\u00a0\u00a0\u00a0\u00a0\u00a0\u00a0\u00a0\u00a0 Sentindo a impot\u00eancia humana, comecei a rezar, pela intercess\u00e3o do Pe. Sigismundo Gorazdowski, pedindo a gra\u00e7a da cura de minha filhinha. Ap\u00f3s dois meses de perseverante ora\u00e7\u00e3o, o seu estado de sa\u00fade come\u00e7ou aos poucos a melhorar. Isso coincidiu tamb\u00e9m com o momento em que minha filha mais velha ingressou na Congrega\u00e7\u00e3o das Irm\u00e3s de S\u00e3o Jos\u00e9. No final de setembro (ap\u00f3s tr\u00eas meses de ora\u00e7\u00f5es), a \u00c1gata j\u00e1 podia ficar sentada. [&#8230;] Durante o ano todo, todos os dias (e at\u00e9 duas vezes por dia) eu fazia juntamente com meus filhos uma fervorosa ora\u00e7\u00e3o pela cura da menina. A essa ora\u00e7\u00e3o juntavam-se tamb\u00e9m as Irm\u00e3s de S\u00e3o Jos\u00e9. Agora a \u00c1gata j\u00e1 se desenvolve normalmente. Desejo expressar a minha gratid\u00e3o a Deus e ao Pe. Sigismundo Gorazdowski pela d\u00e1diva da volta da minha filha \u00e0 sa\u00fade, do que estou profundamente convencida. A todos os conhecidos distribuo a ora\u00e7\u00e3o ao Pe. Sigismundo Gorazdowski, convicta do poder da sua intercess\u00e3o.<\/span><\/p>\n<p style=\"text-align: center;\"><span style=\"color: #000000;\">* * *<\/span><\/p>\n<p style=\"text-align: justify;\"><span style=\"color: #000000;\">\u00a0\u00a0\u00a0\u00a0\u00a0\u00a0\u00a0\u00a0\u00a0 H\u00e1 dois meses, eu e minha filha \u00c1gata rezamos a Deus, pela intercess\u00e3o do Pe. Sigismundo Gorazdowski. Durante esse tempo alcan\u00e7amos muitas gra\u00e7as. Minha filha tinha uma doen\u00e7a grave, tinha muito medo de ser operada, mas ap\u00f3s um breve tratamento e ora\u00e7\u00f5es a Deus pela intercess\u00e3o do Pe. S. Gorazdowski a doen\u00e7a cedeu e ela se sente bem. Eu tamb\u00e9m agrade\u00e7o de cora\u00e7\u00e3o pelas gra\u00e7as alcan\u00e7adas durante esse tempo. Fui examinada por uma junta m\u00e9dica, recebi uma licen\u00e7a para tratamento de sa\u00fade por tr\u00eas anos, as minhas doen\u00e7as cr\u00f4nicas, que me incomodavam havia v\u00e1rios anos, desapareceram e agora me sinto melhor. Sou grata a Deus por todas as gra\u00e7as com que me cumulou e recomendo-me, juntamente com toda a fam\u00edlia, ao Pe. Sigismundo Gorazdowski, para que continue a interceder por n\u00f3s junto a Deus.<\/span><\/p>\n<p style=\"text-align: center;\"><span style=\"color: #000000;\">* * *<\/span><\/p>\n<p style=\"text-align: justify;\"><span style=\"color: #000000;\">\u00a0\u00a0\u00a0\u00a0\u00a0\u00a0\u00a0\u00a0\u00a0 Deus Uno e Trino, aceitai a a\u00e7\u00e3o de gra\u00e7as pela gra\u00e7a alcan\u00e7ada pela intercess\u00e3o do Pe. Sigismundo Gorazdowski. Esse favor \u00e9 a gra\u00e7a da confiss\u00e3o do Estanislau, ap\u00f3s 46 anos de indiferen\u00e7a religiosa. Ap\u00f3s rezar uma novena a S\u00e3o Sigismundo, aliada \u00e0 visita aos doentes por nove dias, eu pedi essa gra\u00e7a. Na vig\u00edlia do Natal o Estanislau encontrou a Cristo no sacramento da penit\u00eancia e depois, no dia do Natal, ele recebeu a santa Comunh\u00e3o. Que S\u00e3o Sigismundo continue a preserv\u00e1-lo na sua prote\u00e7\u00e3o.<\/span><\/p>\n<p style=\"text-align: center;\"><span style=\"color: #000000;\">* * *<\/span><\/p>\n<p style=\"text-align: justify;\"><span style=\"color: #000000;\">\u00a0\u00a0\u00a0\u00a0\u00a0\u00a0\u00a0\u00a0\u00a0 No m\u00eas de agosto minha esposa foi atingida pela doen\u00e7a do c\u00e2ncer dos seios. Houve a necessidade de retirar ambos\u00a0os seios. De todo o cora\u00e7\u00e3o eu encaminhei a Deus o meu pedido, pela intercess\u00e3o do Pe. Sigismundo Gorazdowski, pedindo o sucesso na opera\u00e7\u00e3o. Ap\u00f3s 45 dias verificou-se a exist\u00eancia de met\u00e1stase, e minha esposa teve de submeter-se a uma nova cirurgia, para a extirpa\u00e7\u00e3o dos \u00f3rg\u00e3os femininos. Novamente recorri a Jesus pela intercess\u00e3o do Pe. Sigismundo, pedindo a sa\u00fade para ela, e fui atendido. Hoje minha esposa Teresa trabalha. P\u00f4de-se constatar a fidedignidade do que relacionei acima.<\/span><\/p>\n<p style=\"text-align: justify;\"><span style=\"color: #000000;\">\u00a0\u00a0\u00a0\u00a0\u00a0\u00a0\u00a0\u00a0\u00a0 Por mais duas vezes eu dirigi o meu pedido ao Pe. Sigismundo Gorazdowski. Dessa vez rezei pedindo o emprego para minha filha K\u00e1tia e fui atendido. Ela j\u00e1 est\u00e1 trabalhando. Uma outra vez pedi o emprego para meu filho Rafael, e ele tamb\u00e9m conseguiu o trabalho numa loja do Mercadorama do Port\u00e3o.<\/span><\/p>\n<p style=\"text-align: justify;\"><span style=\"color: #000000;\">\u00a0\u00a0\u00a0\u00a0\u00a0\u00a0\u00a0\u00a0\u00a0 Dando esse testemunho, espero que tanto eu como muitas pessoas tenham\u00a0um culto especial ao Pe. Sigismundo Gorazdowski. Atrav\u00e9s das gra\u00e7as que alcan\u00e7a e pelo exemplo de sua vida, que nos deixou, certamente conduzir\u00e1 muitas almas \u00e0 santidade&#8230;<\/span><\/p>\n<p style=\"text-align: center;\"><span style=\"color: #000000;\">* * *<\/span><\/p>\n<p style=\"text-align: justify;\"><span style=\"color: #000000;\">\u00a0\u00a0\u00a0\u00a0\u00a0\u00a0\u00a0\u00a0\u00a0 Pela intercess\u00e3o do Pe. Sigismundo Gorazdowski minha sobrinha Maria Lu\u00edsa foi curada. Ela sofria de c\u00e2ncer da coluna. Era um c\u00e2ncer da base da coluna, e ela teve paralisia das pernas. A \u00fanica sa\u00edda era a cirurgia, a que ela se submeteu em Crac\u00f3via. Durante as v\u00e1rias horas da cirurgia, permaneci ajoelhada diante do Sant\u00edssimo Sacramento, com um santinho do Padre Fundador [Padre S\u00e3o Sigismundo Gorazdowski], pedindo-lhe a cura. Ap\u00f3s a opera\u00e7\u00e3o, em companhia de meu irm\u00e3o entrei no consult\u00f3rio e perguntei: \u201cDoutor, o que o senhor acha dessa paciente?\u201d E ele respondeu: \u201cSer\u00e1 necess\u00e1rio um milagre para ela ficar boa. O c\u00e2ncer se localizou nos plexos nervosos. Para que n\u00e3o tenha prejudicado algo, ser\u00e1 necess\u00e1rio um milagre\u201d. Ent\u00e3o eu respondi espontaneamente: \u201cDoutor, vai haver um milagre, porque n\u00f3s estamos rezando muito\u201d. O m\u00e9dico olhou para mim e disse: \u201cRezem\u201d. Mas decerto os m\u00e9dicos n\u00e3o tinham nenhuma esperan\u00e7a, porque alguns dias depois, quando minha irm\u00e3, tamb\u00e9m josefita, perguntou a um outro m\u00e9dico a respeito da situa\u00e7\u00e3o da doente, ele respondeu: \u201cA Irm\u00e3 \u00e9 inteligente e se d\u00e1 conta desse tipo de cirurgia; eu a vejo numa cadeira de rodas\u201d.<\/span><\/p>\n<p style=\"text-align: justify;\"><span style=\"color: #000000;\">\u00a0\u00a0\u00a0\u00a0\u00a0\u00a0\u00a0\u00a0\u00a0 No entanto, contrariando essas tristes previs\u00f5es, a doente recuperou inteiramente a sa\u00fade, casou-se, teve dois filhos sadios, goza de perfeita sa\u00fade e realiza todos os trabalhos dom\u00e9sticos.<\/span><\/p>\n<p style=\"text-align: center;\"><span style=\"color: #000000;\">\u00a0 \u00a0 \u00a0<\/span><span style=\"color: #000000;\">* * *<\/span><\/p>\n<p style=\"text-align: justify;\"><span style=\"color: #000000;\">\u00a0\u00a0\u00a0\u00a0\u00a0\u00a0\u00a0\u00a0\u00a0 Meu irm\u00e3o mais novo foi ao ex\u00e9rcito. Cerca de tr\u00eas meses ap\u00f3s\u00a0foi devolvido \u00e0 vida civil para tratamento de sa\u00fade, visto que tinha uma grave doen\u00e7a das pernas. Como antes de entrar no ex\u00e9rcito ele trabalhou em Wroclaw, foi morar na casa de seu irm\u00e3o mais velho, para se tratar com especialistas. Minha cunhada, que \u00e9 enfermeira, perguntava a respeito de tudo aos m\u00e9dicos, que diagnosticaram a doen\u00e7a de Birger. [&#8230;] Recebi essa not\u00edcia em Wierzbice, onde eu trabalhava em\u00a0nosso Instituto. Imediatamente, com grande confian\u00e7a e fervor, eu me voltei ao Padre Fundador [Pe. Sigismundo Gorazdowski], pedindo-lhe a cura do meu irm\u00e3o Tadeu. \u00c0 minha ora\u00e7\u00e3o juntou-se a minha coirm\u00e3 paroquiana, e juntas rezamos a Novena. Enviei tamb\u00e9m a Novena para casa, para que tamb\u00e9m meus pais rezassem nessa inten\u00e7\u00e3o. Meu irm\u00e3o recuperou inteiramente a sa\u00fade, e dentro de pouco tempo, o que reconhe\u00e7o como uma grande gra\u00e7a e um milagre alcan\u00e7ado pelo Padre Fundador. Por isso formulo o meu inepto, mas sincero agradecimento ao Padre Fundador por uma t\u00e3o grande prova de prote\u00e7\u00e3o e intercess\u00e3o.<\/span><\/p>\n<p style=\"text-align: center;\"><span style=\"color: #000000;\">* * *<\/span><\/p>\n<p style=\"text-align: justify;\"><span style=\"color: #000000;\">\u00a0\u00a0\u00a0\u00a0\u00a0\u00a0\u00a0\u00a0\u00a0 Ao meio-dia do dia 1 de junho de 1988 recebemos um telefonema avisando que a Ir. Rosariana Sitar [uma josefita que havia muitos anos trabalhava na \u00c1frica e estava passando f\u00e9rias na Pol\u00f4nia] tinha sido transportada inconsciente da casa de seus pais para o hospital em Gorlice. Imediatamente come\u00e7amos a imaginar que devia ser um ataque de mal\u00e1ria, porque quatro dias antes ela tinha viajado de Tarn\u00f3w para a casa de m\u00e3e sem sintomas de alguma doen\u00e7a grave. Na manh\u00e3 do dia seguinte recebemos a not\u00edcia de que o estado da doente havia piorado. Estava de plant\u00e3o junto \u00e0 doente uma outra m\u00e9dica, que com aten\u00e7\u00e3o ouviu o relato da Ir. Fel\u00edcia sobre os sintomas da doen\u00e7a da mal\u00e1ria e \u2500 como supomos \u2500 foi ela quem influenciou a decis\u00e3o do chefe de se\u00e7\u00e3o do hospital, visto que algumas horas depois recebemos um telefonema do hospital avisando que a Ir. Rosariana estava sendo transportada de helic\u00f3ptero para uma cl\u00ednica em Crac\u00f3via e solicitando a presen\u00e7a das Irm\u00e3s. Fomos informadas de que o seu estado era quase de agonia, o que n\u00f3s mesmas constatamos quando nos foi permitido l\u00e1 entrar. Hospedamo-nos na casa das Irm\u00e3s na Rua Moniuszko e de manh\u00e3, ap\u00f3s a santa Missa, cheias de inquieta\u00e7\u00e3o, fomos com a Ir. Fel\u00edcia ao hospital. A m\u00e9dica nos avisou que a situa\u00e7\u00e3o continuava muito grave. A doente continuava inconsciente, e somente os aparelhos demonstravam que o cora\u00e7\u00e3o estava funcionando. Uma parte dos medicamentos tropicais foi fornecida \u00e0 cl\u00ednica de Crac\u00f3via por Gdynia, e o restante foi enviado de avi\u00e3o pelas nossas Irm\u00e3s de Paris. Paralelamente ao intensivo tratamento cl\u00ednico, era rezada uma incessante Novena ao nosso Fundador Pe. S. Gorazdowski em muitas casas, especialmente na casa geral. Igualmente o arcebispo Dom J. Ablewicz, os padres amigos das miss\u00f5es e os estudantes do semin\u00e1rio envolveram-se nessa ora\u00e7\u00e3o de pedido. Na sexta-feira \u00e0 noite (3\/6), recebemos a not\u00edcia de que a doente reagia com o olhar, mas continuava sem falar. No s\u00e1bado (4\/6), vivenciamos com a Ir. Fel\u00edcia uma grande alegria quando a Ir. Rosariana, ao ver-nos, sorriu e\u00a0falou. Os dias seguintes trouxeram uma gradual melhora na sua sa\u00fade, mas tem\u00edamos que esse pior dos protozo\u00e1rios (o da mal\u00e1ria), que havia atacado o sistema nervoso com os centros cerebrais, pudesse deixar na doente algum tipo de sequelas permanentes. Contudo,\u00a0cada novo dia trazia boas not\u00edcias, e o parecer m\u00e9dico era: a crise j\u00e1 passou, n\u00e3o h\u00e1 mais perigo. No \u00faltimo dia da Novena (9\/6), a doente foi transferida da terapia intensiva para a se\u00e7\u00e3o normal. Ela recuperou a consci\u00eancia, o apetite, o humor e o entusiasmo mission\u00e1rio. Eis uma gra\u00e7a alcan\u00e7ada pela ardente ora\u00e7\u00e3o, pela intercess\u00e3o do Padre Fundador. Agradecemos por ela e confirmamo-nos na convic\u00e7\u00e3o de que temos um poderoso Intercessor no c\u00e9u!<\/span><\/p>\n","protected":false},"excerpt":{"rendered":"<p>Gra\u00e7as alcan\u00e7adas\u00a0pela intercess\u00e3o de S\u00e3o Sigismundo Gorazdowski \u00a0\u00a0\u00a0\u00a0\u00a0\u00a0\u00a0\u00a0\u00a0 Levei meu filho Jos\u00e9 J. a uma cl\u00ednica em Crac\u00f3via, onde, ap\u00f3s os exames, o m\u00e9dico diagnosticou que j\u00e1 era tarde demais, visto que um\u00a0tumor j\u00e1 havia se espalhado muito. Ele apenas levantou os bra\u00e7os e me deu a entender que s\u00f3 podia haver esperan\u00e7a em Deus. [&hellip;]<\/p>\n","protected":false},"author":1,"featured_media":0,"parent":0,"menu_order":0,"comment_status":"closed","ping_status":"closed","template":"","meta":{"_monsterinsights_skip_tracking":false,"_monsterinsights_sitenote_active":false,"_monsterinsights_sitenote_note":"","_monsterinsights_sitenote_category":0,"jetpack_post_was_ever_published":false,"footnotes":""},"jetpack_shortlink":"https:\/\/wp.me\/P4Ftkv-Rt","jetpack_sharing_enabled":true,"_links":{"self":[{"href":"http:\/\/irmasdesaojose.com.br\/portal\/wp-json\/wp\/v2\/pages\/3315"}],"collection":[{"href":"http:\/\/irmasdesaojose.com.br\/portal\/wp-json\/wp\/v2\/pages"}],"about":[{"href":"http:\/\/irmasdesaojose.com.br\/portal\/wp-json\/wp\/v2\/types\/page"}],"author":[{"embeddable":true,"href":"http:\/\/irmasdesaojose.com.br\/portal\/wp-json\/wp\/v2\/users\/1"}],"replies":[{"embeddable":true,"href":"http:\/\/irmasdesaojose.com.br\/portal\/wp-json\/wp\/v2\/comments?post=3315"}],"version-history":[{"count":8,"href":"http:\/\/irmasdesaojose.com.br\/portal\/wp-json\/wp\/v2\/pages\/3315\/revisions"}],"predecessor-version":[{"id":3458,"href":"http:\/\/irmasdesaojose.com.br\/portal\/wp-json\/wp\/v2\/pages\/3315\/revisions\/3458"}],"wp:attachment":[{"href":"http:\/\/irmasdesaojose.com.br\/portal\/wp-json\/wp\/v2\/media?parent=3315"}],"curies":[{"name":"wp","href":"https:\/\/api.w.org\/{rel}","templated":true}]}}