{"id":3319,"date":"2016-02-11T14:39:42","date_gmt":"2016-02-11T16:39:42","guid":{"rendered":"http:\/\/irmasdesaojose.com.br\/portal\/?page_id=3319"},"modified":"2017-02-21T20:08:32","modified_gmt":"2017-02-21T23:08:32","slug":"oracao-para-alcancar-graca","status":"publish","type":"page","link":"http:\/\/irmasdesaojose.com.br\/portal\/oracao-para-alcancar-graca\/","title":{"rendered":"Ora\u00e7\u00e3o para alcan\u00e7ar uma gra\u00e7a"},"content":{"rendered":"<p><img decoding=\"async\" loading=\"lazy\" class=\" wp-image-3346 alignleft\" src=\"https:\/\/i0.wp.com\/irmasdesaojose.com.br\/portal\/wp-content\/uploads\/2016\/02\/Fundador-1.jpg?resize=248%2C342\" alt=\"Fundador 1\" width=\"248\" height=\"342\" srcset=\"https:\/\/i0.wp.com\/irmasdesaojose.com.br\/portal\/wp-content\/uploads\/2016\/02\/Fundador-1.jpg?w=302 302w, https:\/\/i0.wp.com\/irmasdesaojose.com.br\/portal\/wp-content\/uploads\/2016\/02\/Fundador-1.jpg?resize=218%2C300 218w\" sizes=\"(max-width: 248px) 100vw, 248px\" data-recalc-dims=\"1\" \/><\/p>\n<p>&nbsp;<\/p>\n<p>&nbsp;<\/p>\n<p style=\"text-align: center;\"><span style=\"color: #000000;\"><strong>Deus Uno e Trino, glorificai com milagres e gra\u00e7as \u00e0 santidade\u00a0do Pe. Sigismundo Gorazdowski, que, levado pelo Vosso amor, consagrou\u00a0a vida toda ao servi\u00e7o das pessoas sofredoras.\u00a0<\/strong><strong>Por sua intercess\u00e3o concedei-nos a gra\u00e7a&#8230;, que Vos pedimos. Por Cristo nosso Senhor. Am\u00e9m.<\/strong><\/span><\/p>\n<p>&nbsp;<\/p>\n<p style=\"text-align: center;\"><span style=\"color: #000000;\"><strong><em>Pai nosso&#8230; Ave Maria&#8230;Gl\u00f3ria ao Pai&#8230;<\/em><\/strong><\/span><\/p>\n<p style=\"text-align: center;\"><span style=\"color: #000000;\">Pedimos que as gra\u00e7as recebidas por intercess\u00e3o do Pe. S\u00e3o SigismundoGorazdowski\u00a0<\/span><span style=\"color: #000000;\">sejam comunicadas \u00e0s<\/span><span style=\"color: #000000;\">\u00a0<\/span><span style=\"color: #000000;\"><strong>Irm\u00e3s de S\u00e3o Jos\u00e9.<\/strong><\/span><\/p>\n<p style=\"text-align: center;\"><span style=\"color: #000000;\"><strong>\u00a0<\/strong><\/span><span style=\"color: #000080;\"><strong><a style=\"color: #000080;\" href=\"http:\/\/www.irmasdesaojose.com.br\">www.irmasdesaojose.com.br<\/a><\/strong><\/span><\/p>\n<p style=\"text-align: center;\"><span style=\"color: #000000;\">Rua: Prof\u00ba Orlando Alves Chaves, 193<\/span><\/p>\n<p style=\"text-align: center;\"><span style=\"color: #000000;\">81320-250 &#8211; Curitiba\u00a0 &#8211;\u00a0 PR<\/span><\/p>\n<p style=\"text-align: center;\"><span style=\"color: #000000;\">Tel.: (41) 3329-4198<\/span><\/p>\n","protected":false},"excerpt":{"rendered":"<p>&nbsp; &nbsp; Deus Uno e Trino, glorificai com milagres e gra\u00e7as \u00e0 santidade\u00a0do Pe. Sigismundo Gorazdowski, que, levado pelo Vosso amor, consagrou\u00a0a vida toda ao servi\u00e7o das pessoas sofredoras.\u00a0Por sua intercess\u00e3o concedei-nos a gra\u00e7a&#8230;, que Vos pedimos. Por Cristo nosso Senhor. Am\u00e9m. &nbsp; Pai nosso&#8230; Ave Maria&#8230;Gl\u00f3ria ao Pai&#8230; Pedimos que as gra\u00e7as recebidas por [&hellip;]<\/p>\n","protected":false},"author":1,"featured_media":0,"parent":0,"menu_order":0,"comment_status":"closed","ping_status":"closed","template":"","meta":{"_monsterinsights_skip_tracking":false,"_monsterinsights_sitenote_active":false,"_monsterinsights_sitenote_note":"","_monsterinsights_sitenote_category":0,"jetpack_post_was_ever_published":false,"footnotes":""},"jetpack_shortlink":"https:\/\/wp.me\/P4Ftkv-Rx","jetpack_sharing_enabled":true,"_links":{"self":[{"href":"http:\/\/irmasdesaojose.com.br\/portal\/wp-json\/wp\/v2\/pages\/3319"}],"collection":[{"href":"http:\/\/irmasdesaojose.com.br\/portal\/wp-json\/wp\/v2\/pages"}],"about":[{"href":"http:\/\/irmasdesaojose.com.br\/portal\/wp-json\/wp\/v2\/types\/page"}],"author":[{"embeddable":true,"href":"http:\/\/irmasdesaojose.com.br\/portal\/wp-json\/wp\/v2\/users\/1"}],"replies":[{"embeddable":true,"href":"http:\/\/irmasdesaojose.com.br\/portal\/wp-json\/wp\/v2\/comments?post=3319"}],"version-history":[{"count":11,"href":"http:\/\/irmasdesaojose.com.br\/portal\/wp-json\/wp\/v2\/pages\/3319\/revisions"}],"predecessor-version":[{"id":5121,"href":"http:\/\/irmasdesaojose.com.br\/portal\/wp-json\/wp\/v2\/pages\/3319\/revisions\/5121"}],"wp:attachment":[{"href":"http:\/\/irmasdesaojose.com.br\/portal\/wp-json\/wp\/v2\/media?parent=3319"}],"curies":[{"name":"wp","href":"https:\/\/api.w.org\/{rel}","templated":true}]}}