{"id":4344,"date":"2016-07-17T14:28:47","date_gmt":"2016-07-17T17:28:47","guid":{"rendered":"http:\/\/irmasdesaojose.com.br\/portal\/?page_id=4344"},"modified":"2018-11-04T17:53:18","modified_gmt":"2018-11-04T19:53:18","slug":"videos-pl","status":"publish","type":"page","link":"http:\/\/irmasdesaojose.com.br\/portal\/videos-pl\/","title":{"rendered":"V\u00eddeos poloneses"},"content":{"rendered":"<h3 style=\"text-align: center;\"><span style=\"color: #000000;\">Nesta p\u00e1gina voc\u00ea poder\u00e1 ver os v\u00eddeos preparados pelas nossas Irm\u00e3s na Pol\u00f4nia:<\/span><\/h3>\n<ol>\n<li>\n<h2><strong><span style=\"color: #800000;\">Jestem wybrana!<\/span> &#8211;\u00a0<\/strong><span style=\"color: #008000;\"><strong>Sou chamada!\u00a0<\/strong>\u00a0<\/span><\/h2>\n<\/li>\n<\/ol>\n<p>&nbsp;<\/p>\n<p><span class=\"embed-youtube\" style=\"text-align:center; display: block;\"><iframe loading=\"lazy\" class=\"youtube-player\" width=\"640\" height=\"360\" src=\"https:\/\/www.youtube.com\/embed\/hv0AjDTJkt4?version=3&#038;rel=1&#038;showsearch=0&#038;showinfo=1&#038;iv_load_policy=1&#038;fs=1&#038;hl=pt-BR&#038;autohide=2&#038;wmode=transparent\" allowfullscreen=\"true\" style=\"border:0;\" sandbox=\"allow-scripts allow-same-origin allow-popups allow-presentation allow-popups-to-escape-sandbox\"><\/iframe><\/span><\/p>\n<h2><strong><span style=\"color: #800000;\">2.\u00a0\u017bycie jest wygran\u0105 &#8211; <span style=\"color: #008000;\">A v<\/span><em><span style=\"color: #008000;\">ida \u00e9 um ganho<\/span><\/em><\/span><\/strong><\/h2>\n<p><span class=\"embed-youtube\" style=\"text-align:center; display: block;\"><iframe loading=\"lazy\" class=\"youtube-player\" width=\"640\" height=\"360\" src=\"https:\/\/www.youtube.com\/embed\/MDB7fzKR1p8?version=3&#038;rel=1&#038;showsearch=0&#038;showinfo=1&#038;iv_load_policy=1&#038;fs=1&#038;hl=pt-BR&#038;autohide=2&#038;wmode=transparent\" allowfullscreen=\"true\" style=\"border:0;\" sandbox=\"allow-scripts allow-same-origin allow-popups allow-presentation allow-popups-to-escape-sandbox\"><\/iframe><\/span><\/p>\n<p>3.\u00a0<strong><span style=\"color: #800000;\">J\u00f3zefitki &#8211;\u00a0<span style=\"color: #008000;\">Josefitas<\/span><\/span><\/strong><\/p>\n<p><span class=\"embed-youtube\" style=\"text-align:center; display: block;\"><iframe loading=\"lazy\" class=\"youtube-player\" width=\"640\" height=\"360\" src=\"https:\/\/www.youtube.com\/embed\/c8wNuhErrKE?version=3&#038;rel=1&#038;showsearch=0&#038;showinfo=1&#038;iv_load_policy=1&#038;fs=1&#038;hl=pt-BR&#038;autohide=2&#038;wmode=transparent\" allowfullscreen=\"true\" style=\"border:0;\" sandbox=\"allow-scripts allow-same-origin allow-popups allow-presentation allow-popups-to-escape-sandbox\"><\/iframe><\/span><\/p>\n<h2><strong><span style=\"color: #800000;\">4. O\u00a0Panie uczy\u0144 \u00a0nas &#8211;\u00a0<span style=\"color: #008000;\">Fazei-nos Senhor&#8230;<\/span><\/span><\/strong><\/h2>\n<p><span class=\"embed-youtube\" style=\"text-align:center; display: block;\"><iframe loading=\"lazy\" class=\"youtube-player\" width=\"640\" height=\"360\" src=\"https:\/\/www.youtube.com\/embed\/rgWrimFen30?version=3&#038;rel=1&#038;showsearch=0&#038;showinfo=1&#038;iv_load_policy=1&#038;fs=1&#038;hl=pt-BR&#038;autohide=2&#038;wmode=transparent\" allowfullscreen=\"true\" style=\"border:0;\" sandbox=\"allow-scripts allow-same-origin allow-popups allow-presentation allow-popups-to-escape-sandbox\"><\/iframe><\/span><\/p>\n<h2 style=\"text-align: center;\"><span style=\"color: #800000;\">5. Warsztaty Muzyczne Siostr Sw. J\u00f3zefa- <span style=\"color: #008000;\">Curo de Musica com as Irm\u00e3s de S\u00e3o Jos\u00e9<\/span><\/span><\/h2>\n<p><span class=\"embed-youtube\" style=\"text-align:center; display: block;\"><iframe loading=\"lazy\" class=\"youtube-player\" width=\"640\" height=\"360\" src=\"https:\/\/www.youtube.com\/embed\/ikus7B91XU0?version=3&#038;rel=1&#038;showsearch=0&#038;showinfo=1&#038;iv_load_policy=1&#038;fs=1&#038;hl=pt-BR&#038;autohide=2&#038;wmode=transparent\" allowfullscreen=\"true\" style=\"border:0;\" sandbox=\"allow-scripts allow-same-origin allow-popups allow-presentation allow-popups-to-escape-sandbox\"><\/iframe><\/span><\/p>\n<p><span class=\"embed-youtube\" style=\"text-align:center; display: block;\"><iframe loading=\"lazy\" class=\"youtube-player\" width=\"640\" height=\"360\" src=\"https:\/\/www.youtube.com\/embed\/xCo1SEly9HE?version=3&#038;rel=1&#038;showsearch=0&#038;showinfo=1&#038;iv_load_policy=1&#038;fs=1&#038;hl=pt-BR&#038;autohide=2&#038;wmode=transparent\" allowfullscreen=\"true\" style=\"border:0;\" sandbox=\"allow-scripts allow-same-origin allow-popups allow-presentation allow-popups-to-escape-sandbox\"><\/iframe><\/span><\/p>\n<p><span class=\"embed-youtube\" style=\"text-align:center; display: block;\"><iframe loading=\"lazy\" class=\"youtube-player\" width=\"640\" height=\"360\" src=\"https:\/\/www.youtube.com\/embed\/fBaeNyXbSjE?version=3&#038;rel=1&#038;showsearch=0&#038;showinfo=1&#038;iv_load_policy=1&#038;fs=1&#038;hl=pt-BR&#038;autohide=2&#038;wmode=transparent\" allowfullscreen=\"true\" style=\"border:0;\" sandbox=\"allow-scripts allow-same-origin allow-popups allow-presentation allow-popups-to-escape-sandbox\"><\/iframe><\/span><\/p>\n<p><span class=\"embed-youtube\" style=\"text-align:center; display: block;\"><iframe loading=\"lazy\" class=\"youtube-player\" width=\"640\" height=\"360\" src=\"https:\/\/www.youtube.com\/embed\/984YKX2RKRs?version=3&#038;rel=1&#038;showsearch=0&#038;showinfo=1&#038;iv_load_policy=1&#038;fs=1&#038;hl=pt-BR&#038;autohide=2&#038;wmode=transparent\" allowfullscreen=\"true\" style=\"border:0;\" sandbox=\"allow-scripts allow-same-origin allow-popups allow-presentation allow-popups-to-escape-sandbox\"><\/iframe><\/span><\/p>\n<p><span class=\"embed-youtube\" style=\"text-align:center; display: block;\"><iframe loading=\"lazy\" class=\"youtube-player\" width=\"640\" height=\"360\" src=\"https:\/\/www.youtube.com\/embed\/jqtXgEN4yG0?version=3&#038;rel=1&#038;showsearch=0&#038;showinfo=1&#038;iv_load_policy=1&#038;fs=1&#038;hl=pt-BR&#038;autohide=2&#038;wmode=transparent\" allowfullscreen=\"true\" style=\"border:0;\" sandbox=\"allow-scripts allow-same-origin allow-popups allow-presentation allow-popups-to-escape-sandbox\"><\/iframe><\/span><\/p>\n<h2><span style=\"color: #993300;\">6.\u00a0Otw\u00f3rzmy drzwi Chrystusowi &#8211;<\/span>\u00a0<span style=\"color: #008000;\">Abrimos as portas a Cristo<\/span><\/h2>\n<p><span class=\"embed-youtube\" style=\"text-align:center; display: block;\"><iframe loading=\"lazy\" class=\"youtube-player\" width=\"640\" height=\"360\" src=\"https:\/\/www.youtube.com\/embed\/KBi2UJwjU9o?version=3&#038;rel=1&#038;showsearch=0&#038;showinfo=1&#038;iv_load_policy=1&#038;fs=1&#038;hl=pt-BR&#038;autohide=2&#038;wmode=transparent\" allowfullscreen=\"true\" style=\"border:0;\" sandbox=\"allow-scripts allow-same-origin allow-popups allow-presentation allow-popups-to-escape-sandbox\"><\/iframe><\/span><\/p>\n<h2><span style=\"color: #800000;\">7. Sluby Wieczyste &#8211;\u00a0<span style=\"color: #008000;\">Profiss\u00e3o perpetua<\/span><\/span><\/h2>\n<p><span class=\"embed-youtube\" style=\"text-align:center; display: block;\"><iframe loading=\"lazy\" class=\"youtube-player\" width=\"640\" height=\"360\" src=\"https:\/\/www.youtube.com\/embed\/3p_zpMgzrlY?version=3&#038;rel=1&#038;showsearch=0&#038;showinfo=1&#038;iv_load_policy=1&#038;fs=1&#038;hl=pt-BR&#038;autohide=2&#038;wmode=transparent\" allowfullscreen=\"true\" style=\"border:0;\" sandbox=\"allow-scripts allow-same-origin allow-popups allow-presentation allow-popups-to-escape-sandbox\"><\/iframe><\/span><\/p>\n<h2><span style=\"color: #000000;\">Voc\u00ea poder\u00e1 ver mais nas p\u00e1ginas:<\/span><\/h2>\n<div class=\" spf-link \" style=\"text-align: center;\">\u00a0<span style=\"color: #0000ff;\">http:\/\/www.jozefitki.pl\/filmy.php<\/span><\/div>\n<div class=\" spf-link \" style=\"text-align: center;\"><\/div>\n<div class=\" spf-link \" style=\"text-align: center;\"><span style=\"color: #0000ff;\">http:\/\/konsekrowani.pl\/zgromadzenia-i-instytuty\/jozefitki<\/span><\/div>\n","protected":false},"excerpt":{"rendered":"<p>Nesta p\u00e1gina voc\u00ea poder\u00e1 ver os v\u00eddeos preparados pelas nossas Irm\u00e3s na Pol\u00f4nia: Jestem wybrana! &#8211;\u00a0Sou chamada!\u00a0\u00a0 &nbsp; 2.\u00a0\u017bycie jest wygran\u0105 &#8211; A vida \u00e9 um ganho 3.\u00a0J\u00f3zefitki &#8211;\u00a0Josefitas 4. O\u00a0Panie uczy\u0144 \u00a0nas &#8211;\u00a0Fazei-nos Senhor&#8230; 5. Warsztaty Muzyczne Siostr Sw. J\u00f3zefa- Curo de Musica com as Irm\u00e3s de S\u00e3o Jos\u00e9 6.\u00a0Otw\u00f3rzmy drzwi Chrystusowi &#8211;\u00a0Abrimos as [&hellip;]<\/p>\n","protected":false},"author":1,"featured_media":0,"parent":0,"menu_order":0,"comment_status":"closed","ping_status":"closed","template":"","meta":{"_monsterinsights_skip_tracking":false,"_monsterinsights_sitenote_active":false,"_monsterinsights_sitenote_note":"","_monsterinsights_sitenote_category":0,"jetpack_post_was_ever_published":false,"footnotes":""},"jetpack_shortlink":"https:\/\/wp.me\/P4Ftkv-184","jetpack_sharing_enabled":true,"_links":{"self":[{"href":"http:\/\/irmasdesaojose.com.br\/portal\/wp-json\/wp\/v2\/pages\/4344"}],"collection":[{"href":"http:\/\/irmasdesaojose.com.br\/portal\/wp-json\/wp\/v2\/pages"}],"about":[{"href":"http:\/\/irmasdesaojose.com.br\/portal\/wp-json\/wp\/v2\/types\/page"}],"author":[{"embeddable":true,"href":"http:\/\/irmasdesaojose.com.br\/portal\/wp-json\/wp\/v2\/users\/1"}],"replies":[{"embeddable":true,"href":"http:\/\/irmasdesaojose.com.br\/portal\/wp-json\/wp\/v2\/comments?post=4344"}],"version-history":[{"count":14,"href":"http:\/\/irmasdesaojose.com.br\/portal\/wp-json\/wp\/v2\/pages\/4344\/revisions"}],"predecessor-version":[{"id":6141,"href":"http:\/\/irmasdesaojose.com.br\/portal\/wp-json\/wp\/v2\/pages\/4344\/revisions\/6141"}],"wp:attachment":[{"href":"http:\/\/irmasdesaojose.com.br\/portal\/wp-json\/wp\/v2\/media?parent=4344"}],"curies":[{"name":"wp","href":"https:\/\/api.w.org\/{rel}","templated":true}]}}