{"id":66,"date":"2014-03-23T21:57:23","date_gmt":"2014-03-23T21:57:23","guid":{"rendered":"http:\/\/irmasdesaojose.com.br\/portal\/?page_id=66"},"modified":"2016-08-23T19:23:57","modified_gmt":"2016-08-23T22:23:57","slug":"formacao","status":"publish","type":"page","link":"http:\/\/irmasdesaojose.com.br\/portal\/formacao\/","title":{"rendered":"A Forma\u00e7\u00e3o"},"content":{"rendered":"<p style=\"text-align: center;\">\u00a0\n<div id=\"slideshow-1694-6a049429a1c2e\" class=\"wk-slideshow wk-slideshow-default\" data-widgetkit=\"slideshow\" data-options='{\"style\":\"default\",\"autoplay\":1,\"interval\":3000,\"width\":1000,\"height\":380,\"duration\":500,\"index\":0,\"order\":\"default\",\"navigation\":0,\"buttons\":0,\"slices\":2,\"animated\":\"fade\",\"caption_animation_duration\":500}'>\n\t<div>\n\t\t<ul class=\"slides\">\n\n\t\t\t\t\t\t\t\t\t<li>\n\t\t\t\t<article class=\"wk-content clearfix\"><img src=\"https:\/\/i0.wp.com\/irmasdesaojose.com.br\/portal\/wp-content\/uploads\/2014\/03\/1a-vocas-e1452426808987.jpg?resize=700%2C525\" alt=\"1a vocas\" width=\"700\" height=\"525\" class=\"alignnone size-full wp-image-1690\" data-recalc-dims=\"1\" \/><\/article>\n\t\t\t<\/li>\n\t\t\t\t\t\t\t\t\t\t\t\t<li>\n\t\t\t\t<article class=\"wk-content clearfix\"><img src=\"data:image\/gif;base64,R0lGODlhAQABAJEAAAAAAP\/\/\/\/\/\/\/wAAACH5BAEHAAIALAAAAAABAAEAAAICVAEAOw==\" data-src=\"http:\/\/irmasdesaojose.com.br\/portal\/wp-content\/uploads\/2014\/03\/2avocas-e1452427827406.jpg\" alt=\"2avocas\" width=\"700\" height=\"525\" class=\"alignnone size-full wp-image-1691\" \/><\/article>\n\t\t\t<\/li>\n\t\t\t\t\t\t\t\t<\/ul>\n\t\t\t\t<div class=\"caption\"><\/div><ul class=\"captions\"><li><\/li><li><\/li><\/ul>\n\t<\/div>\n\t<\/div><\/p>\n<h3 style=\"text-align: center;\"><\/h3>\n<h3 style=\"text-align: center;\"><span style=\"color: #000000;\"><strong>A voca\u00e7\u00e3o religiosa \u00e9 um chamado pessoal dirigido por Deus ao homem, conclamando-o a imitar a Cristo pela vida comunit\u00e1ria, seguindo os conselhos evang\u00e9licos.\u00a0<\/strong><\/span><span style=\"color: #000000;\"><strong>A resposta das Irm\u00e3s ao amor de Deus \u00e9 a entrega total da vida ao Seu servi\u00e7o.\u00a0<\/strong><\/span><\/h3>\n<h3 style=\"text-align: center;\"><span style=\"color: #800000;\"><strong>A forma\u00e7\u00e3o religiosa tem por objetivo preparar a pessoa vocacionada \u00e0\u00a0total consagra\u00e7\u00e3o a Deus, atrav\u00e9s da imita\u00e7\u00e3o de Cristo: casto, pobre e obediente.\u00a0<\/strong><\/span><\/h3>\n<p>&nbsp;<\/p>\n<p>&nbsp;<\/p>\n<h2><\/h2>\n<p>&nbsp;<\/p>\n<p style=\"text-align: justify;\"><span style=\"color: #000000;\">\u00a0<\/span><\/p>\n<p style=\"text-align: justify;\"><strong><span style=\"color: #800000;\">\u00a0 \u00a0 \u00a0 <\/span><\/strong><\/p>\n","protected":false},"excerpt":{"rendered":"<p>\u00a0 A voca\u00e7\u00e3o religiosa \u00e9 um chamado pessoal dirigido por Deus ao homem, conclamando-o a imitar a Cristo pela vida comunit\u00e1ria, seguindo os conselhos evang\u00e9licos.\u00a0A resposta das Irm\u00e3s ao amor de Deus \u00e9 a entrega total da vida ao Seu servi\u00e7o.\u00a0 A forma\u00e7\u00e3o religiosa tem por objetivo preparar a pessoa vocacionada \u00e0\u00a0total consagra\u00e7\u00e3o a Deus, [&hellip;]<\/p>\n","protected":false},"author":1,"featured_media":0,"parent":0,"menu_order":0,"comment_status":"closed","ping_status":"closed","template":"","meta":{"_monsterinsights_skip_tracking":false,"_monsterinsights_sitenote_active":false,"_monsterinsights_sitenote_note":"","_monsterinsights_sitenote_category":0,"jetpack_post_was_ever_published":false,"footnotes":""},"jetpack_shortlink":"https:\/\/wp.me\/P4Ftkv-14","jetpack_sharing_enabled":true,"_links":{"self":[{"href":"http:\/\/irmasdesaojose.com.br\/portal\/wp-json\/wp\/v2\/pages\/66"}],"collection":[{"href":"http:\/\/irmasdesaojose.com.br\/portal\/wp-json\/wp\/v2\/pages"}],"about":[{"href":"http:\/\/irmasdesaojose.com.br\/portal\/wp-json\/wp\/v2\/types\/page"}],"author":[{"embeddable":true,"href":"http:\/\/irmasdesaojose.com.br\/portal\/wp-json\/wp\/v2\/users\/1"}],"replies":[{"embeddable":true,"href":"http:\/\/irmasdesaojose.com.br\/portal\/wp-json\/wp\/v2\/comments?post=66"}],"version-history":[{"count":20,"href":"http:\/\/irmasdesaojose.com.br\/portal\/wp-json\/wp\/v2\/pages\/66\/revisions"}],"predecessor-version":[{"id":4463,"href":"http:\/\/irmasdesaojose.com.br\/portal\/wp-json\/wp\/v2\/pages\/66\/revisions\/4463"}],"wp:attachment":[{"href":"http:\/\/irmasdesaojose.com.br\/portal\/wp-json\/wp\/v2\/media?parent=66"}],"curies":[{"name":"wp","href":"https:\/\/api.w.org\/{rel}","templated":true}]}}