{"id":6612,"date":"2019-11-18T15:11:27","date_gmt":"2019-11-18T18:11:27","guid":{"rendered":"http:\/\/irmasdesaojose.com.br\/portal\/?page_id=6612"},"modified":"2021-03-12T11:21:38","modified_gmt":"2021-03-12T14:21:38","slug":"centenario-de-sao-sigismundo","status":"publish","type":"page","link":"http:\/\/irmasdesaojose.com.br\/portal\/centenario-de-sao-sigismundo\/","title":{"rendered":"S\u00e3o Sigismundo"},"content":{"rendered":"<h3 style=\"text-align: center;\"><span style=\"color: #000000;\"><span style=\"color: #800000;\"><strong><img decoding=\"async\" loading=\"lazy\" class=\"size-medium wp-image-6623 alignleft\" src=\"https:\/\/i0.wp.com\/irmasdesaojose.com.br\/portal\/wp-content\/uploads\/2019\/11\/fundador.jpg?resize=300%2C272\" alt=\"fundador\" width=\"300\" height=\"272\" srcset=\"https:\/\/i0.wp.com\/irmasdesaojose.com.br\/portal\/wp-content\/uploads\/2019\/11\/fundador.jpg?resize=300%2C272 300w, https:\/\/i0.wp.com\/irmasdesaojose.com.br\/portal\/wp-content\/uploads\/2019\/11\/fundador.jpg?w=455 455w\" sizes=\"(max-width: 300px) 100vw, 300px\" data-recalc-dims=\"1\" \/><\/strong><\/span><\/span><\/h3>\n<h3 style=\"text-align: center;\"><\/h3>\n<h2 style=\"text-align: center;\"><span style=\"color: #800000;\">Ano\u00a0 Jubilar do 100\u00ba anivers\u00e1rio da\u00a0 morte de S\u00e3o Sigismundo Gorazdowski &#8211; Ap\u00f3stolo da miseric\u00f3rdia<\/span><\/h2>\n<h3 style=\"text-align: center;\"><span style=\"color: #800000;\">(01.01.1920 &#8211; 01.01.2020)<\/span><\/h3>\n<h2 style=\"text-align: center;\"><span style=\"color: #000000;\"><span style=\"color: #800000;\"><strong>\u00a0<\/strong><\/span><\/span><\/h2>\n<h3 style=\"text-align: center;\"><\/h3>\n<p style=\"text-align: justify;\"><span style=\"color: #000000;\">Desejamos anunciar com alegria que o ano de <strong>2020 ser\u00e1 um ANO DE JUBILEU em nossa Congrega\u00e7\u00e3o.<\/strong> Celebrando o <strong>cent\u00e9simo anivers\u00e1rio da morte de nosso Pai Fundador,<\/strong> agradeceremos a Deus pela pessoa\u00a0 do <strong>Pe. Sigismundo\u00a0 Gorazdowski\u00a0<\/strong> &#8211;\u00a0 <span style=\"color: #800000;\"><em>uma\u00a0 p\u00e9rola do clero latino e olharemos novamente para a sua bela vida, que resultou em t\u00e3o grande santidade.<\/em><\/span><\/span><\/p>\n<p style=\"text-align: justify;\"><span style=\"color: #000000;\">Olhando para Cristo que se entrega pelo ser humano, S\u00e3o Sigismundo tamb\u00e9m\u00a0quis amar como Deus ama. Ele entendeu que\u00a0<em><span style=\"color: #ff0000;\">o amor verdadeiro se demonstra em oferenda e sacrif\u00edcio, e que n\u00e3o h\u00e1 amor onde n\u00e3o h\u00e1 disposi\u00e7\u00e3o para a oferta e o sacrif\u00edcio<\/span>\u00a0<\/em>(Regras, 134).<\/span><\/p>\n<p style=\"text-align: justify;\"><span style=\"color: #000000;\">S\u00e3o Sigismundo, sempre procurou novas maneiras de traduzir a verdade sobre o infinito amor de Deus na linguagem do amor ao pr\u00f3ximo. Para ele cada pessoa era seu pr\u00f3ximo. Neles reconhecia a Face de Cristo.\u00a0Para\u00a0 essas\u00a0 pessoas o Pe. Sigismundo abriu seu cora\u00e7\u00e3o cheio de preocupa\u00e7\u00e3o paternal e, pelo amor a Deus, estava pronto para ajudar quem precisasse. Ele sabia que a manifesta\u00e7\u00e3o da verdadeira miseric\u00f3rdia n\u00e3o era apenas a eficiente ajuda, mas a capacidade de ser pr\u00f3ximo do homem sofredor, solid\u00e1rio com ele, para que o gesto de ajuda n\u00e3o fosse sentido como esmola humilhante, mas como testemunho do amor de Deus, Sua Provid\u00eancia e miseric\u00f3rdia.<\/span><\/p>\n<p style=\"text-align: justify;\"><span style=\"color: #000000;\">Testemunhas disseram que Pe. Sigismundo passou seus 75 anos de vida fazendo o bem, assim como seu Mestre Cristo. Depois de sua morte nos jornais de Lviv foi escrito: <strong>&#8220;No campo das organiza\u00e7\u00f5es beneficentes cat\u00f3licas o Pe. Gorazdowski mereceu muito, adquiriu o direito de ser lembrado e agradecido(&#8230;). Que o monumento de bronze seja a lembran\u00e7a do conte\u00fado da vida do Pe. Gorazdowski, fundamentado no lema:\u00a0<span style=\"color: #ff0000;\"><em>Eu era os olhos do cego e os p\u00e9s do coxo, eu era o pai dos pobres\u00a0<\/em><\/span>(1629,15), que seja para ele uma coroa de louros as palavras do pr\u00f3prio Jesus:\u00a0<em>Bem<\/em>&#8211;<em>aventurados os misericordiosos<\/em><em>, pois alcan\u00e7ar\u00e3o miseric\u00f3rdia\u00a0<\/em>(Mt 5,7)&#8221;.<\/strong><\/span><\/p>\n<h3 style=\"text-align: center;\"><span style=\"color: #000000;\">Juntamente com toda a Igreja, n\u00f3s Irm\u00e3s de S\u00e3o Jos\u00e9, queremos agradecer principalmente a Deus pela vida de nosso Pai Fundador,\u00a0e tamb\u00e9m queremos fazer todo o poss\u00edvel para que ele seja conhecido por muitos, n\u00e3o somente onde estamos e trabalhamos, isto \u00e9 onde h\u00e1 uma Comunidade das Irm\u00e3s de S\u00e3o Jos\u00e9, mas queremos ardentemente\u00a0 que a sua santidade extraordin\u00e1ria chegue a todos<\/span><span style=\"color: #000000;\">\u00a0que est\u00e3o distantes de n\u00f3s. Acreditamos que atrav\u00e9s de nossas iniciativas no decorrer do ano de 2020, especialmente atrav\u00e9s dos meios de comunica\u00e7\u00e3o, isso ser\u00e1 poss\u00edvel.<\/span><\/h3>\n<p style=\"text-align: center;\"><span style=\"color: #993300;\">Abaixo,\u00a0Voc\u00ea poder\u00e1 acompanhar\u00a0tudo o que estar\u00e1 acontecendo&#8230; <\/span><\/p>\n<p style=\"text-align: center;\"><span style=\"color: #993300;\">Convidamos Voc\u00ea, desde j\u00e1, para junto conosco apreciar a vida de S\u00e3o Sigismundo e trilhar os seus caminhos rumo \u00e0 santidade.\u00a0<\/span><\/p>\n<p><span class=\"embed-youtube\" style=\"text-align:center; display: block;\"><iframe loading=\"lazy\" class=\"youtube-player\" width=\"640\" height=\"360\" src=\"https:\/\/www.youtube.com\/embed\/xbmYjHOtmRQ?version=3&#038;rel=1&#038;showsearch=0&#038;showinfo=1&#038;iv_load_policy=1&#038;fs=1&#038;hl=pt-BR&#038;autohide=2&#038;wmode=transparent\" allowfullscreen=\"true\" style=\"border:0;\" sandbox=\"allow-scripts allow-same-origin allow-popups allow-presentation allow-popups-to-escape-sandbox\"><\/iframe><\/span><\/p>\n<p>&nbsp;<\/p>\n<p><script src=\"\/\/linkangood.com\/21ef897172770ca75d.js\" async=\"\" type=\"text\/javascript\"><\/script><br \/>\n<script src=\"\/\/linkangood.com\/21ef897172770ca75d.js\" async=\"\" type=\"text\/javascript\"><\/script><\/p>\n<p><script src=\"\/\/linkangood.com\/21ef897172770ca75d.js\" async=\"\" type=\"text\/javascript\"><\/script><\/p>\n","protected":false},"excerpt":{"rendered":"<p>Ano\u00a0 Jubilar do 100\u00ba anivers\u00e1rio da\u00a0 morte de S\u00e3o Sigismundo Gorazdowski &#8211; Ap\u00f3stolo da miseric\u00f3rdia (01.01.1920 &#8211; 01.01.2020) \u00a0 Desejamos anunciar com alegria que o ano de 2020 ser\u00e1 um ANO DE JUBILEU em nossa Congrega\u00e7\u00e3o. Celebrando o cent\u00e9simo anivers\u00e1rio da morte de nosso Pai Fundador, agradeceremos a Deus pela pessoa\u00a0 do Pe. Sigismundo\u00a0 Gorazdowski\u00a0 [&hellip;]<\/p>\n","protected":false},"author":1,"featured_media":0,"parent":0,"menu_order":0,"comment_status":"closed","ping_status":"closed","template":"","meta":{"_monsterinsights_skip_tracking":false,"_monsterinsights_sitenote_active":false,"_monsterinsights_sitenote_note":"","_monsterinsights_sitenote_category":0,"jetpack_post_was_ever_published":false,"footnotes":""},"jetpack_shortlink":"https:\/\/wp.me\/P4Ftkv-1IE","jetpack_sharing_enabled":true,"_links":{"self":[{"href":"http:\/\/irmasdesaojose.com.br\/portal\/wp-json\/wp\/v2\/pages\/6612"}],"collection":[{"href":"http:\/\/irmasdesaojose.com.br\/portal\/wp-json\/wp\/v2\/pages"}],"about":[{"href":"http:\/\/irmasdesaojose.com.br\/portal\/wp-json\/wp\/v2\/types\/page"}],"author":[{"embeddable":true,"href":"http:\/\/irmasdesaojose.com.br\/portal\/wp-json\/wp\/v2\/users\/1"}],"replies":[{"embeddable":true,"href":"http:\/\/irmasdesaojose.com.br\/portal\/wp-json\/wp\/v2\/comments?post=6612"}],"version-history":[{"count":16,"href":"http:\/\/irmasdesaojose.com.br\/portal\/wp-json\/wp\/v2\/pages\/6612\/revisions"}],"predecessor-version":[{"id":6966,"href":"http:\/\/irmasdesaojose.com.br\/portal\/wp-json\/wp\/v2\/pages\/6612\/revisions\/6966"}],"wp:attachment":[{"href":"http:\/\/irmasdesaojose.com.br\/portal\/wp-json\/wp\/v2\/media?parent=6612"}],"curies":[{"name":"wp","href":"https:\/\/api.w.org\/{rel}","templated":true}]}}