{"id":6806,"date":"2019-03-27T09:44:16","date_gmt":"2019-03-27T12:44:16","guid":{"rendered":"http:\/\/irmasdesaojose.com.br\/portal\/?page_id=6806"},"modified":"2019-11-27T09:48:07","modified_gmt":"2019-11-27T12:48:07","slug":"dez-dicas-para-formar-a-espiritualidade-na-familia","status":"publish","type":"page","link":"http:\/\/irmasdesaojose.com.br\/portal\/sementes-de-sao-jose\/dez-dicas-para-formar-a-espiritualidade-na-familia\/","title":{"rendered":"Dez dicas para formar a espiritualidade na fam\u00edlia\u2026"},"content":{"rendered":"<h2 class=\"post-header\" style=\"text-align: justify;\"><img decoding=\"async\" loading=\"lazy\" class=\"aligncenter size-full wp-image-5785\" src=\"http:\/\/i1.wp.com\/irmasdesaojose.com.br\/portal\/wp-content\/uploads\/2016\/10\/familia_rezand_18072017081718.jpg?resize=700%2C373\" sizes=\"(max-width: 700px) 100vw, 700px\" srcset=\"http:\/\/i1.wp.com\/irmasdesaojose.com.br\/portal\/wp-content\/uploads\/2016\/10\/familia_rezand_18072017081718.jpg?resize=300%2C160 300w, http:\/\/i1.wp.com\/irmasdesaojose.com.br\/portal\/wp-content\/uploads\/2016\/10\/familia_rezand_18072017081718.jpg?w=700 700w\" alt=\"familia_rezand_18072017081718\" width=\"700\" height=\"373\" \/><\/h2>\n<h2 class=\"subtitle\" style=\"text-align: justify;\"><span style=\"color: #000000;\">Que tipo de vida espiritual voc\u00ea quer para os seus filhos e como pretende transmiti-la a eles?<\/span><\/h2>\n<p style=\"text-align: justify;\"><span style=\"color: #000000;\">A\u00a0<strong>espiritualidade<\/strong>\u00a0na vida familiar \u00e9 uma grande ferramenta para viver com maior plenitude e dar \u00e0 vida um sentido transcendente.<\/span><\/p>\n<p style=\"text-align: justify;\"><span style=\"color: #000000;\">Apresentamos, a seguir, uma s\u00e9rie de dicas muito concretas e pr\u00e1ticas que podem servir de apoio para os\u00a0<strong>pais<\/strong>\u00a0de\u00a0<strong>fam\u00edlia<\/strong>, educadores, catequistas e para todas as pessoas envolvidas na forma\u00e7\u00e3o integral, precisamente para \u201cformar\u201d esta\u00a0<strong>espiritualidade<\/strong>\u00a0em todos os membros da\u00a0<strong>fam\u00edlia<\/strong>:<\/span><\/p>\n<p style=\"text-align: justify;\"><span style=\"color: #000000;\"><strong>1. Revise suas pr\u00f3prias cren\u00e7as.\u00a0<\/strong>Pergunte-se qu\u00e3o convencido voc\u00ea est\u00e1 daquilo em que cr\u00ea, do que professa e em que grau voc\u00ea o pratica. Pergunte-se que tipo de\u00a0<strong>vida espiritual<\/strong>\u00a0voc\u00ea quer para os seus\u00a0<strong>filhos<\/strong>\u00a0e como lhes dar\u00e1 isso. Lembre-se que o exemplo e o que os seus\u00a0<strong>filhos<\/strong>\u00a0veem s\u00e3o os fatores que mais educam. Voc\u00ea vai \u00e0 Missa aos domingos? Reza com frequ\u00eancia? Vive constantemente na presen\u00e7a de Deus?<\/span><\/p>\n<p style=\"text-align: justify;\"><span style=\"color: #000000;\"><strong>2. Inclua a espiritualidade na vida dos seus filhos desde cedo.<\/strong>\u00a0As crian\u00e7as muito pequenas n\u00e3o compreendem quem \u00e9 Deus, mas se voc\u00ea lhes falar dele, come\u00e7ar\u00e3o a se familiarizar e a conhec\u00ea-lo. Conte-lhes a hist\u00f3ria sagrada em forma de conto; fale da vida dos santos; reze com os seus\u00a0<strong>filhos<\/strong>.<\/span><\/p>\n<p style=\"text-align: justify;\"><span style=\"color: #000000;\"><strong>3. Aproveite as atividades da vida cotidiana para ensin\u00e1-los a viver uma espiritualidade natural e espont\u00e2nea.\u00a0<\/strong>Ensine-os a agradecer por tudo o que t\u00eam:\u00a0<strong>pais<\/strong>, amigos, av\u00f3s, cachorro, talentos\u2026 Ensine-os a dar aos que t\u00eam menos, a compartilhar, a amar.<\/span><\/p>\n<p style=\"text-align: justify;\"><span style=\"color: #000000;\"><strong>4. D\u00ea aos eventos sagrados toda a import\u00e2ncia que merecem: Batismo, Primeira Comunh\u00e3o, Confirma\u00e7\u00e3o\u2026\u00a0<\/strong>Destaque a grandeza que eles merecem, ensine que o mais importante \u00e9 receber a gra\u00e7a de Deus e que \u00e9 por isso que preparam um evento bonito, alegre, com todos os amigos e familiares. Mostre que tais momentos precisam de prepara\u00e7\u00e3o e alegria, porque Jesus \u00e9 o melhor que h\u00e1. Voc\u00ea, como pai ou m\u00e3e, precisa estar convencido(a) disso para poder transmitir essa alegria, esse amor, essa import\u00e2ncia.<\/span><\/p>\n<p style=\"text-align: justify;\"><span style=\"color: #000000;\"><strong>5. Apoie-se em institui\u00e7\u00f5es, pessoas ou catequistas que possam colaborar com voc\u00ea nesta forma\u00e7\u00e3o espiritual.\u00a0<\/strong>Recorra \u00e0 sua par\u00f3quia, onde certamente haver\u00e1 algum movimento bem estabelecido que lhe d\u00ea todos os elementos para alcan\u00e7ar isso com maior facilidade, conseguindo torn\u00e1-lo interessante.<\/span><\/p>\n<p style=\"text-align: justify;\"><span style=\"color: #000000;\"><strong>6. Fa\u00e7a que tudo isso seja divertido, atraente. Que realmente gostem.<\/strong>\u00a0Adapte a informa\u00e7\u00e3o e a forma\u00e7\u00e3o \u00e0 idade dos seus\u00a0<strong>filhos<\/strong>. Atualize-se: que seus coment\u00e1rios e exemplos se adaptem ao que eles vivem, escutam, percebem\u2026 Que n\u00e3o vejam a\u00a0<strong>espiritualidade<\/strong>\u00a0como algo do passado, coisa de velhinhos, que n\u00e3o tem rela\u00e7\u00e3o nenhuma com sua vida. Pelo contr\u00e1rio: que a vejam como a arma maravilhosa que d\u00e1 sentido \u00e0s suas vidas.<\/span><\/p>\n<p style=\"text-align: justify;\"><span style=\"color: #000000;\"><strong>7. Ensine-os uma forma simples de orar.\u00a0<\/strong>Que conversem com Deus como conversam com um amigo. Que vejam Jesus como seu confidente, seu melhor amigo. Que reconhe\u00e7am que Jesus pode escut\u00e1-los, ajud\u00e1-los, lev\u00e1-los a ser melhores.<\/span><\/p>\n<p style=\"text-align: justify;\"><span style=\"color: #000000;\"><strong>8. Confira um car\u00e1ter \u201cespiritual\u201d a todas as festividades religiosas.<\/strong>\u00a0Procure fazer um contrapeso com tanto materialismo e comercializa\u00e7\u00e3o apresentados pela sociedade. O Natal \u00e9 importante porque \u00e9 o nascimento de Jesus. A P\u00e1scoa \u00e9 importante porque Jesus ressuscita\u2026 E assim em cada festividade: preencha-as de conte\u00fado espiritual, sem tirar os presentes, a divers\u00e3o. Que seus\u00a0<strong>filhos<\/strong>\u00a0entendam que \u00e9 tudo bonito porque se tem Deus.<\/span><\/p>\n<p style=\"text-align: justify;\"><span style=\"color: #000000;\"><strong>9. Com os jovens, aproveite suas inquietudes intelectuais, sua capacidade cr\u00edtica, seu comportamento rebelde, para que estudem, aprofundem, pesquisem e finalmente se conven\u00e7am da grandeza de Cristo.\u00a0<\/strong>\u00c9 preciso desafi\u00e1-los para que percebam que Jesus \u00e9 quem dar\u00e1 sentido \u00e0s suas vidas.<\/span><\/p>\n<p style=\"text-align: justify;\"><span style=\"color: #000000;\"><strong>10. Tudo isso com um grande amor e respeito pelos nossos filhos, porque eles s\u00e3o merecedores do grande amor de Deus.\u00a0<\/strong>Precisam conhec\u00ea-lo, senti-lo, am\u00e1-lo. Como\u00a0<strong>pais<\/strong>\u00a0cat\u00f3licos, este \u00e9 o nosso dever e nosso compromisso com Deus.<\/span><\/p>\n<p style=\"text-align: justify;\"><span style=\"color: #000000;\">O texto citado da pagina:\u00a0<span style=\"color: #0000ff;\"><a style=\"color: #0000ff;\" href=\"https:\/\/leigosjosefinosmarellianos.wordpress.com\/2017\/06\/13\/dez-dicas-para-formar-a-espiritualidade-na-familia\/\">clique aqui<\/a><\/span><\/span><\/p>\n","protected":false},"excerpt":{"rendered":"<p>Que tipo de vida espiritual voc\u00ea quer para os seus filhos e como pretende transmiti-la a eles? A\u00a0espiritualidade\u00a0na vida familiar \u00e9 uma grande ferramenta para viver com maior plenitude e dar \u00e0 vida um sentido transcendente. Apresentamos, a seguir, uma s\u00e9rie de dicas muito concretas e pr\u00e1ticas que podem servir de apoio para os\u00a0pais\u00a0de\u00a0fam\u00edlia, educadores, [&hellip;]<\/p>\n","protected":false},"author":1,"featured_media":0,"parent":4577,"menu_order":4,"comment_status":"closed","ping_status":"closed","template":"","meta":{"_monsterinsights_skip_tracking":false,"_monsterinsights_sitenote_active":false,"_monsterinsights_sitenote_note":"","_monsterinsights_sitenote_category":0,"jetpack_post_was_ever_published":false,"footnotes":""},"jetpack_shortlink":"https:\/\/wp.me\/P4Ftkv-1LM","jetpack_sharing_enabled":true,"_links":{"self":[{"href":"http:\/\/irmasdesaojose.com.br\/portal\/wp-json\/wp\/v2\/pages\/6806"}],"collection":[{"href":"http:\/\/irmasdesaojose.com.br\/portal\/wp-json\/wp\/v2\/pages"}],"about":[{"href":"http:\/\/irmasdesaojose.com.br\/portal\/wp-json\/wp\/v2\/types\/page"}],"author":[{"embeddable":true,"href":"http:\/\/irmasdesaojose.com.br\/portal\/wp-json\/wp\/v2\/users\/1"}],"replies":[{"embeddable":true,"href":"http:\/\/irmasdesaojose.com.br\/portal\/wp-json\/wp\/v2\/comments?post=6806"}],"version-history":[{"count":3,"href":"http:\/\/irmasdesaojose.com.br\/portal\/wp-json\/wp\/v2\/pages\/6806\/revisions"}],"predecessor-version":[{"id":6812,"href":"http:\/\/irmasdesaojose.com.br\/portal\/wp-json\/wp\/v2\/pages\/6806\/revisions\/6812"}],"up":[{"embeddable":true,"href":"http:\/\/irmasdesaojose.com.br\/portal\/wp-json\/wp\/v2\/pages\/4577"}],"wp:attachment":[{"href":"http:\/\/irmasdesaojose.com.br\/portal\/wp-json\/wp\/v2\/media?parent=6806"}],"curies":[{"name":"wp","href":"https:\/\/api.w.org\/{rel}","templated":true}]}}