{"id":6821,"date":"2019-03-27T09:56:02","date_gmt":"2019-03-27T12:56:02","guid":{"rendered":"http:\/\/irmasdesaojose.com.br\/portal\/?page_id=6821"},"modified":"2019-11-27T10:00:06","modified_gmt":"2019-11-27T13:00:06","slug":"jose-e-maria-a-quem-deus-confiou-o-seus-tesouro-modelos-para-esposos-hoje","status":"publish","type":"page","link":"http:\/\/irmasdesaojose.com.br\/portal\/sementes-de-sao-jose\/jose-e-maria-a-quem-deus-confiou-o-seus-tesouro-modelos-para-esposos-hoje\/","title":{"rendered":"Jos\u00e9 e Maria a quem Deus confiou o seus tesouro &#8211; modelos para esposos hoje\u00a0"},"content":{"rendered":"<h2 class=\"post-title\"><img decoding=\"async\" loading=\"lazy\" class=\"attachment-rowling-post-image wp-post-image alignright\" src=\"https:\/\/leigosjosefinosmarellianos.files.wordpress.com\/2016\/10\/santos-esposos-josedenazare-or-br.jpg?w=447&#038;resize=404%2C531\" sizes=\"(max-width: 447px) 100vw, 447px\" srcset=\"https:\/\/leigosjosefinosmarellianos.files.wordpress.com\/2016\/10\/santos-esposos-josedenazare-or-br.jpg 447w, https:\/\/leigosjosefinosmarellianos.files.wordpress.com\/2016\/10\/santos-esposos-josedenazare-or-br.jpg?w=114 114w, https:\/\/leigosjosefinosmarellianos.files.wordpress.com\/2016\/10\/santos-esposos-josedenazare-or-br.jpg?w=228 228w\" alt=\"\" width=\"404\" height=\"531\" data-attachment-id=\"503\" data-permalink=\"https:\/\/leigosjosefinosmarellianos.wordpress.com\/2016\/10\/23\/pastoralfamiliar\/santos-esposos-josedenazare-or-br\/\" data-orig-file=\"https:\/\/leigosjosefinosmarellianos.files.wordpress.com\/2016\/10\/santos-esposos-josedenazare-or-br.jpg\" data-orig-size=\"447,587\" data-comments-opened=\"1\" data-image-meta=\"{&quot;aperture&quot;:&quot;0&quot;,&quot;credit&quot;:&quot;&quot;,&quot;camera&quot;:&quot;&quot;,&quot;caption&quot;:&quot;&quot;,&quot;created_timestamp&quot;:&quot;0&quot;,&quot;copyright&quot;:&quot;&quot;,&quot;focal_length&quot;:&quot;0&quot;,&quot;iso&quot;:&quot;0&quot;,&quot;shutter_speed&quot;:&quot;0&quot;,&quot;title&quot;:&quot;&quot;,&quot;orientation&quot;:&quot;0&quot;}\" data-image-title=\"santos-esposos-josedenazare-or-br\" data-image-description=\"\" data-medium-file=\"https:\/\/leigosjosefinosmarellianos.files.wordpress.com\/2016\/10\/santos-esposos-josedenazare-or-br.jpg?w=228\" data-large-file=\"https:\/\/leigosjosefinosmarellianos.files.wordpress.com\/2016\/10\/santos-esposos-josedenazare-or-br.jpg?w=447&#038;resize=404%2C531\" data-recalc-dims=\"1\" \/><\/h2>\n<div class=\"post-meta\" style=\"text-align: center;\"><\/div>\n<h3 class=\"post-meta\" style=\"text-align: center;\"><span style=\"color: #000000;\"><strong>Papa S\u00e3o Jo\u00e3o Paulo II <\/strong><\/span><\/h3>\n<h3 class=\"post-meta\" style=\"text-align: center;\"><span style=\"color: #000000;\"><strong>\u2013\u00a0<em>Redemptoris Custos<\/em>\u00a01.<\/strong><\/span><\/h3>\n<div class=\"post-inner\" style=\"text-align: justify;\">\n<div class=\"post-content\">\n<ul>\n<li><span style=\"color: #000000;\">Desejo apresentar \u00e0 vossa considera\u00e7\u00e3o, amados Irm\u00e3os e Irm\u00e3s, algumas reflex\u00f5es sobre (S\u00e3o Jos\u00e9) aquele a quem Deus \u201cconfiou a guarda dos seus tesouros mais preciosos\u201d.<\/span><\/li>\n<li><span style=\"color: #000000;\">\u00c9 para mim uma alegria cumprir este dever pastoral, no intuito de que cres\u00e7a em todos a devo\u00e7\u00e3o ao Patrono da Igreja universal e o amor ao Redentor, que ele serviu de maneira exemplar.<\/span><\/li>\n<li><span style=\"color: #000000;\">Desta forma, todo o povo crist\u00e3o n\u00e3o s\u00f3 recorrer\u00e1 a S\u00e3o Jos\u00e9 com maior fervor e invocar\u00e1 confiadamente o seu patroc\u00ednio, mas tamb\u00e9m ter\u00e1 sempre diante dos olhos o seu modo humilde e amadurecido de servir e de \u201cparticipar\u201d na economia da salva\u00e7\u00e3o\u201d.<\/span><\/li>\n<\/ul>\n<h4><span style=\"color: #000000;\">\u00a0<\/span><\/h4>\n<h4><span style=\"color: #000000;\">\u00a0<\/span><\/h4>\n<h4><span style=\"color: #000000;\">\u00a0<strong>Reflex\u00f5es:<\/strong><\/span><\/h4>\n<ul>\n<li style=\"text-align: justify;\"><span style=\"color: #000000;\">Nos tempos messi\u00e2nicos S\u00e3o Jos\u00e9 foi aquele a quem Deus \u201cconfiou a guarda dos seus tesouros mais preciosos\u201d. Primeiramente Maria, sua noiva, esposa e companheira de miss\u00e3o. A seguir foi confiado a Jos\u00e9, junto com Maria, o mais precioso de todos os tesouros: Jesus, o Deus Conosco, o Redentor do homem, o Redentor do mundo, aquele que tem palavras de vida eterna.<\/span><\/li>\n<\/ul>\n<ul>\n<li style=\"text-align: justify;\"><span style=\"color: #000000;\">Nos tempos atuais, n\u00f3s fazemos parte do \u201ctesouro precioso\u201d, da \u201cheran\u00e7a que Jesus conquistou\u201d e que colocou aos cuidados de Maria e de Jos\u00e9.<\/span><\/li>\n<li style=\"text-align: justify;\"><span style=\"color: #000000;\">\u201cDeus quis que o seu Filho, ao fazer-se homem no meio dos homens, necessitasse dos pr\u00e9stimos de algumas pessoas na colabora\u00e7\u00e3o do seu plano salv\u00edfico.<\/span><\/li>\n<li style=\"text-align: justify;\"><span style=\"color: #000000;\">Jesus precisava de uma m\u00e3e para encarnar-se no seio e nutrir-se dela: precisou de uma fam\u00edlia para situar-se, crescer e educar-se; precisou de um pai, para que ao longo dos anos atendesse as suas necessidades materiais e espirituais.<\/span><\/li>\n<li style=\"text-align: justify;\"><span style=\"color: #000000;\">Portanto, a voca\u00e7\u00e3o de Jos\u00e9 como esposo de Maria e pai virginal de Jesus valeu-lhe o m\u00e9rito de agir na coopera\u00e7\u00e3o e realiza\u00e7\u00e3o do mist\u00e9rio da encarna\u00e7\u00e3o. Sua participa\u00e7\u00e3o na reden\u00e7\u00e3o n\u00e3o foi marginal, mas fundamental para que Jesus nascesse numa fam\u00edlia da qual ele era o chefe\u201d.<\/span><\/li>\n<\/ul>\n<p style=\"text-align: center;\"><span style=\"color: #000000;\">(Pe. Jos\u00e9 Ant\u00f4nio Bertolin, OSJ. S\u00e3o Jos\u00e9, Imagem Terrestre da Bondade de Deus).<\/span><\/p>\n<\/div>\n<\/div>\n<p style=\"text-align: justify;\"><strong><span style=\"color: #000000;\">Texto original:<\/span>\u00a0<span style=\"color: #0000ff;\"><a style=\"color: #0000ff;\" href=\"https:\/\/leigosjosefinosmarellianos.wordpress.com\/2017\/01\/12\/jose-aquele-a-quem-deus-confiou-a-guarda-dos-seus-tesouros-mais-preciosos\/\">Clique aqui<\/a><\/span><\/strong><\/p>\n","protected":false},"excerpt":{"rendered":"<p>Papa S\u00e3o Jo\u00e3o Paulo II \u2013\u00a0Redemptoris Custos\u00a01. Desejo apresentar \u00e0 vossa considera\u00e7\u00e3o, amados Irm\u00e3os e Irm\u00e3s, algumas reflex\u00f5es sobre (S\u00e3o Jos\u00e9) aquele a quem Deus \u201cconfiou a guarda dos seus tesouros mais preciosos\u201d. \u00c9 para mim uma alegria cumprir este dever pastoral, no intuito de que cres\u00e7a em todos a devo\u00e7\u00e3o ao Patrono da Igreja [&hellip;]<\/p>\n","protected":false},"author":1,"featured_media":0,"parent":4577,"menu_order":5,"comment_status":"closed","ping_status":"closed","template":"","meta":{"_monsterinsights_skip_tracking":false,"_monsterinsights_sitenote_active":false,"_monsterinsights_sitenote_note":"","_monsterinsights_sitenote_category":0,"jetpack_post_was_ever_published":false,"footnotes":""},"jetpack_shortlink":"https:\/\/wp.me\/P4Ftkv-1M1","jetpack_sharing_enabled":true,"_links":{"self":[{"href":"http:\/\/irmasdesaojose.com.br\/portal\/wp-json\/wp\/v2\/pages\/6821"}],"collection":[{"href":"http:\/\/irmasdesaojose.com.br\/portal\/wp-json\/wp\/v2\/pages"}],"about":[{"href":"http:\/\/irmasdesaojose.com.br\/portal\/wp-json\/wp\/v2\/types\/page"}],"author":[{"embeddable":true,"href":"http:\/\/irmasdesaojose.com.br\/portal\/wp-json\/wp\/v2\/users\/1"}],"replies":[{"embeddable":true,"href":"http:\/\/irmasdesaojose.com.br\/portal\/wp-json\/wp\/v2\/comments?post=6821"}],"version-history":[{"count":3,"href":"http:\/\/irmasdesaojose.com.br\/portal\/wp-json\/wp\/v2\/pages\/6821\/revisions"}],"predecessor-version":[{"id":6824,"href":"http:\/\/irmasdesaojose.com.br\/portal\/wp-json\/wp\/v2\/pages\/6821\/revisions\/6824"}],"up":[{"embeddable":true,"href":"http:\/\/irmasdesaojose.com.br\/portal\/wp-json\/wp\/v2\/pages\/4577"}],"wp:attachment":[{"href":"http:\/\/irmasdesaojose.com.br\/portal\/wp-json\/wp\/v2\/media?parent=6821"}],"curies":[{"name":"wp","href":"https:\/\/api.w.org\/{rel}","templated":true}]}}