{"id":6827,"date":"2019-02-27T10:03:15","date_gmt":"2019-02-27T13:03:15","guid":{"rendered":"http:\/\/irmasdesaojose.com.br\/portal\/?page_id=6827"},"modified":"2019-11-27T10:10:42","modified_gmt":"2019-11-27T13:10:42","slug":"jose-revela-com-sua-vida-que-o-deus-que-trabalha-sem-cessar-na-santificacao-de-suas-obras-e-o-mais-desejoso-de-trabalhos-santificados","status":"publish","type":"page","link":"http:\/\/irmasdesaojose.com.br\/portal\/sementes-de-sao-jose\/jose-revela-com-sua-vida-que-o-deus-que-trabalha-sem-cessar-na-santificacao-de-suas-obras-e-o-mais-desejoso-de-trabalhos-santificados\/","title":{"rendered":"Jos\u00e9 revela com sua vida que o Deus \u00e9 o mais desejoso de trabalhos santificados"},"content":{"rendered":"<p style=\"text-align: justify;\"><img decoding=\"async\" loading=\"lazy\" class=\" wp-image-6833 alignleft\" src=\"https:\/\/i0.wp.com\/irmasdesaojose.com.br\/portal\/wp-content\/uploads\/2019\/02\/St-Joseph-1-681x960.jpg?resize=351%2C495\" alt=\"St-Joseph-1-681x960\" width=\"351\" height=\"495\" srcset=\"https:\/\/i0.wp.com\/irmasdesaojose.com.br\/portal\/wp-content\/uploads\/2019\/02\/St-Joseph-1-681x960.jpg?resize=213%2C300 213w, https:\/\/i0.wp.com\/irmasdesaojose.com.br\/portal\/wp-content\/uploads\/2019\/02\/St-Joseph-1-681x960.jpg?resize=681%2C960 681w\" sizes=\"(max-width: 351px) 100vw, 351px\" data-recalc-dims=\"1\" \/><\/p>\n<p><span style=\"color: #000000;\">O sant\u00edssimo S\u00e3o Jos\u00e9, protetor da Igreja Universal, assumiu este compromisso de n\u00e3o deixar que nenhum trabalhador de f\u00e9 \u2013 do campo, ind\u00fastria, aut\u00f4nomo ou n\u00e3o, mulher ou homem \u2013 esque\u00e7a-se de que ao seu lado est\u00e3o Jesus e Maria. A Igreja, nesta festa do trabalho, autorizada pelo Papa Pio XII, deu um lindo parecer sobre todo esfor\u00e7o humano que gera, d\u00e1 a luz e faz crescer obras produzidas pelo homem: \u201cQueremos reafirmar, em forma solene, a dignidade do trabalho a fim de que inspire na vida social as leis da equitativa reparti\u00e7\u00e3o de direitos e deveres.\u201d<\/span><\/p>\n<p><span style=\"color: #000000;\">S\u00e3o Jos\u00e9, que na B\u00edblia \u00e9 reconhecido como um homem justo, \u00e9 quem revela com sua vida que o Deus que trabalha sem cessar na santifica\u00e7\u00e3o de Suas obras, \u00e9 o mais desejoso de trabalhos santificados:\u00a0<strong>\u201cSeja qual for o vosso trabalho, fazei-o de boa vontade, como para o Senhor, e n\u00e3o para os homens, cientes de que recebereis do Senhor a heran\u00e7a como recompensa\u2026 O Senhor \u00e9 Cristo\u201d<\/strong>\u00a0(Col 3,23-24).<\/span><\/p>\n<p>&nbsp;<\/p>\n<p style=\"text-align: center;\"><span style=\"color: #000000;\"><strong>S\u00e3o Jos\u00e9 Oper\u00e1rio, rogai por n\u00f3s!<\/strong><\/span><\/p>\n<p>&nbsp;<\/p>\n<p><span style=\"color: #000000;\">Mensagem original:\u00a0<\/span><span style=\"color: #0000ff;\"><a style=\"color: #0000ff;\" href=\"http:\/\/santo.cancaonova.com\/santo\/sao-jose-operario-protetor-e-modelo-de-todos-os-trabalhadores\/\">Clique aqui<\/a><\/span><\/p>\n","protected":false},"excerpt":{"rendered":"<p>O sant\u00edssimo S\u00e3o Jos\u00e9, protetor da Igreja Universal, assumiu este compromisso de n\u00e3o deixar que nenhum trabalhador de f\u00e9 \u2013 do campo, ind\u00fastria, aut\u00f4nomo ou n\u00e3o, mulher ou homem \u2013 esque\u00e7a-se de que ao seu lado est\u00e3o Jesus e Maria. A Igreja, nesta festa do trabalho, autorizada pelo Papa Pio XII, deu um lindo parecer [&hellip;]<\/p>\n","protected":false},"author":1,"featured_media":0,"parent":4577,"menu_order":6,"comment_status":"closed","ping_status":"closed","template":"","meta":{"_monsterinsights_skip_tracking":false,"_monsterinsights_sitenote_active":false,"_monsterinsights_sitenote_note":"","_monsterinsights_sitenote_category":0,"jetpack_post_was_ever_published":false,"footnotes":""},"jetpack_shortlink":"https:\/\/wp.me\/P4Ftkv-1M7","jetpack_sharing_enabled":true,"_links":{"self":[{"href":"http:\/\/irmasdesaojose.com.br\/portal\/wp-json\/wp\/v2\/pages\/6827"}],"collection":[{"href":"http:\/\/irmasdesaojose.com.br\/portal\/wp-json\/wp\/v2\/pages"}],"about":[{"href":"http:\/\/irmasdesaojose.com.br\/portal\/wp-json\/wp\/v2\/types\/page"}],"author":[{"embeddable":true,"href":"http:\/\/irmasdesaojose.com.br\/portal\/wp-json\/wp\/v2\/users\/1"}],"replies":[{"embeddable":true,"href":"http:\/\/irmasdesaojose.com.br\/portal\/wp-json\/wp\/v2\/comments?post=6827"}],"version-history":[{"count":5,"href":"http:\/\/irmasdesaojose.com.br\/portal\/wp-json\/wp\/v2\/pages\/6827\/revisions"}],"predecessor-version":[{"id":6830,"href":"http:\/\/irmasdesaojose.com.br\/portal\/wp-json\/wp\/v2\/pages\/6827\/revisions\/6830"}],"up":[{"embeddable":true,"href":"http:\/\/irmasdesaojose.com.br\/portal\/wp-json\/wp\/v2\/pages\/4577"}],"wp:attachment":[{"href":"http:\/\/irmasdesaojose.com.br\/portal\/wp-json\/wp\/v2\/media?parent=6827"}],"curies":[{"name":"wp","href":"https:\/\/api.w.org\/{rel}","templated":true}]}}