{"id":6836,"date":"2019-01-27T10:16:37","date_gmt":"2019-01-27T12:16:37","guid":{"rendered":"http:\/\/irmasdesaojose.com.br\/portal\/?page_id=6836"},"modified":"2019-11-27T10:17:49","modified_gmt":"2019-11-27T13:17:49","slug":"cinco-virtudes-de-sao-jose-que-todo-homem-deveria-ter","status":"publish","type":"page","link":"http:\/\/irmasdesaojose.com.br\/portal\/sementes-de-sao-jose\/cinco-virtudes-de-sao-jose-que-todo-homem-deveria-ter\/","title":{"rendered":"Cinco virtudes de S\u00e3o Jos\u00e9 que todo homem deveria ter"},"content":{"rendered":"<p style=\"text-align: center;\"><img decoding=\"async\" loading=\"lazy\" class=\"alignnone size-full wp-image-5178 alignleft\" src=\"https:\/\/i0.wp.com\/irmasdesaojose.com.br\/portal\/wp-content\/uploads\/2016\/10\/verri4.jpg?resize=233%2C310\" alt=\"verri4\" width=\"233\" height=\"310\" srcset=\"https:\/\/i0.wp.com\/irmasdesaojose.com.br\/portal\/wp-content\/uploads\/2016\/10\/verri4.jpg?w=233 233w, https:\/\/i0.wp.com\/irmasdesaojose.com.br\/portal\/wp-content\/uploads\/2016\/10\/verri4.jpg?resize=225%2C300 225w\" sizes=\"(max-width: 233px) 100vw, 233px\" data-recalc-dims=\"1\" \/><\/p>\n<p style=\"text-align: justify;\"><span style=\"color: #000000;\"><strong>A vida dos santos precisa ser para n\u00f3s como um livro vivo, no qual lemos as virtudes que t\u00eam sua fonte no pr\u00f3prio Cristo<\/strong><\/span><\/p>\n<p style=\"text-align: justify;\"><span style=\"color: #000000;\">Pelo menos, este \u00e9 o objetivo da Igreja quando se canoniza algu\u00e9m: dizer aos crist\u00e3os que a santidade \u00e9 poss\u00edvel e propor um caminho para ajud\u00e1-los a chegar a este prop\u00f3sito, fim de todo homem, criado \u00e0 imagem e semelhan\u00e7a de Deus. Trata-se de vidas que se permitiram ser modeladas pela gra\u00e7a, a tal ponto que chegam a ser um an\u00fancio da santidade de Deus mesmo. Neste m\u00eas de mar\u00e7o, a Igreja nos prop\u00f5e celebrarmos a solenidade de S\u00e3o Jos\u00e9, pai adotivo de Jesus.\u00a0<strong>Quais poderiam ser ent\u00e3o as virtudes vividas por Jos\u00e9, as quais todos os homens s\u00e3o chamados a imitar?<\/strong>\u00a0Esta \u00e9 uma tarefa um tanto quanto \u00e1rdua, pois sua figura \u00e9 marcada pelo escondimento e pela discri\u00e7\u00e3o.<\/span><\/p>\n<p style=\"text-align: justify;\"><span style=\"color: #000000;\">O Catecismo da Igreja Cat\u00f3lica diz que \u201ca pessoa virtuosa \u00e9 aquela que livremente pratica o bem\u201d (CIC 1804). E o bem n\u00e3o poderia ser outra coisa sen\u00e3o a pr\u00f3pria vontade de Deus. Ora, vemos no Evangelho segundo Mateus que Jos\u00e9 foi d\u00f3cil a essa vontade. E nessa docilidade, vemos uma manifesta\u00e7\u00e3o da virtude da f\u00e9, pois por meio dela, \u201co homem livremente se entrega todo a Deus\u201d (CIC 1814). \u201cDespertando, Jos\u00e9 fez como o anjo do Senhor lhe havia mandado e recebeu em sua casa sua esposa.\u201d (Mt 1,24). Na busca de fazer sempre a vontade do Pai, podemos vislumbrar tamb\u00e9m em Jos\u00e9 a virtude da prud\u00eancia, dado que esta \u00ab\u00a0disp\u00f5e a raz\u00e3o pr\u00e1tica a discernir, em qualquer circunst\u00e2ncia, nosso verdadeiro bem e a escolher os meios adequados para realiz\u00e1-los\u00a0\u00bb (CIC 1806). Pois, afinal de contas, onde poderia estar nosso bem verdadeiro sen\u00e3o na pr\u00e1tica da vontade de Deus?<\/span><\/p>\n<p style=\"text-align: justify;\"><span style=\"color: #000000;\">Neste mesmo Evangelho, vemos uma outra virtude em S\u00e3o Jos\u00e9: ele era um homem justo. O texto b\u00edblico o diz explicitamente (cf. Mt 1,19). Este termo, dentro do contexto b\u00edblico, vai muito al\u00e9m do significado de justi\u00e7a que temos em nossas sociedades contempor\u00e2neas. Ele exprime a ideia de algu\u00e9m que \u00e9 fiel, \u00abque observa a lei\u00bb. E esta fidelidade \u00e0 lei, esta observ\u00e2ncia gera, por consequ\u00eancia, uma retid\u00e3o no agir, seja para com Deus, seja para com os homens. Vemos, ent\u00e3o, a virtude da justi\u00e7a\u00a0: \u00ab\u00a0A justi\u00e7a \u00e9 a virtude moral que consiste na vontade constante e firme de dar a Deus e ao pr\u00f3ximo o que lhes \u00e9 devido\u00a0\u00bb (CIC 1807). Em sua vida, diante daquilo que Deus lhe pedia, Jos\u00e9 n\u00e3o poderia lhe dar outra a n\u00e3o ser a realiza\u00e7\u00e3o de sua santa vontade.<\/span><\/p>\n<p style=\"text-align: justify;\"><span style=\"color: #000000;\">Podemos tamb\u00e9m afirmar que S\u00e3o Jos\u00e9 tinha a virtude da fortaleza, uma das quatro virtudes cardeais. Pois,\u00a0<strong>a fortaleza consiste em tornar o homem capaz de ter \u00abseguran\u00e7a nas dificuldades, firmeza e const\u00e2ncia na procura do Bem<\/strong>\u00bb (CIC 1808). E diante do que Jos\u00e9 viveu com Maria, antes do nascimento de Jesus, a procura de um lugar para que ela desse \u00e0 luz, e depois fugindo da persegui\u00e7\u00e3o de Herodes, sem a virtude da fortaleza, talvez Jos\u00e9 n\u00e3o tivesse suportado a press\u00e3o das dificuldades exteriores. Essa virtude tamb\u00e9m o ajudou a permanecer na procura deste Bem, ou seja, da vontade de Deus que lhe havia sido claramente manifestada.<\/span><\/p>\n<p style=\"text-align: justify;\"><span style=\"color: #000000;\">Por fim, Jos\u00e9 foi aquele que viveu a virtude do amor. Sem ela, ele n\u00e3o teria assumido viver a vontade de Deus como ela se lhe apresentou. \u00ab\u00a0A caridade \u00e9 a virtude teologal pela qual amamos a Deus sobre todas as coisas, por si mesmo, e a nosso pr\u00f3ximo como a n\u00f3s mesmos, por amor a Deus\u00a0\u00bb (CIC 1822). Ao amarmos o Senhor, amamos igualmente Sua vontade e assumimos firmemente todas as consequ\u00eancias que lhe s\u00e3o vinculadas. Desta maneira, podemos ver na vida de S\u00e3o Jos\u00e9, mesmo que contada t\u00e3o brevemente pelos evangelhos, a presen\u00e7a deste movimento de amor que o levou a amar a Deus at\u00e9 as \u00faltimas consequ\u00eancias.<\/span><\/p>\n<blockquote>\n<p class=\"entry-title\" style=\"text-align: justify;\"><span style=\"color: #000000;\">Autor do artigo:\u00a0Andr\u00e9 Botelho\u00a0de Andrade \u00e9 casado e pai de tr\u00eas filhos. Com forma\u00e7\u00e3o em Teologia e Filosofia Tomista, Andrade \u00e9 fundador e moderador geral da comunidade cat\u00f3lica Pantokrator, \u00e0 qual se dedica integralmente.<\/span><\/p>\n<\/blockquote>\n<p class=\"entry-title\" style=\"text-align: justify;\"><strong><span style=\"color: #000000;\">Cita\u00e7\u00e3o do artigo original:\u00a0<\/span><span style=\"color: #0000ff;\"><a style=\"color: #0000ff;\" href=\"http:\/\/formacao.cancaonova.com\/espiritualidade\/devocao\/cinco-virtudes-de-sao-jose-que-todo-homem-deveria-ter\/\">http:\/\/formacao.cancaonova.com\/espiritualidade\/devocao\/cinco-virtudes-de-sao-jose-que-todo-homem-deveria-ter\/<\/a><\/span><\/strong><\/p>\n","protected":false},"excerpt":{"rendered":"<p>A vida dos santos precisa ser para n\u00f3s como um livro vivo, no qual lemos as virtudes que t\u00eam sua fonte no pr\u00f3prio Cristo Pelo menos, este \u00e9 o objetivo da Igreja quando se canoniza algu\u00e9m: dizer aos crist\u00e3os que a santidade \u00e9 poss\u00edvel e propor um caminho para ajud\u00e1-los a chegar a este prop\u00f3sito, [&hellip;]<\/p>\n","protected":false},"author":1,"featured_media":0,"parent":4577,"menu_order":6,"comment_status":"closed","ping_status":"closed","template":"","meta":{"_monsterinsights_skip_tracking":false,"_monsterinsights_sitenote_active":false,"_monsterinsights_sitenote_note":"","_monsterinsights_sitenote_category":0,"jetpack_post_was_ever_published":false,"footnotes":""},"jetpack_shortlink":"https:\/\/wp.me\/P4Ftkv-1Mg","jetpack_sharing_enabled":true,"_links":{"self":[{"href":"http:\/\/irmasdesaojose.com.br\/portal\/wp-json\/wp\/v2\/pages\/6836"}],"collection":[{"href":"http:\/\/irmasdesaojose.com.br\/portal\/wp-json\/wp\/v2\/pages"}],"about":[{"href":"http:\/\/irmasdesaojose.com.br\/portal\/wp-json\/wp\/v2\/types\/page"}],"author":[{"embeddable":true,"href":"http:\/\/irmasdesaojose.com.br\/portal\/wp-json\/wp\/v2\/users\/1"}],"replies":[{"embeddable":true,"href":"http:\/\/irmasdesaojose.com.br\/portal\/wp-json\/wp\/v2\/comments?post=6836"}],"version-history":[{"count":2,"href":"http:\/\/irmasdesaojose.com.br\/portal\/wp-json\/wp\/v2\/pages\/6836\/revisions"}],"predecessor-version":[{"id":6839,"href":"http:\/\/irmasdesaojose.com.br\/portal\/wp-json\/wp\/v2\/pages\/6836\/revisions\/6839"}],"up":[{"embeddable":true,"href":"http:\/\/irmasdesaojose.com.br\/portal\/wp-json\/wp\/v2\/pages\/4577"}],"wp:attachment":[{"href":"http:\/\/irmasdesaojose.com.br\/portal\/wp-json\/wp\/v2\/media?parent=6836"}],"curies":[{"name":"wp","href":"https:\/\/api.w.org\/{rel}","templated":true}]}}