{"id":6845,"date":"2018-12-27T10:26:54","date_gmt":"2018-12-27T12:26:54","guid":{"rendered":"http:\/\/irmasdesaojose.com.br\/portal\/?page_id=6845"},"modified":"2019-11-27T10:35:54","modified_gmt":"2019-11-27T13:35:54","slug":"a-paternidade-de-jose-foi-uma-paternidade-natural-ou-fisica","status":"publish","type":"page","link":"http:\/\/irmasdesaojose.com.br\/portal\/sementes-de-sao-jose\/a-paternidade-de-jose-foi-uma-paternidade-natural-ou-fisica\/","title":{"rendered":"A paternidade de Jos\u00e9 foi uma paternidade natural ou f\u00edsica?"},"content":{"rendered":"<p style=\"text-align: justify;\"><span style=\"color: #000000;\"><img decoding=\"async\" loading=\"lazy\" class=\"wp-image-4873 size-medium alignleft\" src=\"https:\/\/i0.wp.com\/irmasdesaojose.com.br\/portal\/wp-content\/uploads\/2016\/10\/jose-e-maria1.jpg?resize=300%2C209\" alt=\"jose-e-maria1\" width=\"300\" height=\"209\" srcset=\"https:\/\/i0.wp.com\/irmasdesaojose.com.br\/portal\/wp-content\/uploads\/2016\/10\/jose-e-maria1.jpg?resize=300%2C209 300w, https:\/\/i0.wp.com\/irmasdesaojose.com.br\/portal\/wp-content\/uploads\/2016\/10\/jose-e-maria1.jpg?w=620 620w\" sizes=\"(max-width: 300px) 100vw, 300px\" data-recalc-dims=\"1\" \/>A paternidade de Jos\u00e9 n\u00e3o foi uma simples ado\u00e7\u00e3o, mas tamb\u00e9m n\u00e3o foi uma paternidade natural ou f\u00edsica. Se Jos\u00e9 fosse o pai natural de Jesus, o evangelista Mateus, ao descrever as v\u00e1rias genealogias, ou os antepassados do Messias (Mt 1,1-16), n\u00e3o terminaria dizendo: &#8220;Jac\u00f3 foi\u00a0 o pai de Jos\u00e9, esposo de Maria, da qual nasceu Jesus, chamado Cristo&#8221; (Mt 1,16). Se fosse o pai natural de Jesus, Mateus terminaria dizendo que &#8220;Jos\u00e9 gerou Jesus&#8230;&#8221; Al\u00e9m do mais, Mateus logo em seguida esclarecer\u00e1 novamente que o nascimento de Jesus n\u00e3o teve\u00a0 o concurso de Jos\u00e9: &#8221; A origem de Jesus Cristo,\u00a0 por\u00e9m, foi assim: Maria, sua m\u00e3e, estava prometida em casamento a Jos\u00e9. Mas, antes de morarem juntos, ficou gr\u00e1vida do Esp\u00edrito Santo&#8221; (Mt 1,18). Portanto, Jos\u00e9 n\u00e3o cooperou na concep\u00e7\u00e3o de Jesus. Se assim fosse, n\u00e3o poder\u00edamos falar em concep\u00e7\u00e3o virginal. Tanto Lucas (1, 35) quanto Mateus (1,20) explicam que foi a misteriosa for\u00e7a divina que realizou o grande mist\u00e9rio da encarna\u00e7\u00e3o de Jesus no seio de Maria.\u00a0 Portanto, Jos\u00e9 n\u00e3o teve nenhuma participa\u00e7\u00e3o na concep\u00e7\u00e3o de Jesus, tanto\u00a0 \u00e9 verdade que conhecemos a sua ang\u00fastia profunda diante da\u00a0 gravidez de Maria. A esta altura nos vem espont\u00e2nea a pergunta: Se Jos\u00e9 n\u00e3o \u00e9 o pai\u00a0 natural de Jesus, como\u00a0 podemos cham\u00e1-lo de\u00a0 verdadeiro pai? Podemos afirmar que a paternidade de Jos\u00e9 \u00e9 especial, privilegiada por um des\u00edgnio especial de Deus. Ela \u00e9 uma exce\u00e7\u00e3o, por isso mais eficiente, fazendo dessa paternidade algo\u00a0 mais sublime que a paternidade natural.<\/span><\/p>\n<p style=\"text-align: justify;\"><span style=\"color: #000000;\"><strong>S\u00e3o Jos\u00e9 Imagem Terrestre da Bondade de Deus\u00a0<\/strong><\/span><\/p>\n<p style=\"text-align: justify;\"><span style=\"color: #000000;\"><strong>Pe. Jos\u00e9 Antonio Bertolin OSJ<\/strong><\/span><\/p>\n<h4 class=\"post-title entry-title\" style=\"text-align: justify;\"><strong><span style=\"color: #000000;\">Para ver a mensagem direto do original:\u00a0<\/span><span style=\"color: #0000ff;\"><a style=\"color: #0000ff;\" href=\"http:\/\/josedenazareorg.blogspot.com.br\/\">Clique<\/a><\/span><\/strong><\/h4>\n","protected":false},"excerpt":{"rendered":"<p>A paternidade de Jos\u00e9 n\u00e3o foi uma simples ado\u00e7\u00e3o, mas tamb\u00e9m n\u00e3o foi uma paternidade natural ou f\u00edsica. Se Jos\u00e9 fosse o pai natural de Jesus, o evangelista Mateus, ao descrever as v\u00e1rias genealogias, ou os antepassados do Messias (Mt 1,1-16), n\u00e3o terminaria dizendo: &#8220;Jac\u00f3 foi\u00a0 o pai de Jos\u00e9, esposo de Maria, da qual [&hellip;]<\/p>\n","protected":false},"author":1,"featured_media":0,"parent":4577,"menu_order":8,"comment_status":"closed","ping_status":"closed","template":"","meta":{"_monsterinsights_skip_tracking":false,"_monsterinsights_sitenote_active":false,"_monsterinsights_sitenote_note":"","_monsterinsights_sitenote_category":0,"jetpack_post_was_ever_published":false,"footnotes":""},"jetpack_shortlink":"https:\/\/wp.me\/P4Ftkv-1Mp","jetpack_sharing_enabled":true,"_links":{"self":[{"href":"http:\/\/irmasdesaojose.com.br\/portal\/wp-json\/wp\/v2\/pages\/6845"}],"collection":[{"href":"http:\/\/irmasdesaojose.com.br\/portal\/wp-json\/wp\/v2\/pages"}],"about":[{"href":"http:\/\/irmasdesaojose.com.br\/portal\/wp-json\/wp\/v2\/types\/page"}],"author":[{"embeddable":true,"href":"http:\/\/irmasdesaojose.com.br\/portal\/wp-json\/wp\/v2\/users\/1"}],"replies":[{"embeddable":true,"href":"http:\/\/irmasdesaojose.com.br\/portal\/wp-json\/wp\/v2\/comments?post=6845"}],"version-history":[{"count":4,"href":"http:\/\/irmasdesaojose.com.br\/portal\/wp-json\/wp\/v2\/pages\/6845\/revisions"}],"predecessor-version":[{"id":6857,"href":"http:\/\/irmasdesaojose.com.br\/portal\/wp-json\/wp\/v2\/pages\/6845\/revisions\/6857"}],"up":[{"embeddable":true,"href":"http:\/\/irmasdesaojose.com.br\/portal\/wp-json\/wp\/v2\/pages\/4577"}],"wp:attachment":[{"href":"http:\/\/irmasdesaojose.com.br\/portal\/wp-json\/wp\/v2\/media?parent=6845"}],"curies":[{"name":"wp","href":"https:\/\/api.w.org\/{rel}","templated":true}]}}