{"id":6851,"date":"2018-11-27T10:30:40","date_gmt":"2018-11-27T12:30:40","guid":{"rendered":"http:\/\/irmasdesaojose.com.br\/portal\/?page_id=6851"},"modified":"2019-11-27T10:33:12","modified_gmt":"2019-11-27T13:33:12","slug":"o-amor-de-sao-jose-a-jesus-a-maria-e-a-nos","status":"publish","type":"page","link":"http:\/\/irmasdesaojose.com.br\/portal\/sementes-de-sao-jose\/o-amor-de-sao-jose-a-jesus-a-maria-e-a-nos\/","title":{"rendered":"O amor de S\u00e3o Jos\u00e9 a Jesus, a Maria e a n\u00f3s"},"content":{"rendered":"<h4 style=\"text-align: center;\"><b>Consideremos o profundo amor que S\u00e3o Jos\u00e9 dedicou a Jesus Cristo e a Virgem Maria, e dedica a cada um de n\u00f3s, como nosso pai e protetor.<\/b><\/h4>\n<p class=\"western\"><span style=\"color: #000000;\"><img decoding=\"async\" loading=\"lazy\" class=\"wp-image-6853 aligncenter\" src=\"https:\/\/i0.wp.com\/irmasdesaojose.com.br\/portal\/wp-content\/uploads\/2018\/11\/132581110movie1hero.jpg?resize=533%2C303\" alt=\"132581110movie1hero\" width=\"533\" height=\"303\" srcset=\"https:\/\/i0.wp.com\/irmasdesaojose.com.br\/portal\/wp-content\/uploads\/2018\/11\/132581110movie1hero.jpg?w=822 822w, https:\/\/i0.wp.com\/irmasdesaojose.com.br\/portal\/wp-content\/uploads\/2018\/11\/132581110movie1hero.jpg?resize=300%2C170 300w, https:\/\/i0.wp.com\/irmasdesaojose.com.br\/portal\/wp-content\/uploads\/2018\/11\/132581110movie1hero.jpg?resize=768%2C436 768w\" sizes=\"(max-width: 533px) 100vw, 533px\" data-recalc-dims=\"1\" \/><\/span><\/p>\n<p class=\"western\" style=\"text-align: justify;\"><span style=\"color: #000000;\">O glorioso S\u00e3o Jos\u00e9, o grande patriarca do Novo Testamento, consagrou todo o seu amor a Jesus Cristo, a Virgem Maria e a cada um de n\u00f3s. Normalmente, a longa familiaridade com as pessoas faz, muitas vezes, esfriar o amor. Pois, quanto mais convivemos, mais conhecemos os defeitos uns dos outros. No entanto, com S\u00e3o Jos\u00e9 n\u00e3o foi assim. Quanto mais o Justo convivia com o divino Redentor e com a Sant\u00edssima Virgem, mais conhecia-lhes a santidade. Sendo assim, podemos concluir que extraordinariamente grande era o seu amor para com Jesus e Maria, aqueles que o Senhor lhe concedeu ter como companhia por longos anos.<\/span><\/p>\n<p class=\"western\" style=\"text-align: justify;\"><span style=\"color: #000000;\">Deus concedeu aos outros Santos o poder de nos proteger em uma necessidade especial. Mas, a S\u00e3o Jos\u00e9 o Senhor concedeu a gra\u00e7a de ser nosso protetor em todas as necessidades, como atestam a palavra dos santos e do Magist\u00e9rio da Igreja e a experi\u00eancia de muitos fi\u00e9is. O Santo Patriarca n\u00e3o somente tem vontade de nos ajudar, mas, de certo modo, sente-se obrigado, visto que, por nossa causa, ele foi elevado a t\u00e3o alta dignidade. Por isso, podemos imaginar que o Senhor, vendo as nossas afli\u00e7\u00f5es, diz a cada um de n\u00f3s o que o Fara\u00f3 disse ao povo do Egito no tempo da fome: \u201cIde a Jos\u00e9, e fazei o que ele vos disser\u201d<sup><a class=\"sdfootnoteanc\" style=\"color: #000000;\" href=\"http:\/\/blog.cancaonova.com\/tododemaria\/o-amor-de-sao-jose-a-jesus-a-maria-e-a-nos\/#sdfootnote1sym\" name=\"sdfootnote1anc\"><sup>1<\/sup><\/a><\/sup> (cf. Gn 41, 55).<\/span><\/p>\n<p class=\"western\" style=\"text-align: justify;\"><span style=\"color: #000000;\"><b>O amor e o cuidado paternos de S\u00e3o Jos\u00e9 a Jesus Cristo<\/b><\/span><\/p>\n<p class=\"western\" style=\"text-align: justify;\"><span style=\"color: #000000;\">Consideremos, em primeiro lugar, o grande amor que S\u00e3o Jos\u00e9 teve por Jesus Cristo. J\u00e1 que Deus destinou o Santo para ser pai adotivo do Verbo humanado, com certeza infundiu no seu cora\u00e7\u00e3o um amor de pai de um filho t\u00e3o am\u00e1vel que, ao mesmo tempo, era Deus. \u201cO amor de Jos\u00e9 n\u00e3o foi, portanto, um amor puramente humano, como o dos outros pais, mas um amor sobre-humano, visto que na mesma pessoa via seu Filho e seu Deus\u201d<sup><a class=\"sdfootnoteanc\" style=\"color: #000000;\" href=\"http:\/\/blog.cancaonova.com\/tododemaria\/o-amor-de-sao-jose-a-jesus-a-maria-e-a-nos\/#sdfootnote2sym\" name=\"sdfootnote2anc\"><sup>2<\/sup><\/a><\/sup>.<\/span><\/p>\n<p class=\"western\" style=\"text-align: justify;\"><span style=\"color: #000000;\">Pela revela\u00e7\u00e3o divina recebida por meio de um Anjo do Senhor em sonho, S\u00e3o Jos\u00e9 sabia que o Menino Jesus, que via continuamente em sua companhia, era o Verbo divino, feito homem por amor a n\u00f3s, por toda a humanidade, mas especialmente por ele. Jos\u00e9 sabia que o pr\u00f3prio Verbo o havia escolhido entre todos os homens para ser o guardi\u00e3o de Sua vida e que queria ser chamado seu Filho. A este respeito, Santo Afonso Maria de Lig\u00f3rio nos convida e refletir:<\/span><\/p>\n<blockquote>\n<p class=\"western\"><span style=\"color: #000000;\"><em>\u2026de que inc\u00eandio de amor n\u00e3o devia estar abrasado o cora\u00e7\u00e3o de Jos\u00e9, ao considerar tudo isso e ao ver seu Senhor, que lhe servia como oficial, ora abrindo e fechando a loja, ora ajudando-o a serrar a madeira, ora manejando a plaina ou o machado, ora ajuntando os cavacos e varrendo a casa; numa palavra, que lhe obedecia em tudo que lhe mandava, e n\u00e3o fazia nada sem o consentimento daquele que considerava como seu pai.<\/em><\/span><\/p>\n<\/blockquote>\n<p class=\"western\" style=\"text-align: justify;\"><span style=\"color: #000000;\">Que afetos n\u00e3o deviam ser despertados no cora\u00e7\u00e3o de S\u00e3o Jos\u00e9, quando tinha o Jesus nos bra\u00e7os, o acariciava, ou recebia as car\u00edcias daquele doce Menino! \u201cquando escutava as palavras de vida eterna, que foram como outras tantas setas a ferirem-lhe o cora\u00e7\u00e3o! especialmente quando observava os santos exemplos de todas as virtudes que o divino Menino lhe dava!\u201d<sup><a class=\"sdfootnoteanc\" style=\"color: #000000;\" href=\"http:\/\/blog.cancaonova.com\/tododemaria\/o-amor-de-sao-jose-a-jesus-a-maria-e-a-nos\/#sdfootnote3sym\" name=\"sdfootnote3anc\"><sup>3<\/sup><\/a><\/sup>. A longa conviv\u00eancia de pessoas que se amam mutuamente, muitas vezes resfria o amor com o passar do tempo. Pois, quanto mais convivemos com as pessoas, mais descobrimos os defeitos uns dos outros. Na Sagrada Fam\u00edlia n\u00e3o foi assim, porque quanto mais Jos\u00e9 convivia com Jesus, mais descobria a Sua santidade. Depois desta reflex\u00e3o, podemos imaginar o quanto Jos\u00e9 deve ter amado Jesus, durante os longos anos que passou com Ele, desde o Seu nascimento em Bel\u00e9m, nos anos de escondimento no Egito e na tranquilidade de Nazar\u00e9 (cf. Mt 2, 13-23).<\/span><\/p>\n<h4 class=\"post-title entry-title\" style=\"text-align: justify;\"><strong><span style=\"color: #000000;\">Para ver a mensagem direto do original:<\/span> <span style=\"color: #0000ff;\"><a style=\"color: #0000ff;\" href=\"http:\/\/blog.cancaonova.com\/tododemaria\/o-amor-de-sao-jose-a-jesus-a-maria-e-a-nos\/\">Clique<\/a><\/span><\/strong><\/h4>\n","protected":false},"excerpt":{"rendered":"<p>Consideremos o profundo amor que S\u00e3o Jos\u00e9 dedicou a Jesus Cristo e a Virgem Maria, e dedica a cada um de n\u00f3s, como nosso pai e protetor. O glorioso S\u00e3o Jos\u00e9, o grande patriarca do Novo Testamento, consagrou todo o seu amor a Jesus Cristo, a Virgem Maria e a cada um de n\u00f3s. Normalmente, [&hellip;]<\/p>\n","protected":false},"author":1,"featured_media":0,"parent":4577,"menu_order":9,"comment_status":"closed","ping_status":"closed","template":"","meta":{"_monsterinsights_skip_tracking":false,"_monsterinsights_sitenote_active":false,"_monsterinsights_sitenote_note":"","_monsterinsights_sitenote_category":0,"jetpack_post_was_ever_published":false,"footnotes":""},"jetpack_shortlink":"https:\/\/wp.me\/P4Ftkv-1Mv","jetpack_sharing_enabled":true,"_links":{"self":[{"href":"http:\/\/irmasdesaojose.com.br\/portal\/wp-json\/wp\/v2\/pages\/6851"}],"collection":[{"href":"http:\/\/irmasdesaojose.com.br\/portal\/wp-json\/wp\/v2\/pages"}],"about":[{"href":"http:\/\/irmasdesaojose.com.br\/portal\/wp-json\/wp\/v2\/types\/page"}],"author":[{"embeddable":true,"href":"http:\/\/irmasdesaojose.com.br\/portal\/wp-json\/wp\/v2\/users\/1"}],"replies":[{"embeddable":true,"href":"http:\/\/irmasdesaojose.com.br\/portal\/wp-json\/wp\/v2\/comments?post=6851"}],"version-history":[{"count":3,"href":"http:\/\/irmasdesaojose.com.br\/portal\/wp-json\/wp\/v2\/pages\/6851\/revisions"}],"predecessor-version":[{"id":6854,"href":"http:\/\/irmasdesaojose.com.br\/portal\/wp-json\/wp\/v2\/pages\/6851\/revisions\/6854"}],"up":[{"embeddable":true,"href":"http:\/\/irmasdesaojose.com.br\/portal\/wp-json\/wp\/v2\/pages\/4577"}],"wp:attachment":[{"href":"http:\/\/irmasdesaojose.com.br\/portal\/wp-json\/wp\/v2\/media?parent=6851"}],"curies":[{"name":"wp","href":"https:\/\/api.w.org\/{rel}","templated":true}]}}