{"id":6858,"date":"2018-10-27T10:37:31","date_gmt":"2018-10-27T13:37:31","guid":{"rendered":"http:\/\/irmasdesaojose.com.br\/portal\/?page_id=6858"},"modified":"2019-11-27T10:39:28","modified_gmt":"2019-11-27T13:39:28","slug":"o-amor-e-o-cuidados-paternos-de-sao-jose-a-jesus-cristo","status":"publish","type":"page","link":"http:\/\/irmasdesaojose.com.br\/portal\/sementes-de-sao-jose\/o-amor-e-o-cuidados-paternos-de-sao-jose-a-jesus-cristo\/","title":{"rendered":"O amor e o cuidados paternos de S\u00e3o Jos\u00e9 a Jesus Cristo"},"content":{"rendered":"<p class=\"post-title entry-title\" style=\"text-align: justify;\"><img decoding=\"async\" loading=\"lazy\" class=\"size-full wp-image-4583 alignleft\" src=\"https:\/\/i0.wp.com\/irmasdesaojose.com.br\/portal\/wp-content\/uploads\/2016\/10\/sjose-001.png?resize=259%2C452\" alt=\"sjose-001\" width=\"259\" height=\"452\" srcset=\"https:\/\/i0.wp.com\/irmasdesaojose.com.br\/portal\/wp-content\/uploads\/2016\/10\/sjose-001.png?w=259 259w, https:\/\/i0.wp.com\/irmasdesaojose.com.br\/portal\/wp-content\/uploads\/2016\/10\/sjose-001.png?resize=172%2C300 172w\" sizes=\"(max-width: 259px) 100vw, 259px\" data-recalc-dims=\"1\" \/><span style=\"color: #000000;\">Consideremos, em primeiro lugar, o grande amor que S\u00e3o Jos\u00e9 teve por Jesus Cristo. J\u00e1 que Deus destinou o Santo para ser pai adotivo do Verbo humanado, com certeza infundiu no seu cora\u00e7\u00e3o um amor de pai de um filho t\u00e3o am\u00e1vel que, ao mesmo tempo, era Deus. \u201cO amor de Jos\u00e9 n\u00e3o foi, portanto, um amor puramente humano, como o dos outros pais, mas um amor sobre-humano, visto que na mesma pessoa via seu Filho e seu Deus\u201d.<\/span><\/p>\n<p style=\"text-align: justify;\"><span style=\"color: #000000;\">Pela revela\u00e7\u00e3o divina recebida por meio de um Anjo do Senhor em sonho, S\u00e3o Jos\u00e9 sabia que o Menino Jesus, que via continuamente em sua companhia, era o Verbo divino, feito homem por amor a n\u00f3s, por toda a humanidade, mas especialmente por ele. Jos\u00e9 sabia que o pr\u00f3prio Verbo o havia escolhido entre todos os homens para ser o guardi\u00e3o de Sua vida e que queria ser chamado seu Filho. A este respeito, Santo Afonso Maria de Lig\u00f3rio nos convida e refletir: (\u2026) de que inc\u00eandio de amor n\u00e3o devia estar abrasado o cora\u00e7\u00e3o de Jos\u00e9, ao considerar tudo isso e ao ver seu Senhor, que lhe servia como oficial, ora abrindo e fechando a loja, ora ajudando-o a serrar a madeira, ora manejando a plaina ou o machado, ora ajuntando os cavacos e varrendo a casa; numa palavra, que lhe obedecia em tudo que lhe mandava, e n\u00e3o fazia nada sem o consentimento daquele que considerava como seu pai.<\/span><\/p>\n<p style=\"text-align: justify;\"><span style=\"color: #000000;\">Que afetos n\u00e3o deviam ser despertados no cora\u00e7\u00e3o de S\u00e3o Jos\u00e9, quando tinha o Jesus nos bra\u00e7os, o acariciava, ou recebia as car\u00edcias daquele doce Menino! \u201cquando escutava as palavras de vida eterna, que foram como outras tantas setas a ferirem-lhe o cora\u00e7\u00e3o! especialmente quando observava os santos exemplos de todas as virtudes que o divino Menino lhe dava!\u201d. A longa conviv\u00eancia de pessoas que se amam mutuamente, muitas vezes resfria o amor com o passar do tempo. Pois, quanto mais convivemos com as pessoas, mais descobrimos os defeitos uns dos outros. Na Sagrada Fam\u00edlia n\u00e3o foi assim, porque quanto mais Jos\u00e9 convivia com Jesus, mais descobria a Sua santidade. Depois desta reflex\u00e3o, podemos imaginar o quanto Jos\u00e9 deve ter amado Jesus, durante os longos anos que passou com Ele, desde o Seu nascimento em Bel\u00e9m, nos anos de escondimento no Egito e na tranq\u00fcilidade de Nazar\u00e9 (cf. Mt 2, 13-23).<\/span><\/p>\n<p style=\"text-align: justify;\"><strong><span style=\"color: #000000;\">Para ver a mensagem direto do original:<\/span> <span style=\"color: #0000ff;\"><a style=\"color: #0000ff;\" href=\"http:\/\/blog.cancaonova.com\/tododemaria\/o-amor-de-sao-jose-a-jesus-a-maria-e-a-nos\/\">Clique<\/a><\/span><\/strong><\/p>\n","protected":false},"excerpt":{"rendered":"<p>Consideremos, em primeiro lugar, o grande amor que S\u00e3o Jos\u00e9 teve por Jesus Cristo. J\u00e1 que Deus destinou o Santo para ser pai adotivo do Verbo humanado, com certeza infundiu no seu cora\u00e7\u00e3o um amor de pai de um filho t\u00e3o am\u00e1vel que, ao mesmo tempo, era Deus. \u201cO amor de Jos\u00e9 n\u00e3o foi, portanto, [&hellip;]<\/p>\n","protected":false},"author":1,"featured_media":0,"parent":4577,"menu_order":10,"comment_status":"closed","ping_status":"closed","template":"","meta":{"_monsterinsights_skip_tracking":false,"_monsterinsights_sitenote_active":false,"_monsterinsights_sitenote_note":"","_monsterinsights_sitenote_category":0,"jetpack_post_was_ever_published":false,"footnotes":""},"jetpack_shortlink":"https:\/\/wp.me\/P4Ftkv-1MC","jetpack_sharing_enabled":true,"_links":{"self":[{"href":"http:\/\/irmasdesaojose.com.br\/portal\/wp-json\/wp\/v2\/pages\/6858"}],"collection":[{"href":"http:\/\/irmasdesaojose.com.br\/portal\/wp-json\/wp\/v2\/pages"}],"about":[{"href":"http:\/\/irmasdesaojose.com.br\/portal\/wp-json\/wp\/v2\/types\/page"}],"author":[{"embeddable":true,"href":"http:\/\/irmasdesaojose.com.br\/portal\/wp-json\/wp\/v2\/users\/1"}],"replies":[{"embeddable":true,"href":"http:\/\/irmasdesaojose.com.br\/portal\/wp-json\/wp\/v2\/comments?post=6858"}],"version-history":[{"count":2,"href":"http:\/\/irmasdesaojose.com.br\/portal\/wp-json\/wp\/v2\/pages\/6858\/revisions"}],"predecessor-version":[{"id":6861,"href":"http:\/\/irmasdesaojose.com.br\/portal\/wp-json\/wp\/v2\/pages\/6858\/revisions\/6861"}],"up":[{"embeddable":true,"href":"http:\/\/irmasdesaojose.com.br\/portal\/wp-json\/wp\/v2\/pages\/4577"}],"wp:attachment":[{"href":"http:\/\/irmasdesaojose.com.br\/portal\/wp-json\/wp\/v2\/media?parent=6858"}],"curies":[{"name":"wp","href":"https:\/\/api.w.org\/{rel}","templated":true}]}}