{"id":6864,"date":"2018-09-27T10:41:34","date_gmt":"2018-09-27T13:41:34","guid":{"rendered":"http:\/\/irmasdesaojose.com.br\/portal\/?page_id=6864"},"modified":"2019-11-27T10:45:05","modified_gmt":"2019-11-27T13:45:05","slug":"o-amor-e-a-protecao-de-sao-jose-a-cada-um-de-nos-em-particular","status":"publish","type":"page","link":"http:\/\/irmasdesaojose.com.br\/portal\/sementes-de-sao-jose\/o-amor-e-a-protecao-de-sao-jose-a-cada-um-de-nos-em-particular\/","title":{"rendered":"O AMOR E A PROTE\u00c7\u00c3O DE S\u00c3O JOS\u00c9 A CADA UM DE N\u00d3S EM PARTICULAR"},"content":{"rendered":"<p class=\"post-title entry-title\"><a href=\"https:\/\/i0.wp.com\/3.bp.blogspot.com\/-uNObnr2fCzw\/VxUjCTGrUWI\/AAAAAAAABbY\/fhJi4p5oyoUWsdRbzMI-8ObyOyFkrt4awCLcB\/s1600\/joseph_patron_church_lg-287x300.jpg?ssl=1\"><img decoding=\"async\" class=\"alignleft\" src=\"https:\/\/i0.wp.com\/3.bp.blogspot.com\/-uNObnr2fCzw\/VxUjCTGrUWI\/AAAAAAAABbY\/fhJi4p5oyoUWsdRbzMI-8ObyOyFkrt4awCLcB\/s1600\/joseph_patron_church_lg-287x300.jpg?resize=287%2C300&#038;ssl=1\" alt=\"\" border=\"0\" data-recalc-dims=\"1\" \/><\/a><\/p>\n<div id=\"post-body-980330105983291750\" class=\"post-body entry-content\">\n<div style=\"text-align: justify;\"><span style=\"color: #000000;\">Santo Tom\u00e1s de Aquino ensina que \u201cDeus concedeu aos demais Santos o serem protetores numa necessidade especial; mas a S\u00e3o Jos\u00e9 concedeu o ser protetor universal\u201d. A este respeito, Santa Teresa d\u2019\u00c1vila acrescenta que a experi\u00eancia comprova o singular aux\u00edlio do Santo Patriarca. O testemunho do Povo de Deus confirma que S\u00e3o Jos\u00e9 socorre a todos que se recomendam a ele, em todas as necessidades.<\/span><\/div>\n<div style=\"text-align: justify;\"><span style=\"color: #000000;\">S\u00e3o Jos\u00e9 nos socorrer\u00e1 n\u00e3o somente pela pr\u00f3pria vontade, mas tamb\u00e9m porque, de certa maneira, reconhece-se obrigado a proteger a n\u00f3s, e especialmente quem a ele recorre. Pois, \u00e9 por nossa causa que Jos\u00e9 recebeu a honra \u00a0insigne de fazer as vezes de pai de Jesus. Se n\u00e3o fosse necess\u00e1ria a nossa Reden\u00e7\u00e3o, S\u00e3o Jos\u00e9 ficara privado de t\u00e3o grande honra e gra\u00e7a. Deus recomendou ao Santo o cuidado do Redentor e, ao mesmo tempo, encarregou-o do cuidado de todos os remidos, a fim de que nos ajude a conseguir o fruto da Reden\u00e7\u00e3o, que \u00e9 a salva\u00e7\u00e3o eterna.<\/span><\/div>\n<div style=\"text-align: justify;\"><span style=\"color: #000000;\">Poderoso \u00e9 o patroc\u00ednio de S\u00e3o Jos\u00e9, tanto que, juntamente com a Virgem Maria, teve a gra\u00e7a da familiaridade mais \u00edntima de Jesus Cristo. Esta intimidade com o Filho de Deus nos leva a crer que a santidade de S\u00e3o Jos\u00e9 excede a de todos os demais santos, com exce\u00e7\u00e3o de Maria. Conseq\u00fcentemente, a intercess\u00e3o de S\u00e3o Jos\u00e9, depois da de Maria, \u00e9 a mais poderosa diante de Deus, mais do que a de qualquer outro santo. Al\u00e9m disso, a Virgem de Nazar\u00e9, como que para recompensar o amor que S\u00e3o Jos\u00e9 teve por ela e os servi\u00e7os que lhe prestou em vida, faz todo o poss\u00edvel para que os pedidos de seu santo Esposo sejam atendidos. Por isso, quem tem a prote\u00e7\u00e3o de Jos\u00e9, ao mesmo tempo, tem o amparo de Maria.<\/span><\/div>\n<div style=\"text-align: justify;\"><span style=\"color: #000000;\">Assim, consagremo-nos hoje de uma maneira especial a S\u00e3o Jos\u00e9, colocando-nos debaixo da sua prote\u00e7\u00e3o valios\u00edssima e recorramos a ele todos os dias. Roguemos a ele tamb\u00e9m pelas necessidades da santa M\u00e3e Igreja. Por fim, roguemos ao santo Patriarca, que nos comunique uma parte de seu amor a Jesus e Maria e, ao mesmo tempo, esforcemo-nos para imitar as suas virtudes.<\/span><\/div>\n<div style=\"text-align: justify;\"><span style=\"color: #000000;\">\u00a0<\/span><\/div>\n<div style=\"text-align: justify;\"><strong><span style=\"color: #000000;\">Para ver a mensagem direto do original:<\/span>\u00a0<span style=\"color: #0000ff;\"><a href=\"https:\/\/blog.cancaonova.com\/tododemaria\/o-amor-de-sao-jose-a-jesus-a-maria-e-a-nos\/\">Clique<\/a><\/span><\/strong><\/div>\n<div><\/div>\n<\/div>\n","protected":false},"excerpt":{"rendered":"<p>Santo Tom\u00e1s de Aquino ensina que \u201cDeus concedeu aos demais Santos o serem protetores numa necessidade especial; mas a S\u00e3o Jos\u00e9 concedeu o ser protetor universal\u201d. A este respeito, Santa Teresa d\u2019\u00c1vila acrescenta que a experi\u00eancia comprova o singular aux\u00edlio do Santo Patriarca. O testemunho do Povo de Deus confirma que S\u00e3o Jos\u00e9 socorre a [&hellip;]<\/p>\n","protected":false},"author":1,"featured_media":0,"parent":4577,"menu_order":11,"comment_status":"closed","ping_status":"closed","template":"","meta":{"_monsterinsights_skip_tracking":false,"_monsterinsights_sitenote_active":false,"_monsterinsights_sitenote_note":"","_monsterinsights_sitenote_category":0,"jetpack_post_was_ever_published":false,"footnotes":""},"jetpack_shortlink":"https:\/\/wp.me\/P4Ftkv-1MI","jetpack_sharing_enabled":true,"_links":{"self":[{"href":"http:\/\/irmasdesaojose.com.br\/portal\/wp-json\/wp\/v2\/pages\/6864"}],"collection":[{"href":"http:\/\/irmasdesaojose.com.br\/portal\/wp-json\/wp\/v2\/pages"}],"about":[{"href":"http:\/\/irmasdesaojose.com.br\/portal\/wp-json\/wp\/v2\/types\/page"}],"author":[{"embeddable":true,"href":"http:\/\/irmasdesaojose.com.br\/portal\/wp-json\/wp\/v2\/users\/1"}],"replies":[{"embeddable":true,"href":"http:\/\/irmasdesaojose.com.br\/portal\/wp-json\/wp\/v2\/comments?post=6864"}],"version-history":[{"count":3,"href":"http:\/\/irmasdesaojose.com.br\/portal\/wp-json\/wp\/v2\/pages\/6864\/revisions"}],"predecessor-version":[{"id":6868,"href":"http:\/\/irmasdesaojose.com.br\/portal\/wp-json\/wp\/v2\/pages\/6864\/revisions\/6868"}],"up":[{"embeddable":true,"href":"http:\/\/irmasdesaojose.com.br\/portal\/wp-json\/wp\/v2\/pages\/4577"}],"wp:attachment":[{"href":"http:\/\/irmasdesaojose.com.br\/portal\/wp-json\/wp\/v2\/media?parent=6864"}],"curies":[{"name":"wp","href":"https:\/\/api.w.org\/{rel}","templated":true}]}}